{"id":9175,"date":"2021-01-11T07:04:06","date_gmt":"2021-01-11T15:04:06","guid":{"rendered":"http:\/\/electratherm-us.com\/?page_id=9175"},"modified":"2025-05-13T11:05:35","modified_gmt":"2025-05-13T15:05:35","slug":"toi-uu-hoa-metan","status":"publish","type":"page","link":"https:\/\/electratherm.com\/vi\/toi-uu-hoa-metan\/","title":{"rendered":"T\u1ed1i \u01b0u h\u00f3a m\u00eatan"},"content":{"rendered":"<section class=\"l-section wpb_row height_large width_full with_img parallax_hor bgwidth_110\"><div class=\"l-section-img\" role=\"img\" data-img-width=\"1100\" data-img-height=\"700\" style=\"background-image: url(https:\/\/electratherm.com\/wp-content\/uploads\/2021\/07\/Methane-Optimization-min.png);background-repeat: no-repeat;\"><\/div><div class=\"l-section-overlay\" style=\"background:var(--color-content-overlay)\"><\/div><div class=\"l-section-h i-cf\"><div class=\"g-cols vc_row via_flex valign_top type_default stacking_default\"><div class=\"vc_col-sm-12 wpb_column vc_column_container\"><div class=\"vc_column-inner\"><div class=\"wpb_wrapper\"><div class=\"w-separator size_custom\" style=\"height:70\"><\/div><h1 class=\"w-post-elm post_title us_custom_8b3d6790 has_text_color align_center entry-title color_link_inherit\">T\u1ed1i \u01b0u h\u00f3a m\u00eatan<\/h1><div class=\"w-separator size_custom\" style=\"height:70\"><\/div><\/div><\/div><\/div><\/div><\/div><\/section><section class=\"l-section wpb_row us_custom_f1ff9891 height_medium\"><div class=\"l-section-h i-cf\"><div class=\"g-cols vc_row via_flex valign_top type_default stacking_default\"><div class=\"vc_col-sm-12 wpb_column vc_column_container\"><div class=\"vc_column-inner us_custom_f1ff9891\"><div class=\"wpb_wrapper\"><div class=\"g-cols wpb_row via_flex valign_top type_default stacking_default\"><div class=\"vc_col-sm-12 wpb_column vc_column_container\"><div class=\"vc_column-inner\"><div class=\"wpb_wrapper\"><div class=\"wpb_text_column\"><div class=\"wpb_wrapper\"><h2><span style=\"color: #3aaa35;\">HAI C\u00c1CH T\u1ea0O RA N\u0102NG L\u01af\u1ee2NG S\u1ea0CH<\/span><\/h2>\n<\/div><\/div><div class=\"wpb_text_column\"><div class=\"wpb_wrapper\"><p>The following two methods can be cost-effective for operations such as wastewater treatment, biogas facilities and municipalities seeking to utilize landfill gases like methane for energy production.<\/p>\n<\/div><\/div><div class=\"w-separator size_medium\"><\/div><\/div><\/div><\/div><\/div><div class=\"w-tabs layout_hor style_trendy switch_click has_scrolling\" style=\"--sections-title-size:1em\"><div class=\"w-tabs-list items_2 align_justify\"><div class=\"w-tabs-list-h\"><button class=\"w-tabs-item active defined-active\" aria-controls=\"content-1619205122900-ce3faf8d-7009\" aria-expanded=\"true\"><span class=\"w-tabs-item-title\">QU\u00c1 TR\u00ccNH L\u00d2 H\u01a0I NHI\u1ec6T<\/span><\/button><button class=\"w-tabs-item\" aria-controls=\"content-1619205122973-ff9c4964-abaf\" aria-expanded=\"false\"><span class=\"w-tabs-item-title\">NHI\u1ec6T TH\u1ea2I C\u1ee6A \u0110\u1ed8NG C\u01a0<\/span><\/button><\/div><\/div><div class=\"w-tabs-sections titles-align_none icon_chevron cpos_right\"><div class=\"w-tabs-section active\" id=\"1619205122900-ce3faf8d-7009\"><button class=\"w-tabs-section-header active\" aria-controls=\"content-1619205122900-ce3faf8d-7009\" aria-expanded=\"true\"><div class=\"w-tabs-section-title\">QU\u00c1 TR\u00ccNH L\u00d2 H\u01a0I NHI\u1ec6T<\/div><div class=\"w-tabs-section-control\"><\/div><\/button><div  class=\"w-tabs-section-content\" id=\"content-1619205122900-ce3faf8d-7009\"><div class=\"w-tabs-section-content-h i-cf\"><div class=\"g-cols wpb_row via_flex valign_top type_default stacking_default\"><div class=\"vc_col-sm-2 wpb_column vc_column_container\"><div class=\"vc_column-inner\"><div class=\"wpb_wrapper\"><\/div><\/div><\/div><div class=\"vc_col-sm-8 wpb_column vc_column_container\"><div class=\"vc_column-inner us_custom_f1ff9891\"><div class=\"wpb_wrapper\"><div class=\"wpb_text_column\"><div class=\"wpb_wrapper\"><h3>S\u1eed d\u1ee5ng kh\u00ed d\u01b0 \u0111\u1ec3 l\u00e0m nhi\u00ean li\u1ec7u cho l\u00f2 h\u01a1i<\/h3>\n<p>M\u1eb7c d\u00f9 kh\u00f4ng ph\u1ea3i t\u1ea5t c\u1ea3 c\u00e1c nh\u00e0 m\u00e1y \u0111\u1ec1u \u0111\u1ed1t kh\u00ed, nh\u01b0ng r\u1ea5t nhi\u1ec1u nh\u00e0 m\u00e1y th\u01b0\u1eddng xuy\u00ean \u0111\u1ed1t - \u0111i\u1ec1u n\u00e0y \u0111\u00e3 tr\u1edf th\u00e0nh m\u1ed1i lo ng\u1ea1i ng\u00e0y c\u00e0ng t\u0103ng li\u00ean quan \u0111\u1ebfn kh\u00ed th\u1ea3i m\u00ea-tan. M\u1ed9t s\u1ed1 nh\u00e0 \u0111i\u1ec1u h\u00e0nh \u0111\u00e3 ch\u1ecdn \u0111\u1ed1t l\u01b0\u1ee3ng kh\u00ed d\u01b0 th\u1eeba n\u00e0y trong l\u00f2 h\u01a1i \u0111\u1ec3 duy tr\u00ec \u00e1p su\u1ea5t v\u00e0 cung c\u1ea5p n\u0103ng l\u01b0\u1ee3ng nhi\u1ec7t. M\u1eb7c d\u00f9 \u0111\u00e2y l\u00e0 gi\u1ea3i ph\u00e1p ph\u00f9 h\u1ee3p, nh\u01b0ng nh\u1eefng ng\u01b0\u1eddi kh\u00f4ng th\u1ec3 s\u1eed d\u1ee5ng nhi\u1ec7t ch\u1ec9 \u0111\u01a1n gi\u1ea3n l\u00e0 l\u00e3ng ph\u00ed n\u0103ng l\u01b0\u1ee3ng. B\u1eb1ng c\u00e1ch t\u00edch h\u1ee3p ElectraTherm ORC v\u1edbi l\u00f2 h\u01a1i biogas, c\u00e1c nh\u00e0 \u0111i\u1ec1u h\u00e0nh nh\u00e0 m\u00e1y c\u00f3 th\u1ec3 t\u1ea1o ra \u0111i\u1ec7n s\u1ea1ch v\u00e0 lo\u1ea1i b\u1ecf kh\u00ed th\u1ea3i c\u1ee7a h\u1ecd. Quy tr\u00ecnh n\u00e0y r\u1ea5t \u0111\u01a1n gi\u1ea3n.<\/p>\n<p><strong><span style=\"color: #3aaa35;\">\/\/<\/span><\/strong>\u00a0 Kh\u00ed d\u01b0 \u0111\u01b0\u1ee3c d\u1eabn \u0111\u1ebfn l\u00f2 h\u01a1i \u0111\u1ec3 \u0111un n\u00f3ng n\u01b0\u1edbc cho ORC.<\/p>\n<p><strong><span style=\"color: #3aaa35;\">\/\/\u00a0<\/span> <\/strong>Sau \u0111\u00f3, n\u01b0\u1edbc \u0111\u01b0\u1ee3c d\u1eabn qua ORC, m\u1ed9t h\u1ec7 th\u1ed1ng v\u00f2ng k\u00edn v\u00e0 t\u1ea1o ra \u0111i\u1ec7n.<\/p>\n<p><strong><span style=\"color: #3aaa35;\">\/\/\u00a0<\/span> <\/strong>B\u1eb1ng c\u00e1ch s\u1eed d\u1ee5ng kh\u00ed d\u01b0 th\u1eeba \u0111\u1ec3 l\u00e0m nhi\u00ean li\u1ec7u cho l\u00f2 h\u01a1i, ng\u1ecdn l\u1eeda s\u1ebd kh\u00f4ng c\u00f2n n\u1eefa.<\/p>\n<p><strong><span style=\"color: #3aaa35;\">\/\/\u00a0<\/span><\/strong> B\u1eb1ng c\u00e1ch d\u1eabn nhi\u1ec1u kh\u00ed h\u01a1n \u0111\u1ebfn l\u00f2 h\u01a1i, c\u00f3 th\u1ec3 t\u0103ng s\u1ea3n l\u01b0\u1ee3ng n\u01b0\u1edbc v\u00e0 t\u1ed1i \u0111a h\u00f3a s\u1ea3n l\u01b0\u1ee3ng ORC.<\/p>\n<\/div><\/div><\/div><\/div><\/div><div class=\"vc_col-sm-2 wpb_column vc_column_container\"><div class=\"vc_column-inner\"><div class=\"wpb_wrapper\"><\/div><\/div><\/div><\/div><\/div><\/div><\/div><div class=\"w-tabs-section\" id=\"1619205122973-ff9c4964-abaf\"><button class=\"w-tabs-section-header\" aria-controls=\"content-1619205122973-ff9c4964-abaf\" aria-expanded=\"false\"><div class=\"w-tabs-section-title\">NHI\u1ec6T TH\u1ea2I C\u1ee6A \u0110\u1ed8NG C\u01a0<\/div><div class=\"w-tabs-section-control\"><\/div><\/button><div  class=\"w-tabs-section-content\" id=\"content-1619205122973-ff9c4964-abaf\"><div class=\"w-tabs-section-content-h i-cf\"><div class=\"g-cols wpb_row via_flex valign_top type_default stacking_default\"><div class=\"vc_col-sm-2 wpb_column vc_column_container\"><div class=\"vc_column-inner\"><div class=\"wpb_wrapper\"><\/div><\/div><\/div><div class=\"vc_col-sm-8 wpb_column vc_column_container\"><div class=\"vc_column-inner us_custom_f1ff9891\"><div class=\"wpb_wrapper\"><div class=\"wpb_text_column\"><div class=\"wpb_wrapper\"><h3>Chuy\u1ec3n \u0111\u1ed5i nhi\u1ec7t th\u1ea3i c\u1ee7a \u0111\u1ed9ng c\u01a1 th\u00e0nh \u0111i\u1ec7n s\u1ea1ch<\/h3>\n<p>C\u00e1ch ti\u1ebfp c\u1eadn tr\u1ef1c ti\u1ebfp nh\u1ea5t \u0111\u1ec3 t\u1ea1o ra \u0111i\u1ec7n ORC l\u00e0 s\u1eed d\u1ee5ng nhi\u1ec7t th\u1ea3i c\u1ee7a \u0111\u1ed9ng c\u01a1, t\u1eeb m\u1ea1ch l\u00e0m m\u00e1t (n\u01b0\u1edbc \u00e1o kho\u00e1c) ho\u1eb7c kh\u00ed th\u1ea3i. B\u1eb1ng c\u00e1ch th\u00eam t\u1ea1o ra \u0111i\u1ec7n ORC v\u00e0o \u0111\u1ed9ng c\u01a1, b\u1ea1n s\u1ebd t\u1ea1o ra \u0111i\u1ec7n s\u1ea1ch trong khi gi\u1ea3m t\u1ea3i l\u00e0m m\u00e1t 70-100%. \u0110i\u1ec1u n\u00e0y d\u1eabn \u0111\u1ebfn t\u0103ng hi\u1ec7u su\u1ea5t l\u00ean t\u1edbi 10%, gi\u1ea3m \u0111\u00e1ng k\u1ec3 m\u1ee9c ti\u00eau th\u1ee5 nhi\u00ean li\u1ec7u v\u00e0 kh\u00ed th\u1ea3i.<\/p>\n<\/div><\/div><\/div><\/div><\/div><div class=\"vc_col-sm-2 wpb_column vc_column_container\"><div class=\"vc_column-inner\"><div class=\"wpb_wrapper\"><\/div><\/div><\/div><\/div><\/div><\/div><\/div><\/div><\/div><\/div><\/div><\/div><\/div><\/div><\/section><section class=\"l-section wpb_row us_custom_f1ff9891 height_medium\"><div class=\"l-section-overlay\" style=\"background:var(--color-content-primary)\"><\/div><div class=\"l-section-h i-cf\"><div class=\"g-cols vc_row via_flex valign_top type_default stacking_default\"><div class=\"vc_col-sm-12 wpb_column vc_column_container has_text_color\"><div class=\"vc_column-inner us_custom_0eed956a\"><div class=\"wpb_wrapper\"><div class=\"g-cols wpb_row via_flex valign_top type_default stacking_default\"><div class=\"vc_col-sm-2 wpb_column vc_column_container\"><div class=\"vc_column-inner\"><div class=\"wpb_wrapper\"><\/div><\/div><\/div><div class=\"vc_col-sm-8 wpb_column vc_column_container\"><div class=\"vc_column-inner\"><div class=\"wpb_wrapper\"><div class=\"wpb_text_column\"><div class=\"wpb_wrapper\"><h2>Kinh t\u1ebf d\u1ef1 \u00e1n<\/h2>\n<p>C\u00e1c ph\u01b0\u01a1ng ph\u00e1p truy\u1ec1n th\u1ed1ng \u0111\u1ec3 s\u1ea3n xu\u1ea5t \u0111i\u1ec7n biogas \u0111\u00f2i h\u1ecfi c\u01a1 s\u1edf h\u1ea1 t\u1ea7ng v\u1eeba t\u1ed1n k\u00e9m v\u1eeba r\u1ed9ng l\u1edbn, \u0111\u1ec3 l\u1ea1i d\u1ea5u ch\u00e2n l\u1edbn. Tuy\u1ebfn \u0111\u01b0\u1eddng ph\u1ed5 bi\u1ebfn nh\u1ea5t m\u00e0 c\u00e1c nh\u00e0 \u0111i\u1ec1u h\u00e0nh nh\u00e0 m\u00e1y th\u1ef1c hi\u1ec7n l\u00e0 l\u1eafp \u0111\u1eb7t h\u1ec7 th\u1ed1ng l\u00e0m s\u1ea1ch v\u00e0 l\u01b0u tr\u1eef biogas c\u00f9ng v\u1edbi m\u1ed9t m\u00e1y ph\u00e1t \u0111i\u1ec7n \u0111\u1ed9ng c\u01a1. Chi ph\u00ed cho thi\u1ebft b\u1ecb n\u00e0y c\u00f3 th\u1ec3 d\u1ec5 d\u00e0ng l\u00ean t\u1edbi h\u01a1n $1 tri\u1ec7u \u0111\u00f4 la M\u1ef9. Ngo\u00e0i ra, \u0111\u1ed9ng c\u01a1 ch\u1ea1y b\u1eb1ng biogas th\u01b0\u1eddng g\u1eb7p ph\u1ea3i v\u1ea5n \u0111\u1ec1 t\u00edch t\u1ee5 siloxane. \u0110i\u1ec1u n\u00e0y \u0111\u00f2i h\u1ecfi ph\u1ea3i b\u1ea3o tr\u00ec t\u1ed1n k\u00e9m d\u1eabn \u0111\u1ebfn th\u1eddi gian ch\u1ebft ho\u1eb7c th\u1eadm ch\u00ed ph\u1ea3i thay th\u1ebf to\u00e0n b\u1ed9 \u0111\u1ed9ng c\u01a1.<\/p>\n<p>M\u1ed9t c\u00e1ch ti\u1ebfp c\u1eadn kh\u00e1c l\u00e0 ch\u1ec9 c\u1ea7n t\u00edch h\u1ee3p ORC v\u1edbi n\u1ed3i h\u01a1i hi\u1ec7n c\u00f3. Gi\u1ea3i ph\u00e1p n\u00e0y kh\u00f4ng ch\u1ec9 ti\u1ebft ki\u1ec7m m\u1ed9t ph\u1ea7n t\u01b0 chi ph\u00ed m\u00e0 c\u00f2n \u0111\u00f2i h\u1ecfi r\u1ea5t \u00edt c\u01a1 s\u1edf h\u1ea1 t\u1ea7ng. \u0110\u1ed1i v\u1edbi siloxane, n\u1ed3i h\u01a1i \u00edt b\u1ecb h\u01b0 h\u1ecfng nghi\u00eam tr\u1ecdng h\u01a1n nhi\u1ec1u v\u00e0 nhi\u1ec1u n\u1ed3i h\u01a1i \u0111\u01b0\u1ee3c thi\u1ebft k\u1ebf \u0111\u1ec3 d\u1ec5 d\u00e0ng v\u00e0 nhanh ch\u00f3ng v\u1ec7 sinh \u2013 gi\u1ea3m thi\u1ec3u th\u1eddi gian ch\u1ebft. Vi\u1ec7c k\u1ebft h\u1ee3p c\u00f4ng ngh\u1ec7 ph\u00e1t \u0111i\u1ec7n ORC t\u1ef1 \u0111\u1ed9ng c\u1ee7a ElectraTherm v\u1edbi gi\u00e1m s\u00e1t t\u1eeb xa cho ph\u00e9p ng\u01b0\u1eddi v\u1eadn h\u00e0nh t\u1ea1o ra \u0111i\u1ec7n m\u00e0 kh\u00f4ng \u1ea3nh h\u01b0\u1edfng ti\u00eau c\u1ef1c \u0111\u1ebfn c\u00e1c quy tr\u00ecnh hi\u1ec7n c\u00f3.<\/p>\n<\/div><\/div><\/div><\/div><\/div><div class=\"vc_col-sm-2 wpb_column vc_column_container\"><div class=\"vc_column-inner\"><div class=\"wpb_wrapper\"><\/div><\/div><\/div><\/div><\/div><\/div><\/div><\/div><\/div><\/section><section class=\"l-section wpb_row us_custom_f1ff9891 height_medium\"><div class=\"l-section-h i-cf\"><div class=\"g-cols vc_row via_flex valign_top type_default stacking_default\"><div class=\"vc_col-sm-12 wpb_column vc_column_container\"><div class=\"vc_column-inner us_custom_e7f5d98a\"><div class=\"wpb_wrapper\"><div class=\"g-cols wpb_row via_flex valign_top type_default stacking_default\"><div class=\"vc_col-sm-6 wpb_column vc_column_container\"><div class=\"vc_column-inner\"><div class=\"wpb_wrapper\"><div class=\"ult-new-ib ult-ib-effect-style1  ult-ib-resp\" data-min-width=\"768\" data-max-width=\"900\" style=\"background:#0c0c0c;\" data-opacity=\"0.3\" data-hover-opacity=\"0.3\" ><img decoding=\"async\" class=\"ult-new-ib-img\" style=\"opacity:0.3;\" alt=\"v\u00f4 gi\u00e1 tr\u1ecb\" src=\"https:\/\/electratherm.com\/wp-content\/uploads\/2021\/07\/Hess_1100x600-min.png\"   \/><div id=\"interactive-banner-wrap-3399\" class=\"ult-new-ib-desc\" style=\"\"><h3 class=\"ult-new-ib-title ult-responsive\"  data-ultimate-target='#interactive-banner-wrap-3399 .ult-new-ib-title'  data-responsive-json-new='{\"font-size\":\"\",\"line-height\":\"\"}'  style=\"font-weight:normal;\">Bi\u1ec3u t\u00ecnh th\u00e0nh c\u00f4ng \u1edf Bakken<\/h3><div class=\"ult-new-ib-content ult-responsive\"  data-ultimate-target='#interactive-banner-wrap-3399 .ult-new-ib-content'  data-responsive-json-new='{\"font-size\":\"\",\"line-height\":\"\"}'  style=\"font-weight:bold;\"><p>\u0110\u01b0\u1ee3c t\u00e0i tr\u1ee3 b\u1edfi B\u1ed9 N\u0103ng l\u01b0\u1ee3ng v\u00e0 h\u1ee3p t\u00e1c v\u1edbi Gulf Coast Green Energy, ElectraTherm \u0111\u00e3 \u0111\u01b0a v\u00e0o s\u1eed d\u1ee5ng M\u00e1y ph\u00e1t \u0111i\u1ec7n Power+ 4400B t\u1ea1i m\u1ed9t gi\u1ebfng d\u1ea7u \u1edf B\u1eafc Dakota \u0111\u1ec3 ch\u1ee9ng minh kh\u1ea3 n\u0103ng gi\u1ea3m ch\u00e1y c\u1ee7a thi\u1ebft b\u1ecb n\u00e0y. M\u1eb7c d\u00f9 ch\u00e1y kh\u00f4ng \u0111\u01b0\u1ee3c lo\u1ea1i b\u1ecf ho\u00e0n to\u00e0n, nh\u01b0ng \u0111\u00e3 gi\u1ea3m \u0111\u00e1ng k\u1ec3. M\u1ed9t ORC c\u00f3 k\u00edch th\u01b0\u1edbc l\u1edbn h\u01a1n - 6500B - l\u00e0 l\u1ef1a ch\u1ecdn t\u1ed1i \u01b0u \u0111\u1ec3 lo\u1ea1i b\u1ecf ho\u00e0n to\u00e0n ch\u00e1y.<\/p><\/div><\/div><a class=\"ult-new-ib-link\" href=\"http:\/\/electratherm-us.com\/first-flare-elimination-demonstration\/\" target=\"_blank\" rel=\"noopener\"  ><\/a><\/div><\/div><\/div><\/div><div class=\"vc_col-sm-6 wpb_column vc_column_container\"><div class=\"vc_column-inner\"><div class=\"wpb_wrapper\"><div class=\"w-separator us_custom_5fb5abd6 has_text_color size_small with_line width_default thick_1 style_solid color_primary align_center with_text with_content\"><div class=\"w-separator-h\"><h3 class=\"w-separator-text\"><span>Gi\u1ea3m ph\u00e1t th\u1ea3i \u0111\u00e1ng k\u1ec3<\/span><\/h3><\/div><\/div><div class=\"wpb_text_column\"><div class=\"wpb_wrapper\"><p><strong>Carbon monoxide gi\u1ea3m \u0111i <span style=\"color: #3aaa35;\">98%<\/span><\/strong><\/p>\n<p><strong>Nit\u01a1 oxit gi\u1ea3m \u0111i <span style=\"color: #3aaa35;\">48%<\/span><\/strong><\/p>\n<p><strong>VOC gi\u1ea3m xu\u1ed1ng<span style=\"color: #3aaa35;\"> 93%<\/span><\/strong><\/p>\n<p>Watch a video on how <a href=\"https:\/\/www.youtube.com\/watch?v=4IJEZ1e-PRA&amp;feature=youtu.be\" target=\"_blank\" rel=\"noopener\">methane optimization works<\/a>.<\/p>\n<\/div><\/div><\/div><\/div><\/div><\/div><\/div><\/div><\/div><\/div><\/div><\/section><section class=\"l-section wpb_row height_medium\"><div class=\"l-section-h i-cf\"><div class=\"g-cols vc_row via_flex valign_top type_default stacking_default\"><div class=\"vc_col-sm-12 wpb_column vc_column_container\"><div class=\"vc_column-inner us_custom_6329cae9\"><div class=\"wpb_wrapper\"><div class=\"g-cols wpb_row us_custom_1fbb61ac via_flex valign_middle type_default stacking_default\"><div class=\"vc_col-sm-4 wpb_column vc_column_container\"><div class=\"vc_column-inner us_custom_dad4fece\"><div class=\"wpb_wrapper\"><div class=\"wpb_text_column us_custom_8a3c403a\"><div class=\"wpb_wrapper\"><h2 style=\"text-align: left;\"><strong><span style=\"color: #ffffff;\">C\u00f3 c\u00e2u h\u1ecfi n\u00e0o kh\u00f4ng?<\/span><\/strong><\/h2>\n<\/div><\/div><\/div><\/div><\/div><div class=\"vc_col-sm-4 wpb_column vc_column_container\"><div class=\"vc_column-inner\"><div class=\"wpb_wrapper\"><div class=\"wpb_text_column us_custom_8d5aa4e2\"><div class=\"wpb_wrapper\"><p style=\"text-align: center;\"><span style=\"color: #ffffff;\">H\u00e3y li\u00ean h\u1ec7 v\u1edbi ch\u00fang t\u00f4i \u0111\u1ec3 trao \u0111\u1ed5i v\u1ec1 nhu c\u1ea7u ri\u00eang c\u1ee7a d\u1ef1 \u00e1n b\u1ea1n.<\/span><\/p>\n<\/div><\/div><div class=\"w-btn-wrapper align_center\"><a class=\"w-btn us-btn-style_4 us_custom_3a4d6590\" href=\"https:\/\/electratherm.com\/vi\/lien-he\/\"><span class=\"w-btn-label\">Li\u00ean h\u1ec7 v\u1edbi ch\u00fang t\u00f4i<\/span><\/a><\/div><\/div><\/div><\/div><div class=\"vc_col-sm-4 wpb_column vc_column_container\"><div class=\"vc_column-inner\"><div class=\"wpb_wrapper\"><div class=\"wpb_text_column us_custom_8d5aa4e2\"><div class=\"wpb_wrapper\"><p style=\"text-align: center;\"><span style=\"color: #ffffff;\">S\u1eed d\u1ee5ng m\u1eabu \u0111\u00e1nh gi\u00e1 d\u1ef1 \u00e1n c\u1ee7a ch\u00fang t\u00f4i \u0111\u1ec3 b\u1eaft \u0111\u1ea7u qu\u00e1 tr\u00ecnh \u01b0\u1edbc t\u00ednh.<\/span><\/p>\n<\/div><\/div><div class=\"w-btn-wrapper align_center\"><a class=\"w-btn us-btn-style_4 us_custom_e0903bfa\" href=\"https:\/\/electratherm.com\/vi\/pef\/\"><span class=\"w-btn-label\">Bi\u1ec3u m\u1eabu \u0111\u00e1nh gi\u00e1 d\u1ef1 \u00e1n<\/span><\/a><\/div><\/div><\/div><\/div><\/div><\/div><\/div><\/div><\/div><\/div><\/section>","protected":false},"excerpt":{"rendered":"Methane OptimizationTWO WAYS TO GENERATE CLEAN ENERGY The following two methods can be cost-effective for operations such as wastewater treatment, biogas facilities and municipalities seeking to utilize landfill gases like methane for energy production. BOILER PROCESS HEATENGINE WASTE HEATBOILER PROCESS HEATUse Excess Gas to Fuel a Boiler While all plants may not flare gas, a...","protected":false},"author":75,"featured_media":0,"parent":0,"menu_order":0,"comment_status":"closed","ping_status":"closed","template":"","meta":{"footnotes":""},"class_list":["post-9175","page","type-page","status-publish","hentry"],"yoast_head":"<!-- This site is optimized with the Yoast SEO plugin v25.6 - https:\/\/yoast.com\/wordpress\/plugins\/seo\/ -->\n<title>Methane Optimization - ElectraTherm<\/title>\n<meta name=\"robots\" content=\"index, follow, max-snippet:-1, max-image-preview:large, max-video-preview:-1\" \/>\n<link rel=\"canonical\" href=\"https:\/\/electratherm.com\/vi\/toi-uu-hoa-metan\/\" \/>\n<meta property=\"og:locale\" content=\"vi_VN\" \/>\n<meta property=\"og:type\" content=\"article\" \/>\n<meta property=\"og:title\" content=\"Methane Optimization - ElectraTherm\" \/>\n<meta property=\"og:url\" content=\"https:\/\/electratherm.com\/vi\/toi-uu-hoa-metan\/\" \/>\n<meta property=\"og:site_name\" content=\"ElectraTherm\" \/>\n<meta property=\"article:modified_time\" content=\"2025-05-13T15:05:35+00:00\" \/>\n<meta name=\"twitter:card\" content=\"summary_large_image\" \/>\n<meta name=\"twitter:label1\" content=\"\u01af\u1edbc t\u00ednh th\u1eddi gian \u0111\u1ecdc\" \/>\n\t<meta name=\"twitter:data1\" content=\"3 ph\u00fat\" \/>\n<script type=\"application\/ld+json\" class=\"yoast-schema-graph\">{\"@context\":\"https:\/\/schema.org\",\"@graph\":[{\"@type\":\"WebPage\",\"@id\":\"https:\/\/electratherm.com\/methane-optimization\/\",\"url\":\"https:\/\/electratherm.com\/methane-optimization\/\",\"name\":\"Methane Optimization - ElectraTherm\",\"isPartOf\":{\"@id\":\"https:\/\/electratherm.com\/#website\"},\"datePublished\":\"2021-01-11T15:04:06+00:00\",\"dateModified\":\"2025-05-13T15:05:35+00:00\",\"breadcrumb\":{\"@id\":\"https:\/\/electratherm.com\/methane-optimization\/#breadcrumb\"},\"inLanguage\":\"vi\",\"potentialAction\":[{\"@type\":\"ReadAction\",\"target\":[\"https:\/\/electratherm.com\/methane-optimization\/\"]}]},{\"@type\":\"BreadcrumbList\",\"@id\":\"https:\/\/electratherm.com\/methane-optimization\/#breadcrumb\",\"itemListElement\":[{\"@type\":\"ListItem\",\"position\":1,\"name\":\"Home\",\"item\":\"https:\/\/electratherm.com\/\"},{\"@type\":\"ListItem\",\"position\":2,\"name\":\"Methane Optimization\"}]},{\"@type\":\"WebSite\",\"@id\":\"https:\/\/electratherm.com\/#website\",\"url\":\"https:\/\/electratherm.com\/\",\"name\":\"ElectraTherm\",\"description\":\"\",\"potentialAction\":[{\"@type\":\"SearchAction\",\"target\":{\"@type\":\"EntryPoint\",\"urlTemplate\":\"https:\/\/electratherm.com\/?s={search_term_string}\"},\"query-input\":{\"@type\":\"PropertyValueSpecification\",\"valueRequired\":true,\"valueName\":\"search_term_string\"}}],\"inLanguage\":\"vi\"}]}<\/script>\n<!-- \/ Yoast SEO plugin. -->","yoast_head_json":{"title":"T\u1ed1i \u01b0u h\u00f3a Methane - ElectraTherm","robots":{"index":"index","follow":"follow","max-snippet":"max-snippet:-1","max-image-preview":"max-image-preview:large","max-video-preview":"max-video-preview:-1"},"canonical":"https:\/\/electratherm.com\/vi\/toi-uu-hoa-metan\/","og_locale":"vi_VN","og_type":"article","og_title":"Methane Optimization - ElectraTherm","og_url":"https:\/\/electratherm.com\/vi\/toi-uu-hoa-metan\/","og_site_name":"ElectraTherm","article_modified_time":"2025-05-13T15:05:35+00:00","twitter_card":"summary_large_image","twitter_misc":{"\u01af\u1edbc t\u00ednh th\u1eddi gian \u0111\u1ecdc":"3 ph\u00fat"},"schema":{"@context":"https:\/\/schema.org","@graph":[{"@type":"WebPage","@id":"https:\/\/electratherm.com\/methane-optimization\/","url":"https:\/\/electratherm.com\/methane-optimization\/","name":"T\u1ed1i \u01b0u h\u00f3a Methane - ElectraTherm","isPartOf":{"@id":"https:\/\/electratherm.com\/#website"},"datePublished":"2021-01-11T15:04:06+00:00","dateModified":"2025-05-13T15:05:35+00:00","breadcrumb":{"@id":"https:\/\/electratherm.com\/methane-optimization\/#breadcrumb"},"inLanguage":"vi","potentialAction":[{"@type":"ReadAction","target":["https:\/\/electratherm.com\/methane-optimization\/"]}]},{"@type":"BreadcrumbList","@id":"https:\/\/electratherm.com\/methane-optimization\/#breadcrumb","itemListElement":[{"@type":"ListItem","position":1,"name":"Home","item":"https:\/\/electratherm.com\/"},{"@type":"ListItem","position":2,"name":"Methane Optimization"}]},{"@type":"WebSite","@id":"https:\/\/electratherm.com\/#website","url":"https:\/\/electratherm.com\/","name":"\u0110i\u1ec7n t\u1eed","description":"","potentialAction":[{"@type":"SearchAction","target":{"@type":"EntryPoint","urlTemplate":"https:\/\/electratherm.com\/?s={search_term_string}"},"query-input":{"@type":"PropertyValueSpecification","valueRequired":true,"valueName":"search_term_string"}}],"inLanguage":"vi"}]}},"_links":{"self":[{"href":"https:\/\/electratherm.com\/vi\/wp-json\/wp\/v2\/pages\/9175"}],"collection":[{"href":"https:\/\/electratherm.com\/vi\/wp-json\/wp\/v2\/pages"}],"about":[{"href":"https:\/\/electratherm.com\/vi\/wp-json\/wp\/v2\/types\/page"}],"author":[{"embeddable":true,"href":"https:\/\/electratherm.com\/vi\/wp-json\/wp\/v2\/users\/75"}],"replies":[{"embeddable":true,"href":"https:\/\/electratherm.com\/vi\/wp-json\/wp\/v2\/comments?post=9175"}],"version-history":[{"count":19,"href":"https:\/\/electratherm.com\/vi\/wp-json\/wp\/v2\/pages\/9175\/revisions"}],"predecessor-version":[{"id":13380,"href":"https:\/\/electratherm.com\/vi\/wp-json\/wp\/v2\/pages\/9175\/revisions\/13380"}],"wp:attachment":[{"href":"https:\/\/electratherm.com\/vi\/wp-json\/wp\/v2\/media?parent=9175"}],"curies":[{"name":"wp","href":"https:\/\/api.w.org\/{rel}","templated":true}]}}