{"id":11097,"date":"2021-08-31T16:46:59","date_gmt":"2021-08-31T23:46:59","guid":{"rendered":"http:\/\/electratherm-us.com\/?page_id=11097"},"modified":"2025-04-21T17:45:02","modified_gmt":"2025-04-21T21:45:02","slug":"pef-2021","status":"publish","type":"page","link":"https:\/\/electratherm.com\/vi\/pef-2021\/","title":{"rendered":"PEF2021"},"content":{"rendered":"<section class=\"l-section wpb_row height_medium\"><div class=\"l-section-h i-cf\"><div class=\"g-cols vc_row via_flex valign_top type_default stacking_default\"><div class=\"vc_col-sm-12 wpb_column vc_column_container\"><div class=\"vc_column-inner us_custom_8535c5f4\"><div class=\"wpb_wrapper\"><div class=\"wpb_text_column us_custom_8535c5f4\"><div class=\"wpb_wrapper\"><h1>Bi\u1ec3u m\u1eabu \u0111\u00e1nh gi\u00e1 d\u1ef1 \u00e1n thu h\u1ed3i n\u0103ng l\u01b0\u1ee3ng nhi\u1ec7t th\u1ea3i<\/h1>\n<div><\/div>\n<div class=\"nf-field-label\"><span id=\"nf-label-field-2095\" class=\"nf-label-span\">Vui l\u00f2ng ch\u1ecdn ng\u00f4n ng\u1eef \u0111\u1ec3 ti\u1ebfp t\u1ee5c.<\/span><\/div>\n<\/div><\/div><\/div><\/div><\/div><\/div><\/div><\/section><section class=\"l-section wpb_row us_custom_5cd26a65 height_medium\"><div class=\"l-section-h i-cf\"><div class=\"g-cols vc_row via_flex valign_top type_default stacking_default\"><div class=\"vc_col-sm-4 wpb_column vc_column_container\"><div class=\"vc_column-inner us_custom_eb849559\"><div class=\"wpb_wrapper\"><div class=\"w-btn-wrapper align_none\"><a class=\"w-btn us-btn-style_1 us_custom_ad0f428d\" href=\"https:\/\/electratherm.com\/vi\/pef-tieng-duc\/\"><span class=\"w-btn-label\">Ti\u1ebfng \u0110\u1ee9c<\/span><\/a><\/div><\/div><\/div><\/div><div class=\"vc_col-sm-4 wpb_column vc_column_container\"><div class=\"vc_column-inner us_custom_eb849559\"><div class=\"wpb_wrapper\"><div class=\"w-btn-wrapper align_none\"><a class=\"w-btn us-btn-style_1 us_custom_ad0f428d\" href=\"https:\/\/electratherm.com\/vi\/pef-tieng-y\/\"><span class=\"w-btn-label\">Ti\u1ebfng \u00dd<\/span><\/a><\/div><\/div><\/div><\/div><div class=\"vc_col-sm-4 wpb_column vc_column_container\"><div class=\"vc_column-inner us_custom_eb849559\"><div class=\"wpb_wrapper\"><div class=\"w-btn-wrapper align_none\"><a class=\"w-btn us-btn-style_1 us_custom_ad0f428d\" href=\"https:\/\/electratherm.com\/vi\/pef-tieng-anh\/\"><span class=\"w-btn-label\">Ti\u1ebfng Anh<\/span><\/a><\/div><\/div><\/div><\/div><\/div><\/div><\/section>","protected":false},"excerpt":{"rendered":"Waste Heat Energy Recovery Project Evaluation Form Please select a language to continue. DeutschItalianoEnglish","protected":false},"author":148,"featured_media":0,"parent":0,"menu_order":0,"comment_status":"closed","ping_status":"closed","template":"","meta":{"footnotes":""},"class_list":["post-11097","page","type-page","status-publish","hentry"],"yoast_head":"<!-- This site is optimized with the Yoast SEO plugin v25.6 - https:\/\/yoast.com\/wordpress\/plugins\/seo\/ -->\n<title>PEF 2021 - ElectraTherm<\/title>\n<meta name=\"robots\" content=\"index, follow, max-snippet:-1, max-image-preview:large, max-video-preview:-1\" \/>\n<link rel=\"canonical\" href=\"https:\/\/electratherm.com\/vi\/pef-2021\/\" \/>\n<meta property=\"og:locale\" content=\"vi_VN\" \/>\n<meta property=\"og:type\" content=\"article\" \/>\n<meta property=\"og:title\" content=\"PEF 2021 - ElectraTherm\" \/>\n<meta property=\"og:url\" content=\"https:\/\/electratherm.com\/vi\/pef-2021\/\" \/>\n<meta property=\"og:site_name\" content=\"ElectraTherm\" \/>\n<meta property=\"article:modified_time\" content=\"2025-04-21T21:45:02+00:00\" \/>\n<meta name=\"twitter:card\" content=\"summary_large_image\" \/>\n<meta name=\"twitter:label1\" content=\"\u01af\u1edbc t\u00ednh th\u1eddi gian \u0111\u1ecdc\" \/>\n\t<meta name=\"twitter:data1\" content=\"1 ph\u00fat\" \/>\n<script type=\"application\/ld+json\" class=\"yoast-schema-graph\">{\"@context\":\"https:\/\/schema.org\",\"@graph\":[{\"@type\":\"WebPage\",\"@id\":\"https:\/\/electratherm.com\/pef-2021\/\",\"url\":\"https:\/\/electratherm.com\/pef-2021\/\",\"name\":\"PEF 2021 - ElectraTherm\",\"isPartOf\":{\"@id\":\"https:\/\/electratherm.com\/#website\"},\"datePublished\":\"2021-08-31T23:46:59+00:00\",\"dateModified\":\"2025-04-21T21:45:02+00:00\",\"breadcrumb\":{\"@id\":\"https:\/\/electratherm.com\/pef-2021\/#breadcrumb\"},\"inLanguage\":\"vi\",\"potentialAction\":[{\"@type\":\"ReadAction\",\"target\":[\"https:\/\/electratherm.com\/pef-2021\/\"]}]},{\"@type\":\"BreadcrumbList\",\"@id\":\"https:\/\/electratherm.com\/pef-2021\/#breadcrumb\",\"itemListElement\":[{\"@type\":\"ListItem\",\"position\":1,\"name\":\"Home\",\"item\":\"https:\/\/electratherm.com\/\"},{\"@type\":\"ListItem\",\"position\":2,\"name\":\"PEF 2021\"}]},{\"@type\":\"WebSite\",\"@id\":\"https:\/\/electratherm.com\/#website\",\"url\":\"https:\/\/electratherm.com\/\",\"name\":\"ElectraTherm\",\"description\":\"\",\"potentialAction\":[{\"@type\":\"SearchAction\",\"target\":{\"@type\":\"EntryPoint\",\"urlTemplate\":\"https:\/\/electratherm.com\/?s={search_term_string}\"},\"query-input\":{\"@type\":\"PropertyValueSpecification\",\"valueRequired\":true,\"valueName\":\"search_term_string\"}}],\"inLanguage\":\"vi\"}]}<\/script>\n<!-- \/ Yoast SEO plugin. -->","yoast_head_json":{"title":"PEF 2021 - ElectraTherm","robots":{"index":"index","follow":"follow","max-snippet":"max-snippet:-1","max-image-preview":"max-image-preview:large","max-video-preview":"max-video-preview:-1"},"canonical":"https:\/\/electratherm.com\/vi\/pef-2021\/","og_locale":"vi_VN","og_type":"article","og_title":"PEF 2021 - ElectraTherm","og_url":"https:\/\/electratherm.com\/vi\/pef-2021\/","og_site_name":"ElectraTherm","article_modified_time":"2025-04-21T21:45:02+00:00","twitter_card":"summary_large_image","twitter_misc":{"\u01af\u1edbc t\u00ednh th\u1eddi gian \u0111\u1ecdc":"1 ph\u00fat"},"schema":{"@context":"https:\/\/schema.org","@graph":[{"@type":"WebPage","@id":"https:\/\/electratherm.com\/pef-2021\/","url":"https:\/\/electratherm.com\/pef-2021\/","name":"PEF 2021 - ElectraTherm","isPartOf":{"@id":"https:\/\/electratherm.com\/#website"},"datePublished":"2021-08-31T23:46:59+00:00","dateModified":"2025-04-21T21:45:02+00:00","breadcrumb":{"@id":"https:\/\/electratherm.com\/pef-2021\/#breadcrumb"},"inLanguage":"vi","potentialAction":[{"@type":"ReadAction","target":["https:\/\/electratherm.com\/pef-2021\/"]}]},{"@type":"BreadcrumbList","@id":"https:\/\/electratherm.com\/pef-2021\/#breadcrumb","itemListElement":[{"@type":"ListItem","position":1,"name":"Home","item":"https:\/\/electratherm.com\/"},{"@type":"ListItem","position":2,"name":"PEF 2021"}]},{"@type":"WebSite","@id":"https:\/\/electratherm.com\/#website","url":"https:\/\/electratherm.com\/","name":"\u0110i\u1ec7n t\u1eed","description":"","potentialAction":[{"@type":"SearchAction","target":{"@type":"EntryPoint","urlTemplate":"https:\/\/electratherm.com\/?s={search_term_string}"},"query-input":{"@type":"PropertyValueSpecification","valueRequired":true,"valueName":"search_term_string"}}],"inLanguage":"vi"}]}},"_links":{"self":[{"href":"https:\/\/electratherm.com\/vi\/wp-json\/wp\/v2\/pages\/11097"}],"collection":[{"href":"https:\/\/electratherm.com\/vi\/wp-json\/wp\/v2\/pages"}],"about":[{"href":"https:\/\/electratherm.com\/vi\/wp-json\/wp\/v2\/types\/page"}],"author":[{"embeddable":true,"href":"https:\/\/electratherm.com\/vi\/wp-json\/wp\/v2\/users\/148"}],"replies":[{"embeddable":true,"href":"https:\/\/electratherm.com\/vi\/wp-json\/wp\/v2\/comments?post=11097"}],"version-history":[{"count":16,"href":"https:\/\/electratherm.com\/vi\/wp-json\/wp\/v2\/pages\/11097\/revisions"}],"predecessor-version":[{"id":13088,"href":"https:\/\/electratherm.com\/vi\/wp-json\/wp\/v2\/pages\/11097\/revisions\/13088"}],"wp:attachment":[{"href":"https:\/\/electratherm.com\/vi\/wp-json\/wp\/v2\/media?parent=11097"}],"curies":[{"name":"wp","href":"https:\/\/api.w.org\/{rel}","templated":true}]}}