{"id":10469,"date":"2021-05-28T08:59:29","date_gmt":"2021-05-28T15:59:29","guid":{"rendered":"http:\/\/electratherm-us.com\/?page_id=10469"},"modified":"2025-05-13T12:47:38","modified_gmt":"2025-05-13T16:47:38","slug":"cong-nghe-orc-nang-luong-thong-minh-dan-dau-nganh-cong-nghiep","status":"publish","type":"page","link":"https:\/\/electratherm.com\/vi\/cong-nghe-orc-nang-luong-thong-minh-dan-dau-nganh-cong-nghiep\/","title":{"rendered":"C\u00f4ng ngh\u1ec7 ORC Smart Power d\u1eabn \u0111\u1ea7u ng\u00e0nh"},"content":{"rendered":"<section class=\"l-section wpb_row height_large width_full with_img parallax_hor bgwidth_110\"><div class=\"l-section-img\" role=\"img\" data-img-width=\"1024\" data-img-height=\"683\" style=\"background-image: url(https:\/\/electratherm.com\/wp-content\/uploads\/2021\/06\/twinscrews1-1024x683-1.jpg);background-repeat: no-repeat;\"><\/div><div class=\"l-section-overlay\" style=\"background:var(--color-content-overlay)\"><\/div><div class=\"l-section-h i-cf\"><div class=\"g-cols vc_row via_flex valign_top type_default stacking_default\"><div class=\"vc_col-sm-12 wpb_column vc_column_container\"><div class=\"vc_column-inner\"><div class=\"wpb_wrapper\"><div class=\"w-separator size_custom\" style=\"height:70\"><\/div><div class=\"wpb_text_column us_custom_6df4bc3a has_text_color\"><div class=\"wpb_wrapper\"><h1 style=\"text-align: center;\"><span style=\"color: #ffffff;\"><strong>TH\u00d4NG MINH<\/strong> QUY\u1ec0N L\u1ef0C<\/span><\/h1>\n<\/div><\/div><div class=\"w-separator size_custom\" style=\"height:70\"><\/div><\/div><\/div><\/div><\/div><\/div><\/section><section class=\"l-section wpb_row us_custom_f1ff9891 height_medium\"><div class=\"l-section-h i-cf\"><div class=\"g-cols vc_row via_flex valign_top type_default stacking_default\"><div class=\"vc_col-sm-6 wpb_column vc_column_container\"><div class=\"vc_column-inner\"><div class=\"wpb_wrapper\"><div class=\"wpb_text_column\"><div class=\"wpb_wrapper\"><h2><span style=\"color: #3aaa35;\"><strong>Th\u1ebf h\u1ec7 ti\u1ebfp theo<\/strong> C\u00f4ng ngh\u1ec7 ORC<\/span><\/h2>\n<\/div><\/div><div class=\"wpb_text_column\"><div class=\"wpb_wrapper\"><p>S\u1ef1 t\u00edch h\u1ee3p c\u1ee7a m\u1ed9t b\u1ed9 m\u1edf r\u1ed9ng tr\u1ee5c v\u00edt \u0111\u00f4i b\u00e1n k\u00edn, c\u00f9ng v\u1edbi \u0111\u1ed9c quy\u1ec1n <span style=\"color: #3aaa35;\">S\u1ee8C M\u1ea0NH TH\u00d4NG MINH<\/span> c\u00f4ng ngh\u1ec7, mang l\u1ea1i cho h\u1ec7 th\u1ed1ng Chu tr\u00ecnh Rankine h\u1eefu c\u01a1 (ORC) c\u1ee7a ElectraTherm l\u1ee3i th\u1ebf h\u01a1n so v\u1edbi c\u00e1c c\u00f4ng ngh\u1ec7 c\u1ea1nh tranh v\u00e0 m\u1edf ra c\u01a1 h\u1ed9i th\u1ecb tr\u01b0\u1eddng \u1edf n\u01a1i m\u00e0 vi\u1ec7c thu h\u1ed3i nhi\u1ec7t th\u1ea3i tr\u01b0\u1edbc \u0111\u00e2y l\u00e0 kh\u00f4ng th\u1ec3 ho\u1eb7c kh\u00f4ng th\u1ef1c t\u1ebf.<\/p>\n<p>B\u1ed9 gi\u00e3n n\u1edf \u0111\u01b0\u1ee3c n\u00e2ng c\u1ea5p, c\u00f9ng v\u1edbi c\u00e1c c\u00f4ng ngh\u1ec7 \u0111\u1ed9c quy\u1ec1n, cung c\u1ea5p thi\u1ebft k\u1ebf m\u1ea1nh m\u1ebd, ti\u1ebft ki\u1ec7m chi ph\u00ed h\u01a1n, gi\u00fap t\u0103ng c\u01b0\u1eddng \u0111\u00e1ng k\u1ec3 \u0111\u1ed9 tin c\u1eady v\u00e0 ch\u1ee9c n\u0103ng. T\u1ed1c \u0111\u1ed9 v\u1eadn h\u00e0nh th\u1ea5p h\u01a1n nhi\u1ec1u cho ph\u00e9p d\u00f2ng ch\u1ea3y pha k\u00e9p &quot;\u01b0\u1edbt&quot;; \u0111i\u1ec1u n\u00e0y gi\u00fap b\u1ed9 gi\u00e3n n\u1edf \u0111\u01b0\u1ee3c trang b\u1ecb t\u1ed1t h\u01a1n cho ho\u1ea1t \u0111\u1ed9ng t\u1ea1m th\u1eddi, t\u1ea1o ra n\u0103ng l\u01b0\u1ee3ng \u0111\u00e1ng tin c\u1eady t\u1eeb c\u00e1c ngu\u1ed3n nhi\u1ec7t c\u00f3 s\u1ef1 dao \u0111\u1ed9ng v\u1ec1 c\u1ea3 nhi\u1ec7t \u0111\u1ed9 v\u00e0 l\u01b0u l\u01b0\u1ee3ng. Ngo\u00e0i ra, b\u1ed9 gi\u00e3n n\u1edf c\u00f3 t\u1ef7 l\u1ec7 gi\u1ea3m c\u00f4ng su\u1ea5t l\u1edbn h\u01a1n nhi\u1ec1u so v\u1edbi tua bin (10:1). C\u00e1c y\u1ebfu t\u1ed1 n\u00e0y khi\u1ebfn c\u00f4ng ngh\u1ec7 ORC c\u1ee7a ElectraTherm l\u00fd t\u01b0\u1edfng h\u01a1n cho c\u00e1c ngu\u1ed3n nhi\u1ec7t thay \u0111\u1ed5i, nhi\u1ec7t \u0111\u1ed9 th\u1ea5p khi so s\u00e1nh v\u1edbi c\u00e1c h\u1ec7 th\u1ed1ng kh\u00e1c.<\/p>\n<p>K\u1ec3 t\u1eeb khi ElectraTherm \u0111\u01b0\u1ee3c th\u00e0nh l\u1eadp v\u00e0o n\u0103m 2005, c\u00e1c h\u1ec7 th\u1ed1ng ORC c\u1ee7a ch\u00fang t\u00f4i \u0111\u00e3 tr\u1ea3i qua v\u00f4 s\u1ed1 l\u1ea7n l\u1eb7p l\u1ea1i \u0111\u1ec3 tr\u1edf th\u00e0nh nh\u1eefng g\u00ec b\u1ea1n th\u1ea5y ng\u00e0y nay. Nh\u1eefng th\u00e0nh c\u00f4ng v\u00e0 th\u1ea5t b\u1ea1i trong qu\u00e1 kh\u1ee9 \u0111\u00e3 \u0111\u01b0a ch\u00fang t\u00f4i \u0111\u1ebfn v\u1edbi vi\u1ec7c ph\u00e1t tri\u1ec3n m\u1ed9t s\u1ea3n ph\u1ea9m c\u00f3 hi\u1ec7u su\u1ea5t h\u00e0ng \u0111\u1ea7u trong ng\u00e0nh m\u00e0 ch\u00fang t\u00f4i t\u1ef1 tin \u0111\u1ee9ng sau. Ch\u00fang t\u00f4i lu\u00f4n h\u1ecdc h\u1ecfi v\u00e0 \u00e1p d\u1ee5ng ki\u1ebfn th\u1ee9c c\u1ee7a m\u00ecnh \u0111\u1ec3 ph\u00e1t tri\u1ec3n c\u00e1c c\u00e1ch hi\u1ec7u qu\u1ea3 h\u01a1n nh\u1eb1m khai th\u00e1c ngu\u1ed3n t\u00e0i nguy\u00ean d\u1ed3i d\u00e0o nh\u1ea5t th\u1ebf gi\u1edbi, nhi\u1ec7t.<\/p>\n<p><span style=\"color: #3aaa35;\">S\u1ef0 KH\u00c1C BI\u1ec6T C\u1ee6A SMART POWER<\/span><\/p>\n<\/div><\/div><\/div><\/div><\/div><div class=\"vc_col-sm-6 wpb_column vc_column_container stretched\"><div class=\"vc_column-inner us_custom_d98eb4eb\"><div class=\"wpb_wrapper\"><div class=\"w-separator hide_on_mobiles size_huge\"><\/div><div class=\"w-image align_center\"><div class=\"w-image-h\"><img decoding=\"async\" width=\"600\" height=\"522\" src=\"https:\/\/electratherm.com\/wp-content\/uploads\/2025\/05\/organic-rankine-cycle-heat-recovery-system-600x522.png\" class=\"attachment-us_600_0 size-us_600_0\" alt=\"organic rankine cycle heat recovery system\" loading=\"lazy\" srcset=\"https:\/\/electratherm.com\/wp-content\/uploads\/2025\/05\/organic-rankine-cycle-heat-recovery-system-600x522.png 600w, https:\/\/electratherm.com\/wp-content\/uploads\/2025\/05\/organic-rankine-cycle-heat-recovery-system-300x261.png 300w, https:\/\/electratherm.com\/wp-content\/uploads\/2025\/05\/organic-rankine-cycle-heat-recovery-system-1024x891.png 1024w, https:\/\/electratherm.com\/wp-content\/uploads\/2025\/05\/organic-rankine-cycle-heat-recovery-system-14x12.png 14w, https:\/\/electratherm.com\/wp-content\/uploads\/2025\/05\/organic-rankine-cycle-heat-recovery-system-120x104.png 120w, https:\/\/electratherm.com\/wp-content\/uploads\/2025\/05\/organic-rankine-cycle-heat-recovery-system-201x175.png 201w, https:\/\/electratherm.com\/wp-content\/uploads\/2025\/05\/organic-rankine-cycle-heat-recovery-system-200x174.png 200w, https:\/\/electratherm.com\/wp-content\/uploads\/2025\/05\/organic-rankine-cycle-heat-recovery-system-150x130.png 150w, https:\/\/electratherm.com\/wp-content\/uploads\/2025\/05\/organic-rankine-cycle-heat-recovery-system-450x391.png 450w, https:\/\/electratherm.com\/wp-content\/uploads\/2025\/05\/organic-rankine-cycle-heat-recovery-system-700x609.png 700w, https:\/\/electratherm.com\/wp-content\/uploads\/2025\/05\/organic-rankine-cycle-heat-recovery-system.png 1983w\" sizes=\"(max-width: 600px) 100vw, 600px\" \/><\/div><\/div><\/div><\/div><\/div><\/div><\/div><\/section><section class=\"l-section wpb_row us_custom_f1ff9891 height_medium\"><div class=\"l-section-h i-cf\"><div class=\"g-cols vc_row via_flex valign_top type_default stacking_default\"><div class=\"vc_col-sm-12 wpb_column vc_column_container\"><div class=\"vc_column-inner us_custom_f1ff9891\"><div class=\"wpb_wrapper\"><div class=\"g-cols wpb_row via_flex valign_top type_default stacking_default\"><div class=\"vc_col-sm-12 wpb_column vc_column_container\"><div class=\"vc_column-inner\"><div class=\"wpb_wrapper\"><div class=\"wpb_text_column\"><div class=\"wpb_wrapper\"><h2 style=\"text-align: center;\"><span style=\"color: #3aaa35;\">Linh ho\u1ea1t <strong>Ho\u1ea1t \u0111\u1ed9ng<\/strong><\/span><\/h2>\n<\/div><\/div><div class=\"w-separator size_small\"><\/div><div class=\"w-image align_center\"><div class=\"w-image-h\"><img decoding=\"async\" width=\"1024\" height=\"229\" src=\"https:\/\/electratherm.com\/wp-content\/uploads\/2021\/02\/FlexibleChart-1024x229.png\" class=\"attachment-large size-large\" alt=\"\" loading=\"lazy\" srcset=\"https:\/\/electratherm.com\/wp-content\/uploads\/2021\/02\/FlexibleChart-1024x229.png 1024w, https:\/\/electratherm.com\/wp-content\/uploads\/2021\/02\/FlexibleChart-300x67.png 300w, https:\/\/electratherm.com\/wp-content\/uploads\/2021\/02\/FlexibleChart-80x18.png 80w, https:\/\/electratherm.com\/wp-content\/uploads\/2021\/02\/FlexibleChart-600x134.png 600w, https:\/\/electratherm.com\/wp-content\/uploads\/2021\/02\/FlexibleChart-200x45.png 200w, https:\/\/electratherm.com\/wp-content\/uploads\/2021\/02\/FlexibleChart-150x34.png 150w, https:\/\/electratherm.com\/wp-content\/uploads\/2021\/02\/FlexibleChart-450x101.png 450w, https:\/\/electratherm.com\/wp-content\/uploads\/2021\/02\/FlexibleChart-18x4.png 18w\" sizes=\"(max-width: 1024px) 100vw, 1024px\" \/><\/div><\/div><div class=\"w-separator size_small\"><\/div><\/div><\/div><\/div><\/div><div class=\"g-cols wpb_row via_flex valign_top type_default stacking_default\"><div class=\"vc_col-sm-6 wpb_column vc_column_container\"><div class=\"vc_column-inner\"><div class=\"wpb_wrapper\"><div class=\"wpb_text_column\"><div class=\"wpb_wrapper\"><h3><span style=\"color: #3aaa35;\">1. Kh\u1edfi \u0111\u1ed9ng nhanh<\/span><\/h3>\n<p>Sau khi c\u00e0i \u0111\u1eb7t v\u00e0 c\u1ea5u h\u00ecnh, h\u1ec7 th\u1ed1ng \u0111\u01b0\u1ee3c thi\u1ebft l\u1eadp theo m\u1eb7c \u0111\u1ecbnh \u0111\u1ec3 chuy\u1ec3n t\u1eeb \u201ct\u1eaft\u201d sang t\u1ea3i \u0111\u1ea7y \u0111\u1ee7 trong 60 gi\u00e2y. \u0110\u00e2y l\u00e0 \u0111i\u1ec3m duy nh\u1ea5t h\u1ec7 th\u1ed1ng s\u1ebd ti\u00eau th\u1ee5 \u0111i\u1ec7n n\u0103ng kh\u00f4ng ph\u1ea3i c\u1ee7a ch\u00ednh n\u00f3.<\/p>\n<\/div><\/div><div class=\"wpb_text_column\"><div class=\"wpb_wrapper\"><h3><span style=\"color: #005b23;\">2. T\u1ea3i tr\u1ecdng \u0111\u1ea7y \u0111\u1ee7<\/span><\/h3>\n<p>\u1ede c\u00f4ng su\u1ea5t t\u1ed1i \u0111a, h\u1ec7 th\u1ed1ng thu h\u1ed3i nhi\u1ec7t c\u1ee7a ch\u00fang t\u00f4i t\u0103ng hi\u1ec7u su\u1ea5t l\u00ean t\u1edbi 10% m\u00e0 kh\u00f4ng ti\u00eau th\u1ee5 th\u00eam nhi\u00ean li\u1ec7u v\u00e0 chi ph\u00ed v\u1eadn h\u00e0nh t\u1ed1i thi\u1ec3u. \u0110i\u1ec1u n\u00e0y t\u01b0\u01a1ng \u0111\u01b0\u01a1ng v\u1edbi chi ph\u00ed \u0111i\u1ec7n c\u1ef1c th\u1ea5p, khi\u1ebfn h\u1ec7 th\u1ed1ng tr\u1edf th\u00e0nh t\u00e0i s\u1ea3n b\u1ec1n v\u1eefng tuy\u1ec7t v\u1eddi cho b\u1ea5t k\u1ef3 ho\u1ea1t \u0111\u1ed9ng n\u00e0o. C\u00e1c \u0111\u01a1n v\u1ecb c\u1ee7a ch\u00fang t\u00f4i c\u00f3 d\u1ea1ng m\u00f4-\u0111un, c\u00f3 th\u1ec3 m\u1edf r\u1ed9ng v\u00e0 di \u0111\u1ed9ng \u0111\u1ec3 b\u1ea1n c\u00f3 th\u1ec3 s\u1eed d\u1ee5ng ch\u00fang b\u1ea5t c\u1ee9 khi n\u00e0o v\u00e0 b\u1ea5t c\u1ee9 n\u01a1i n\u00e0o b\u1ea1n c\u1ea7n.<\/p>\n<\/div><\/div><div class=\"wpb_text_column\"><div class=\"wpb_wrapper\"><h3><span style=\"color: #ff9900;\">3. T\u1ea3i tr\u1ecdng thay \u0111\u1ed5i<\/span><\/h3>\n<p>B\u1ed9 gi\u00e3n n\u1edf \u0111\u1ed9c quy\u1ec1n c\u1ee7a ElectraTherm v\u00e0 c\u00f4ng ngh\u1ec7 ORC cho ph\u00e9p h\u1ec7 th\u1ed1ng c\u1ee7a ch\u00fang t\u00f4i ch\u1ecbu \u0111\u01b0\u1ee3c s\u1ef1 thay \u0111\u1ed5i v\u1ec1 c\u1ea3 nhi\u1ec7t \u0111\u1ed9 v\u00e0 l\u01b0u l\u01b0\u1ee3ng trong khi v\u1eabn cho ph\u00e9p \u0111\u1ed9 \u1ea9m ph\u00e1 h\u1ee7y tuabin. Kh\u1ea3 n\u0103ng t\u1ef1 \u0111\u1ed9ng t\u1ea3i theo cho ph\u00e9p b\u1ea1n \u0111\u1ec3 m\u00e1y kh\u00f4ng c\u1ea7n gi\u00e1m s\u00e1t, t\u1ef1 tin r\u1eb1ng m\u00e1y s\u1ebd ti\u1ebfp t\u1ee5c s\u1ea3n xu\u1ea5t \u0111i\u1ec7n, mi\u1ec5n l\u00e0 c\u00f3 n\u01b0\u1edbc n\u00f3ng. \u0110i\u1ec1u n\u00e0y gi\u00fap c\u00e1c doanh nghi\u1ec7p c\u00f3 ngu\u1ed3n cung c\u1ea5p nhi\u1ec7t kh\u00f4ng \u1ed5n \u0111\u1ecbnh v\u1eabn c\u00f3 th\u1ec3 t\u1eadn d\u1ee5ng l\u1ee3i th\u1ebf thu h\u1ed3i nhi\u1ec7t th\u1ea3i.<\/p>\n<p>C\u00f4ng su\u1ea5t \u0111\u1ea7u ra c\u0169ng dao \u0111\u1ed9ng theo m\u1ee5c \u0111\u00edch ch\u00ednh m\u00e0 h\u1ec7 th\u1ed1ng \u0111ang ph\u1ee5c v\u1ee5. M\u1ed9t s\u1ed1 \u0111\u1ecba \u0111i\u1ec3m s\u1eed d\u1ee5ng h\u1ec7 th\u1ed1ng c\u1ee7a ch\u00fang t\u00f4i ch\u1ec9 \u0111\u1ec3 t\u0103ng hi\u1ec7u qu\u1ea3, trong khi nh\u1eefng \u0111\u1ecba \u0111i\u1ec3m kh\u00e1c c\u00f3 th\u1ec3 t\u1eadn d\u1ee5ng kh\u1ea3 n\u0103ng l\u00e0m m\u00e1t b\u1eb1ng kh\u00f4ng ho\u1eb7c nhi\u1ec7t v\u00e0 \u0111i\u1ec7n k\u1ebft h\u1ee3p (CHP) c\u1ee7a ch\u00fang t\u00f4i. H\u1ec7 th\u1ed1ng s\u1ebd t\u1ef1 \u0111\u1ed9ng gi\u1ea3m s\u1ea3n l\u01b0\u1ee3ng \u0111i\u1ec7n \u0111\u1ec3 th\u1ef1c hi\u1ec7n m\u1ee5c \u0111\u00edch ch\u00ednh c\u1ee7a h\u1ec7 th\u1ed1ng. Sau \u0111\u00f3, h\u1ec7 th\u1ed1ng s\u1ebd ti\u1ebfp t\u1ee5c s\u1ea3n xu\u1ea5t \u0111i\u1ec7n t\u1ed1i \u01b0u khi c\u00e1c \u0111i\u1ec1u ki\u1ec7n \u0111\u01b0\u1ee3c \u0111\u00e1p \u1ee9ng.<\/p>\n<\/div><\/div><\/div><\/div><\/div><div class=\"vc_col-sm-6 wpb_column vc_column_container\"><div class=\"vc_column-inner\"><div class=\"wpb_wrapper\"><div class=\"wpb_text_column\"><div class=\"wpb_wrapper\"><h3><span style=\"color: #000000;\">4. T\u1ea3i tr\u1ecdng th\u1ea5p<\/span><\/h3>\n<p>M\u1ed9t l\u1ee3i \u00edch kh\u00e1c c\u1ee7a vi\u1ec7c s\u1eed d\u1ee5ng b\u1ed9 gi\u00e3n n\u1edf tr\u1ee5c v\u00edt \u0111\u00f4i l\u00e0 kh\u1ea3 n\u0103ng s\u1ea3n xu\u1ea5t \u0111i\u1ec7n t\u1eeb c\u00e1c ngu\u1ed3n nhi\u1ec7t \u0111\u1ed9 th\u1ea5p tr\u01b0\u1edbc \u0111\u00e2y \u0111\u01b0\u1ee3c coi l\u00e0 kh\u00f4ng kinh t\u1ebf \u0111\u1ec3 ph\u00e1t \u0111i\u1ec7n. M\u1eb7c d\u00f9 ngu\u1ed3n nhi\u1ec7t c\u00f3 th\u1ec3 kh\u00f4ng cung c\u1ea5p \u0111\u1ee7 n\u0103ng l\u01b0\u1ee3ng nhi\u1ec7t \u0111\u1ec3 \u0111\u1ea1t \u0111\u01b0\u1ee3c c\u00f4ng su\u1ea5t t\u1ed1i \u0111a, nh\u01b0ng b\u1ea5t k\u1ef3 nhi\u1ec7t n\u00e0o \u0111\u01b0\u1ee3c t\u00e1i ch\u1ebf th\u00e0nh \u0111i\u1ec7n s\u1ea1ch \u0111\u1ec1u l\u00e0 n\u0103ng l\u01b0\u1ee3ng kh\u00f4ng b\u1ecb l\u00e3ng ph\u00ed.<\/p>\n<p>T\u1ed1c \u0111\u1ed9 v\u1eadn h\u00e0nh th\u1ea5p h\u01a1n cho ph\u00e9p t\u1ea1o ra \u0111i\u1ec7n n\u0103ng \u1ed5n \u0111\u1ecbnh \u1edf m\u1ee9c t\u1ea3i th\u1ea5p, t\u1ed1c \u0111\u1ed9 th\u1ea5p h\u01a1n n\u00e0y c\u0169ng c\u00f3 ngh\u0129a l\u00e0 \u00edt hao m\u00f2n h\u01a1n ngo\u00e0i vi\u1ec7c gi\u1ea3m ti\u1ebfng \u1ed3n.<\/p>\n<\/div><\/div><div class=\"wpb_text_column\"><div class=\"wpb_wrapper\"><h3><span style=\"color: #606060;\">5. D\u1eebng nhanh<\/span><\/h3>\n<p>Khi \u0111i\u1ec1u ki\u1ec7n t\u1ea1i ch\u1ed7 tr\u1edf n\u00ean qu\u00e1 b\u1ea5t \u1ed5n ho\u1eb7c ngu\u1ed3n n\u01b0\u1edbc n\u00f3ng \u0111\u1ed9t nhi\u00ean b\u1ecb c\u1eaft, thi\u1ebft b\u1ecb s\u1ebd t\u1ef1 \u0111\u1ed9ng t\u1eaft \u0111\u1ec3 b\u1ea3o v\u1ec7 kho\u1ea3n \u0111\u1ea7u t\u01b0 c\u1ee7a b\u1ea1n. Kh\u00f4ng gi\u1ed1ng nh\u01b0 c\u00e1c gi\u1ea3i ph\u00e1p ORC kh\u00e1c tr\u00ean th\u1ecb tr\u01b0\u1eddng b\u1ecb h\u1ecfng ho\u1eb7c h\u01b0 h\u1ecfng v\u0129nh vi\u1ec5n khi bi\u1ebfn \u0111\u1ed9ng x\u1ea3y ra li\u00ean t\u1ee5c, c\u00e1c gi\u1ea3i ph\u00e1p n\u0103ng l\u01b0\u1ee3ng th\u00f4ng minh c\u1ee7a ElectraTherm \u0111\u01b0\u1ee3c x\u00e2y d\u1ef1ng \u0111\u1ec3 ch\u1ecbu \u0111\u01b0\u1ee3c nh\u1eefng thay \u0111\u1ed5i \u0111\u1ed9t ng\u1ed9t v\u1ec1 \u0111i\u1ec1u ki\u1ec7n.<\/p>\n<p>\u0110\u1ed1i v\u1edbi c\u00e1c \u1ee9ng d\u1ee5ng cung c\u1ea5p n\u0103ng l\u01b0\u1ee3ng c\u00f3 kh\u1ea3 n\u0103ng l\u00e0m m\u00e1t b\u1eb1ng kh\u00f4ng, ORC s\u1ebd \u0111\u01b0\u1ee3c b\u1ecf qua v\u00e0 b\u1ed9 l\u00e0m m\u00e1t s\u1ebd cung c\u1ea5p kh\u1ea3 n\u0103ng l\u00e0m m\u00e1t to\u00e0n t\u1ea3i \u0111\u1ec3 \u0111\u1ea3m b\u1ea3o ho\u1ea1t \u0111\u1ed9ng an to\u00e0n li\u00ean t\u1ee5c m\u00e0 kh\u00f4ng c\u00f3 th\u1eddi gian ch\u1ebft.<\/p>\n<p>C\u00e1c \u0111i\u1ec1u khi\u1ec3n t\u00edch h\u1ee3p t\u01b0\u01a1ng t\u1ef1 cho ph\u00e9p h\u1ec7 th\u1ed1ng ho\u1ea1t \u0111\u1ed9ng t\u1eeb xa c\u0169ng t\u1eaft v\u00e0 kh\u1edfi \u0111\u1ed9ng an to\u00e0n c\u00e1c th\u00e0nh ph\u1ea7n ri\u00eang l\u1ebb c\u1ee7a h\u1ec7 th\u1ed1ng \u0111\u1ec3 \u0111\u1ea3m b\u1ea3o tu\u1ed5i th\u1ecd. Kh\u1ea3 n\u0103ng ho\u1ea1t \u0111\u1ed9ng t\u1eeb xa c\u1ee7a h\u1ec7 th\u1ed1ng gi\u00fap b\u1ea1n an t\u00e2m khi bi\u1ebft r\u1eb1ng m\u00e1y s\u1ebd t\u1ef1 \u0111\u1ed9ng ho\u1ea1t \u0111\u1ed9ng h\u00e0ng ng\u00e0y, h\u00e0ng n\u0103m v\u1edbi \u00edt gi\u00e1n \u0111o\u1ea1n nh\u1ea5t.<\/p>\n<h4>\u0110\u00f3 l\u00e0 <span style=\"color: #3aaa35;\">S\u1ee9c m\u1ea1nh th\u00f4ng minh<\/span><\/h4>\n<\/div><\/div><\/div><\/div><\/div><\/div><\/div><\/div><\/div><\/div><\/div><\/section><section class=\"l-section wpb_row height_medium\"><div class=\"l-section-h i-cf\"><div class=\"g-cols vc_row via_flex valign_top type_default stacking_default\"><div class=\"vc_col-sm-12 wpb_column vc_column_container\"><div class=\"vc_column-inner us_custom_6329cae9\"><div class=\"wpb_wrapper\"><div class=\"g-cols wpb_row us_custom_1fbb61ac via_flex valign_middle type_default stacking_default\"><div class=\"vc_col-sm-4 wpb_column vc_column_container\"><div class=\"vc_column-inner us_custom_dad4fece\"><div class=\"wpb_wrapper\"><div class=\"wpb_text_column us_custom_8a3c403a\"><div class=\"wpb_wrapper\"><h2 style=\"text-align: left;\"><strong><span style=\"color: #ffffff;\">C\u00f3 c\u00e2u h\u1ecfi n\u00e0o kh\u00f4ng?<\/span><\/strong><\/h2>\n<\/div><\/div><\/div><\/div><\/div><div class=\"vc_col-sm-4 wpb_column vc_column_container\"><div class=\"vc_column-inner\"><div class=\"wpb_wrapper\"><div class=\"wpb_text_column us_custom_8d5aa4e2\"><div class=\"wpb_wrapper\"><p style=\"text-align: center;\"><span style=\"color: #ffffff;\">H\u00e3y li\u00ean h\u1ec7 v\u1edbi ch\u00fang t\u00f4i \u0111\u1ec3 trao \u0111\u1ed5i v\u1ec1 nhu c\u1ea7u ri\u00eang c\u1ee7a d\u1ef1 \u00e1n b\u1ea1n.<\/span><\/p>\n<\/div><\/div><div class=\"w-btn-wrapper align_center\"><a class=\"w-btn us-btn-style_4 us_custom_3a4d6590\" href=\"https:\/\/electratherm.com\/vi\/lien-he\/\"><span class=\"w-btn-label\">Li\u00ean h\u1ec7 v\u1edbi ch\u00fang t\u00f4i<\/span><\/a><\/div><\/div><\/div><\/div><div class=\"vc_col-sm-4 wpb_column vc_column_container\"><div class=\"vc_column-inner\"><div class=\"wpb_wrapper\"><div class=\"wpb_text_column us_custom_8d5aa4e2\"><div class=\"wpb_wrapper\"><p style=\"text-align: center;\"><span style=\"color: #ffffff;\">S\u1eed d\u1ee5ng m\u1eabu \u0111\u00e1nh gi\u00e1 d\u1ef1 \u00e1n c\u1ee7a ch\u00fang t\u00f4i \u0111\u1ec3 b\u1eaft \u0111\u1ea7u qu\u00e1 tr\u00ecnh \u01b0\u1edbc t\u00ednh.<\/span><\/p>\n<\/div><\/div><div class=\"w-btn-wrapper align_center\"><a class=\"w-btn us-btn-style_4 us_custom_e0903bfa\" href=\"https:\/\/electratherm.com\/vi\/pef\/\"><span class=\"w-btn-label\">Bi\u1ec3u m\u1eabu \u0111\u00e1nh gi\u00e1 d\u1ef1 \u00e1n<\/span><\/a><\/div><\/div><\/div><\/div><\/div><\/div><\/div><\/div><\/div><\/div><\/section>","protected":false},"excerpt":{"rendered":"SMART POWER Next Generation ORC Technology The integration of a semi-hermetic twin-screw expander, along with proprietary SMART POWER technology, gives ElectraTherm&#8217;s Organic Rankine Cycle (ORC) systems an advantage over competitive technologies and opens market opportunities where waste heat recovery had previously been either impossible or unpractical. The upgraded expander, along with proprietary technologies, provides a...","protected":false},"author":75,"featured_media":0,"parent":0,"menu_order":0,"comment_status":"closed","ping_status":"closed","template":"","meta":{"footnotes":""},"class_list":["post-10469","page","type-page","status-publish","hentry"],"yoast_head":"<!-- This site is optimized with the Yoast SEO plugin v25.6 - https:\/\/yoast.com\/wordpress\/plugins\/seo\/ -->\n<title>Smart Power ORC Technology Leads Industry - ElectraTherm<\/title>\n<meta name=\"description\" content=\"ElectraTherm&#039;s industry-leading waste heat recovery systems are supported by SMART POWER ORC technology that protects your investment.\" \/>\n<meta name=\"robots\" content=\"index, follow, max-snippet:-1, max-image-preview:large, max-video-preview:-1\" \/>\n<link rel=\"canonical\" href=\"https:\/\/electratherm.com\/vi\/cong-nghe-orc-nang-luong-thong-minh-dan-dau-nganh-cong-nghiep\/\" \/>\n<meta property=\"og:locale\" content=\"vi_VN\" \/>\n<meta property=\"og:type\" content=\"article\" \/>\n<meta property=\"og:title\" content=\"Smart Power ORC Technology Leads Industry - ElectraTherm\" \/>\n<meta property=\"og:description\" content=\"ElectraTherm&#039;s industry-leading waste heat recovery systems are supported by SMART POWER ORC technology that protects your investment.\" \/>\n<meta property=\"og:url\" content=\"https:\/\/electratherm.com\/vi\/cong-nghe-orc-nang-luong-thong-minh-dan-dau-nganh-cong-nghiep\/\" \/>\n<meta property=\"og:site_name\" content=\"ElectraTherm\" \/>\n<meta property=\"article:modified_time\" content=\"2025-05-13T16:47:38+00:00\" \/>\n<meta name=\"twitter:card\" content=\"summary_large_image\" \/>\n<meta name=\"twitter:label1\" content=\"\u01af\u1edbc t\u00ednh th\u1eddi gian \u0111\u1ecdc\" \/>\n\t<meta name=\"twitter:data1\" content=\"4 ph\u00fat\" \/>\n<script type=\"application\/ld+json\" class=\"yoast-schema-graph\">{\"@context\":\"https:\/\/schema.org\",\"@graph\":[{\"@type\":\"WebPage\",\"@id\":\"https:\/\/electratherm.com\/smart-power-orc-technology-leads-industry\/\",\"url\":\"https:\/\/electratherm.com\/smart-power-orc-technology-leads-industry\/\",\"name\":\"Smart Power ORC Technology Leads Industry - ElectraTherm\",\"isPartOf\":{\"@id\":\"https:\/\/electratherm.com\/#website\"},\"datePublished\":\"2021-05-28T15:59:29+00:00\",\"dateModified\":\"2025-05-13T16:47:38+00:00\",\"description\":\"ElectraTherm's industry-leading waste heat recovery systems are supported by SMART POWER ORC technology that protects your investment.\",\"breadcrumb\":{\"@id\":\"https:\/\/electratherm.com\/smart-power-orc-technology-leads-industry\/#breadcrumb\"},\"inLanguage\":\"vi\",\"potentialAction\":[{\"@type\":\"ReadAction\",\"target\":[\"https:\/\/electratherm.com\/smart-power-orc-technology-leads-industry\/\"]}]},{\"@type\":\"BreadcrumbList\",\"@id\":\"https:\/\/electratherm.com\/smart-power-orc-technology-leads-industry\/#breadcrumb\",\"itemListElement\":[{\"@type\":\"ListItem\",\"position\":1,\"name\":\"Home\",\"item\":\"https:\/\/electratherm.com\/\"},{\"@type\":\"ListItem\",\"position\":2,\"name\":\"Smart Power ORC Technology Leads Industry\"}]},{\"@type\":\"WebSite\",\"@id\":\"https:\/\/electratherm.com\/#website\",\"url\":\"https:\/\/electratherm.com\/\",\"name\":\"ElectraTherm\",\"description\":\"\",\"potentialAction\":[{\"@type\":\"SearchAction\",\"target\":{\"@type\":\"EntryPoint\",\"urlTemplate\":\"https:\/\/electratherm.com\/?s={search_term_string}\"},\"query-input\":{\"@type\":\"PropertyValueSpecification\",\"valueRequired\":true,\"valueName\":\"search_term_string\"}}],\"inLanguage\":\"vi\"}]}<\/script>\n<!-- \/ Yoast SEO plugin. -->","yoast_head_json":{"title":"C\u00f4ng ngh\u1ec7 ORC Smart Power d\u1eabn \u0111\u1ea7u ng\u00e0nh - ElectraTherm","description":"H\u1ec7 th\u1ed1ng thu h\u1ed3i nhi\u1ec7t th\u1ea3i h\u00e0ng \u0111\u1ea7u c\u1ee7a ElectraTherm \u0111\u01b0\u1ee3c h\u1ed7 tr\u1ee3 b\u1edfi c\u00f4ng ngh\u1ec7 SMART POWER ORC gi\u00fap b\u1ea3o v\u1ec7 kho\u1ea3n \u0111\u1ea7u t\u01b0 c\u1ee7a b\u1ea1n.","robots":{"index":"index","follow":"follow","max-snippet":"max-snippet:-1","max-image-preview":"max-image-preview:large","max-video-preview":"max-video-preview:-1"},"canonical":"https:\/\/electratherm.com\/vi\/cong-nghe-orc-nang-luong-thong-minh-dan-dau-nganh-cong-nghiep\/","og_locale":"vi_VN","og_type":"article","og_title":"Smart Power ORC Technology Leads Industry - ElectraTherm","og_description":"ElectraTherm's industry-leading waste heat recovery systems are supported by SMART POWER ORC technology that protects your investment.","og_url":"https:\/\/electratherm.com\/vi\/cong-nghe-orc-nang-luong-thong-minh-dan-dau-nganh-cong-nghiep\/","og_site_name":"ElectraTherm","article_modified_time":"2025-05-13T16:47:38+00:00","twitter_card":"summary_large_image","twitter_misc":{"\u01af\u1edbc t\u00ednh th\u1eddi gian \u0111\u1ecdc":"4 ph\u00fat"},"schema":{"@context":"https:\/\/schema.org","@graph":[{"@type":"WebPage","@id":"https:\/\/electratherm.com\/smart-power-orc-technology-leads-industry\/","url":"https:\/\/electratherm.com\/smart-power-orc-technology-leads-industry\/","name":"C\u00f4ng ngh\u1ec7 ORC Smart Power d\u1eabn \u0111\u1ea7u ng\u00e0nh - ElectraTherm","isPartOf":{"@id":"https:\/\/electratherm.com\/#website"},"datePublished":"2021-05-28T15:59:29+00:00","dateModified":"2025-05-13T16:47:38+00:00","description":"H\u1ec7 th\u1ed1ng thu h\u1ed3i nhi\u1ec7t th\u1ea3i h\u00e0ng \u0111\u1ea7u c\u1ee7a ElectraTherm \u0111\u01b0\u1ee3c h\u1ed7 tr\u1ee3 b\u1edfi c\u00f4ng ngh\u1ec7 SMART POWER ORC gi\u00fap b\u1ea3o v\u1ec7 kho\u1ea3n \u0111\u1ea7u t\u01b0 c\u1ee7a b\u1ea1n.","breadcrumb":{"@id":"https:\/\/electratherm.com\/smart-power-orc-technology-leads-industry\/#breadcrumb"},"inLanguage":"vi","potentialAction":[{"@type":"ReadAction","target":["https:\/\/electratherm.com\/smart-power-orc-technology-leads-industry\/"]}]},{"@type":"BreadcrumbList","@id":"https:\/\/electratherm.com\/smart-power-orc-technology-leads-industry\/#breadcrumb","itemListElement":[{"@type":"ListItem","position":1,"name":"Home","item":"https:\/\/electratherm.com\/"},{"@type":"ListItem","position":2,"name":"Smart Power ORC Technology Leads Industry"}]},{"@type":"WebSite","@id":"https:\/\/electratherm.com\/#website","url":"https:\/\/electratherm.com\/","name":"\u0110i\u1ec7n t\u1eed","description":"","potentialAction":[{"@type":"SearchAction","target":{"@type":"EntryPoint","urlTemplate":"https:\/\/electratherm.com\/?s={search_term_string}"},"query-input":{"@type":"PropertyValueSpecification","valueRequired":true,"valueName":"search_term_string"}}],"inLanguage":"vi"}]}},"_links":{"self":[{"href":"https:\/\/electratherm.com\/vi\/wp-json\/wp\/v2\/pages\/10469"}],"collection":[{"href":"https:\/\/electratherm.com\/vi\/wp-json\/wp\/v2\/pages"}],"about":[{"href":"https:\/\/electratherm.com\/vi\/wp-json\/wp\/v2\/types\/page"}],"author":[{"embeddable":true,"href":"https:\/\/electratherm.com\/vi\/wp-json\/wp\/v2\/users\/75"}],"replies":[{"embeddable":true,"href":"https:\/\/electratherm.com\/vi\/wp-json\/wp\/v2\/comments?post=10469"}],"version-history":[{"count":24,"href":"https:\/\/electratherm.com\/vi\/wp-json\/wp\/v2\/pages\/10469\/revisions"}],"predecessor-version":[{"id":13429,"href":"https:\/\/electratherm.com\/vi\/wp-json\/wp\/v2\/pages\/10469\/revisions\/13429"}],"wp:attachment":[{"href":"https:\/\/electratherm.com\/vi\/wp-json\/wp\/v2\/media?parent=10469"}],"curies":[{"name":"wp","href":"https:\/\/api.w.org\/{rel}","templated":true}]}}