{"id":9273,"date":"2021-01-12T10:00:15","date_gmt":"2021-01-12T18:00:15","guid":{"rendered":"http:\/\/electratherm-us.com\/?page_id=9273"},"modified":"2025-05-12T11:37:20","modified_gmt":"2025-05-12T15:37:20","slug":"aplicacoes","status":"publish","type":"page","link":"https:\/\/electratherm.com\/pt\/aplicacoes\/","title":{"rendered":"Aplica\u00e7\u00f5es"},"content":{"rendered":"<section class=\"l-section wpb_row height_large width_full with_img parallax_hor bgwidth_110\"><div class=\"l-section-img\" role=\"img\" data-img-width=\"2560\" data-img-height=\"1320\" style=\"background-image: url(https:\/\/electratherm.com\/wp-content\/uploads\/2021\/07\/AbstractBackground-min.png);background-repeat: no-repeat;\"><\/div><div class=\"l-section-h i-cf\"><div class=\"g-cols vc_row via_flex valign_top type_default stacking_default\"><div class=\"vc_col-sm-12 wpb_column vc_column_container\"><div class=\"vc_column-inner\"><div class=\"wpb_wrapper\"><div class=\"w-separator size_custom\" style=\"height:70\"><\/div><div class=\"wpb_text_column us_custom_6df4bc3a has_text_color\"><div class=\"wpb_wrapper\"><h1 style=\"text-align: center;\">Aplica\u00e7\u00f5es<\/h1>\n<\/div><\/div><div class=\"w-separator size_custom\" style=\"height:70\"><\/div><\/div><\/div><\/div><\/div><\/div><\/section><section class=\"l-section wpb_row us_custom_f1ff9891 height_medium\"><div class=\"l-section-h i-cf\"><div class=\"g-cols vc_row via_flex valign_top type_default stacking_default\"><div class=\"vc_col-sm-12 wpb_column vc_column_container\"><div class=\"vc_column-inner us_custom_f1ff9891\"><div class=\"wpb_wrapper\"><div class=\"g-cols wpb_row via_flex valign_top type_default stacking_default\"><div class=\"vc_col-sm-12 wpb_column vc_column_container\"><div class=\"vc_column-inner\"><div class=\"wpb_wrapper\"><div class=\"wpb_text_column\"><div class=\"wpb_wrapper\"><h2><span style=\"color: #3aaa35;\">Fontes de calor<\/span><\/h2>\n<p><strong>Applicable fluid heat sources are between 70\u00b0C and 150\u00b0C. Heat sources above 150\u00b0C \u2013 such as exhaust gases or thermal oils \u2013 can be utilized with the deployment of an additional heat <\/strong><b>permutador.<\/b><\/p>\n<p>As nossas solu\u00e7\u00f5es ORC de recupera\u00e7\u00e3o de calor residual a baixa temperatura utilizam \u00e1gua quente como combust\u00edvel para gerar at\u00e9 150 kWe de eletricidade limpa, sem custos adicionais para o operador. A produ\u00e7\u00e3o de energia est\u00e1 diretamente correlacionada com o caudal e a temperatura da fonte, no entanto, uma aplica\u00e7\u00e3o pode funcionar com um caudal mais baixo se a \u00e1gua tiver uma temperatura suficientemente elevada.<\/p>\n<h6><strong>Para par\u00e2metros de entrada pormenorizados, consultar a documenta\u00e7\u00e3o do produto <a href=\"https:\/\/electratherm.com\/pt\/produtos\/\" target=\"_blank\" rel=\"noopener\">aqui<\/a>.<\/strong><\/h6>\n<\/div><\/div><\/div><\/div><\/div><\/div><\/div><\/div><\/div><\/div><\/div><\/section><section class=\"l-section wpb_row height_medium\"><div class=\"l-section-h i-cf\"><div class=\"g-cols vc_row via_flex valign_top type_default stacking_default\"><div class=\"vc_col-sm-4 wpb_column vc_column_container\"><div class=\"vc_column-inner us_custom_4af741be\"><div class=\"wpb_wrapper\"><div class=\"ult-new-ib ult-ib-effect-style1  ult-ib-resp\" data-min-width=\"768\" data-max-width=\"900\" style=\"background:#000000;\" data-opacity=\"0.2\" data-hover-opacity=\"0.2\" ><img decoding=\"async\" class=\"ult-new-ib-img\" style=\"opacity:0.2;\" alt=\"Recupera\u00e7\u00e3o do calor residual do motor\" src=\"https:\/\/electratherm.com\/wp-content\/uploads\/2021\/07\/Engine-Waste-Heat-min.png\"   \/><div id=\"interactive-banner-wrap-9858\" class=\"ult-new-ib-desc\" style=\"\"><h2 class=\"ult-new-ib-title ult-responsive\"  data-ultimate-target='#interactive-banner-wrap-9858 .ult-new-ib-title'  data-responsive-json-new='{\"font-size\":\"\",\"line-height\":\"\"}'  style=\"font-weight:normal;\">Produ\u00e7\u00e3o de energia<\/h2><div class=\"ult-new-ib-content ult-responsive\"  data-ultimate-target='#interactive-banner-wrap-9858 .ult-new-ib-content'  data-responsive-json-new='{\"font-size\":\"\",\"line-height\":\"\"}'  style=\"font-weight:bold;\"><p>Os motores de combust\u00e3o s\u00e3o utilizados globalmente pelas suas capacidades fi\u00e1veis de produ\u00e7\u00e3o de energia. Ao adicionar um sistema de recupera\u00e7\u00e3o de calor residual a baixa temperatura ao seu motor, pode beneficiar da produ\u00e7\u00e3o de eletricidade limpa, bem como de calor utiliz\u00e1vel. A capacidade de arrefecimento do ORC pode at\u00e9 permitir que o sistema substitua o seu radiador.<\/p><\/div><\/div><a class=\"ult-new-ib-link\" href=\"http:\/\/electratherm-us.com\/power-generation\/\" target=\"_blank\" rel=\"noopener\"  ><\/a><\/div><div class=\"ult-new-ib ult-ib-effect-style1  ult-ib-resp\" data-min-width=\"768\" data-max-width=\"900\" style=\"background:#000000;\" data-opacity=\"0.2\" data-hover-opacity=\"0.2\" ><img decoding=\"async\" class=\"ult-new-ib-img\" style=\"opacity:0.2;\" alt=\"Otimiza\u00e7\u00e3o do metano\" src=\"https:\/\/electratherm.com\/wp-content\/uploads\/2021\/07\/Methane-Optimization-min.png\"   \/><div id=\"interactive-banner-wrap-3234\" class=\"ult-new-ib-desc\" style=\"\"><h2 class=\"ult-new-ib-title ult-responsive\"  data-ultimate-target='#interactive-banner-wrap-3234 .ult-new-ib-title'  data-responsive-json-new='{\"font-size\":\"\",\"line-height\":\"\"}'  style=\"font-weight:normal;\">Otimiza\u00e7\u00e3o do metano<\/h2><div class=\"ult-new-ib-content ult-responsive\"  data-ultimate-target='#interactive-banner-wrap-3234 .ult-new-ib-content'  data-responsive-json-new='{\"font-size\":\"\",\"line-height\":\"\"}'  style=\"font-weight:bold;\"><p>Para as ind\u00fastrias que lidam com gases naturais - como a produ\u00e7\u00e3o de g\u00e1s de aterro, centrais de biog\u00e1s e tratamento de \u00e1guas residuais - a integra\u00e7\u00e3o de um sistema de recupera\u00e7\u00e3o de calor ORC pode aumentar a efici\u00eancia do motor, gerar eletricidade limpa a partir do calor do processo da caldeira ou mesmo eliminar a queima. Saiba como.<\/p><\/div><\/div><a class=\"ult-new-ib-link\" href=\"http:\/\/electratherm-us.com\/methane-optimization\/\" target=\"_blank\" rel=\"noopener\"  ><\/a><\/div><\/div><\/div><\/div><div class=\"vc_col-sm-4 wpb_column vc_column_container\"><div class=\"vc_column-inner us_custom_4af741be\"><div class=\"wpb_wrapper\"><div class=\"ult-new-ib ult-ib-effect-style1  ult-ib-resp\" data-min-width=\"768\" data-max-width=\"900\" style=\"background:#000000;\" data-opacity=\"0.2\" data-hover-opacity=\"0.2\" ><img decoding=\"async\" class=\"ult-new-ib-img\" style=\"opacity:0.2;\" alt=\"Recupera\u00e7\u00e3o de calor de res\u00edduos industriais\" src=\"https:\/\/electratherm.com\/wp-content\/uploads\/2021\/07\/Industrial-Waste-Heat-min.png\"   \/><div id=\"interactive-banner-wrap-4555\" class=\"ult-new-ib-desc\" style=\"\"><h2 class=\"ult-new-ib-title ult-responsive\"  data-ultimate-target='#interactive-banner-wrap-4555 .ult-new-ib-title'  data-responsive-json-new='{\"font-size\":\"\",\"line-height\":\"\"}'  style=\"font-weight:normal;\">Calor residual industrial<\/h2><div class=\"ult-new-ib-content ult-responsive\"  data-ultimate-target='#interactive-banner-wrap-4555 .ult-new-ib-content'  data-responsive-json-new='{\"font-size\":\"\",\"line-height\":\"\"}'  style=\"font-weight:bold;\"><p>Os processos industriais geram uma grande quantidade de calor, mas mais de metade desta energia t\u00e9rmica perde-se como calor residual e \u00e9 libertada para a atmosfera ou despejada nas nossas massas de \u00e1gua. Com a ElectraTherm, esse calor residual de baixa temperatura dos processos industriais pode ser usado para gerar energia adicional e limpa - melhorando os seus resultados e o meio ambiente.<\/p><\/div><\/div><a class=\"ult-new-ib-link\" href=\"http:\/\/electratherm-us.com\/industrial-waste-heat\/\" target=\"_blank\" rel=\"noopener\"  ><\/a><\/div><div class=\"ult-new-ib ult-ib-effect-style1  ult-ib-resp\" data-min-width=\"768\" data-max-width=\"900\" style=\"background:#000000;\" data-opacity=\"0.2\" data-hover-opacity=\"0.2\" ><img decoding=\"async\" class=\"ult-new-ib-img\" style=\"opacity:0.2;\" alt=\"Recupera\u00e7\u00e3o de calor residual de petr\u00f3leo e g\u00e1s\" src=\"https:\/\/electratherm.com\/wp-content\/uploads\/2021\/07\/Oil-and-Gas-Waste-Heat-min.png\"   \/><div id=\"interactive-banner-wrap-8571\" class=\"ult-new-ib-desc\" style=\"\"><h2 class=\"ult-new-ib-title ult-responsive\"  data-ultimate-target='#interactive-banner-wrap-8571 .ult-new-ib-title'  data-responsive-json-new='{\"font-size\":\"\",\"line-height\":\"\"}'  style=\"font-weight:normal;\">Petr\u00f3leo e g\u00e1s<\/h2><div class=\"ult-new-ib-content ult-responsive\"  data-ultimate-target='#interactive-banner-wrap-8571 .ult-new-ib-content'  data-responsive-json-new='{\"font-size\":\"\",\"line-height\":\"\"}'  style=\"font-weight:bold;\"><p>As aplica\u00e7\u00f5es de ORC para petr\u00f3leo e g\u00e1s oferecem aos operadores in\u00fameras maneiras de se beneficiar da utiliza\u00e7\u00e3o de calor residual de baixa temperatura. Os propriet\u00e1rios de projetos que integram um sistema ORC da ElectraTherm s\u00e3o capazes de: gerar eletricidade limpa e, ao mesmo tempo, obter resfriamento l\u00edquido zero, aumentar a efici\u00eancia do motor em at\u00e9 10%, fornecer uma fonte de energia de carga b\u00e1sica em \u00e1reas remotas, exceder os padr\u00f5es de qualidade do ar por meio da elimina\u00e7\u00e3o de flare e at\u00e9 mesmo a capacidade de gerar energia geot\u00e9rmica.<\/p><\/div><\/div><a class=\"ult-new-ib-link\" href=\"http:\/\/electratherm-us.com\/oil-and-gas-orc\/\" target=\"_blank\" rel=\"noopener\"  ><\/a><\/div><\/div><\/div><\/div><div class=\"vc_col-sm-4 wpb_column vc_column_container\"><div class=\"vc_column-inner us_custom_4af741be\"><div class=\"wpb_wrapper\"><div class=\"ult-new-ib ult-ib-effect-style1  ult-ib-resp\" data-min-width=\"768\" data-max-width=\"900\" style=\"background:#000000;\" data-opacity=\"0.2\" data-hover-opacity=\"0.2\" ><img decoding=\"async\" class=\"ult-new-ib-img\" style=\"opacity:0.2;\" alt=\"Recupera\u00e7\u00e3o de calor geot\u00e9rmico\" src=\"https:\/\/electratherm.com\/wp-content\/uploads\/2021\/07\/Geothermal-Heat-Recovery-min.png\"   \/><div id=\"interactive-banner-wrap-2201\" class=\"ult-new-ib-desc\" style=\"\"><h2 class=\"ult-new-ib-title ult-responsive\"  data-ultimate-target='#interactive-banner-wrap-2201 .ult-new-ib-title'  data-responsive-json-new='{\"font-size\":\"\",\"line-height\":\"\"}'  style=\"font-weight:normal;\">Geot\u00e9rmica<\/h2><div class=\"ult-new-ib-content ult-responsive\"  data-ultimate-target='#interactive-banner-wrap-2201 .ult-new-ib-content'  data-responsive-json-new='{\"font-size\":\"\",\"line-height\":\"\"}'  style=\"font-weight:bold;\"><p>Com os recentes avan\u00e7os na tecnologia ORC, as fontes geot\u00e9rmicas de baixa temperatura, como as fontes termais e os fluidos co-produzidos, podem agora ser utilizadas para gerar energia rent\u00e1vel - sem custos adicionais para o operador. Os nossos sistemas ORC s\u00e3o perfeitos para a produ\u00e7\u00e3o de eletricidade com fins lucrativos ou para fornecer energia de base a projectos remotos ou que exijam uma pequena \u00e1rea de implanta\u00e7\u00e3o.<\/p><\/div><\/div><a class=\"ult-new-ib-link\" href=\"http:\/\/electratherm-us.com\/geothermal\/\" target=\"_blank\" rel=\"noopener\"  ><\/a><\/div><div class=\"ult-new-ib ult-ib-effect-style1  ult-ib-resp\" data-min-width=\"768\" data-max-width=\"900\" style=\"background:#0a0a0a;\" data-opacity=\"0.2\" data-hover-opacity=\"0.2\" ><img decoding=\"async\" class=\"ult-new-ib-img\" style=\"opacity:0.2;\" alt=\"Recupera\u00e7\u00e3o de calor de biomassa\" src=\"https:\/\/electratherm.com\/wp-content\/uploads\/2021\/07\/Biomass-Heat-Recovery-min.png\"   \/><div id=\"interactive-banner-wrap-1651\" class=\"ult-new-ib-desc\" style=\"\"><h2 class=\"ult-new-ib-title ult-responsive\"  data-ultimate-target='#interactive-banner-wrap-1651 .ult-new-ib-title'  data-responsive-json-new='{\"font-size\":\"\",\"line-height\":\"\"}'  style=\"font-weight:normal;color:#ffffff;\">Sistemas de biomassa<\/h2><div class=\"ult-new-ib-content ult-responsive\"  data-ultimate-target='#interactive-banner-wrap-1651 .ult-new-ib-content'  data-responsive-json-new='{\"font-size\":\"\",\"line-height\":\"\"}'  style=\"font-weight:bold;color:#ffffff;\"><p>Os projectos que incorporam caldeiras de biomassa\/biog\u00e1s para produ\u00e7\u00e3o de energia, aquecimento urbano ou digest\u00e3o anaer\u00f3bia s\u00e3o particularmente atractivos para utiliza\u00e7\u00e3o com os nossos sistemas ORC devido aos custos de capital reduzidos (ou seja, a caldeira) e \u00e0 integra\u00e7\u00e3o incrivelmente f\u00e1cil.<\/p><\/div><\/div><a class=\"ult-new-ib-link\" href=\"http:\/\/electratherm-us.com\/biomass-systems\/\" target=\"_blank\" rel=\"noopener\"  ><\/a><\/div><\/div><\/div><\/div><\/div><\/div><\/section><section class=\"l-section wpb_row height_medium\"><div class=\"l-section-h i-cf\"><div class=\"g-cols vc_row via_flex valign_top type_default stacking_default\"><div class=\"vc_col-sm-12 wpb_column vc_column_container\"><div class=\"vc_column-inner us_custom_6329cae9\"><div class=\"wpb_wrapper\"><div class=\"g-cols wpb_row us_custom_1fbb61ac via_flex valign_middle type_default stacking_default\"><div class=\"vc_col-sm-4 wpb_column vc_column_container\"><div class=\"vc_column-inner us_custom_dad4fece\"><div class=\"wpb_wrapper\"><div class=\"wpb_text_column us_custom_8a3c403a\"><div class=\"wpb_wrapper\"><h2 style=\"text-align: left;\"><strong><span style=\"color: #ffffff;\">Perguntas?<\/span><\/strong><\/h2>\n<\/div><\/div><\/div><\/div><\/div><div class=\"vc_col-sm-4 wpb_column vc_column_container\"><div class=\"vc_column-inner\"><div class=\"wpb_wrapper\"><div class=\"wpb_text_column us_custom_8d5aa4e2\"><div class=\"wpb_wrapper\"><p style=\"text-align: center;\"><span style=\"color: #ffffff;\">Contacte-nos para conversarmos sobre as necessidades espec\u00edficas do seu projeto.<\/span><\/p>\n<\/div><\/div><div class=\"w-btn-wrapper align_center\"><a class=\"w-btn us-btn-style_4 us_custom_3a4d6590\" href=\"https:\/\/electratherm.com\/pt\/contact\/\"><span class=\"w-btn-label\">Contactar-nos<\/span><\/a><\/div><\/div><\/div><\/div><div class=\"vc_col-sm-4 wpb_column vc_column_container\"><div class=\"vc_column-inner\"><div class=\"wpb_wrapper\"><div class=\"wpb_text_column us_custom_8d5aa4e2\"><div class=\"wpb_wrapper\"><p style=\"text-align: center;\"><span style=\"color: #ffffff;\">Utilize o nosso formul\u00e1rio de avalia\u00e7\u00e3o do projeto para iniciar o processo de estimativa.<\/span><\/p>\n<\/div><\/div><div class=\"w-btn-wrapper align_center\"><a class=\"w-btn us-btn-style_4 us_custom_e0903bfa\" href=\"https:\/\/electratherm.com\/pt\/pef\/\"><span class=\"w-btn-label\">Formul\u00e1rio de avalia\u00e7\u00e3o do projeto<\/span><\/a><\/div><\/div><\/div><\/div><\/div><\/div><\/div><\/div><\/div><\/div><\/section>","protected":false},"excerpt":{"rendered":"Applications Heat Sources Applicable fluid heat sources are between 70\u00b0C and 150\u00b0C. Heat sources above 150\u00b0C \u2013 such as exhaust gases or thermal oils \u2013 can be utilized with the deployment of an additional heat exchanger. Our low temperature waste heat recovery ORC solutions use hot water as fuel in order to generate up to...","protected":false},"author":75,"featured_media":0,"parent":0,"menu_order":30,"comment_status":"closed","ping_status":"closed","template":"","meta":{"footnotes":""},"class_list":["post-9273","page","type-page","status-publish","hentry"],"yoast_head":"<!-- This site is optimized with the Yoast SEO plugin v25.6 - https:\/\/yoast.com\/wordpress\/plugins\/seo\/ -->\n<title>Applications - ElectraTherm<\/title>\n<meta name=\"description\" content=\"Low temperature waste heat recovery solutions are a practical and profitable addition to most power generation and industrial processes.\" \/>\n<meta name=\"robots\" content=\"index, follow, max-snippet:-1, max-image-preview:large, max-video-preview:-1\" \/>\n<link rel=\"canonical\" href=\"https:\/\/electratherm.com\/pt\/aplicacoes\/\" \/>\n<meta property=\"og:locale\" content=\"pt_PT\" \/>\n<meta property=\"og:type\" content=\"article\" \/>\n<meta property=\"og:title\" content=\"Applications - ElectraTherm\" \/>\n<meta property=\"og:description\" content=\"Low temperature waste heat recovery solutions are a practical and profitable addition to most power generation and industrial processes.\" \/>\n<meta property=\"og:url\" content=\"https:\/\/electratherm.com\/pt\/aplicacoes\/\" \/>\n<meta property=\"og:site_name\" content=\"ElectraTherm\" \/>\n<meta property=\"article:modified_time\" content=\"2025-05-12T15:37:20+00:00\" \/>\n<meta name=\"twitter:card\" content=\"summary_large_image\" \/>\n<meta name=\"twitter:label1\" content=\"Tempo estimado de leitura\" \/>\n\t<meta name=\"twitter:data1\" content=\"4 minutos\" \/>\n<script type=\"application\/ld+json\" class=\"yoast-schema-graph\">{\"@context\":\"https:\/\/schema.org\",\"@graph\":[{\"@type\":\"WebPage\",\"@id\":\"https:\/\/electratherm.com\/applications\/\",\"url\":\"https:\/\/electratherm.com\/applications\/\",\"name\":\"Applications - ElectraTherm\",\"isPartOf\":{\"@id\":\"https:\/\/electratherm.com\/#website\"},\"datePublished\":\"2021-01-12T18:00:15+00:00\",\"dateModified\":\"2025-05-12T15:37:20+00:00\",\"description\":\"Low temperature waste heat recovery solutions are a practical and profitable addition to most power generation and industrial processes.\",\"breadcrumb\":{\"@id\":\"https:\/\/electratherm.com\/applications\/#breadcrumb\"},\"inLanguage\":\"pt-PT\",\"potentialAction\":[{\"@type\":\"ReadAction\",\"target\":[\"https:\/\/electratherm.com\/applications\/\"]}]},{\"@type\":\"BreadcrumbList\",\"@id\":\"https:\/\/electratherm.com\/applications\/#breadcrumb\",\"itemListElement\":[{\"@type\":\"ListItem\",\"position\":1,\"name\":\"Home\",\"item\":\"https:\/\/electratherm.com\/\"},{\"@type\":\"ListItem\",\"position\":2,\"name\":\"Applications\"}]},{\"@type\":\"WebSite\",\"@id\":\"https:\/\/electratherm.com\/#website\",\"url\":\"https:\/\/electratherm.com\/\",\"name\":\"ElectraTherm\",\"description\":\"\",\"potentialAction\":[{\"@type\":\"SearchAction\",\"target\":{\"@type\":\"EntryPoint\",\"urlTemplate\":\"https:\/\/electratherm.com\/?s={search_term_string}\"},\"query-input\":{\"@type\":\"PropertyValueSpecification\",\"valueRequired\":true,\"valueName\":\"search_term_string\"}}],\"inLanguage\":\"pt-PT\"}]}<\/script>\n<!-- \/ Yoast SEO plugin. -->","yoast_head_json":{"title":"Aplica\u00e7\u00f5es - ElectraTherm","description":"As solu\u00e7\u00f5es de recupera\u00e7\u00e3o de calor residual a baixa temperatura s\u00e3o uma adi\u00e7\u00e3o pr\u00e1tica e rent\u00e1vel \u00e0 maioria dos processos industriais e de produ\u00e7\u00e3o de energia.","robots":{"index":"index","follow":"follow","max-snippet":"max-snippet:-1","max-image-preview":"max-image-preview:large","max-video-preview":"max-video-preview:-1"},"canonical":"https:\/\/electratherm.com\/pt\/aplicacoes\/","og_locale":"pt_PT","og_type":"article","og_title":"Applications - ElectraTherm","og_description":"Low temperature waste heat recovery solutions are a practical and profitable addition to most power generation and industrial processes.","og_url":"https:\/\/electratherm.com\/pt\/aplicacoes\/","og_site_name":"ElectraTherm","article_modified_time":"2025-05-12T15:37:20+00:00","twitter_card":"summary_large_image","twitter_misc":{"Tempo estimado de leitura":"4 minutos"},"schema":{"@context":"https:\/\/schema.org","@graph":[{"@type":"WebPage","@id":"https:\/\/electratherm.com\/applications\/","url":"https:\/\/electratherm.com\/applications\/","name":"Aplica\u00e7\u00f5es - ElectraTherm","isPartOf":{"@id":"https:\/\/electratherm.com\/#website"},"datePublished":"2021-01-12T18:00:15+00:00","dateModified":"2025-05-12T15:37:20+00:00","description":"As solu\u00e7\u00f5es de recupera\u00e7\u00e3o de calor residual a baixa temperatura s\u00e3o uma adi\u00e7\u00e3o pr\u00e1tica e rent\u00e1vel \u00e0 maioria dos processos industriais e de produ\u00e7\u00e3o de energia.","breadcrumb":{"@id":"https:\/\/electratherm.com\/applications\/#breadcrumb"},"inLanguage":"pt-PT","potentialAction":[{"@type":"ReadAction","target":["https:\/\/electratherm.com\/applications\/"]}]},{"@type":"BreadcrumbList","@id":"https:\/\/electratherm.com\/applications\/#breadcrumb","itemListElement":[{"@type":"ListItem","position":1,"name":"Home","item":"https:\/\/electratherm.com\/"},{"@type":"ListItem","position":2,"name":"Applications"}]},{"@type":"WebSite","@id":"https:\/\/electratherm.com\/#website","url":"https:\/\/electratherm.com\/","name":"ElectraTherm","description":"","potentialAction":[{"@type":"SearchAction","target":{"@type":"EntryPoint","urlTemplate":"https:\/\/electratherm.com\/?s={search_term_string}"},"query-input":{"@type":"PropertyValueSpecification","valueRequired":true,"valueName":"search_term_string"}}],"inLanguage":"pt-PT"}]}},"_links":{"self":[{"href":"https:\/\/electratherm.com\/pt\/wp-json\/wp\/v2\/pages\/9273"}],"collection":[{"href":"https:\/\/electratherm.com\/pt\/wp-json\/wp\/v2\/pages"}],"about":[{"href":"https:\/\/electratherm.com\/pt\/wp-json\/wp\/v2\/types\/page"}],"author":[{"embeddable":true,"href":"https:\/\/electratherm.com\/pt\/wp-json\/wp\/v2\/users\/75"}],"replies":[{"embeddable":true,"href":"https:\/\/electratherm.com\/pt\/wp-json\/wp\/v2\/comments?post=9273"}],"version-history":[{"count":16,"href":"https:\/\/electratherm.com\/pt\/wp-json\/wp\/v2\/pages\/9273\/revisions"}],"predecessor-version":[{"id":13307,"href":"https:\/\/electratherm.com\/pt\/wp-json\/wp\/v2\/pages\/9273\/revisions\/13307"}],"wp:attachment":[{"href":"https:\/\/electratherm.com\/pt\/wp-json\/wp\/v2\/media?parent=9273"}],"curies":[{"name":"wp","href":"https:\/\/api.w.org\/{rel}","templated":true}]}}