{"id":241,"date":"2015-02-26T16:56:13","date_gmt":"2015-02-27T00:56:13","guid":{"rendered":"http:\/\/www.newurl.com\/?page_id=241"},"modified":"2025-05-12T11:30:11","modified_gmt":"2025-05-12T15:30:11","slug":"produtos","status":"publish","type":"page","link":"https:\/\/electratherm.com\/pt\/produtos\/","title":{"rendered":"Produtos"},"content":{"rendered":"<section class=\"l-section wpb_row height_large width_full with_img parallax_hor bgwidth_110\"><div class=\"l-section-img\" role=\"img\" data-img-width=\"1024\" data-img-height=\"683\" style=\"background-image: url(https:\/\/electratherm.com\/wp-content\/uploads\/2021\/06\/twinscrews1-1024x683-1.jpg);background-repeat: no-repeat;\"><\/div><div class=\"l-section-overlay\" style=\"background:var(--color-content-overlay)\"><\/div><div class=\"l-section-h i-cf\"><div class=\"g-cols vc_row via_flex valign_top type_default stacking_default\"><div class=\"vc_col-sm-12 wpb_column vc_column_container\"><div class=\"vc_column-inner\"><div class=\"wpb_wrapper\"><div class=\"w-separator size_custom\" style=\"height:70\"><\/div><div class=\"wpb_text_column us_custom_6df4bc3a has_text_color\"><div class=\"wpb_wrapper\"><h1 style=\"text-align: center;\"><span style=\"color: #ffffff;\">PRODUTOS<\/span><\/h1>\n<\/div><\/div><div class=\"w-separator size_custom\" style=\"height:70\"><\/div><\/div><\/div><\/div><\/div><\/div><\/section><section class=\"l-section wpb_row us_custom_f1ff9891 height_medium\"><div class=\"l-section-h i-cf\"><div class=\"g-cols vc_row via_flex valign_top type_default stacking_default\"><div class=\"vc_col-sm-12 wpb_column vc_column_container\"><div class=\"vc_column-inner\"><div class=\"wpb_wrapper\"><div class=\"wpb_text_column\"><div class=\"wpb_wrapper\"><h2 style=\"text-align: left;\"><span style=\"color: #3aaa35;\">AS NOSSAS SOLU\u00c7\u00d5ES DE CICLO DE RANKINE ORG\u00c2NICO<\/span><\/h2>\n<p style=\"text-align: left;\">Os sistemas de Ciclo Rankine Org\u00e2nico (ORC) da ElectraTherm convertem calor de baixa temperatura e calor residual de at\u00e9 70\u00b0C em eletricidade limpa. Como a \u00e1gua quente \u00e9 o combust\u00edvel, os benef\u00edcios incluem a redu\u00e7\u00e3o do consumo de combust\u00edvel e das emiss\u00f5es, o aumento da produ\u00e7\u00e3o de energia, o resfriamento l\u00edquido zero, a elimina\u00e7\u00e3o de flare e muito mais. Ver o nosso <span style=\"color: #3aaa35;\"><a style=\"color: #3aaa35;\" href=\"http:\/\/electratherm-us.com\/applications\/\" target=\"_blank\" rel=\"noopener\">P\u00e1gina de aplica\u00e7\u00f5es<\/a><\/span> para os sectores comuns servidos.<\/p>\n<\/div><\/div><div class=\"w-separator size_medium\"><\/div><div class=\"w-tabs layout_hor style_trendy switch_click has_scrolling\" style=\"--sections-title-size:1em\"><div class=\"w-tabs-list items_3 align_none\"><div class=\"w-tabs-list-h\"><button class=\"w-tabs-item active\" aria-controls=\"content-1656021187987-ba38ab87-9124\" aria-expanded=\"false\"><span class=\"w-tabs-item-title\">M\u00d3DULO DE ALIMENTA\u00c7\u00c3O75<\/span><\/button><button class=\"w-tabs-item\" aria-controls=\"content-1619038492357-879a82a7-e762\" aria-expanded=\"false\"><span class=\"w-tabs-item-title\">POWER+ GERADOR<\/span><\/button><button class=\"w-tabs-item\" aria-controls=\"content-1619038492461-2546d3ae-9a59\" aria-expanded=\"false\"><span class=\"w-tabs-item-title\">ARREFECEDOR ACTIVO<\/span><\/button><\/div><\/div><div class=\"w-tabs-sections titles-align_none icon_chevron cpos_right\"><div class=\"w-tabs-section active\" id=\"1656021187987-ba38ab87-9124\"><button class=\"w-tabs-section-header active\" aria-controls=\"content-1656021187987-ba38ab87-9124\" aria-expanded=\"true\"><div class=\"w-tabs-section-title\">M\u00d3DULO DE ALIMENTA\u00c7\u00c3O75<\/div><div class=\"w-tabs-section-control\"><\/div><\/button><div  class=\"w-tabs-section-content us_custom_f1ff9891\" id=\"content-1656021187987-ba38ab87-9124\"><div class=\"w-tabs-section-content-h i-cf\"><div class=\"g-cols wpb_row via_flex valign_top type_default stacking_default\"><div class=\"vc_col-sm-6 wpb_column vc_column_container\"><div class=\"vc_column-inner\"><div class=\"wpb_wrapper\"><div class=\"wpb_text_column\"><div class=\"wpb_wrapper\"><p>O POWER MODULE75 da ElectraTherm produz energia sem combust\u00edvel e sem emiss\u00f5es a partir de v\u00e1rias fontes de calor residual de baixa qualidade, utilizando o Ciclo Org\u00e2nico de Rankine (ORC) e a combina\u00e7\u00e3o de expansor\/gerador de parafuso duplo semi-herm\u00e9tico BITZER patenteada pela empresa. O design patenteado da ElectraTherm para o ORC representa uma mudan\u00e7a radical em rela\u00e7\u00e3o \u00e0s tecnologias de turbinas radiais ou axiais, proporcionando um design mais econ\u00f3mico e robusto, sem veda\u00e7\u00e3o do eixo entre a combina\u00e7\u00e3o expansor\/gerador, o que aumenta consideravelmente a fiabilidade.<\/p>\n<p>O POWER MODULE75 \u00e9 uma evolu\u00e7\u00e3o da s\u00e9rie POWER+ GENERATOR da ElectraTherm e o expansor BITZER oferece um desempenho melhorado em toda a gama de funcionamento com uma pot\u00eancia m\u00e1xima de 75 kW.<\/p>\n<p>Para mais informa\u00e7\u00f5es, consultar <a href=\"https:\/\/electratherm.com\/pt\/power-module-75\/\" target=\"_blank\" rel=\"noopener\">clique aqui<\/a>.<\/p>\n<\/div><\/div><\/div><\/div><\/div><div class=\"vc_col-sm-6 wpb_column vc_column_container\"><div class=\"vc_column-inner\"><div class=\"wpb_wrapper\"><div class=\"w-separator size_medium\"><\/div><div class=\"w-image align_center\"><a target=\"_blank\" rel=\"nofollow\" href=\"http:\/\/electratherm-us.com\/power-module-75\/\" aria-label=\"M\u00f3dulo de pot\u00eancia 75 - Electratherm\" class=\"w-image-h\"><img decoding=\"async\" width=\"450\" height=\"405\" src=\"https:\/\/electratherm.com\/wp-content\/uploads\/2022\/06\/Power-Module-75-450x405.png\" class=\"attachment-us_450_0 size-us_450_0\" alt=\"M\u00f3dulo de pot\u00eancia 75 - Electratherm\" loading=\"lazy\" srcset=\"https:\/\/electratherm.com\/wp-content\/uploads\/2022\/06\/Power-Module-75-450x405.png 450w, https:\/\/electratherm.com\/wp-content\/uploads\/2022\/06\/Power-Module-75-300x270.png 300w, https:\/\/electratherm.com\/wp-content\/uploads\/2022\/06\/Power-Module-75-80x72.png 80w, https:\/\/electratherm.com\/wp-content\/uploads\/2022\/06\/Power-Module-75-194x175.png 194w, https:\/\/electratherm.com\/wp-content\/uploads\/2022\/06\/Power-Module-75-600x541.png 600w, https:\/\/electratherm.com\/wp-content\/uploads\/2022\/06\/Power-Module-75-200x180.png 200w, https:\/\/electratherm.com\/wp-content\/uploads\/2022\/06\/Power-Module-75-150x135.png 150w, https:\/\/electratherm.com\/wp-content\/uploads\/2022\/06\/Power-Module-75-700x631.png 700w, https:\/\/electratherm.com\/wp-content\/uploads\/2022\/06\/Power-Module-75.png 1000w, https:\/\/electratherm.com\/wp-content\/uploads\/2022\/06\/Power-Module-75-13x12.png 13w\" sizes=\"(max-width: 450px) 100vw, 450px\" \/><\/a><\/div><\/div><\/div><\/div><\/div><\/div><\/div><\/div><div class=\"w-tabs-section\" id=\"1619038492357-879a82a7-e762\"><button class=\"w-tabs-section-header\" aria-controls=\"content-1619038492357-879a82a7-e762\" aria-expanded=\"false\"><div class=\"w-tabs-section-title\">POWER+ GERADOR<\/div><div class=\"w-tabs-section-control\"><\/div><\/button><div  class=\"w-tabs-section-content us_custom_f1ff9891\" id=\"content-1619038492357-879a82a7-e762\"><div class=\"w-tabs-section-content-h i-cf\"><div class=\"g-cols wpb_row via_flex valign_top type_default stacking_default\"><div class=\"vc_col-sm-6 wpb_column vc_column_container\"><div class=\"vc_column-inner\"><div class=\"wpb_wrapper\"><div class=\"wpb_text_column\"><div class=\"wpb_wrapper\"><p>O Power+ Generator, a nossa solu\u00e7\u00e3o de calor para energia, foi concebido para gerar eletricidade limpa a partir de fontes de calor a baixa temperatura. O Power+ Generator tamb\u00e9m funciona como uma unidade de produ\u00e7\u00e3o combinada de calor e eletricidade (CHP), gerando at\u00e9 85\u00b0C de calor utiliz\u00e1vel para al\u00e9m da eletricidade.<\/p>\n<p>Atualmente dispon\u00edvel no tamanho de 150 kW, o gerador Power+ \u00e9 ideal para aplica\u00e7\u00f5es de pequena e m\u00e9dia escala. Com um tamanho de 250 kW em desenvolvimento, juntamente com o design escal\u00e1vel das unidades, qualquer opera\u00e7\u00e3o de tamanho tem agora a capacidade de transformar o seu calor residual em energia utiliz\u00e1vel. O Power+ Generator \u00e9 fornecido como unidade aut\u00f3noma ou como pacote de sistema. Para projectos com f\u00e1cil acesso a \u00e1gua quente - como a \u00e1gua da camisa do motor, sistemas de caldeiras ou fontes geot\u00e9rmicas - uma unidade aut\u00f3noma pode ser tudo o que precisa. Para aplica\u00e7\u00f5es maiores que utilizam calor a temperaturas mais elevadas, a ElectraTherm oferece op\u00e7\u00f5es de sistemas totalmente embalados.<\/p>\n<p>Para mais informa\u00e7\u00f5es, consultar <a href=\"https:\/\/electratherm.com\/pt\/gerador-de-energia\/\" target=\"_blank\" rel=\"noopener\">clique aqui<\/a>.<\/p>\n<\/div><\/div><\/div><\/div><\/div><div class=\"vc_col-sm-6 wpb_column vc_column_container\"><div class=\"vc_column-inner\"><div class=\"wpb_wrapper\"><div class=\"w-separator size_medium\"><\/div><div class=\"w-image align_center\"><a target=\"_blank\" rel=\"nofollow\" href=\"http:\/\/electratherm-us.com\/power-generator\/\" aria-label=\"6500B_\u00c2ngulo\" class=\"w-image-h\"><img decoding=\"async\" width=\"450\" height=\"253\" src=\"https:\/\/electratherm.com\/wp-content\/uploads\/2019\/05\/6500B_Angle.png\" class=\"attachment-us_450_0 size-us_450_0\" alt=\"\" loading=\"lazy\" srcset=\"https:\/\/electratherm.com\/wp-content\/uploads\/2019\/05\/6500B_Angle.png 1920w, https:\/\/electratherm.com\/wp-content\/uploads\/2019\/05\/6500B_Angle-300x169.png 300w, https:\/\/electratherm.com\/wp-content\/uploads\/2019\/05\/6500B_Angle-1024x576.png 1024w, https:\/\/electratherm.com\/wp-content\/uploads\/2019\/05\/6500B_Angle-80x45.png 80w, https:\/\/electratherm.com\/wp-content\/uploads\/2019\/05\/6500B_Angle-600x338.png 600w, https:\/\/electratherm.com\/wp-content\/uploads\/2019\/05\/6500B_Angle-768x432.png 768w, https:\/\/electratherm.com\/wp-content\/uploads\/2019\/05\/6500B_Angle-200x113.png 200w, https:\/\/electratherm.com\/wp-content\/uploads\/2019\/05\/6500B_Angle-150x84.png 150w, https:\/\/electratherm.com\/wp-content\/uploads\/2019\/05\/6500B_Angle-18x10.png 18w\" sizes=\"(max-width: 450px) 100vw, 450px\" \/><\/a><\/div><\/div><\/div><\/div><\/div><\/div><\/div><\/div><div class=\"w-tabs-section\" id=\"1619038492461-2546d3ae-9a59\"><button class=\"w-tabs-section-header\" aria-controls=\"content-1619038492461-2546d3ae-9a59\" aria-expanded=\"false\"><div class=\"w-tabs-section-title\">ARREFECEDOR ACTIVO<\/div><div class=\"w-tabs-section-control\"><\/div><\/button><div  class=\"w-tabs-section-content\" id=\"content-1619038492461-2546d3ae-9a59\"><div class=\"w-tabs-section-content-h i-cf\"><div class=\"g-cols wpb_row via_flex valign_top type_default stacking_default\"><div class=\"vc_col-sm-6 wpb_column vc_column_container\"><div class=\"vc_column-inner us_custom_f1ff9891\"><div class=\"wpb_wrapper\"><div class=\"wpb_text_column\"><div class=\"wpb_wrapper\"><p>O Active Cooler, a nossa solu\u00e7\u00e3o de arrefecimento net-zero para energia, \u00e9 uma solu\u00e7\u00e3o de arrefecimento de energia zero que gera eletricidade como fun\u00e7\u00e3o secund\u00e1ria - sem consumo de combust\u00edvel ou emiss\u00f5es adicionais.<\/p>\n<p>Personaliz\u00e1vel e escal\u00e1vel para cargas de calor de v\u00e1rios megawatts, o Active Cooler utiliza os mesmos radiadores de calor rejeitados para gerar energia e fornecer refrigera\u00e7\u00e3o ao local. A unidade \u00e9 ideal para projectos que necessitem de novos radiadores, que estejam a sofrer de descarregamento do motor ou que procurem simplesmente aumentar a efici\u00eancia eliminando a carga parasita e gerando eletricidade limpa.<\/p>\n<p>Para mais informa\u00e7\u00f5es, consultar <a href=\"https:\/\/electratherm.com\/pt\/active-cooler\/\" target=\"_blank\" rel=\"noopener\">clique aqui<\/a>.<\/p>\n<\/div><\/div><\/div><\/div><\/div><div class=\"vc_col-sm-6 wpb_column vc_column_container\"><div class=\"vc_column-inner\"><div class=\"wpb_wrapper\"><div class=\"w-separator size_medium\"><\/div><div class=\"w-image align_center\"><a target=\"_blank\" rel=\"nofollow\" href=\"http:\/\/electratherm-us.com\/active-cooler\/\" aria-label=\"AC800 PACOTE 12\" class=\"w-image-h\"><img decoding=\"async\" width=\"450\" height=\"132\" src=\"https:\/\/electratherm.com\/wp-content\/uploads\/2020\/11\/AC800-PACKAGE-12-450x132.png\" class=\"attachment-us_450_0 size-us_450_0\" alt=\"\" loading=\"lazy\" srcset=\"https:\/\/electratherm.com\/wp-content\/uploads\/2020\/11\/AC800-PACKAGE-12-450x132.png 450w, https:\/\/electratherm.com\/wp-content\/uploads\/2020\/11\/AC800-PACKAGE-12-e1616608614247-300x88.png 300w, https:\/\/electratherm.com\/wp-content\/uploads\/2020\/11\/AC800-PACKAGE-12-e1616608614247-1024x300.png 1024w, https:\/\/electratherm.com\/wp-content\/uploads\/2020\/11\/AC800-PACKAGE-12-80x23.png 80w, https:\/\/electratherm.com\/wp-content\/uploads\/2020\/11\/AC800-PACKAGE-12-600x176.png 600w, https:\/\/electratherm.com\/wp-content\/uploads\/2020\/11\/AC800-PACKAGE-12-200x59.png 200w, https:\/\/electratherm.com\/wp-content\/uploads\/2020\/11\/AC800-PACKAGE-12-150x44.png 150w, https:\/\/electratherm.com\/wp-content\/uploads\/2020\/11\/AC800-PACKAGE-12-700x205.png 700w, https:\/\/electratherm.com\/wp-content\/uploads\/2020\/11\/AC800-PACKAGE-12-e1616608614247-18x5.png 18w, https:\/\/electratherm.com\/wp-content\/uploads\/2020\/11\/AC800-PACKAGE-12-e1616608614247.png 1196w\" sizes=\"(max-width: 450px) 100vw, 450px\" \/><\/a><\/div><\/div><\/div><\/div><\/div><\/div><\/div><\/div><\/div><\/div><\/div><\/div><\/div><\/div><\/div><\/section><section class=\"l-section wpb_row us_custom_f1ff9891 height_medium\"><div class=\"l-section-h i-cf\"><div class=\"g-cols vc_row via_flex valign_top type_default stacking_default\"><div class=\"vc_col-sm-12 wpb_column vc_column_container\"><div class=\"vc_column-inner\"><div class=\"wpb_wrapper\"><div class=\"g-cols wpb_row via_flex valign_top type_default stacking_default\"><div class=\"vc_col-sm-2 wpb_column vc_column_container hide_on_mobiles\"><div class=\"vc_column-inner\"><div class=\"wpb_wrapper\"><\/div><\/div><\/div><div class=\"vc_col-sm-8 wpb_column vc_column_container\"><div class=\"vc_column-inner us_custom_f1ff9891\"><div class=\"wpb_wrapper\"><div class=\"wpb_text_column\"><div class=\"wpb_wrapper\"><p><img decoding=\"async\" class=\"alignleft wp-image-10058 size-us_80_0\" src=\"http:\/\/electratherm-us.com\/wp-content\/uploads\/2021\/04\/Asset-18-80x80.png\" alt=\"\" width=\"80\" height=\"80\" srcset=\"https:\/\/electratherm.com\/wp-content\/uploads\/2021\/04\/Asset-18-80x80.png 80w, https:\/\/electratherm.com\/wp-content\/uploads\/2021\/04\/Asset-18-300x300.png 300w, https:\/\/electratherm.com\/wp-content\/uploads\/2021\/04\/Asset-18-150x150.png 150w, https:\/\/electratherm.com\/wp-content\/uploads\/2021\/04\/Asset-18-175x175.png 175w, https:\/\/electratherm.com\/wp-content\/uploads\/2021\/04\/Asset-18-200x200.png 200w, https:\/\/electratherm.com\/wp-content\/uploads\/2021\/04\/Asset-18-450x450.png 450w, https:\/\/electratherm.com\/wp-content\/uploads\/2021\/04\/Asset-18.png 496w, https:\/\/electratherm.com\/wp-content\/uploads\/2021\/04\/Asset-18-12x12.png 12w\" sizes=\"(max-width: 80px) 100vw, 80px\" \/><span style=\"color: #3aaa35;\">Every project is specific, therefore every project requires a specific solution. <\/span><\/p>\n<p><span style=\"color: #3aaa35;\">Our team of engineers and technicians are at your full disposal to identify the best solution that fits your needs.<\/span><span style=\"color: #3aaa35;\"> <\/span><\/p>\n<p><strong><span style=\"color: #3aaa35;\"><a href=\"https:\/\/electratherm.com\/pt\/contact\/\" rel=\"noopener\">Entre em contacto com um analista que pode determinar qual o produto ORC mais adequado para si.<\/a><\/span><\/strong><\/p>\n<\/div><\/div><\/div><\/div><\/div><div class=\"vc_col-sm-2 wpb_column vc_column_container\"><div class=\"vc_column-inner\"><div class=\"wpb_wrapper\"><\/div><\/div><\/div><\/div><\/div><\/div><\/div><\/div><\/div><\/section><section class=\"l-section wpb_row height_medium\"><div class=\"l-section-h i-cf\"><div class=\"g-cols vc_row via_flex valign_top type_default stacking_default\"><div class=\"vc_col-sm-12 wpb_column vc_column_container\"><div class=\"vc_column-inner us_custom_6329cae9\"><div class=\"wpb_wrapper\"><div class=\"g-cols wpb_row us_custom_1fbb61ac via_flex valign_middle type_default stacking_default\"><div class=\"vc_col-sm-4 wpb_column vc_column_container\"><div class=\"vc_column-inner us_custom_dad4fece\"><div class=\"wpb_wrapper\"><div class=\"wpb_text_column us_custom_8a3c403a\"><div class=\"wpb_wrapper\"><h2 style=\"text-align: left;\"><strong><span style=\"color: #ffffff;\">Perguntas?<\/span><\/strong><\/h2>\n<\/div><\/div><\/div><\/div><\/div><div class=\"vc_col-sm-4 wpb_column vc_column_container\"><div class=\"vc_column-inner\"><div class=\"wpb_wrapper\"><div class=\"wpb_text_column us_custom_8d5aa4e2\"><div class=\"wpb_wrapper\"><p style=\"text-align: center;\"><span style=\"color: #ffffff;\">Contacte-nos para conversarmos sobre as necessidades espec\u00edficas do seu projeto.<\/span><\/p>\n<\/div><\/div><div class=\"w-btn-wrapper align_center\"><a class=\"w-btn us-btn-style_4 us_custom_3a4d6590\" href=\"https:\/\/electratherm.com\/pt\/contact\/\"><span class=\"w-btn-label\">Contactar-nos<\/span><\/a><\/div><\/div><\/div><\/div><div class=\"vc_col-sm-4 wpb_column vc_column_container\"><div class=\"vc_column-inner\"><div class=\"wpb_wrapper\"><div class=\"wpb_text_column us_custom_8d5aa4e2\"><div class=\"wpb_wrapper\"><p style=\"text-align: center;\"><span style=\"color: #ffffff;\">Utilize o nosso formul\u00e1rio de avalia\u00e7\u00e3o do projeto para iniciar o processo de estimativa.<\/span><\/p>\n<\/div><\/div><div class=\"w-btn-wrapper align_center\"><a class=\"w-btn us-btn-style_4 us_custom_e0903bfa\" href=\"https:\/\/electratherm.com\/pt\/pef\/\"><span class=\"w-btn-label\">Formul\u00e1rio de avalia\u00e7\u00e3o do projeto<\/span><\/a><\/div><\/div><\/div><\/div><\/div><\/div><\/div><\/div><\/div><\/div><\/section>","protected":false},"excerpt":{"rendered":"PRODUCTS OUR ORGANIC RANKINE CYCLE SOLUTIONS ElectraTherm&#8217;s Organic Rankine Cycle (ORC) systems convert low temperature and waste heat as low as 70\u00b0C into clean electricity. Since hot water is the fuel, benefits include reduced fuel consumption and emissions, increased power output, net-zero cooling, flare elimination, and more. See our Applications Page for common industries served....","protected":false},"author":75,"featured_media":0,"parent":0,"menu_order":5,"comment_status":"closed","ping_status":"closed","template":"","meta":{"footnotes":""},"class_list":["post-241","page","type-page","status-publish","hentry"],"yoast_head":"<!-- This site is optimized with the Yoast SEO plugin v25.6 - https:\/\/yoast.com\/wordpress\/plugins\/seo\/ -->\n<title>Products - ElectraTherm<\/title>\n<meta name=\"description\" content=\"ElectraTherm&#039;s ORC heat to power and cooling to power solutions are ideal for low temperature waste heat...\" \/>\n<meta name=\"robots\" content=\"index, follow, max-snippet:-1, max-image-preview:large, max-video-preview:-1\" \/>\n<link rel=\"canonical\" href=\"https:\/\/electratherm.com\/pt\/produtos\/\" \/>\n<meta property=\"og:locale\" content=\"pt_PT\" \/>\n<meta property=\"og:type\" content=\"article\" \/>\n<meta property=\"og:title\" content=\"Products - ElectraTherm\" \/>\n<meta property=\"og:description\" content=\"ElectraTherm&#039;s ORC heat to power and cooling to power solutions are ideal for low temperature waste heat...\" \/>\n<meta property=\"og:url\" content=\"https:\/\/electratherm.com\/pt\/produtos\/\" \/>\n<meta property=\"og:site_name\" content=\"ElectraTherm\" \/>\n<meta property=\"article:modified_time\" content=\"2025-05-12T15:30:11+00:00\" \/>\n<meta property=\"og:image\" content=\"http:\/\/electratherm-us.com\/wp-content\/uploads\/2021\/04\/Asset-18-80x80.png\" \/>\n<meta name=\"twitter:card\" content=\"summary_large_image\" \/>\n<meta name=\"twitter:label1\" content=\"Tempo estimado de leitura\" \/>\n\t<meta name=\"twitter:data1\" content=\"3 minutos\" \/>\n<script type=\"application\/ld+json\" class=\"yoast-schema-graph\">{\"@context\":\"https:\/\/schema.org\",\"@graph\":[{\"@type\":\"WebPage\",\"@id\":\"https:\/\/electratherm.com\/products\/\",\"url\":\"https:\/\/electratherm.com\/products\/\",\"name\":\"Products - ElectraTherm\",\"isPartOf\":{\"@id\":\"https:\/\/electratherm.com\/#website\"},\"primaryImageOfPage\":{\"@id\":\"https:\/\/electratherm.com\/products\/#primaryimage\"},\"image\":{\"@id\":\"https:\/\/electratherm.com\/products\/#primaryimage\"},\"thumbnailUrl\":\"http:\/\/electratherm-us.com\/wp-content\/uploads\/2021\/04\/Asset-18-80x80.png\",\"datePublished\":\"2015-02-27T00:56:13+00:00\",\"dateModified\":\"2025-05-12T15:30:11+00:00\",\"description\":\"ElectraTherm's ORC heat to power and cooling to power solutions are ideal for low temperature waste heat...\",\"breadcrumb\":{\"@id\":\"https:\/\/electratherm.com\/products\/#breadcrumb\"},\"inLanguage\":\"pt-PT\",\"potentialAction\":[{\"@type\":\"ReadAction\",\"target\":[\"https:\/\/electratherm.com\/products\/\"]}]},{\"@type\":\"ImageObject\",\"inLanguage\":\"pt-PT\",\"@id\":\"https:\/\/electratherm.com\/products\/#primaryimage\",\"url\":\"http:\/\/electratherm-us.com\/wp-content\/uploads\/2021\/04\/Asset-18-80x80.png\",\"contentUrl\":\"http:\/\/electratherm-us.com\/wp-content\/uploads\/2021\/04\/Asset-18-80x80.png\"},{\"@type\":\"BreadcrumbList\",\"@id\":\"https:\/\/electratherm.com\/products\/#breadcrumb\",\"itemListElement\":[{\"@type\":\"ListItem\",\"position\":1,\"name\":\"Home\",\"item\":\"https:\/\/electratherm.com\/\"},{\"@type\":\"ListItem\",\"position\":2,\"name\":\"Products\"}]},{\"@type\":\"WebSite\",\"@id\":\"https:\/\/electratherm.com\/#website\",\"url\":\"https:\/\/electratherm.com\/\",\"name\":\"ElectraTherm\",\"description\":\"\",\"potentialAction\":[{\"@type\":\"SearchAction\",\"target\":{\"@type\":\"EntryPoint\",\"urlTemplate\":\"https:\/\/electratherm.com\/?s={search_term_string}\"},\"query-input\":{\"@type\":\"PropertyValueSpecification\",\"valueRequired\":true,\"valueName\":\"search_term_string\"}}],\"inLanguage\":\"pt-PT\"}]}<\/script>\n<!-- \/ Yoast SEO plugin. -->","yoast_head_json":{"title":"Produtos - ElectraTherm","description":"As solu\u00e7\u00f5es ORC da ElectraTherm para gera\u00e7\u00e3o de energia e resfriamento para gera\u00e7\u00e3o de energia s\u00e3o ideais para o aquecimento...","robots":{"index":"index","follow":"follow","max-snippet":"max-snippet:-1","max-image-preview":"max-image-preview:large","max-video-preview":"max-video-preview:-1"},"canonical":"https:\/\/electratherm.com\/pt\/produtos\/","og_locale":"pt_PT","og_type":"article","og_title":"Products - ElectraTherm","og_description":"ElectraTherm's ORC heat to power and cooling to power solutions are ideal for low temperature waste heat...","og_url":"https:\/\/electratherm.com\/pt\/produtos\/","og_site_name":"ElectraTherm","article_modified_time":"2025-05-12T15:30:11+00:00","og_image":[{"url":"http:\/\/electratherm-us.com\/wp-content\/uploads\/2021\/04\/Asset-18-80x80.png","type":"","width":"","height":""}],"twitter_card":"summary_large_image","twitter_misc":{"Tempo estimado de leitura":"3 minutos"},"schema":{"@context":"https:\/\/schema.org","@graph":[{"@type":"WebPage","@id":"https:\/\/electratherm.com\/products\/","url":"https:\/\/electratherm.com\/products\/","name":"Produtos - ElectraTherm","isPartOf":{"@id":"https:\/\/electratherm.com\/#website"},"primaryImageOfPage":{"@id":"https:\/\/electratherm.com\/products\/#primaryimage"},"image":{"@id":"https:\/\/electratherm.com\/products\/#primaryimage"},"thumbnailUrl":"http:\/\/electratherm-us.com\/wp-content\/uploads\/2021\/04\/Asset-18-80x80.png","datePublished":"2015-02-27T00:56:13+00:00","dateModified":"2025-05-12T15:30:11+00:00","description":"As solu\u00e7\u00f5es ORC da ElectraTherm para gera\u00e7\u00e3o de energia e resfriamento para gera\u00e7\u00e3o de energia s\u00e3o ideais para o aquecimento...","breadcrumb":{"@id":"https:\/\/electratherm.com\/products\/#breadcrumb"},"inLanguage":"pt-PT","potentialAction":[{"@type":"ReadAction","target":["https:\/\/electratherm.com\/products\/"]}]},{"@type":"ImageObject","inLanguage":"pt-PT","@id":"https:\/\/electratherm.com\/products\/#primaryimage","url":"http:\/\/electratherm-us.com\/wp-content\/uploads\/2021\/04\/Asset-18-80x80.png","contentUrl":"http:\/\/electratherm-us.com\/wp-content\/uploads\/2021\/04\/Asset-18-80x80.png"},{"@type":"BreadcrumbList","@id":"https:\/\/electratherm.com\/products\/#breadcrumb","itemListElement":[{"@type":"ListItem","position":1,"name":"Home","item":"https:\/\/electratherm.com\/"},{"@type":"ListItem","position":2,"name":"Products"}]},{"@type":"WebSite","@id":"https:\/\/electratherm.com\/#website","url":"https:\/\/electratherm.com\/","name":"ElectraTherm","description":"","potentialAction":[{"@type":"SearchAction","target":{"@type":"EntryPoint","urlTemplate":"https:\/\/electratherm.com\/?s={search_term_string}"},"query-input":{"@type":"PropertyValueSpecification","valueRequired":true,"valueName":"search_term_string"}}],"inLanguage":"pt-PT"}]}},"_links":{"self":[{"href":"https:\/\/electratherm.com\/pt\/wp-json\/wp\/v2\/pages\/241"}],"collection":[{"href":"https:\/\/electratherm.com\/pt\/wp-json\/wp\/v2\/pages"}],"about":[{"href":"https:\/\/electratherm.com\/pt\/wp-json\/wp\/v2\/types\/page"}],"author":[{"embeddable":true,"href":"https:\/\/electratherm.com\/pt\/wp-json\/wp\/v2\/users\/75"}],"replies":[{"embeddable":true,"href":"https:\/\/electratherm.com\/pt\/wp-json\/wp\/v2\/comments?post=241"}],"version-history":[{"count":59,"href":"https:\/\/electratherm.com\/pt\/wp-json\/wp\/v2\/pages\/241\/revisions"}],"predecessor-version":[{"id":13302,"href":"https:\/\/electratherm.com\/pt\/wp-json\/wp\/v2\/pages\/241\/revisions\/13302"}],"wp:attachment":[{"href":"https:\/\/electratherm.com\/pt\/wp-json\/wp\/v2\/media?parent=241"}],"curies":[{"name":"wp","href":"https:\/\/api.w.org\/{rel}","templated":true}]}}