{"id":1678,"date":"2015-03-27T16:43:43","date_gmt":"2015-03-27T23:43:43","guid":{"rendered":"http:\/\/www.newurl.com\/?page_id=1678"},"modified":"2020-06-09T19:07:03","modified_gmt":"2020-06-10T02:07:03","slug":"obrigado","status":"publish","type":"page","link":"https:\/\/electratherm.com\/pt\/obrigado\/","title":{"rendered":"Obrigado!"},"content":{"rendered":"<h4>Obrigado pelo seu interesse na ElectraTherm.<\/h4>\n<h4>Uma pessoa entrar\u00e1 em contacto consigo no prazo de tr\u00eas dias \u00fateis.<\/h4>\n<h4>Para obter assist\u00eancia imediata, contacte-nos atrav\u00e9s de <a href=\"tel:+1-678-267-7700\">+1 678-267-7700<\/a>.<\/h4>\n<div>\n<div><img decoding=\"async\" style=\"border-style: none;\" src=\"\/\/www.googleadservices.com\/pagead\/conversion\/956791352\/?label=IRl0CITaxlkQuPSdyAM&amp;guid=ON&amp;script=0\" alt=\"\" width=\"1\" height=\"1\"><\/div>\n<\/div>","protected":false},"excerpt":{"rendered":"<p>Obrigado pelo seu interesse na ElectraTherm. Algu\u00e9m entrar\u00e1 em contacto consigo no prazo de tr\u00eas dias \u00fateis. Para obter assist\u00eancia imediata, ligue para +1 678-267-7700.<\/p>","protected":false},"author":75,"featured_media":0,"parent":0,"menu_order":9999,"comment_status":"closed","ping_status":"closed","template":"","meta":{"footnotes":""},"class_list":["post-1678","page","type-page","status-publish","hentry"],"yoast_head":"<!-- This site is optimized with the Yoast SEO plugin v25.6 - https:\/\/yoast.com\/wordpress\/plugins\/seo\/ -->\n<title>Thank you! - ElectraTherm<\/title>\n<meta name=\"robots\" content=\"index, follow, max-snippet:-1, max-image-preview:large, max-video-preview:-1\" \/>\n<link rel=\"canonical\" href=\"https:\/\/electratherm.com\/pt\/obrigado\/\" \/>\n<meta property=\"og:locale\" content=\"pt_PT\" \/>\n<meta property=\"og:type\" content=\"article\" \/>\n<meta property=\"og:title\" content=\"Thank you! - ElectraTherm\" \/>\n<meta property=\"og:description\" content=\"Thank you for your interest in ElectraTherm. Someone will be in contact with you within three business days. For immediate assistance, call us at +1 678-267-7700.\" \/>\n<meta property=\"og:url\" content=\"https:\/\/electratherm.com\/pt\/obrigado\/\" \/>\n<meta property=\"og:site_name\" content=\"ElectraTherm\" \/>\n<meta property=\"article:modified_time\" content=\"2020-06-10T02:07:03+00:00\" \/>\n<meta name=\"twitter:card\" content=\"summary_large_image\" \/>\n<script type=\"application\/ld+json\" class=\"yoast-schema-graph\">{\"@context\":\"https:\/\/schema.org\",\"@graph\":[{\"@type\":\"WebPage\",\"@id\":\"https:\/\/electratherm.com\/thank-you\/\",\"url\":\"https:\/\/electratherm.com\/thank-you\/\",\"name\":\"Thank you! - ElectraTherm\",\"isPartOf\":{\"@id\":\"https:\/\/electratherm.com\/#website\"},\"datePublished\":\"2015-03-27T23:43:43+00:00\",\"dateModified\":\"2020-06-10T02:07:03+00:00\",\"breadcrumb\":{\"@id\":\"https:\/\/electratherm.com\/thank-you\/#breadcrumb\"},\"inLanguage\":\"pt-PT\",\"potentialAction\":[{\"@type\":\"ReadAction\",\"target\":[\"https:\/\/electratherm.com\/thank-you\/\"]}]},{\"@type\":\"BreadcrumbList\",\"@id\":\"https:\/\/electratherm.com\/thank-you\/#breadcrumb\",\"itemListElement\":[{\"@type\":\"ListItem\",\"position\":1,\"name\":\"Home\",\"item\":\"https:\/\/electratherm.com\/\"},{\"@type\":\"ListItem\",\"position\":2,\"name\":\"Thank you!\"}]},{\"@type\":\"WebSite\",\"@id\":\"https:\/\/electratherm.com\/#website\",\"url\":\"https:\/\/electratherm.com\/\",\"name\":\"ElectraTherm\",\"description\":\"\",\"potentialAction\":[{\"@type\":\"SearchAction\",\"target\":{\"@type\":\"EntryPoint\",\"urlTemplate\":\"https:\/\/electratherm.com\/?s={search_term_string}\"},\"query-input\":{\"@type\":\"PropertyValueSpecification\",\"valueRequired\":true,\"valueName\":\"search_term_string\"}}],\"inLanguage\":\"pt-PT\"}]}<\/script>\n<!-- \/ Yoast SEO plugin. -->","yoast_head_json":{"title":"Obrigado! - ElectraTherm","robots":{"index":"index","follow":"follow","max-snippet":"max-snippet:-1","max-image-preview":"max-image-preview:large","max-video-preview":"max-video-preview:-1"},"canonical":"https:\/\/electratherm.com\/pt\/obrigado\/","og_locale":"pt_PT","og_type":"article","og_title":"Thank you! - ElectraTherm","og_description":"Thank you for your interest in ElectraTherm. Someone will be in contact with you within three business days. For immediate assistance, call us at +1 678-267-7700.","og_url":"https:\/\/electratherm.com\/pt\/obrigado\/","og_site_name":"ElectraTherm","article_modified_time":"2020-06-10T02:07:03+00:00","twitter_card":"summary_large_image","schema":{"@context":"https:\/\/schema.org","@graph":[{"@type":"WebPage","@id":"https:\/\/electratherm.com\/thank-you\/","url":"https:\/\/electratherm.com\/thank-you\/","name":"Obrigado! - ElectraTherm","isPartOf":{"@id":"https:\/\/electratherm.com\/#website"},"datePublished":"2015-03-27T23:43:43+00:00","dateModified":"2020-06-10T02:07:03+00:00","breadcrumb":{"@id":"https:\/\/electratherm.com\/thank-you\/#breadcrumb"},"inLanguage":"pt-PT","potentialAction":[{"@type":"ReadAction","target":["https:\/\/electratherm.com\/thank-you\/"]}]},{"@type":"BreadcrumbList","@id":"https:\/\/electratherm.com\/thank-you\/#breadcrumb","itemListElement":[{"@type":"ListItem","position":1,"name":"Home","item":"https:\/\/electratherm.com\/"},{"@type":"ListItem","position":2,"name":"Thank you!"}]},{"@type":"WebSite","@id":"https:\/\/electratherm.com\/#website","url":"https:\/\/electratherm.com\/","name":"ElectraTherm","description":"","potentialAction":[{"@type":"SearchAction","target":{"@type":"EntryPoint","urlTemplate":"https:\/\/electratherm.com\/?s={search_term_string}"},"query-input":{"@type":"PropertyValueSpecification","valueRequired":true,"valueName":"search_term_string"}}],"inLanguage":"pt-PT"}]}},"_links":{"self":[{"href":"https:\/\/electratherm.com\/pt\/wp-json\/wp\/v2\/pages\/1678"}],"collection":[{"href":"https:\/\/electratherm.com\/pt\/wp-json\/wp\/v2\/pages"}],"about":[{"href":"https:\/\/electratherm.com\/pt\/wp-json\/wp\/v2\/types\/page"}],"author":[{"embeddable":true,"href":"https:\/\/electratherm.com\/pt\/wp-json\/wp\/v2\/users\/75"}],"replies":[{"embeddable":true,"href":"https:\/\/electratherm.com\/pt\/wp-json\/wp\/v2\/comments?post=1678"}],"version-history":[{"count":0,"href":"https:\/\/electratherm.com\/pt\/wp-json\/wp\/v2\/pages\/1678\/revisions"}],"wp:attachment":[{"href":"https:\/\/electratherm.com\/pt\/wp-json\/wp\/v2\/media?parent=1678"}],"curies":[{"name":"wp","href":"https:\/\/api.w.org\/{rel}","templated":true}]}}