{"id":9175,"date":"2021-01-11T07:04:06","date_gmt":"2021-01-11T15:04:06","guid":{"rendered":"http:\/\/electratherm-us.com\/?page_id=9175"},"modified":"2025-05-13T11:05:35","modified_gmt":"2025-05-13T15:05:35","slug":"optymalizacja-metanu","status":"publish","type":"page","link":"https:\/\/electratherm.com\/pl\/optymalizacja-metanu\/","title":{"rendered":"Optymalizacja metanu"},"content":{"rendered":"<section class=\"l-section wpb_row height_large width_full with_img parallax_hor bgwidth_110\"><div class=\"l-section-img\" role=\"img\" data-img-width=\"1100\" data-img-height=\"700\" style=\"background-image: url(https:\/\/electratherm.com\/wp-content\/uploads\/2021\/07\/Methane-Optimization-min.png);background-repeat: no-repeat;\"><\/div><div class=\"l-section-overlay\" style=\"background:var(--color-content-overlay)\"><\/div><div class=\"l-section-h i-cf\"><div class=\"g-cols vc_row via_flex valign_top type_default stacking_default\"><div class=\"vc_col-sm-12 wpb_column vc_column_container\"><div class=\"vc_column-inner\"><div class=\"wpb_wrapper\"><div class=\"w-separator size_custom\" style=\"height:70\"><\/div><h1 class=\"w-post-elm post_title us_custom_8b3d6790 has_text_color align_center entry-title color_link_inherit\">Optymalizacja metanu<\/h1><div class=\"w-separator size_custom\" style=\"height:70\"><\/div><\/div><\/div><\/div><\/div><\/div><\/section><section class=\"l-section wpb_row us_custom_f1ff9891 height_medium\"><div class=\"l-section-h i-cf\"><div class=\"g-cols vc_row via_flex valign_top type_default stacking_default\"><div class=\"vc_col-sm-12 wpb_column vc_column_container\"><div class=\"vc_column-inner us_custom_f1ff9891\"><div class=\"wpb_wrapper\"><div class=\"g-cols wpb_row via_flex valign_top type_default stacking_default\"><div class=\"vc_col-sm-12 wpb_column vc_column_container\"><div class=\"vc_column-inner\"><div class=\"wpb_wrapper\"><div class=\"wpb_text_column\"><div class=\"wpb_wrapper\"><h2><span style=\"color: #3aaa35;\">DWA SPOSOBY GENEROWANIA CZYSTEJ ENERGII<\/span><\/h2>\n<\/div><\/div><div class=\"wpb_text_column\"><div class=\"wpb_wrapper\"><p>The following two methods can be cost-effective for operations such as wastewater treatment, biogas facilities and municipalities seeking to utilize landfill gases like methane for energy production.<\/p>\n<\/div><\/div><div class=\"w-separator size_medium\"><\/div><\/div><\/div><\/div><\/div><div class=\"w-tabs layout_hor style_trendy switch_click has_scrolling\" style=\"--sections-title-size:1em\"><div class=\"w-tabs-list items_2 align_justify\"><div class=\"w-tabs-list-h\"><button class=\"w-tabs-item active defined-active\" aria-controls=\"content-1619205122900-ce3faf8d-7009\" aria-expanded=\"true\"><span class=\"w-tabs-item-title\">CIEP\u0141O PROCESOWE KOT\u0141A<\/span><\/button><button class=\"w-tabs-item\" aria-controls=\"content-1619205122973-ff9c4964-abaf\" aria-expanded=\"false\"><span class=\"w-tabs-item-title\">CIEP\u0141O ODPADOWE SILNIKA<\/span><\/button><\/div><\/div><div class=\"w-tabs-sections titles-align_none icon_chevron cpos_right\"><div class=\"w-tabs-section active\" id=\"1619205122900-ce3faf8d-7009\"><button class=\"w-tabs-section-header active\" aria-controls=\"content-1619205122900-ce3faf8d-7009\" aria-expanded=\"true\"><div class=\"w-tabs-section-title\">CIEP\u0141O PROCESOWE KOT\u0141A<\/div><div class=\"w-tabs-section-control\"><\/div><\/button><div  class=\"w-tabs-section-content\" id=\"content-1619205122900-ce3faf8d-7009\"><div class=\"w-tabs-section-content-h i-cf\"><div class=\"g-cols wpb_row via_flex valign_top type_default stacking_default\"><div class=\"vc_col-sm-2 wpb_column vc_column_container\"><div class=\"vc_column-inner\"><div class=\"wpb_wrapper\"><\/div><\/div><\/div><div class=\"vc_col-sm-8 wpb_column vc_column_container\"><div class=\"vc_column-inner us_custom_f1ff9891\"><div class=\"wpb_wrapper\"><div class=\"wpb_text_column\"><div class=\"wpb_wrapper\"><h3>Wykorzystanie nadmiaru gazu do zasilania bojlera<\/h3>\n<p>Chocia\u017c nie wszystkie elektrownie mog\u0105 spala\u0107 gaz w pochodniach, wiele z nich robi to cz\u0119sto - co staje si\u0119 coraz wi\u0119kszym problemem w odniesieniu do emisji metanu. Niekt\u00f3rzy operatorzy zdecydowali si\u0119 spala\u0107 nadmiar gazu w kot\u0142ach, aby utrzyma\u0107 ci\u015bnienie i zapewni\u0107 energi\u0119 ciepln\u0105. Chocia\u017c jest to odpowiednie rozwi\u0105zanie, ci, kt\u00f3rzy nie mog\u0105 wykorzysta\u0107 ciep\u0142a, po prostu marnuj\u0105 energi\u0119. Integruj\u0105c ElectraTherm ORC z kot\u0142em na biogaz, operatorzy instalacji mog\u0105 wytwarza\u0107 czyst\u0105 energi\u0119 elektryczn\u0105 i wyeliminowa\u0107 pochodnie. Proces jest prosty.<\/p>\n<p><strong><span style=\"color: #3aaa35;\">\/\/<\/span><\/strong>\u00a0 Nadmiar gazu jest kierowany do bojlera, kt\u00f3ry podgrzewa wod\u0119 dla ORC.<\/p>\n<p><strong><span style=\"color: #3aaa35;\">\/\/\u00a0<\/span> <\/strong>Woda jest nast\u0119pnie kierowana przez ORC, kt\u00f3ry jest systemem zamkni\u0119tym i generuje energi\u0119 elektryczn\u0105.<\/p>\n<p><strong><span style=\"color: #3aaa35;\">\/\/\u00a0<\/span> <\/strong>Wykorzystanie nadmiaru gazu do zasilania kot\u0142a pozwala wyeliminowa\u0107 pochodnie.<\/p>\n<p><strong><span style=\"color: #3aaa35;\">\/\/\u00a0<\/span><\/strong> Skierowanie wi\u0119kszej ilo\u015bci gazu do kot\u0142a pozwala zwi\u0119kszy\u0107 produkcj\u0119 wody i zmaksymalizowa\u0107 wydajno\u015b\u0107 ORC.<\/p>\n<\/div><\/div><\/div><\/div><\/div><div class=\"vc_col-sm-2 wpb_column vc_column_container\"><div class=\"vc_column-inner\"><div class=\"wpb_wrapper\"><\/div><\/div><\/div><\/div><\/div><\/div><\/div><div class=\"w-tabs-section\" id=\"1619205122973-ff9c4964-abaf\"><button class=\"w-tabs-section-header\" aria-controls=\"content-1619205122973-ff9c4964-abaf\" aria-expanded=\"false\"><div class=\"w-tabs-section-title\">CIEP\u0141O ODPADOWE SILNIKA<\/div><div class=\"w-tabs-section-control\"><\/div><\/button><div  class=\"w-tabs-section-content\" id=\"content-1619205122973-ff9c4964-abaf\"><div class=\"w-tabs-section-content-h i-cf\"><div class=\"g-cols wpb_row via_flex valign_top type_default stacking_default\"><div class=\"vc_col-sm-2 wpb_column vc_column_container\"><div class=\"vc_column-inner\"><div class=\"wpb_wrapper\"><\/div><\/div><\/div><div class=\"vc_col-sm-8 wpb_column vc_column_container\"><div class=\"vc_column-inner us_custom_f1ff9891\"><div class=\"wpb_wrapper\"><div class=\"wpb_text_column\"><div class=\"wpb_wrapper\"><h3>Przekszta\u0142canie ciep\u0142a odpadowego silnika w czyst\u0105 energi\u0119 elektryczn\u0105<\/h3>\n<p>Najprostszym podej\u015bciem do generowania energii elektrycznej za pomoc\u0105 ORC jest wykorzystanie ciep\u0142a odpadowego silnika, pochodz\u0105cego z obiegu ch\u0142odzenia (wody ch\u0142odz\u0105cej) lub spalin. Dodanie uk\u0142adu ORC do silnika pozwala generowa\u0107 czyst\u0105 energi\u0119 elektryczn\u0105 przy jednoczesnym zmniejszeniu obci\u0105\u017cenia uk\u0142adu ch\u0142odzenia o 70-100%. Prowadzi to do wzrostu wydajno\u015bci nawet o 10%, znacznie zmniejszaj\u0105c zu\u017cycie paliwa i emisj\u0119 spalin.<\/p>\n<\/div><\/div><\/div><\/div><\/div><div class=\"vc_col-sm-2 wpb_column vc_column_container\"><div class=\"vc_column-inner\"><div class=\"wpb_wrapper\"><\/div><\/div><\/div><\/div><\/div><\/div><\/div><\/div><\/div><\/div><\/div><\/div><\/div><\/div><\/section><section class=\"l-section wpb_row us_custom_f1ff9891 height_medium\"><div class=\"l-section-overlay\" style=\"background:var(--color-content-primary)\"><\/div><div class=\"l-section-h i-cf\"><div class=\"g-cols vc_row via_flex valign_top type_default stacking_default\"><div class=\"vc_col-sm-12 wpb_column vc_column_container has_text_color\"><div class=\"vc_column-inner us_custom_0eed956a\"><div class=\"wpb_wrapper\"><div class=\"g-cols wpb_row via_flex valign_top type_default stacking_default\"><div class=\"vc_col-sm-2 wpb_column vc_column_container\"><div class=\"vc_column-inner\"><div class=\"wpb_wrapper\"><\/div><\/div><\/div><div class=\"vc_col-sm-8 wpb_column vc_column_container\"><div class=\"vc_column-inner\"><div class=\"wpb_wrapper\"><div class=\"wpb_text_column\"><div class=\"wpb_wrapper\"><h2>Ekonomia projektu<\/h2>\n<p>Tradycyjne metody wytwarzania energii z biogazu wymagaj\u0105 infrastruktury, kt\u00f3ra jest zar\u00f3wno kosztowna, jak i rozleg\u0142a, pozostawiaj\u0105c du\u017cy \u015blad. Najcz\u0119stszym rozwi\u0105zaniem stosowanym przez operator\u00f3w elektrowni jest instalacja oczyszczania i magazynowania biogazu wraz z agregatem pr\u0105dotw\u00f3rczym. Koszt tego sprz\u0119tu mo\u017ce z \u0142atwo\u015bci\u0105 przekroczy\u0107 $1 mln USD. Ponadto silniki zasilane biogazem rutynowo borykaj\u0105 si\u0119 z problemami zwi\u0105zanymi z gromadzeniem si\u0119 siloksan\u00f3w. Wymaga to kosztownej konserwacji prowadz\u0105cej do przestoj\u00f3w lub nawet ca\u0142kowitej wymiany silnika.<\/p>\n<p>Innym podej\u015bciem jest po prostu zintegrowanie ORC z istniej\u0105cym bojlerem. Rozwi\u0105zanie to jest nie tylko o jedn\u0105 czwart\u0105 ta\u0144sze, ale tak\u017ce wymaga bardzo niewielkiej infrastruktury. W odniesieniu do siloksanu, kot\u0142y s\u0105 znacznie mniej podatne na rozleg\u0142e uszkodzenia, a wiele z nich jest zaprojektowanych tak, aby mo\u017cna je by\u0142o \u0142atwo i szybko wyczy\u015bci\u0107 - minimalizuj\u0105c przestoje.  Zastosowanie autonomicznej technologii wytwarzania energii ORC firmy ElectraTherm ze zdalnym monitorowaniem pozwala operatorom generowa\u0107 energi\u0119 elektryczn\u0105 bez negatywnego wp\u0142ywu na istniej\u0105ce procesy.<\/p>\n<\/div><\/div><\/div><\/div><\/div><div class=\"vc_col-sm-2 wpb_column vc_column_container\"><div class=\"vc_column-inner\"><div class=\"wpb_wrapper\"><\/div><\/div><\/div><\/div><\/div><\/div><\/div><\/div><\/div><\/section><section class=\"l-section wpb_row us_custom_f1ff9891 height_medium\"><div class=\"l-section-h i-cf\"><div class=\"g-cols vc_row via_flex valign_top type_default stacking_default\"><div class=\"vc_col-sm-12 wpb_column vc_column_container\"><div class=\"vc_column-inner us_custom_e7f5d98a\"><div class=\"wpb_wrapper\"><div class=\"g-cols wpb_row via_flex valign_top type_default stacking_default\"><div class=\"vc_col-sm-6 wpb_column vc_column_container\"><div class=\"vc_column-inner\"><div class=\"wpb_wrapper\"><div class=\"ult-new-ib ult-ib-effect-style1  ult-ib-resp\" data-min-width=\"768\" data-max-width=\"900\" style=\"background:#0c0c0c;\" data-opacity=\"0.3\" data-hover-opacity=\"0.3\" ><img decoding=\"async\" class=\"ult-new-ib-img\" style=\"opacity:0.3;\" alt=\"null\" src=\"https:\/\/electratherm.com\/wp-content\/uploads\/2021\/07\/Hess_1100x600-min.png\"   \/><div id=\"interactive-banner-wrap-8232\" class=\"ult-new-ib-desc\" style=\"\"><h3 class=\"ult-new-ib-title ult-responsive\"  data-ultimate-target='#interactive-banner-wrap-8232 .ult-new-ib-title'  data-responsive-json-new='{\"font-size\":\"\",\"line-height\":\"\"}'  style=\"font-weight:normal;\">Udana demonstracja w regionie Bakken<\/h3><div class=\"ult-new-ib-content ult-responsive\"  data-ultimate-target='#interactive-banner-wrap-8232 .ult-new-ib-content'  data-responsive-json-new='{\"font-size\":\"\",\"line-height\":\"\"}'  style=\"font-weight:bold;\"><p>Firma ElectraTherm, sponsorowana przez Departament Energii i we wsp\u00f3\u0142pracy z Gulf Coast Green Energy, uruchomi\u0142a Power+ Generator 4400B na odwiercie naftowym w P\u00f3\u0142nocnej Dakocie, aby zademonstrowa\u0107 zdolno\u015b\u0107 urz\u0105dzenia do redukcji spalania. Pochodnie nie zosta\u0142y ca\u0142kowicie wyeliminowane, ale znacznie zmniejszone. Wi\u0119kszy rozmiar ORC - 6500B - jest optymalny do ca\u0142kowitego wyeliminowania pochodni.<\/p><\/div><\/div><a class=\"ult-new-ib-link\" href=\"http:\/\/electratherm-us.com\/first-flare-elimination-demonstration\/\" target=\"_blank\" rel=\"noopener\"  ><\/a><\/div><\/div><\/div><\/div><div class=\"vc_col-sm-6 wpb_column vc_column_container\"><div class=\"vc_column-inner\"><div class=\"wpb_wrapper\"><div class=\"w-separator us_custom_5fb5abd6 has_text_color size_small with_line width_default thick_1 style_solid color_primary align_center with_text with_content\"><div class=\"w-separator-h\"><h3 class=\"w-separator-text\"><span>Znacz\u0105ce redukcje emisji<\/span><\/h3><\/div><\/div><div class=\"wpb_text_column\"><div class=\"wpb_wrapper\"><p><strong>Tlenek w\u0119gla zmniejszy\u0142 si\u0119 o <span style=\"color: #3aaa35;\">98%<\/span><\/strong><\/p>\n<p><strong>Tlenek azotu zmniejszy\u0142 si\u0119 o <span style=\"color: #3aaa35;\">48%<\/span><\/strong><\/p>\n<p><strong>LZO zmniejszy\u0142y si\u0119 o<span style=\"color: #3aaa35;\"> 93%<\/span><\/strong><\/p>\n<p>Watch a video on how <a href=\"https:\/\/www.youtube.com\/watch?v=4IJEZ1e-PRA&amp;feature=youtu.be\" target=\"_blank\" rel=\"noopener\">methane optimization works<\/a>.<\/p>\n<\/div><\/div><\/div><\/div><\/div><\/div><\/div><\/div><\/div><\/div><\/div><\/section><section class=\"l-section wpb_row height_medium\"><div class=\"l-section-h i-cf\"><div class=\"g-cols vc_row via_flex valign_top type_default stacking_default\"><div class=\"vc_col-sm-12 wpb_column vc_column_container\"><div class=\"vc_column-inner us_custom_6329cae9\"><div class=\"wpb_wrapper\"><div class=\"g-cols wpb_row us_custom_1fbb61ac via_flex valign_middle type_default stacking_default\"><div class=\"vc_col-sm-4 wpb_column vc_column_container\"><div class=\"vc_column-inner us_custom_dad4fece\"><div class=\"wpb_wrapper\"><div class=\"wpb_text_column us_custom_8a3c403a\"><div class=\"wpb_wrapper\"><h2 style=\"text-align: left;\"><strong><span style=\"color: #ffffff;\">Pytania?<\/span><\/strong><\/h2>\n<\/div><\/div><\/div><\/div><\/div><div class=\"vc_col-sm-4 wpb_column vc_column_container\"><div class=\"vc_column-inner\"><div class=\"wpb_wrapper\"><div class=\"wpb_text_column us_custom_8d5aa4e2\"><div class=\"wpb_wrapper\"><p style=\"text-align: center;\"><span style=\"color: #ffffff;\">Contact us for a conversation about your unique project needs.<\/span><\/p>\n<\/div><\/div><div class=\"w-btn-wrapper align_center\"><a class=\"w-btn us-btn-style_4 us_custom_3a4d6590\" href=\"https:\/\/electratherm.com\/pl\/contact\/\"><span class=\"w-btn-label\">Kontakt<\/span><\/a><\/div><\/div><\/div><\/div><div class=\"vc_col-sm-4 wpb_column vc_column_container\"><div class=\"vc_column-inner\"><div class=\"wpb_wrapper\"><div class=\"wpb_text_column us_custom_8d5aa4e2\"><div class=\"wpb_wrapper\"><p style=\"text-align: center;\"><span style=\"color: #ffffff;\">Use our project evaluation form to jump start the estimating process.<\/span><\/p>\n<\/div><\/div><div class=\"w-btn-wrapper align_center\"><a class=\"w-btn us-btn-style_4 us_custom_e0903bfa\" href=\"https:\/\/electratherm.com\/pl\/pef\/\"><span class=\"w-btn-label\">Formularz oceny projektu<\/span><\/a><\/div><\/div><\/div><\/div><\/div><\/div><\/div><\/div><\/div><\/div><\/section>","protected":false},"excerpt":{"rendered":"Methane OptimizationTWO WAYS TO GENERATE CLEAN ENERGY The following two methods can be cost-effective for operations such as wastewater treatment, biogas facilities and municipalities seeking to utilize landfill gases like methane for energy production. BOILER PROCESS HEATENGINE WASTE HEATBOILER PROCESS HEATUse Excess Gas to Fuel a Boiler While all plants may not flare gas, a...","protected":false},"author":75,"featured_media":0,"parent":0,"menu_order":0,"comment_status":"closed","ping_status":"closed","template":"","meta":{"footnotes":""},"class_list":["post-9175","page","type-page","status-publish","hentry"],"yoast_head":"<!-- This site is optimized with the Yoast SEO plugin v25.6 - https:\/\/yoast.com\/wordpress\/plugins\/seo\/ -->\n<title>Methane Optimization - ElectraTherm<\/title>\n<meta name=\"robots\" content=\"index, follow, max-snippet:-1, max-image-preview:large, max-video-preview:-1\" \/>\n<link rel=\"canonical\" href=\"https:\/\/electratherm.com\/pl\/optymalizacja-metanu\/\" \/>\n<meta property=\"og:locale\" content=\"pl_PL\" \/>\n<meta property=\"og:type\" content=\"article\" \/>\n<meta property=\"og:title\" content=\"Methane Optimization - ElectraTherm\" \/>\n<meta property=\"og:url\" content=\"https:\/\/electratherm.com\/pl\/optymalizacja-metanu\/\" \/>\n<meta property=\"og:site_name\" content=\"ElectraTherm\" \/>\n<meta property=\"article:modified_time\" content=\"2025-05-13T15:05:35+00:00\" \/>\n<meta name=\"twitter:card\" content=\"summary_large_image\" \/>\n<meta name=\"twitter:label1\" content=\"Szacowany czas czytania\" \/>\n\t<meta name=\"twitter:data1\" content=\"3 minuty\" \/>\n<script type=\"application\/ld+json\" class=\"yoast-schema-graph\">{\"@context\":\"https:\/\/schema.org\",\"@graph\":[{\"@type\":\"WebPage\",\"@id\":\"https:\/\/electratherm.com\/methane-optimization\/\",\"url\":\"https:\/\/electratherm.com\/methane-optimization\/\",\"name\":\"Methane Optimization - ElectraTherm\",\"isPartOf\":{\"@id\":\"https:\/\/electratherm.com\/#website\"},\"datePublished\":\"2021-01-11T15:04:06+00:00\",\"dateModified\":\"2025-05-13T15:05:35+00:00\",\"breadcrumb\":{\"@id\":\"https:\/\/electratherm.com\/methane-optimization\/#breadcrumb\"},\"inLanguage\":\"pl-PL\",\"potentialAction\":[{\"@type\":\"ReadAction\",\"target\":[\"https:\/\/electratherm.com\/methane-optimization\/\"]}]},{\"@type\":\"BreadcrumbList\",\"@id\":\"https:\/\/electratherm.com\/methane-optimization\/#breadcrumb\",\"itemListElement\":[{\"@type\":\"ListItem\",\"position\":1,\"name\":\"Home\",\"item\":\"https:\/\/electratherm.com\/\"},{\"@type\":\"ListItem\",\"position\":2,\"name\":\"Methane Optimization\"}]},{\"@type\":\"WebSite\",\"@id\":\"https:\/\/electratherm.com\/#website\",\"url\":\"https:\/\/electratherm.com\/\",\"name\":\"ElectraTherm\",\"description\":\"\",\"potentialAction\":[{\"@type\":\"SearchAction\",\"target\":{\"@type\":\"EntryPoint\",\"urlTemplate\":\"https:\/\/electratherm.com\/?s={search_term_string}\"},\"query-input\":{\"@type\":\"PropertyValueSpecification\",\"valueRequired\":true,\"valueName\":\"search_term_string\"}}],\"inLanguage\":\"pl-PL\"}]}<\/script>\n<!-- \/ Yoast SEO plugin. -->","yoast_head_json":{"title":"Optymalizacja zu\u017cycia metanu - ElectraTherm","robots":{"index":"index","follow":"follow","max-snippet":"max-snippet:-1","max-image-preview":"max-image-preview:large","max-video-preview":"max-video-preview:-1"},"canonical":"https:\/\/electratherm.com\/pl\/optymalizacja-metanu\/","og_locale":"pl_PL","og_type":"article","og_title":"Methane Optimization - ElectraTherm","og_url":"https:\/\/electratherm.com\/pl\/optymalizacja-metanu\/","og_site_name":"ElectraTherm","article_modified_time":"2025-05-13T15:05:35+00:00","twitter_card":"summary_large_image","twitter_misc":{"Szacowany czas czytania":"3 minuty"},"schema":{"@context":"https:\/\/schema.org","@graph":[{"@type":"WebPage","@id":"https:\/\/electratherm.com\/methane-optimization\/","url":"https:\/\/electratherm.com\/methane-optimization\/","name":"Optymalizacja zu\u017cycia metanu - ElectraTherm","isPartOf":{"@id":"https:\/\/electratherm.com\/#website"},"datePublished":"2021-01-11T15:04:06+00:00","dateModified":"2025-05-13T15:05:35+00:00","breadcrumb":{"@id":"https:\/\/electratherm.com\/methane-optimization\/#breadcrumb"},"inLanguage":"pl-PL","potentialAction":[{"@type":"ReadAction","target":["https:\/\/electratherm.com\/methane-optimization\/"]}]},{"@type":"BreadcrumbList","@id":"https:\/\/electratherm.com\/methane-optimization\/#breadcrumb","itemListElement":[{"@type":"ListItem","position":1,"name":"Home","item":"https:\/\/electratherm.com\/"},{"@type":"ListItem","position":2,"name":"Methane Optimization"}]},{"@type":"WebSite","@id":"https:\/\/electratherm.com\/#website","url":"https:\/\/electratherm.com\/","name":"ElectraTherm","description":"","potentialAction":[{"@type":"SearchAction","target":{"@type":"EntryPoint","urlTemplate":"https:\/\/electratherm.com\/?s={search_term_string}"},"query-input":{"@type":"PropertyValueSpecification","valueRequired":true,"valueName":"search_term_string"}}],"inLanguage":"pl-PL"}]}},"_links":{"self":[{"href":"https:\/\/electratherm.com\/pl\/wp-json\/wp\/v2\/pages\/9175"}],"collection":[{"href":"https:\/\/electratherm.com\/pl\/wp-json\/wp\/v2\/pages"}],"about":[{"href":"https:\/\/electratherm.com\/pl\/wp-json\/wp\/v2\/types\/page"}],"author":[{"embeddable":true,"href":"https:\/\/electratherm.com\/pl\/wp-json\/wp\/v2\/users\/75"}],"replies":[{"embeddable":true,"href":"https:\/\/electratherm.com\/pl\/wp-json\/wp\/v2\/comments?post=9175"}],"version-history":[{"count":19,"href":"https:\/\/electratherm.com\/pl\/wp-json\/wp\/v2\/pages\/9175\/revisions"}],"predecessor-version":[{"id":13380,"href":"https:\/\/electratherm.com\/pl\/wp-json\/wp\/v2\/pages\/9175\/revisions\/13380"}],"wp:attachment":[{"href":"https:\/\/electratherm.com\/pl\/wp-json\/wp\/v2\/media?parent=9175"}],"curies":[{"name":"wp","href":"https:\/\/api.w.org\/{rel}","templated":true}]}}