{"id":9095,"date":"2021-01-04T14:46:31","date_gmt":"2021-01-04T22:46:31","guid":{"rendered":"http:\/\/electratherm-us.com\/?page_id=9095"},"modified":"2025-05-13T11:22:28","modified_gmt":"2025-05-13T15:22:28","slug":"geotermia","status":"publish","type":"page","link":"https:\/\/electratherm.com\/pl\/geotermia\/","title":{"rendered":"Geotermia"},"content":{"rendered":"<section class=\"l-section wpb_row height_large width_full with_img parallax_hor bgwidth_110\"><div class=\"l-section-img\" role=\"img\" data-img-width=\"2560\" data-img-height=\"1706\" style=\"background-image: url(https:\/\/electratherm.com\/wp-content\/uploads\/2021\/01\/AdobeStock_290823208-scaled.jpeg);background-repeat: no-repeat;\"><\/div><div class=\"l-section-overlay\" style=\"background:var(--color-header-top-transparent-bg)\"><\/div><div class=\"l-section-h i-cf\"><div class=\"g-cols vc_row via_flex valign_top type_default stacking_default\"><div class=\"vc_col-sm-12 wpb_column vc_column_container\"><div class=\"vc_column-inner\"><div class=\"wpb_wrapper\"><div class=\"w-separator size_custom\" style=\"height:70\"><\/div><div class=\"wpb_text_column us_custom_6df4bc3a has_text_color\"><div class=\"wpb_wrapper\"><h1 style=\"text-align: center;\">Geotermia<\/h1>\n<\/div><\/div><div class=\"w-separator size_custom\" style=\"height:70\"><\/div><\/div><\/div><\/div><\/div><\/div><\/section><section class=\"l-section wpb_row us_custom_f1ff9891 height_medium\"><div class=\"l-section-h i-cf\"><div class=\"g-cols vc_row via_flex valign_top type_default stacking_default\"><div class=\"vc_col-sm-12 wpb_column vc_column_container\"><div class=\"vc_column-inner\"><div class=\"wpb_wrapper\"><div class=\"g-cols wpb_row via_flex valign_top type_default stacking_default\"><div class=\"vc_col-sm-2 wpb_column vc_column_container\"><div class=\"vc_column-inner\"><div class=\"wpb_wrapper\"><\/div><\/div><\/div><div class=\"vc_col-sm-8 wpb_column vc_column_container\"><div class=\"vc_column-inner\"><div class=\"wpb_wrapper\"><div class=\"wpb_text_column us_custom_6df4bc3a has_text_color\"><div class=\"wpb_wrapper\"><p style=\"text-align: left;\">Historically, sources of low temperature geothermal, such as hot springs and co-produced fluids, were considered uneconomical for power generation. However, thanks to advancements in Organic Rankine Cycle (ORC) technology, these sources can now cost effectively generate fuel-free, emission-free power.<\/p>\n<p style=\"text-align: left;\">In many geothermal zones, such as New Zealand and Indonesia, the geothermal sources present can not support the development of large scale infrastructure. With ElectraTherm&#8217;s heat to power solutions these sources can now be utilized with compact ORC systems leaving a minimal footprint.<\/p>\n<p style=\"text-align: left;\">Ideal applications have a water source that is easily accessible (i.e. hot springs) or has been drilled for another purpose (i.e. gas wells). All that is needed is connection to the grid and a heat exchanger between the source.<\/p>\n<p style=\"text-align: left;\">ElectraTherm&#8217;s systems use these more abundant, lower temperature geothermal sources to generate up to 150 kW of clean electricity. Taking advantage of micro-geothermal utilizes local resources for a reliable, clean baseload power supply.<\/p>\n<\/div><\/div><\/div><\/div><\/div><div class=\"vc_col-sm-2 wpb_column vc_column_container\"><div class=\"vc_column-inner\"><div class=\"wpb_wrapper\"><\/div><\/div><\/div><\/div><\/div><\/div><\/div><\/div><\/div><\/section><!-- Row Backgrounds --><div class=\"upb_color\" data-bg-override=\"0\" data-bg-color=\"#3aaa35\" data-fadeout=\"\" data-fadeout-percentage=\"30\" data-parallax-content=\"\" data-parallax-content-sense=\"30\" data-row-effect-mobile-disable=\"true\" data-img-parallax-mobile-disable=\"true\" data-rtl=\"false\"  data-custom-vc-row=\"\"  data-vc=\"7.9\"  data-is_old_vc=\"\"  data-theme-support=\"\"   data-overlay=\"false\" data-overlay-color=\"\" data-overlay-pattern=\"\" data-overlay-pattern-opacity=\"\" data-overlay-pattern-size=\"\"    ><\/div><section class=\"l-section wpb_row height_medium\"><div class=\"l-section-overlay\" style=\"background:var(--color-header-top-bg)\"><\/div><div class=\"l-section-h i-cf\"><div class=\"g-cols vc_row via_flex valign_top type_default stacking_default\"><div class=\"vc_col-sm-12 wpb_column vc_column_container\"><div class=\"vc_column-inner\"><div class=\"wpb_wrapper\"><div class=\"g-cols wpb_row via_flex valign_top type_default stacking_default\"><div class=\"vc_col-sm-12 wpb_column vc_column_container\"><div class=\"vc_column-inner\"><div class=\"wpb_wrapper\"><div class=\"wpb_text_column\"><div class=\"wpb_wrapper\"><h2 style=\"text-align: center;\"><span style=\"color: #ffffff;\">Czynniki wp\u0142ywaj\u0105ce na powodzenie aplikacji<\/span><\/h2>\n<\/div><\/div><div class=\"w-separator size_small\"><\/div><\/div><\/div><\/div><\/div><div class=\"g-cols wpb_row us_custom_4e6722ba via_flex valign_top type_default stacking_default\" style=\"--additional-gap:10px;\"><div class=\"vc_col-sm-3 wpb_column vc_column_container  has_bg_color\"><div class=\"vc_column-inner us_custom_50e4e9ac us_animate_this\"><div class=\"wpb_wrapper\"><div class=\"wpb_text_column\"><div class=\"wpb_wrapper\"><h3 style=\"text-align: center;\"><strong>CIEP\u0141O<\/strong><\/h3>\n<p style=\"text-align: center;\">For Geothermal applications, a heat exchanger is implemented between the system and source, the water must be clean for our system. In doing so, this reduces the amount of\u00a0 thermal energy, ideal geothermal applications will have source temperatures between 90\u00b0C and 150\u00b0C.<\/p>\n<\/div><\/div><\/div><\/div><\/div><div class=\"vc_col-sm-3 wpb_column vc_column_container  has_bg_color\"><div class=\"vc_column-inner us_custom_50e4e9ac us_animate_this\"><div class=\"wpb_wrapper\"><div class=\"wpb_text_column\"><div class=\"wpb_wrapper\"><h3 style=\"text-align: center;\"><strong>ACCESS<\/strong><\/h3>\n<p style=\"text-align: center;\">Ideal micro geothermal projects have easy access to their water source, easy connection to the grid, or are wanting to use ORC heat recovery as a compliment to an existing system. The benefits of having an expander-based system allows for reliable power generation through flow and heat fluctuations.<\/p>\n<\/div><\/div><\/div><\/div><\/div><div class=\"vc_col-sm-3 wpb_column vc_column_container  has_bg_color\"><div class=\"vc_column-inner us_custom_4801f71f us_animate_this\"><div class=\"wpb_wrapper\"><div class=\"wpb_text_column\"><div class=\"wpb_wrapper\"><h3 style=\"text-align: center;\"><strong>KOSZT MOCY<\/strong><\/h3>\n<p style=\"text-align: center;\">Installing an ElectraTherm ORC for geothermal heat recovery comes with several benefits from increasing efficiency to reducing energy dependence on the grid. Projects located in areas with high costs of power see the fastest payback. Operators may also be eligible for attractive incentives promoting renewable energy, further improving return on investment.<\/p>\n<\/div><\/div><\/div><\/div><\/div><div class=\"vc_col-sm-3 wpb_column vc_column_container  has_bg_color\"><div class=\"vc_column-inner us_custom_4801f71f us_animate_this\"><div class=\"wpb_wrapper\"><div class=\"wpb_text_column\"><div class=\"wpb_wrapper\"><h3 style=\"text-align: center;\"><strong>U\u017bYTECZNO\u015a\u0106<\/strong><\/h3>\n<p style=\"text-align: center;\">Companies looking to leverage sustainable technology that actively supports ESG initiatives can do so with the help of our ORC systems. From recycling wasted thermal energy and reducing emissions to serving as a micro-grid component providing electricity to remote regions, ElectraTherm\u2019s solutions provide a range of benefits.<\/p>\n<\/div><\/div><\/div><\/div><\/div><\/div><\/div><\/div><\/div><\/div><\/div><\/section><section class=\"l-section wpb_row us_custom_f1ff9891 height_medium\"><div class=\"l-section-h i-cf\"><div class=\"g-cols vc_row via_flex valign_top type_default stacking_default\"><div class=\"vc_col-sm-12 wpb_column vc_column_container\"><div class=\"vc_column-inner\"><div class=\"wpb_wrapper\"><div class=\"ult-spacer spacer-69d2471c1d7cc\" data-id=\"69d2471c1d7cc\" data-height=\"350\" data-height-mobile=\"1300\" data-height-tab=\"600\" data-height-tab-portrait=\"600\" data-height-mobile-landscape=\"1100\" style=\"clear:both;display:block;\"><\/div><\/div><\/div><\/div><\/div><\/div><\/section><section class=\"l-section wpb_row height_medium with_img\"><div class=\"l-section-img\" role=\"img\" data-img-width=\"2560\" data-img-height=\"1280\" style=\"background-image: url(https:\/\/electratherm.com\/wp-content\/uploads\/2021\/02\/AdobeStock_74150099-scaled.jpeg);\"><\/div><div class=\"l-section-overlay\" style=\"background:rgba(252,252,252,0.65)\"><\/div><div class=\"l-section-h i-cf\"><div class=\"g-cols vc_row via_flex valign_top type_default stacking_default\"><div class=\"vc_col-sm-2 wpb_column vc_column_container\"><div class=\"vc_column-inner\"><div class=\"wpb_wrapper\"><\/div><\/div><\/div><div class=\"vc_col-sm-8 wpb_column vc_column_container has_bg_color stretched\"><div class=\"vc_column-inner us_custom_ee20eb73\"><div class=\"wpb_wrapper\"><div class=\"wpb_text_column\"><div class=\"wpb_wrapper\"><h2 style=\"text-align: center;\"><span style=\"color: #ffffff;\">Co-Produced Fluids<\/span><\/h2>\n<p style=\"text-align: center;\"><span style=\"color: #ffffff;\">A major source of geothermal power potential are co-produced fluids. Co-produced fluids contain a mixture of hot water produced as a byproduct during the extraction of oil and gas.<\/span><\/p>\n<p style=\"text-align: center;\"><span style=\"color: #ffffff;\">Our fuel? Hot water. While co-produced fluids have previously been considered a nuisance to operators due to their costly removal and inability to generate power using traditional steam processes, ElectraTherm&#8217;s ORC heat to power solutions can utilize heat as low as 70\u00b0C to generate clean electricity that can either be used to offset energy costs or sold to the grid.<\/span><\/p>\n<p style=\"text-align: center;\"><span style=\"color: #ffffff;\">This provides an excellent opportunity to innovative investors in the oil and gas industry. By taking advantage of this renewable resource with existing infrastructure you can extend the economic viability of oil and gas operations, improve your bottom line, and add a renewable source of energy to your power portfolio. With an estimated 7 barrels of hot water produced for every barrel of oil, the potential is real.<\/span><\/p>\n<\/div><\/div><\/div><\/div><\/div><div class=\"vc_col-sm-2 wpb_column vc_column_container\"><div class=\"vc_column-inner\"><div class=\"wpb_wrapper\"><\/div><\/div><\/div><\/div><\/div><\/section><!-- Row Backgrounds --><div class=\"upb_color\" data-bg-override=\"0\" data-bg-color=\"#3aaa35\" data-fadeout=\"\" data-fadeout-percentage=\"30\" data-parallax-content=\"\" data-parallax-content-sense=\"30\" data-row-effect-mobile-disable=\"true\" data-img-parallax-mobile-disable=\"true\" data-rtl=\"false\"  data-custom-vc-row=\"\"  data-vc=\"7.9\"  data-is_old_vc=\"\"  data-theme-support=\"\"   data-overlay=\"false\" data-overlay-color=\"\" data-overlay-pattern=\"\" data-overlay-pattern-opacity=\"\" data-overlay-pattern-size=\"\"    ><\/div><section class=\"l-section wpb_row us_custom_f1ff9891 height_medium\"><div class=\"l-section-h i-cf\"><div class=\"g-cols vc_row via_flex valign_top type_default stacking_default\"><div class=\"vc_col-sm-12 wpb_column vc_column_container\"><div class=\"vc_column-inner\"><div class=\"wpb_wrapper\"><div class=\"g-cols wpb_row via_flex valign_top type_default stacking_default\"><div class=\"vc_col-sm-6 wpb_column vc_column_container\"><div class=\"vc_column-inner us_custom_f1ff9891\"><div class=\"wpb_wrapper\"><div class=\"ult-new-ib ult-ib-effect-style1  ult-ib-resp\" data-min-width=\"768\" data-max-width=\"900\" style=\"background:#0a0a0a;\" data-opacity=\"0.3\" data-hover-opacity=\"0.3\" ><img decoding=\"async\" class=\"ult-new-ib-img\" style=\"opacity:0.3;\" alt=\"null\" src=\"https:\/\/electratherm.com\/wp-content\/uploads\/2021\/07\/Florida_1100x600-min.png\"   \/><div id=\"interactive-banner-wrap-9821\" class=\"ult-new-ib-desc\" style=\"\"><h3 class=\"ult-new-ib-title ult-responsive\"  data-ultimate-target='#interactive-banner-wrap-9821 .ult-new-ib-title'  data-responsive-json-new='{\"font-size\":\"\",\"line-height\":\"\"}'  style=\"font-weight:normal;\">Remote Geothermal Application<\/h3><div class=\"ult-new-ib-content ult-responsive\"  data-ultimate-target='#interactive-banner-wrap-9821 .ult-new-ib-content'  data-responsive-json-new='{\"font-size\":\"\",\"line-height\":\"\"}'  style=\"font-weight:bold;\"><p>Installed at a gold mining operation in Nevada, ElectraTherm's ORC system completed a successful demonstration in partnership with the Department of Energy. The system, providing 65 kW gross, was considered a great success - proving the unit's ability to reliably operate with little hands-on interaction through ElectraTherm's remote monitoring and operation controls.<\/p><\/div><\/div><a class=\"ult-new-ib-link\" href=\"http:\/\/electratherm-us.com\/geothermal-in-nevada\/\" target=\"_blank\" rel=\"noopener\"  ><\/a><\/div><div class=\"ult-new-ib ult-ib-effect-style1  ult-ib-resp\" data-min-width=\"768\" data-max-width=\"900\" style=\"background:#0a0a0a;\" data-opacity=\"0.3\" data-hover-opacity=\"0.3\" ><img decoding=\"async\" class=\"ult-new-ib-img\" style=\"opacity:0.3;\" alt=\"null\" src=\"https:\/\/electratherm.com\/wp-content\/uploads\/2021\/07\/Japan1_1100x600-min.png\"   \/><div id=\"interactive-banner-wrap-2458\" class=\"ult-new-ib-desc\" style=\"\"><h3 class=\"ult-new-ib-title ult-responsive\"  data-ultimate-target='#interactive-banner-wrap-2458 .ult-new-ib-title'  data-responsive-json-new='{\"font-size\":\"\",\"line-height\":\"\"}'  style=\"font-weight:normal;\">Geotermalny odzysk ciep\u0142a w Japonii<\/h3><div class=\"ult-new-ib-content ult-responsive\"  data-ultimate-target='#interactive-banner-wrap-2458 .ult-new-ib-content'  data-responsive-json-new='{\"font-size\":\"\",\"line-height\":\"\"}'  style=\"font-weight:bold;\"><p>Commissioned on a district heating system utilizing geothermal heat from an onsen, ElectraTherm's ORC provides a continuous 60 kW. The water needed to be cooled anyways for the onsen, with the ORC, now it can provide a fixed profit for many years to come. With the local feed-in-tariff rate being $0.33\/kWh, the ORC offers a significant revenue stream.<\/p><\/div><\/div><a class=\"ult-new-ib-link\" href=\"http:\/\/electratherm-us.com\/geothermal-heat-recovery-in-japan\/\" target=\"_blank\" rel=\"noopener\"  ><\/a><\/div><\/div><\/div><\/div><div class=\"vc_col-sm-6 wpb_column vc_column_container\"><div class=\"vc_column-inner us_custom_f1ff9891\"><div class=\"wpb_wrapper\"><div class=\"ult-new-ib ult-ib-effect-style1  ult-ib-resp\" data-min-width=\"768\" data-max-width=\"900\" style=\"background:#0a0a0a;\" data-opacity=\"0.3\" data-hover-opacity=\"0.3\" ><img decoding=\"async\" class=\"ult-new-ib-img\" style=\"opacity:0.3;\" alt=\"null\" src=\"https:\/\/electratherm.com\/wp-content\/uploads\/2021\/07\/Romania_1100x600-min.png\"   \/><div id=\"interactive-banner-wrap-9267\" class=\"ult-new-ib-desc\" style=\"\"><h3 class=\"ult-new-ib-title ult-responsive\"  data-ultimate-target='#interactive-banner-wrap-9267 .ult-new-ib-title'  data-responsive-json-new='{\"font-size\":\"\",\"line-height\":\"\"}'  style=\"font-weight:normal;\">Low Temperature Geothermal Brine<\/h3><div class=\"ult-new-ib-content ult-responsive\"  data-ultimate-target='#interactive-banner-wrap-9267 .ult-new-ib-content'  data-responsive-json-new='{\"font-size\":\"\",\"line-height\":\"\"}'  style=\"font-weight:bold;\"><p>Commissioned on a geothermal well in Romania, the Power+ Generator produces 50 kW without any additional fuel consumption of emissions. On top of the electricity generated for profit via feed-in-tariffs, additional thermal energy goes on to heat nearby buildings during winter months.<\/p><\/div><\/div><a class=\"ult-new-ib-link\" href=\"http:\/\/electratherm-us.com\/clean-electricity-from-geothermal-in-romania\/\" target=\"_blank\" rel=\"noopener\"  ><\/a><\/div><\/div><\/div><\/div><\/div><\/div><\/div><\/div><\/div><\/div><\/section><section class=\"l-section wpb_row height_medium\"><div class=\"l-section-h i-cf\"><div class=\"g-cols vc_row via_flex valign_top type_default stacking_default\"><div class=\"vc_col-sm-12 wpb_column vc_column_container\"><div class=\"vc_column-inner us_custom_6329cae9\"><div class=\"wpb_wrapper\"><div class=\"g-cols wpb_row us_custom_1fbb61ac via_flex valign_middle type_default stacking_default\"><div class=\"vc_col-sm-4 wpb_column vc_column_container\"><div class=\"vc_column-inner us_custom_dad4fece\"><div class=\"wpb_wrapper\"><div class=\"wpb_text_column us_custom_8a3c403a\"><div class=\"wpb_wrapper\"><h2 style=\"text-align: left;\"><strong><span style=\"color: #ffffff;\">Pytania?<\/span><\/strong><\/h2>\n<\/div><\/div><\/div><\/div><\/div><div class=\"vc_col-sm-4 wpb_column vc_column_container\"><div class=\"vc_column-inner\"><div class=\"wpb_wrapper\"><div class=\"wpb_text_column us_custom_8d5aa4e2\"><div class=\"wpb_wrapper\"><p style=\"text-align: center;\"><span style=\"color: #ffffff;\">Contact us for a conversation about your unique project needs.<\/span><\/p>\n<\/div><\/div><div class=\"w-btn-wrapper align_center\"><a class=\"w-btn us-btn-style_4 us_custom_3a4d6590\" href=\"https:\/\/electratherm.com\/pl\/contact\/\"><span class=\"w-btn-label\">Kontakt<\/span><\/a><\/div><\/div><\/div><\/div><div class=\"vc_col-sm-4 wpb_column vc_column_container\"><div class=\"vc_column-inner\"><div class=\"wpb_wrapper\"><div class=\"wpb_text_column us_custom_8d5aa4e2\"><div class=\"wpb_wrapper\"><p style=\"text-align: center;\"><span style=\"color: #ffffff;\">Use our project evaluation form to jump start the estimating process.<\/span><\/p>\n<\/div><\/div><div class=\"w-btn-wrapper align_center\"><a class=\"w-btn us-btn-style_4 us_custom_e0903bfa\" href=\"https:\/\/electratherm.com\/pl\/pef\/\"><span class=\"w-btn-label\">Formularz oceny projektu<\/span><\/a><\/div><\/div><\/div><\/div><\/div><\/div><\/div><\/div><\/div><\/div><\/section>","protected":false},"excerpt":{"rendered":"Geothermal Historically, sources of low temperature geothermal, such as hot springs and co-produced fluids, were considered uneconomical for power generation. However, thanks to advancements in Organic Rankine Cycle (ORC) technology, these sources can now cost effectively generate fuel-free, emission-free power. In many geothermal zones, such as New Zealand and Indonesia, the geothermal sources present can...","protected":false},"author":75,"featured_media":0,"parent":0,"menu_order":0,"comment_status":"closed","ping_status":"closed","template":"","meta":{"footnotes":""},"class_list":["post-9095","page","type-page","status-publish","hentry"],"yoast_head":"<!-- This site is optimized with the Yoast SEO plugin v25.6 - https:\/\/yoast.com\/wordpress\/plugins\/seo\/ -->\n<title>Geothermal - ElectraTherm<\/title>\n<meta name=\"description\" content=\"ElectraTherm&#039;s ORC geothermal heat recovery systems convert sources of low-temperature &quot;micro&quot; geothermal into clean electricity...\" \/>\n<meta name=\"robots\" content=\"index, follow, max-snippet:-1, max-image-preview:large, max-video-preview:-1\" \/>\n<link rel=\"canonical\" href=\"https:\/\/electratherm.com\/pl\/geotermia\/\" \/>\n<meta property=\"og:locale\" content=\"pl_PL\" \/>\n<meta property=\"og:type\" content=\"article\" \/>\n<meta property=\"og:title\" content=\"Geothermal - ElectraTherm\" \/>\n<meta property=\"og:description\" content=\"ElectraTherm&#039;s ORC geothermal heat recovery systems convert sources of low-temperature &quot;micro&quot; geothermal into clean electricity...\" \/>\n<meta property=\"og:url\" content=\"https:\/\/electratherm.com\/pl\/geotermia\/\" \/>\n<meta property=\"og:site_name\" content=\"ElectraTherm\" \/>\n<meta property=\"article:modified_time\" content=\"2025-05-13T15:22:28+00:00\" \/>\n<meta name=\"twitter:card\" content=\"summary_large_image\" \/>\n<meta name=\"twitter:label1\" content=\"Szacowany czas czytania\" \/>\n\t<meta name=\"twitter:data1\" content=\"4 minuty\" \/>\n<script type=\"application\/ld+json\" class=\"yoast-schema-graph\">{\"@context\":\"https:\/\/schema.org\",\"@graph\":[{\"@type\":\"WebPage\",\"@id\":\"https:\/\/electratherm.com\/geothermal\/\",\"url\":\"https:\/\/electratherm.com\/geothermal\/\",\"name\":\"Geothermal - ElectraTherm\",\"isPartOf\":{\"@id\":\"https:\/\/electratherm.com\/#website\"},\"datePublished\":\"2021-01-04T22:46:31+00:00\",\"dateModified\":\"2025-05-13T15:22:28+00:00\",\"description\":\"ElectraTherm's ORC geothermal heat recovery systems convert sources of low-temperature \\\"micro\\\" geothermal into clean electricity...\",\"breadcrumb\":{\"@id\":\"https:\/\/electratherm.com\/geothermal\/#breadcrumb\"},\"inLanguage\":\"pl-PL\",\"potentialAction\":[{\"@type\":\"ReadAction\",\"target\":[\"https:\/\/electratherm.com\/geothermal\/\"]}]},{\"@type\":\"BreadcrumbList\",\"@id\":\"https:\/\/electratherm.com\/geothermal\/#breadcrumb\",\"itemListElement\":[{\"@type\":\"ListItem\",\"position\":1,\"name\":\"Home\",\"item\":\"https:\/\/electratherm.com\/\"},{\"@type\":\"ListItem\",\"position\":2,\"name\":\"Geothermal\"}]},{\"@type\":\"WebSite\",\"@id\":\"https:\/\/electratherm.com\/#website\",\"url\":\"https:\/\/electratherm.com\/\",\"name\":\"ElectraTherm\",\"description\":\"\",\"potentialAction\":[{\"@type\":\"SearchAction\",\"target\":{\"@type\":\"EntryPoint\",\"urlTemplate\":\"https:\/\/electratherm.com\/?s={search_term_string}\"},\"query-input\":{\"@type\":\"PropertyValueSpecification\",\"valueRequired\":true,\"valueName\":\"search_term_string\"}}],\"inLanguage\":\"pl-PL\"}]}<\/script>\n<!-- \/ Yoast SEO plugin. -->","yoast_head_json":{"title":"Geothermal - ElectraTherm","description":"ElectraTherm's ORC geothermal heat recovery systems convert sources of low-temperature \"micro\" geothermal into clean electricity...","robots":{"index":"index","follow":"follow","max-snippet":"max-snippet:-1","max-image-preview":"max-image-preview:large","max-video-preview":"max-video-preview:-1"},"canonical":"https:\/\/electratherm.com\/pl\/geotermia\/","og_locale":"pl_PL","og_type":"article","og_title":"Geothermal - ElectraTherm","og_description":"ElectraTherm's ORC geothermal heat recovery systems convert sources of low-temperature \"micro\" geothermal into clean electricity...","og_url":"https:\/\/electratherm.com\/pl\/geotermia\/","og_site_name":"ElectraTherm","article_modified_time":"2025-05-13T15:22:28+00:00","twitter_card":"summary_large_image","twitter_misc":{"Szacowany czas czytania":"4 minuty"},"schema":{"@context":"https:\/\/schema.org","@graph":[{"@type":"WebPage","@id":"https:\/\/electratherm.com\/geothermal\/","url":"https:\/\/electratherm.com\/geothermal\/","name":"Geothermal - ElectraTherm","isPartOf":{"@id":"https:\/\/electratherm.com\/#website"},"datePublished":"2021-01-04T22:46:31+00:00","dateModified":"2025-05-13T15:22:28+00:00","description":"ElectraTherm's ORC geothermal heat recovery systems convert sources of low-temperature \"micro\" geothermal into clean electricity...","breadcrumb":{"@id":"https:\/\/electratherm.com\/geothermal\/#breadcrumb"},"inLanguage":"pl-PL","potentialAction":[{"@type":"ReadAction","target":["https:\/\/electratherm.com\/geothermal\/"]}]},{"@type":"BreadcrumbList","@id":"https:\/\/electratherm.com\/geothermal\/#breadcrumb","itemListElement":[{"@type":"ListItem","position":1,"name":"Home","item":"https:\/\/electratherm.com\/"},{"@type":"ListItem","position":2,"name":"Geothermal"}]},{"@type":"WebSite","@id":"https:\/\/electratherm.com\/#website","url":"https:\/\/electratherm.com\/","name":"ElectraTherm","description":"","potentialAction":[{"@type":"SearchAction","target":{"@type":"EntryPoint","urlTemplate":"https:\/\/electratherm.com\/?s={search_term_string}"},"query-input":{"@type":"PropertyValueSpecification","valueRequired":true,"valueName":"search_term_string"}}],"inLanguage":"pl-PL"}]}},"_links":{"self":[{"href":"https:\/\/electratherm.com\/pl\/wp-json\/wp\/v2\/pages\/9095"}],"collection":[{"href":"https:\/\/electratherm.com\/pl\/wp-json\/wp\/v2\/pages"}],"about":[{"href":"https:\/\/electratherm.com\/pl\/wp-json\/wp\/v2\/types\/page"}],"author":[{"embeddable":true,"href":"https:\/\/electratherm.com\/pl\/wp-json\/wp\/v2\/users\/75"}],"replies":[{"embeddable":true,"href":"https:\/\/electratherm.com\/pl\/wp-json\/wp\/v2\/comments?post=9095"}],"version-history":[{"count":36,"href":"https:\/\/electratherm.com\/pl\/wp-json\/wp\/v2\/pages\/9095\/revisions"}],"predecessor-version":[{"id":13392,"href":"https:\/\/electratherm.com\/pl\/wp-json\/wp\/v2\/pages\/9095\/revisions\/13392"}],"wp:attachment":[{"href":"https:\/\/electratherm.com\/pl\/wp-json\/wp\/v2\/media?parent=9095"}],"curies":[{"name":"wp","href":"https:\/\/api.w.org\/{rel}","templated":true}]}}