{"id":8885,"date":"2020-12-01T08:44:40","date_gmt":"2020-12-01T16:44:40","guid":{"rendered":"http:\/\/electratherm-us.com\/?page_id=8885"},"modified":"2025-05-13T11:12:12","modified_gmt":"2025-05-13T15:12:12","slug":"systemy-biomasy","status":"publish","type":"page","link":"https:\/\/electratherm.com\/pl\/systemy-biomasy\/","title":{"rendered":"Systemy biomasy"},"content":{"rendered":"<section class=\"l-section wpb_row height_large width_full with_img parallax_hor bgwidth_130\"><div class=\"l-section-img\" role=\"img\" data-img-width=\"1100\" data-img-height=\"700\" style=\"background-image: url(https:\/\/electratherm.com\/wp-content\/uploads\/2021\/07\/Biomass-Heat-Recovery-min.png);background-repeat: no-repeat;\"><\/div><div class=\"l-section-overlay\" style=\"background:var(--color-content-overlay)\"><\/div><div class=\"l-section-h i-cf\"><div class=\"g-cols vc_row via_flex valign_top type_default stacking_default\"><div class=\"vc_col-sm-12 wpb_column vc_column_container\"><div class=\"vc_column-inner\"><div class=\"wpb_wrapper\"><div class=\"w-separator size_custom\" style=\"height:70\"><\/div><div class=\"wpb_text_column us_custom_6df4bc3a has_text_color\"><div class=\"wpb_wrapper\"><h1 style=\"text-align: center;\">Systemy biomasy<\/h1>\n<\/div><\/div><div class=\"w-separator size_custom\" style=\"height:70\"><\/div><\/div><\/div><\/div><\/div><\/div><\/section><section class=\"l-section wpb_row us_custom_f1ff9891 height_medium\"><div class=\"l-section-h i-cf\"><div class=\"g-cols vc_row via_flex valign_top type_default stacking_default\"><div class=\"vc_col-sm-12 wpb_column vc_column_container\"><div class=\"vc_column-inner us_custom_f1ff9891\"><div class=\"wpb_wrapper\"><div class=\"g-cols wpb_row via_flex valign_top type_default stacking_default\"><div class=\"vc_col-sm-12 wpb_column vc_column_container\"><div class=\"vc_column-inner\"><div class=\"wpb_wrapper\"><div class=\"wpb_text_column\"><div class=\"wpb_wrapper\"><h2><span style=\"color: #3aaa35;\">Biomasa<strong> Odzysk ciep\u0142a<\/strong><\/span><\/h2>\n<\/div><\/div><div class=\"w-separator size_small\"><\/div><\/div><\/div><\/div><\/div><div class=\"g-cols wpb_row via_flex valign_top type_default stacking_default\"><div class=\"vc_col-sm-2 wpb_column vc_column_container\"><div class=\"vc_column-inner\"><div class=\"wpb_wrapper\"><\/div><\/div><\/div><div class=\"vc_col-sm-8 wpb_column vc_column_container\"><div class=\"vc_column-inner\"><div class=\"wpb_wrapper\"><div class=\"wpb_text_column\"><div class=\"wpb_wrapper\"><p>Biomasa jest jednym z najbogatszych organicznych \u017ar\u00f3de\u0142 energii na Ziemi. Kot\u0142y s\u0105 u\u017cywane od ponad wieku do utylizacji odpad\u00f3w ro\u015blinnych i produkt\u00f3w ubocznych z drewna, zapewniaj\u0105c jednocze\u015bnie u\u017cyteczn\u0105 energi\u0119 ciepln\u0105 do ogrzewania i zasilania. Kot\u0142y s\u0105 r\u00f3wnie\u017c szeroko stosowane wraz z beztlenowymi komorami fermentacyjnymi do produkcji biogazu - zapewniaj\u0105c rozwi\u0105zania grzewcze na miejscu. Jednak podczas tych proces\u00f3w znaczna ilo\u015b\u0107 energii jest tracona jako ciep\u0142o odpadowe.<\/p>\n<p>Wykorzystuj\u0105c organiczny cykl Rankine'a (ORC) firmy ElectraTherm, ciep\u0142o wytwarzane z tych kot\u0142\u00f3w mo\u017ce by\u0107 dalej wykorzystywane do generowania bezemisyjnej energii elektrycznej i dostarczania lokalnego ogrzewania jako jednostka kogeneracyjna. ElectraTherm zosta\u0142 zademonstrowany w Departamencie Obrony Stan\u00f3w Zjednoczonych i jest obecnie obj\u0119ty umow\u0105 o wsp\u00f3\u0142pracy z Departamentem Energii Stan\u00f3w Zjednoczonych w zakresie skojarzonego wytwarzania ciep\u0142a i energii elektrycznej ORC.<\/p>\n<\/div><\/div><\/div><\/div><\/div><div class=\"vc_col-sm-2 wpb_column vc_column_container\"><div class=\"vc_column-inner\"><div class=\"wpb_wrapper\"><\/div><\/div><\/div><\/div><\/div><\/div><\/div><\/div><\/div><\/section><section class=\"l-section wpb_row us_custom_f1ff9891 height_medium\"><div class=\"l-section-overlay\" style=\"background:var(--color-content-primary)\"><\/div><div class=\"l-section-h i-cf\"><div class=\"g-cols vc_row via_flex valign_top type_default stacking_default\"><div class=\"vc_col-sm-6 wpb_column vc_column_container\"><div class=\"vc_column-inner\"><div class=\"wpb_wrapper\"><div class=\"wpb_text_column\"><div class=\"wpb_wrapper\"><h2><span style=\"color: #ffffff;\">Po\u0142\u0105czone <strong>Ciep\u0142o i moc<\/strong><\/span><\/h2>\n<p><span style=\"color: #ffffff;\">Poprzez w\u0142\u0105czenie <a style=\"color: #ffffff;\" href=\"http:\/\/electratherm-us.com\/power-generator\/\" target=\"_blank\" rel=\"noopener\">Power+ Generator<\/a> Po pod\u0142\u0105czeniu do istniej\u0105cego systemu kot\u0142a mo\u017cna dodatkowo wykorzysta\u0107 wytwarzane ciep\u0142o, aby wygenerowa\u0107 do 125 kWe, a tak\u017ce do 80\u00b0C ciep\u0142a u\u017cytkowego.<\/span><\/p>\n<p><span style=\"color: #ffffff;\">Zalet\u0105 zastosowania kot\u0142a jest to, \u017ce wi\u0119kszo\u015b\u0107 sprz\u0119tu potrzebnego do naszego systemu jest ju\u017c na miejscu (np. kocio\u0142), co zmniejsza koszty kapita\u0142owe i poprawia zwrot z inwestycji. Dodatkowo, produkuj\u0105c wi\u0119cej ciep\u0142ej wody, mo\u017cna zmaksymalizowa\u0107 wydajno\u015b\u0107 systemu ORC.<\/span><\/p>\n<p><strong><span style=\"color: #ffffff;\">Korzy\u015bci z zastosowania ElectraTherm ORC jako CHP:<\/span><\/strong><\/p>\n<p><span style=\"color: #ffffff;\">\/\/ S\u0142u\u017cy jako alternatywa dla grzejnika.<br \/>\n<\/span><span style=\"color: #ffffff;\">\/\/ Zwi\u0119ksza wydajno\u015b\u0107 paliwow\u0105 do 10%.<br \/>\n<\/span><span style=\"color: #ffffff;\">\/\/ Zmniejsza zu\u017cycie paliwa i energii elektrycznej, zwi\u0119kszaj\u0105c przychody.<br \/>\n<\/span><span style=\"color: #ffffff;\">\/\/ Zapewnia podstawowe zasilanie w ciep\u0142o i energi\u0119 elektryczn\u0105.<\/span><\/p>\n<\/div><\/div><\/div><\/div><\/div><div class=\"vc_col-sm-6 wpb_column vc_column_container\"><div class=\"vc_column-inner\"><div class=\"wpb_wrapper\"><div class=\"w-separator size_small\"><\/div><div class=\"w-video align_center ratio_16x9 has_iframe\"><div class=\"w-video-h\"><iframe title=\"Odtwarzacz wideo YouTube\" src=\"\/\/www.youtube.com\/embed\/6TIVCrwh6P8?autoplay=0&controls=1&origin=https:\/\/electratherm.com\/pl&loop=0&mute=0\" allowfullscreen=\"1\" loading=\"lazy\"><\/iframe><\/div><div class=\"w-video-icon\" style=\"font-size:1.5rem;background:rgba(0,0,0,0.5);color:#fff\"><\/div><\/div><div class=\"w-separator size_small\"><\/div><div class=\"wpb_text_column\"><div class=\"wpb_wrapper\"><p style=\"text-align: center;\"><span style=\"color: #ffffff;\"><strong>\"I tak podgrzewamy wod\u0119. Dzi\u0119ki jednostce ElectraTherm generujemy energi\u0119 zasadniczo bez utraty wydajno\u015bci\".<br \/>\n<\/strong><em>- Jessie Abel, Wisewood Energy<\/em><\/span><\/p>\n<p style=\"text-align: center;\"><a href=\"https:\/\/wisewoodenergy.com\/our-work\/health-and-human-services-center-in-plumas-county\" target=\"_blank\" rel=\"noopener\"><span style=\"color: #ffffff;\">Przeczytaj artyku\u0142 Wisewood Energy tutaj.<\/span><\/a><\/p>\n<\/div><\/div><\/div><\/div><\/div><\/div><\/div><\/section><!-- Row Backgrounds --><div class=\"upb_color\" data-bg-override=\"0\" data-bg-color=\"#005b23\" data-fadeout=\"\" data-fadeout-percentage=\"30\" data-parallax-content=\"\" data-parallax-content-sense=\"30\" data-row-effect-mobile-disable=\"true\" data-img-parallax-mobile-disable=\"true\" data-rtl=\"false\"  data-custom-vc-row=\"\"  data-vc=\"7.9\"  data-is_old_vc=\"\"  data-theme-support=\"\"   data-overlay=\"false\" data-overlay-color=\"\" data-overlay-pattern=\"\" data-overlay-pattern-opacity=\"\" data-overlay-pattern-size=\"\"    ><\/div><section class=\"l-section wpb_row us_custom_f1ff9891 height_medium\"><div class=\"l-section-h i-cf\"><div class=\"g-cols vc_row via_flex valign_top type_default stacking_default\"><div class=\"vc_col-sm-12 wpb_column vc_column_container\"><div class=\"vc_column-inner us_custom_f1ff9891\"><div class=\"wpb_wrapper\"><div class=\"g-cols wpb_row via_flex valign_top type_default stacking_default\"><div class=\"vc_col-sm-6 wpb_column vc_column_container\"><div class=\"vc_column-inner\"><div class=\"wpb_wrapper\"><div class=\"ult-new-ib ult-ib-effect-style1  ult-ib-resp\" data-min-width=\"768\" data-max-width=\"900\" style=\"background:#0a0a0a;\" data-opacity=\"0.2\" data-hover-opacity=\"0.2\" ><img decoding=\"async\" class=\"ult-new-ib-img\" style=\"opacity:0.2;\" alt=\"null\" src=\"https:\/\/electratherm.com\/wp-content\/uploads\/2021\/07\/Wisewood_1100x600-min.png\"   \/><div id=\"interactive-banner-wrap-4874\" class=\"ult-new-ib-desc\" style=\"\"><h3 class=\"ult-new-ib-title ult-responsive\"  data-ultimate-target='#interactive-banner-wrap-4874 .ult-new-ib-title'  data-responsive-json-new='{\"font-size\":\"\",\"line-height\":\"\"}'  style=\"font-weight:normal;\">Kogeneracja ORC<\/h3><div class=\"ult-new-ib-content ult-responsive\"  data-ultimate-target='#interactive-banner-wrap-4874 .ult-new-ib-content'  data-responsive-json-new='{\"font-size\":\"\",\"line-height\":\"\"}'  style=\"font-weight:bold;\"><p>W Quincy w Kalifornii, we wsp\u00f3\u0142pracy z Wisewood Energy, ElectraTherm zainstalowa\u0142a Power+ Generator 4400B do u\u017cytku jako system kogeneracji biomasy. Jednostka b\u0119dzie wykorzystywana do ogrzewania budynku s\u0142u\u017cby zdrowia o powierzchni 53 000 st\u00f3p kwadratowych, jednocze\u015bnie generuj\u0105c dodatkow\u0105 energi\u0119 elektryczn\u0105 i wspieraj\u0105c wysi\u0142ki na rzecz odnowy las\u00f3w w okolicy. Kocio\u0142 zu\u017cywa 200-300 ton paliwa wieprzowego rocznie, zapewniaj\u0105c generatorowi Power+ wystarczaj\u0105c\u0105 ilo\u015b\u0107 energii cieplnej, aby zmniejszy\u0107 wydatki na ogrzewanie o $42,000 rocznie. Dodatkowa generowana energia jest wykorzystywana do kompensacji zapotrzebowania na energi\u0119 elektryczn\u0105.<\/p><\/div><\/div><a class=\"ult-new-ib-link\" href=\"http:\/\/electratherm-us.com\/electratherm-commissions-first-waste-heat-to-power-generator-in-california\/\" target=\"_blank\" rel=\"noopener\"  ><\/a><\/div><div class=\"ult-new-ib ult-ib-effect-style1  ult-ib-resp\" data-min-width=\"768\" data-max-width=\"900\" style=\"background:#0a0a0a;\" data-opacity=\"0.2\" data-hover-opacity=\"0.2\" ><img decoding=\"async\" class=\"ult-new-ib-img\" style=\"opacity:0.2;\" alt=\"null\" src=\"https:\/\/electratherm.com\/wp-content\/uploads\/2021\/07\/UK_1100x600-min.png\"   \/><div id=\"interactive-banner-wrap-5808\" class=\"ult-new-ib-desc\" style=\"\"><h3 class=\"ult-new-ib-title ult-responsive\"  data-ultimate-target='#interactive-banner-wrap-5808 .ult-new-ib-title'  data-responsive-json-new='{\"font-size\":\"\",\"line-height\":\"\"}'  style=\"font-weight:normal;\">Ponad 1 000 000 godzin pracy w Wielkiej Brytanii<\/h3><div class=\"ult-new-ib-content ult-responsive\"  data-ultimate-target='#interactive-banner-wrap-5808 .ult-new-ib-content'  data-responsive-json-new='{\"font-size\":\"\",\"line-height\":\"\"}'  style=\"font-weight:bold;\"><p>We wsp\u00f3\u0142pracy z partnerem Novalux, ElectraTherm ma ponad 30 zastosowa\u0144 biomasy w Wielkiej Brytanii. Wi\u0119kszo\u015b\u0107 z tych instalacji wykorzystuje ORC ElectraTherm jako system skojarzonego wytwarzania ciep\u0142a i energii elektrycznej - generuj\u0105c 80\u00b0C u\u017cytecznej energii cieplnej z dodatkow\u0105 energi\u0105 elektryczn\u0105 kompensuj\u0105c\u0105 koszty energii. Dzi\u0119ki zach\u0119tom do korzystania z odnawialnych \u017ar\u00f3de\u0142 ciep\u0142a w Wielkiej Brytanii, po\u0142\u0105czenie ORC z kot\u0142em na biomas\u0119 mo\u017ce okaza\u0107 si\u0119 lukratywnym \u017ar\u00f3d\u0142em przychod\u00f3w przez wiele lat.<\/p><\/div><\/div><\/div><div class=\"ult-new-ib ult-ib-effect-style1  ult-ib-resp\" data-min-width=\"768\" data-max-width=\"900\" style=\"background:#0a0a0a;\" data-opacity=\"0.2\" data-hover-opacity=\"0.2\" ><img decoding=\"async\" class=\"ult-new-ib-img\" style=\"opacity:0.2;\" alt=\"null\" src=\"https:\/\/electratherm.com\/wp-content\/uploads\/2021\/07\/Messina2_1100x600-min.png\"   \/><div id=\"interactive-banner-wrap-3320\" class=\"ult-new-ib-desc\" style=\"\"><h3 class=\"ult-new-ib-title ult-responsive\"  data-ultimate-target='#interactive-banner-wrap-3320 .ult-new-ib-title'  data-responsive-json-new='{\"font-size\":\"\",\"line-height\":\"\"}'  style=\"font-weight:normal;\">Ciep\u0142o z biomasy w energi\u0119 elektryczn\u0105<\/h3><div class=\"ult-new-ib-content ult-responsive\"  data-ultimate-target='#interactive-banner-wrap-3320 .ult-new-ib-content'  data-responsive-json-new='{\"font-size\":\"\",\"line-height\":\"\"}'  style=\"font-weight:bold;\"><p>ElectraTherm uruchomi\u0142a dwa generatory Power+ Generator 6500 w instalacji odzysku ciep\u0142a z biomasy w Mesynie we W\u0142oszech. Kocio\u0142 zapewnia gor\u0105c\u0105 wod\u0119 o temperaturze 116\u00b0C przy 22 l\/s.<\/p><\/div><\/div><a class=\"ult-new-ib-link\" href=\"http:\/\/electratherm-us.com\/orc-biomass-heat-recovery\/\" target=\"_blank\" rel=\"noopener\"  ><\/a><\/div><\/div><\/div><\/div><div class=\"vc_col-sm-6 wpb_column vc_column_container\"><div class=\"vc_column-inner\"><div class=\"wpb_wrapper\"><div class=\"ult-new-ib ult-ib-effect-style1  ult-ib-resp\" data-min-width=\"768\" data-max-width=\"900\" style=\"background:#0a0a0a;\" data-opacity=\"0.2\" data-hover-opacity=\"0.2\" ><img decoding=\"async\" class=\"ult-new-ib-img\" style=\"opacity:0.2;\" alt=\"null\" src=\"https:\/\/electratherm.com\/wp-content\/uploads\/2021\/07\/Summerseat_1100x600-min.png\"   \/><div id=\"interactive-banner-wrap-3138\" class=\"ult-new-ib-desc\" style=\"\"><h3 class=\"ult-new-ib-title ult-responsive\"  data-ultimate-target='#interactive-banner-wrap-3138 .ult-new-ib-title'  data-responsive-json-new='{\"font-size\":\"\",\"line-height\":\"\"}'  style=\"font-weight:normal;\">Rozwi\u0105zanie ciep\u0142ownicze ORC<\/h3><div class=\"ult-new-ib-content ult-responsive\"  data-ultimate-target='#interactive-banner-wrap-3138 .ult-new-ib-content'  data-responsive-json-new='{\"font-size\":\"\",\"line-height\":\"\"}'  style=\"font-weight:bold;\"><p>\"Dodanie generatora Power+ do centrum ogrodniczego zwi\u0119ksza og\u00f3ln\u0105 wydajno\u015b\u0107 obiektu, zmniejsza zu\u017cycie paliw kopalnych i ich stale rosn\u0105ce koszty\" - m\u00f3wi Sam Ainscow, kierownik Summerseat &amp; Bradley Ford Garden Centre. \"Technologia ORC ma kluczowe znaczenie dla maksymalizacji dzia\u0142alno\u015bci obiektu, a ElectraTherm jest najbardziej sprawdzon\u0105, solidn\u0105 dost\u0119pn\u0105 technologi\u0105 ORC\".<\/p><\/div><\/div><a class=\"ult-new-ib-link\" href=\"http:\/\/electratherm-us.com\/1000000-kw-hours-of-clean-electricity-in-the-uk\/\" target=\"_blank\" rel=\"noopener\"  ><\/a><\/div><div class=\"ult-new-ib ult-ib-effect-style1  ult-ib-resp\" data-min-width=\"768\" data-max-width=\"900\" style=\"background:#0a0a0a;\" data-opacity=\"0.2\" data-hover-opacity=\"0.2\" ><img decoding=\"async\" class=\"ult-new-ib-img\" style=\"opacity:0.2;\" alt=\"null\" src=\"https:\/\/electratherm.com\/wp-content\/uploads\/2021\/07\/Novalux_1100x600-min.png\"   \/><div id=\"interactive-banner-wrap-6660\" class=\"ult-new-ib-desc\" style=\"\"><h3 class=\"ult-new-ib-title ult-responsive\"  data-ultimate-target='#interactive-banner-wrap-6660 .ult-new-ib-title'  data-responsive-json-new='{\"font-size\":\"\",\"line-height\":\"\"}'  style=\"font-weight:normal;\">Elektrownia na biomas\u0119 Novalux<\/h3><div class=\"ult-new-ib-content ult-responsive\"  data-ultimate-target='#interactive-banner-wrap-6660 .ult-new-ib-content'  data-responsive-json-new='{\"font-size\":\"\",\"line-height\":\"\"}'  style=\"font-weight:bold;\"><p>ElectraTherm dostarczy\u0142 dwa generatory Power+ serii 4400 brytyjskiemu dystrybutorowi Novalux na potrzeby projektu odzysku ciep\u0142a z biomasy w Wielkiej Brytanii. Dwie jednostki ORC o mocy 65 kW zosta\u0142y sparowane z dwoma kot\u0142ami na biomas\u0119 o mocy 1,2 MW, aby osi\u0105gn\u0105\u0107 maksymaln\u0105 \u0142\u0105czn\u0105 moc 130 kW. Zak\u0142ad zu\u017cywa oko\u0142o 4000 ton odpad\u00f3w drzewnych rocznie.<\/p><\/div><\/div><a class=\"ult-new-ib-link\" href=\"http:\/\/electratherm-us.com\/biomass-heat-recovery-with-novalux\/\" target=\"_blank\" rel=\"noopener\"  ><\/a><\/div><\/div><\/div><\/div><\/div><\/div><\/div><\/div><\/div><\/div><\/section><section class=\"l-section wpb_row us_custom_f1ff9891 height_medium\"><div class=\"l-section-overlay\" style=\"background:var(--color-alt-content-bg-alt)\"><\/div><div class=\"l-section-h i-cf\"><div class=\"g-cols vc_row via_flex valign_top type_default stacking_default\"><div class=\"vc_col-sm-6 wpb_column vc_column_container\"><div class=\"vc_column-inner\"><div class=\"wpb_wrapper\"><div class=\"w-image align_center\"><a target=\"_blank\" rel=\"nofollow\" href=\"https:\/\/airburners.com\/\" aria-label=\"PGFireBox\" class=\"w-image-h\"><img decoding=\"async\" width=\"450\" height=\"155\" src=\"https:\/\/electratherm.com\/wp-content\/uploads\/2021\/05\/PGFireBox-450x155.png\" class=\"attachment-us_450_0 size-us_450_0\" alt=\"\" loading=\"lazy\" srcset=\"https:\/\/electratherm.com\/wp-content\/uploads\/2021\/05\/PGFireBox-450x155.png 450w, https:\/\/electratherm.com\/wp-content\/uploads\/2021\/05\/PGFireBox-300x104.png 300w, https:\/\/electratherm.com\/wp-content\/uploads\/2021\/05\/PGFireBox-80x28.png 80w, https:\/\/electratherm.com\/wp-content\/uploads\/2021\/05\/PGFireBox-600x207.png 600w, https:\/\/electratherm.com\/wp-content\/uploads\/2021\/05\/PGFireBox-200x69.png 200w, https:\/\/electratherm.com\/wp-content\/uploads\/2021\/05\/PGFireBox-150x52.png 150w, https:\/\/electratherm.com\/wp-content\/uploads\/2021\/05\/PGFireBox.png 672w, https:\/\/electratherm.com\/wp-content\/uploads\/2021\/05\/PGFireBox-18x6.png 18w\" sizes=\"(max-width: 450px) 100vw, 450px\" \/><\/a><\/div><\/div><\/div><\/div><div class=\"vc_col-sm-6 wpb_column vc_column_container\"><div class=\"vc_column-inner\"><div class=\"wpb_wrapper\"><div class=\"wpb_text_column\"><div class=\"wpb_wrapper\"><h3 style=\"text-align: center;\"><a href=\"https:\/\/airburners.com\/\" target=\"_blank\" rel=\"noopener\"><strong><span style=\"color: #3aaa35;\">Palniki powietrzne - PGFireBox<\/span><\/strong><\/a><\/h3>\n<\/div><\/div><div class=\"wpb_text_column\"><div class=\"wpb_wrapper\"><p style=\"text-align: center;\">PGFireBox \u0142\u0105czy w sobie mo\u017cliwo\u015bci Air Burners w zakresie eliminacji odpad\u00f3w z technologi\u0105 ORC firmy ElectraTherm, tworz\u0105c pierwszy samodzielny generator energii z biomasy tego rodzaju. <a href=\"https:\/\/airburners.com\/\" target=\"_blank\" rel=\"noopener\">Kliknij tutaj<\/a> aby dowiedzie\u0107 si\u0119 wi\u0119cej.<\/p>\n<\/div><\/div><\/div><\/div><\/div><\/div><\/div><\/section><!-- Row Backgrounds --><div class=\"upb_color\" data-bg-override=\"0\" data-bg-color=\"\" data-fadeout=\"\" data-fadeout-percentage=\"30\" data-parallax-content=\"\" data-parallax-content-sense=\"30\" data-row-effect-mobile-disable=\"true\" data-img-parallax-mobile-disable=\"true\" data-rtl=\"false\"  data-custom-vc-row=\"\"  data-vc=\"7.9\"  data-is_old_vc=\"\"  data-theme-support=\"\"   data-overlay=\"false\" data-overlay-color=\"\" data-overlay-pattern=\"\" data-overlay-pattern-opacity=\"\" data-overlay-pattern-size=\"\"    ><\/div><section class=\"l-section wpb_row height_medium\"><div class=\"l-section-h i-cf\"><div class=\"g-cols vc_row via_flex valign_top type_default stacking_default\"><div class=\"vc_col-sm-12 wpb_column vc_column_container\"><div class=\"vc_column-inner us_custom_6329cae9\"><div class=\"wpb_wrapper\"><div class=\"g-cols wpb_row us_custom_1fbb61ac via_flex valign_middle type_default stacking_default\"><div class=\"vc_col-sm-4 wpb_column vc_column_container\"><div class=\"vc_column-inner us_custom_dad4fece\"><div class=\"wpb_wrapper\"><div class=\"wpb_text_column us_custom_8a3c403a\"><div class=\"wpb_wrapper\"><h2 style=\"text-align: left;\"><strong><span style=\"color: #ffffff;\">Pytania?<\/span><\/strong><\/h2>\n<\/div><\/div><\/div><\/div><\/div><div class=\"vc_col-sm-4 wpb_column vc_column_container\"><div class=\"vc_column-inner\"><div class=\"wpb_wrapper\"><div class=\"wpb_text_column us_custom_8d5aa4e2\"><div class=\"wpb_wrapper\"><p style=\"text-align: center;\"><span style=\"color: #ffffff;\">Contact us for a conversation about your unique project needs.<\/span><\/p>\n<\/div><\/div><div class=\"w-btn-wrapper align_center\"><a class=\"w-btn us-btn-style_4 us_custom_3a4d6590\" href=\"https:\/\/electratherm.com\/pl\/contact\/\"><span class=\"w-btn-label\">Kontakt<\/span><\/a><\/div><\/div><\/div><\/div><div class=\"vc_col-sm-4 wpb_column vc_column_container\"><div class=\"vc_column-inner\"><div class=\"wpb_wrapper\"><div class=\"wpb_text_column us_custom_8d5aa4e2\"><div class=\"wpb_wrapper\"><p style=\"text-align: center;\"><span style=\"color: #ffffff;\">Use our project evaluation form to jump start the estimating process.<\/span><\/p>\n<\/div><\/div><div class=\"w-btn-wrapper align_center\"><a class=\"w-btn us-btn-style_4 us_custom_e0903bfa\" href=\"https:\/\/electratherm.com\/pl\/pef\/\"><span class=\"w-btn-label\">Formularz oceny projektu<\/span><\/a><\/div><\/div><\/div><\/div><\/div><\/div><\/div><\/div><\/div><\/div><\/section>","protected":false},"excerpt":{"rendered":"Biomass Systems Biomass Heat Recovery Biomass is one of Earth&#8217;s most abundant organic sources of energy. Boilers have been used for over a century to dispose of vegetable waste and wood by-products while providing usable thermal for heating and power applications. Boilers are also extensively used alongside anaerobic digestors in the production of biogas &#8211;...","protected":false},"author":75,"featured_media":0,"parent":0,"menu_order":0,"comment_status":"closed","ping_status":"closed","template":"","meta":{"footnotes":""},"class_list":["post-8885","page","type-page","status-publish","hentry"],"yoast_head":"<!-- This site is optimized with the Yoast SEO plugin v25.6 - https:\/\/yoast.com\/wordpress\/plugins\/seo\/ -->\n<title>Biomass Systems - ElectraTherm<\/title>\n<meta name=\"robots\" content=\"index, follow, max-snippet:-1, max-image-preview:large, max-video-preview:-1\" \/>\n<link rel=\"canonical\" href=\"https:\/\/electratherm.com\/pl\/systemy-biomasy\/\" \/>\n<meta property=\"og:locale\" content=\"pl_PL\" \/>\n<meta property=\"og:type\" content=\"article\" \/>\n<meta property=\"og:title\" content=\"Biomass Systems - ElectraTherm\" \/>\n<meta property=\"og:url\" content=\"https:\/\/electratherm.com\/pl\/systemy-biomasy\/\" \/>\n<meta property=\"og:site_name\" content=\"ElectraTherm\" \/>\n<meta property=\"article:modified_time\" content=\"2025-05-13T15:12:12+00:00\" \/>\n<meta name=\"twitter:card\" content=\"summary_large_image\" \/>\n<meta name=\"twitter:label1\" content=\"Szacowany czas czytania\" \/>\n\t<meta name=\"twitter:data1\" content=\"4 minuty\" \/>\n<script type=\"application\/ld+json\" class=\"yoast-schema-graph\">{\"@context\":\"https:\/\/schema.org\",\"@graph\":[{\"@type\":\"WebPage\",\"@id\":\"https:\/\/electratherm.com\/biomass-systems\/\",\"url\":\"https:\/\/electratherm.com\/biomass-systems\/\",\"name\":\"Biomass Systems - ElectraTherm\",\"isPartOf\":{\"@id\":\"https:\/\/electratherm.com\/#website\"},\"datePublished\":\"2020-12-01T16:44:40+00:00\",\"dateModified\":\"2025-05-13T15:12:12+00:00\",\"breadcrumb\":{\"@id\":\"https:\/\/electratherm.com\/biomass-systems\/#breadcrumb\"},\"inLanguage\":\"pl-PL\",\"potentialAction\":[{\"@type\":\"ReadAction\",\"target\":[\"https:\/\/electratherm.com\/biomass-systems\/\"]}]},{\"@type\":\"BreadcrumbList\",\"@id\":\"https:\/\/electratherm.com\/biomass-systems\/#breadcrumb\",\"itemListElement\":[{\"@type\":\"ListItem\",\"position\":1,\"name\":\"Home\",\"item\":\"https:\/\/electratherm.com\/\"},{\"@type\":\"ListItem\",\"position\":2,\"name\":\"Biomass Systems\"}]},{\"@type\":\"WebSite\",\"@id\":\"https:\/\/electratherm.com\/#website\",\"url\":\"https:\/\/electratherm.com\/\",\"name\":\"ElectraTherm\",\"description\":\"\",\"potentialAction\":[{\"@type\":\"SearchAction\",\"target\":{\"@type\":\"EntryPoint\",\"urlTemplate\":\"https:\/\/electratherm.com\/?s={search_term_string}\"},\"query-input\":{\"@type\":\"PropertyValueSpecification\",\"valueRequired\":true,\"valueName\":\"search_term_string\"}}],\"inLanguage\":\"pl-PL\"}]}<\/script>\n<!-- \/ Yoast SEO plugin. -->","yoast_head_json":{"title":"Systemy na biomas\u0119 - ElectraTherm","robots":{"index":"index","follow":"follow","max-snippet":"max-snippet:-1","max-image-preview":"max-image-preview:large","max-video-preview":"max-video-preview:-1"},"canonical":"https:\/\/electratherm.com\/pl\/systemy-biomasy\/","og_locale":"pl_PL","og_type":"article","og_title":"Biomass Systems - ElectraTherm","og_url":"https:\/\/electratherm.com\/pl\/systemy-biomasy\/","og_site_name":"ElectraTherm","article_modified_time":"2025-05-13T15:12:12+00:00","twitter_card":"summary_large_image","twitter_misc":{"Szacowany czas czytania":"4 minuty"},"schema":{"@context":"https:\/\/schema.org","@graph":[{"@type":"WebPage","@id":"https:\/\/electratherm.com\/biomass-systems\/","url":"https:\/\/electratherm.com\/biomass-systems\/","name":"Systemy na biomas\u0119 - ElectraTherm","isPartOf":{"@id":"https:\/\/electratherm.com\/#website"},"datePublished":"2020-12-01T16:44:40+00:00","dateModified":"2025-05-13T15:12:12+00:00","breadcrumb":{"@id":"https:\/\/electratherm.com\/biomass-systems\/#breadcrumb"},"inLanguage":"pl-PL","potentialAction":[{"@type":"ReadAction","target":["https:\/\/electratherm.com\/biomass-systems\/"]}]},{"@type":"BreadcrumbList","@id":"https:\/\/electratherm.com\/biomass-systems\/#breadcrumb","itemListElement":[{"@type":"ListItem","position":1,"name":"Home","item":"https:\/\/electratherm.com\/"},{"@type":"ListItem","position":2,"name":"Biomass Systems"}]},{"@type":"WebSite","@id":"https:\/\/electratherm.com\/#website","url":"https:\/\/electratherm.com\/","name":"ElectraTherm","description":"","potentialAction":[{"@type":"SearchAction","target":{"@type":"EntryPoint","urlTemplate":"https:\/\/electratherm.com\/?s={search_term_string}"},"query-input":{"@type":"PropertyValueSpecification","valueRequired":true,"valueName":"search_term_string"}}],"inLanguage":"pl-PL"}]}},"_links":{"self":[{"href":"https:\/\/electratherm.com\/pl\/wp-json\/wp\/v2\/pages\/8885"}],"collection":[{"href":"https:\/\/electratherm.com\/pl\/wp-json\/wp\/v2\/pages"}],"about":[{"href":"https:\/\/electratherm.com\/pl\/wp-json\/wp\/v2\/types\/page"}],"author":[{"embeddable":true,"href":"https:\/\/electratherm.com\/pl\/wp-json\/wp\/v2\/users\/75"}],"replies":[{"embeddable":true,"href":"https:\/\/electratherm.com\/pl\/wp-json\/wp\/v2\/comments?post=8885"}],"version-history":[{"count":18,"href":"https:\/\/electratherm.com\/pl\/wp-json\/wp\/v2\/pages\/8885\/revisions"}],"predecessor-version":[{"id":13382,"href":"https:\/\/electratherm.com\/pl\/wp-json\/wp\/v2\/pages\/8885\/revisions\/13382"}],"wp:attachment":[{"href":"https:\/\/electratherm.com\/pl\/wp-json\/wp\/v2\/media?parent=8885"}],"curies":[{"name":"wp","href":"https:\/\/api.w.org\/{rel}","templated":true}]}}