{"id":241,"date":"2015-02-26T16:56:13","date_gmt":"2015-02-27T00:56:13","guid":{"rendered":"http:\/\/www.newurl.com\/?page_id=241"},"modified":"2025-05-12T11:30:11","modified_gmt":"2025-05-12T15:30:11","slug":"produkty","status":"publish","type":"page","link":"https:\/\/electratherm.com\/pl\/produkty\/","title":{"rendered":"Produkty"},"content":{"rendered":"<section class=\"l-section wpb_row height_large width_full with_img parallax_hor bgwidth_110\"><div class=\"l-section-img\" role=\"img\" data-img-width=\"1024\" data-img-height=\"683\" style=\"background-image: url(https:\/\/electratherm.com\/wp-content\/uploads\/2021\/06\/twinscrews1-1024x683-1.jpg);background-repeat: no-repeat;\"><\/div><div class=\"l-section-overlay\" style=\"background:var(--color-content-overlay)\"><\/div><div class=\"l-section-h i-cf\"><div class=\"g-cols vc_row via_flex valign_top type_default stacking_default\"><div class=\"vc_col-sm-12 wpb_column vc_column_container\"><div class=\"vc_column-inner\"><div class=\"wpb_wrapper\"><div class=\"w-separator size_custom\" style=\"height:70\"><\/div><div class=\"wpb_text_column us_custom_6df4bc3a has_text_color\"><div class=\"wpb_wrapper\"><h1 style=\"text-align: center;\"><span style=\"color: #ffffff;\">PRODUKTY<\/span><\/h1>\n<\/div><\/div><div class=\"w-separator size_custom\" style=\"height:70\"><\/div><\/div><\/div><\/div><\/div><\/div><\/section><section class=\"l-section wpb_row us_custom_f1ff9891 height_medium\"><div class=\"l-section-h i-cf\"><div class=\"g-cols vc_row via_flex valign_top type_default stacking_default\"><div class=\"vc_col-sm-12 wpb_column vc_column_container\"><div class=\"vc_column-inner\"><div class=\"wpb_wrapper\"><div class=\"wpb_text_column\"><div class=\"wpb_wrapper\"><h2 style=\"text-align: left;\"><span style=\"color: #3aaa35;\">NASZE ROZWI\u0104ZANIA ORGANICZNEGO CYKLU RANKINE'A<\/span><\/h2>\n<p style=\"text-align: left;\">Systemy Organic Rankine Cycle (ORC) firmy ElectraTherm przekszta\u0142caj\u0105 ciep\u0142o niskotemperaturowe i odpadowe o temperaturze do 70\u00b0C w czyst\u0105 energi\u0119 elektryczn\u0105. Poniewa\u017c paliwem jest gor\u0105ca woda, korzy\u015bci obejmuj\u0105 zmniejszone zu\u017cycie paliwa i emisje, zwi\u0119kszon\u0105 moc wyj\u015bciow\u0105, zerowe ch\u0142odzenie netto, eliminacj\u0119 pochodni i wiele innych. Zobacz nasz\u0105 ofert\u0119 <span style=\"color: #3aaa35;\"><a style=\"color: #3aaa35;\" href=\"http:\/\/electratherm-us.com\/applications\/\" target=\"_blank\" rel=\"noopener\">Strona aplikacji<\/a><\/span> dla powszechnie obs\u0142ugiwanych bran\u017c.<\/p>\n<\/div><\/div><div class=\"w-separator size_medium\"><\/div><div class=\"w-tabs layout_hor style_trendy switch_click has_scrolling\" style=\"--sections-title-size:1em\"><div class=\"w-tabs-list items_3 align_none\"><div class=\"w-tabs-list-h\"><button class=\"w-tabs-item active\" aria-controls=\"content-1656021187987-ba38ab87-9124\" aria-expanded=\"false\"><span class=\"w-tabs-item-title\">MODU\u0141 ZASILANIA75<\/span><\/button><button class=\"w-tabs-item\" aria-controls=\"content-1619038492357-879a82a7-e762\" aria-expanded=\"false\"><span class=\"w-tabs-item-title\">POWER+ GENERATOR<\/span><\/button><button class=\"w-tabs-item\" aria-controls=\"content-1619038492461-2546d3ae-9a59\" aria-expanded=\"false\"><span class=\"w-tabs-item-title\">AKTYWNA CH\u0141ODNICA<\/span><\/button><\/div><\/div><div class=\"w-tabs-sections titles-align_none icon_chevron cpos_right\"><div class=\"w-tabs-section active\" id=\"1656021187987-ba38ab87-9124\"><button class=\"w-tabs-section-header active\" aria-controls=\"content-1656021187987-ba38ab87-9124\" aria-expanded=\"true\"><div class=\"w-tabs-section-title\">MODU\u0141 ZASILANIA75<\/div><div class=\"w-tabs-section-control\"><\/div><\/button><div  class=\"w-tabs-section-content us_custom_f1ff9891\" id=\"content-1656021187987-ba38ab87-9124\"><div class=\"w-tabs-section-content-h i-cf\"><div class=\"g-cols wpb_row via_flex valign_top type_default stacking_default\"><div class=\"vc_col-sm-6 wpb_column vc_column_container\"><div class=\"vc_column-inner\"><div class=\"wpb_wrapper\"><div class=\"wpb_text_column\"><div class=\"wpb_wrapper\"><p>Modu\u0142 POWER MODULE75 firmy ElectraTherm wytwarza bezzapa\u0142ow\u0105, bezemisyjn\u0105 energi\u0119 elektryczn\u0105 z r\u00f3\u017cnych \u017ar\u00f3de\u0142 ciep\u0142a odpadowego o niskiej jako\u015bci, wykorzystuj\u0105c organiczny cykl Rankine'a (ORC) i opatentowany przez firm\u0119 BITZER p\u00f3\u0142hermetyczny dwu\u015blimakowy ekspander\/generator. Opatentowana przez ElectraTherm konstrukcja ORC stanowi radykaln\u0105 zmian\u0119 w stosunku do technologii turbin promieniowych lub osiowych, zapewniaj\u0105c bardziej op\u0142acaln\u0105, solidn\u0105 konstrukcj\u0119 bez uszczelnienia wa\u0142u mi\u0119dzy ekspanderem a generatorem, co znacznie zwi\u0119ksza niezawodno\u015b\u0107.<\/p>\n<p>POWER MODULE75 jest ewolucj\u0105 serii POWER+ GENERATOR firmy ElectraTherm, a ekspander BITZER oferuje zwi\u0119kszon\u0105 wydajno\u015b\u0107 w ca\u0142ym zakresie roboczym z maksymaln\u0105 moc\u0105 75 kW.<\/p>\n<p>Wi\u0119cej informacji mo\u017cna uzyska\u0107 pod adresem <a href=\"https:\/\/electratherm.com\/pl\/modul-zasilania-75\/\" target=\"_blank\" rel=\"noopener\">kliknij tutaj<\/a>.<\/p>\n<\/div><\/div><\/div><\/div><\/div><div class=\"vc_col-sm-6 wpb_column vc_column_container\"><div class=\"vc_column-inner\"><div class=\"wpb_wrapper\"><div class=\"w-separator size_medium\"><\/div><div class=\"w-image align_center\"><a target=\"_blank\" rel=\"nofollow\" href=\"http:\/\/electratherm-us.com\/power-module-75\/\" aria-label=\"Modu\u0142 zasilania 75 - Electratherm\" class=\"w-image-h\"><img decoding=\"async\" width=\"450\" height=\"405\" src=\"https:\/\/electratherm.com\/wp-content\/uploads\/2022\/06\/Power-Module-75-450x405.png\" class=\"attachment-us_450_0 size-us_450_0\" alt=\"Modu\u0142 zasilania 75 - Electratherm\" loading=\"lazy\" srcset=\"https:\/\/electratherm.com\/wp-content\/uploads\/2022\/06\/Power-Module-75-450x405.png 450w, https:\/\/electratherm.com\/wp-content\/uploads\/2022\/06\/Power-Module-75-300x270.png 300w, https:\/\/electratherm.com\/wp-content\/uploads\/2022\/06\/Power-Module-75-80x72.png 80w, https:\/\/electratherm.com\/wp-content\/uploads\/2022\/06\/Power-Module-75-194x175.png 194w, https:\/\/electratherm.com\/wp-content\/uploads\/2022\/06\/Power-Module-75-600x541.png 600w, https:\/\/electratherm.com\/wp-content\/uploads\/2022\/06\/Power-Module-75-200x180.png 200w, https:\/\/electratherm.com\/wp-content\/uploads\/2022\/06\/Power-Module-75-150x135.png 150w, https:\/\/electratherm.com\/wp-content\/uploads\/2022\/06\/Power-Module-75-700x631.png 700w, https:\/\/electratherm.com\/wp-content\/uploads\/2022\/06\/Power-Module-75.png 1000w, https:\/\/electratherm.com\/wp-content\/uploads\/2022\/06\/Power-Module-75-13x12.png 13w\" sizes=\"(max-width: 450px) 100vw, 450px\" \/><\/a><\/div><\/div><\/div><\/div><\/div><\/div><\/div><\/div><div class=\"w-tabs-section\" id=\"1619038492357-879a82a7-e762\"><button class=\"w-tabs-section-header\" aria-controls=\"content-1619038492357-879a82a7-e762\" aria-expanded=\"false\"><div class=\"w-tabs-section-title\">POWER+ GENERATOR<\/div><div class=\"w-tabs-section-control\"><\/div><\/button><div  class=\"w-tabs-section-content us_custom_f1ff9891\" id=\"content-1619038492357-879a82a7-e762\"><div class=\"w-tabs-section-content-h i-cf\"><div class=\"g-cols wpb_row via_flex valign_top type_default stacking_default\"><div class=\"vc_col-sm-6 wpb_column vc_column_container\"><div class=\"vc_column-inner\"><div class=\"wpb_wrapper\"><div class=\"wpb_text_column\"><div class=\"wpb_wrapper\"><p>Generator Power+, nasze rozwi\u0105zanie typu heat to power, zosta\u0142 zaprojektowany do generowania czystej energii elektrycznej ze \u017ar\u00f3de\u0142 ciep\u0142a o niskiej temperaturze. Generator Power+ mo\u017ce r\u00f3wnie\u017c pe\u0142ni\u0107 funkcj\u0119 jednostki kogeneracyjnej (CHP), generuj\u0105c do 85\u00b0C ciep\u0142a u\u017cytkowego opr\u00f3cz energii elektrycznej.<\/p>\n<p>Obecnie dost\u0119pny w rozmiarze 150 kW, generator Power+ jest idealny do zastosowa\u0144 na ma\u0142\u0105 i \u015bredni\u0105 skal\u0119. Wraz z opracowywan\u0105 wielko\u015bci\u0105 250 kW w po\u0142\u0105czeniu ze skalowaln\u0105 konstrukcj\u0105 jednostek, ka\u017cda wielko\u015b\u0107 operacji ma teraz mo\u017cliwo\u015b\u0107 upcyklingu ciep\u0142a odpadowego w u\u017cyteczn\u0105 moc. Generator Power+ jest dost\u0119pny jako samodzielna jednostka lub pakiet systemowy. W przypadku projekt\u00f3w z \u0142atwym dost\u0119pem do gor\u0105cej wody - takich jak woda z p\u0142aszcza silnika, systemy kot\u0142\u00f3w lub \u017ar\u00f3d\u0142a geotermalne - wystarczy samodzielna jednostka. W przypadku wi\u0119kszych zastosowa\u0144 wykorzystuj\u0105cych ciep\u0142o o wy\u017cszej temperaturze, ElectraTherm oferuje w pe\u0142ni spakowane opcje systemowe.<\/p>\n<p>Wi\u0119cej informacji mo\u017cna uzyska\u0107 pod adresem <a href=\"https:\/\/electratherm.com\/pl\/generator-pradu\/\" target=\"_blank\" rel=\"noopener\">kliknij tutaj<\/a>.<\/p>\n<\/div><\/div><\/div><\/div><\/div><div class=\"vc_col-sm-6 wpb_column vc_column_container\"><div class=\"vc_column-inner\"><div class=\"wpb_wrapper\"><div class=\"w-separator size_medium\"><\/div><div class=\"w-image align_center\"><a target=\"_blank\" rel=\"nofollow\" href=\"http:\/\/electratherm-us.com\/power-generator\/\" aria-label=\"6500B_Angle\" class=\"w-image-h\"><img decoding=\"async\" width=\"450\" height=\"253\" src=\"https:\/\/electratherm.com\/wp-content\/uploads\/2019\/05\/6500B_Angle.png\" class=\"attachment-us_450_0 size-us_450_0\" alt=\"\" loading=\"lazy\" srcset=\"https:\/\/electratherm.com\/wp-content\/uploads\/2019\/05\/6500B_Angle.png 1920w, https:\/\/electratherm.com\/wp-content\/uploads\/2019\/05\/6500B_Angle-300x169.png 300w, https:\/\/electratherm.com\/wp-content\/uploads\/2019\/05\/6500B_Angle-1024x576.png 1024w, https:\/\/electratherm.com\/wp-content\/uploads\/2019\/05\/6500B_Angle-80x45.png 80w, https:\/\/electratherm.com\/wp-content\/uploads\/2019\/05\/6500B_Angle-600x338.png 600w, https:\/\/electratherm.com\/wp-content\/uploads\/2019\/05\/6500B_Angle-768x432.png 768w, https:\/\/electratherm.com\/wp-content\/uploads\/2019\/05\/6500B_Angle-200x113.png 200w, https:\/\/electratherm.com\/wp-content\/uploads\/2019\/05\/6500B_Angle-150x84.png 150w, https:\/\/electratherm.com\/wp-content\/uploads\/2019\/05\/6500B_Angle-18x10.png 18w\" sizes=\"(max-width: 450px) 100vw, 450px\" \/><\/a><\/div><\/div><\/div><\/div><\/div><\/div><\/div><\/div><div class=\"w-tabs-section\" id=\"1619038492461-2546d3ae-9a59\"><button class=\"w-tabs-section-header\" aria-controls=\"content-1619038492461-2546d3ae-9a59\" aria-expanded=\"false\"><div class=\"w-tabs-section-title\">AKTYWNA CH\u0141ODNICA<\/div><div class=\"w-tabs-section-control\"><\/div><\/button><div  class=\"w-tabs-section-content\" id=\"content-1619038492461-2546d3ae-9a59\"><div class=\"w-tabs-section-content-h i-cf\"><div class=\"g-cols wpb_row via_flex valign_top type_default stacking_default\"><div class=\"vc_col-sm-6 wpb_column vc_column_container\"><div class=\"vc_column-inner us_custom_f1ff9891\"><div class=\"wpb_wrapper\"><div class=\"wpb_text_column\"><div class=\"wpb_wrapper\"><p>Active Cooler, nasze rozwi\u0105zanie net-zero cooling to power, to rozwi\u0105zanie ch\u0142odz\u0105ce o zerowej mocy, kt\u00f3re generuje energi\u0119 elektryczn\u0105 jako rol\u0119 drugorz\u0119dn\u0105 - bez dodatkowego zu\u017cycia paliwa i emisji.<\/p>\n<p>Konfigurowalny i skalowalny do wielu megawatowych obci\u0105\u017ce\u0144 cieplnych, Active Cooler wykorzystuje te same ch\u0142odnice ciep\u0142a, kt\u00f3re s\u0105 odrzucane w celu generowania mocy i zapewnienia ch\u0142odzenia w miejscu instalacji. Urz\u0105dzenie to idealnie nadaje si\u0119 do projekt\u00f3w wymagaj\u0105cych nowych ch\u0142odnic, cierpi\u0105cych z powodu przestoju silnika lub po prostu chc\u0105cych zwi\u0119kszy\u0107 wydajno\u015b\u0107 poprzez wyeliminowanie obci\u0105\u017cenia paso\u017cytniczego i generowanie czystej energii elektrycznej.<\/p>\n<p>Wi\u0119cej informacji mo\u017cna uzyska\u0107 pod adresem <a href=\"https:\/\/electratherm.com\/pl\/aktywny-cooler\/\" target=\"_blank\" rel=\"noopener\">kliknij tutaj<\/a>.<\/p>\n<\/div><\/div><\/div><\/div><\/div><div class=\"vc_col-sm-6 wpb_column vc_column_container\"><div class=\"vc_column-inner\"><div class=\"wpb_wrapper\"><div class=\"w-separator size_medium\"><\/div><div class=\"w-image align_center\"><a target=\"_blank\" rel=\"nofollow\" href=\"http:\/\/electratherm-us.com\/active-cooler\/\" aria-label=\"AC800 PAKIET 12\" class=\"w-image-h\"><img decoding=\"async\" width=\"450\" height=\"132\" src=\"https:\/\/electratherm.com\/wp-content\/uploads\/2020\/11\/AC800-PACKAGE-12-450x132.png\" class=\"attachment-us_450_0 size-us_450_0\" alt=\"\" loading=\"lazy\" srcset=\"https:\/\/electratherm.com\/wp-content\/uploads\/2020\/11\/AC800-PACKAGE-12-450x132.png 450w, https:\/\/electratherm.com\/wp-content\/uploads\/2020\/11\/AC800-PACKAGE-12-e1616608614247-300x88.png 300w, https:\/\/electratherm.com\/wp-content\/uploads\/2020\/11\/AC800-PACKAGE-12-e1616608614247-1024x300.png 1024w, https:\/\/electratherm.com\/wp-content\/uploads\/2020\/11\/AC800-PACKAGE-12-80x23.png 80w, https:\/\/electratherm.com\/wp-content\/uploads\/2020\/11\/AC800-PACKAGE-12-600x176.png 600w, https:\/\/electratherm.com\/wp-content\/uploads\/2020\/11\/AC800-PACKAGE-12-200x59.png 200w, https:\/\/electratherm.com\/wp-content\/uploads\/2020\/11\/AC800-PACKAGE-12-150x44.png 150w, https:\/\/electratherm.com\/wp-content\/uploads\/2020\/11\/AC800-PACKAGE-12-700x205.png 700w, https:\/\/electratherm.com\/wp-content\/uploads\/2020\/11\/AC800-PACKAGE-12-e1616608614247-18x5.png 18w, https:\/\/electratherm.com\/wp-content\/uploads\/2020\/11\/AC800-PACKAGE-12-e1616608614247.png 1196w\" sizes=\"(max-width: 450px) 100vw, 450px\" \/><\/a><\/div><\/div><\/div><\/div><\/div><\/div><\/div><\/div><\/div><\/div><\/div><\/div><\/div><\/div><\/div><\/section><section class=\"l-section wpb_row us_custom_f1ff9891 height_medium\"><div class=\"l-section-h i-cf\"><div class=\"g-cols vc_row via_flex valign_top type_default stacking_default\"><div class=\"vc_col-sm-12 wpb_column vc_column_container\"><div class=\"vc_column-inner\"><div class=\"wpb_wrapper\"><div class=\"g-cols wpb_row via_flex valign_top type_default stacking_default\"><div class=\"vc_col-sm-2 wpb_column vc_column_container hide_on_mobiles\"><div class=\"vc_column-inner\"><div class=\"wpb_wrapper\"><\/div><\/div><\/div><div class=\"vc_col-sm-8 wpb_column vc_column_container\"><div class=\"vc_column-inner us_custom_f1ff9891\"><div class=\"wpb_wrapper\"><div class=\"wpb_text_column\"><div class=\"wpb_wrapper\"><p><img decoding=\"async\" class=\"alignleft wp-image-10058 size-us_80_0\" src=\"http:\/\/electratherm-us.com\/wp-content\/uploads\/2021\/04\/Asset-18-80x80.png\" alt=\"\" width=\"80\" height=\"80\" srcset=\"https:\/\/electratherm.com\/wp-content\/uploads\/2021\/04\/Asset-18-80x80.png 80w, https:\/\/electratherm.com\/wp-content\/uploads\/2021\/04\/Asset-18-300x300.png 300w, https:\/\/electratherm.com\/wp-content\/uploads\/2021\/04\/Asset-18-150x150.png 150w, https:\/\/electratherm.com\/wp-content\/uploads\/2021\/04\/Asset-18-175x175.png 175w, https:\/\/electratherm.com\/wp-content\/uploads\/2021\/04\/Asset-18-200x200.png 200w, https:\/\/electratherm.com\/wp-content\/uploads\/2021\/04\/Asset-18-450x450.png 450w, https:\/\/electratherm.com\/wp-content\/uploads\/2021\/04\/Asset-18.png 496w, https:\/\/electratherm.com\/wp-content\/uploads\/2021\/04\/Asset-18-12x12.png 12w\" sizes=\"(max-width: 80px) 100vw, 80px\" \/><span style=\"color: #3aaa35;\">Every project is specific, therefore every project requires a specific solution. <\/span><\/p>\n<p><span style=\"color: #3aaa35;\">Our team of engineers and technicians are at your full disposal to identify the best solution that fits your needs.<\/span><span style=\"color: #3aaa35;\"> <\/span><\/p>\n<p><strong><span style=\"color: #3aaa35;\"><a href=\"https:\/\/electratherm.com\/pl\/contact\/\" rel=\"noopener\">Skontaktuj si\u0119 z analitykiem, kt\u00f3ry mo\u017ce okre\u015bli\u0107, kt\u00f3ry produkt ORC jest odpowiedni dla Ciebie.<\/a><\/span><\/strong><\/p>\n<\/div><\/div><\/div><\/div><\/div><div class=\"vc_col-sm-2 wpb_column vc_column_container\"><div class=\"vc_column-inner\"><div class=\"wpb_wrapper\"><\/div><\/div><\/div><\/div><\/div><\/div><\/div><\/div><\/div><\/section><section class=\"l-section wpb_row height_medium\"><div class=\"l-section-h i-cf\"><div class=\"g-cols vc_row via_flex valign_top type_default stacking_default\"><div class=\"vc_col-sm-12 wpb_column vc_column_container\"><div class=\"vc_column-inner us_custom_6329cae9\"><div class=\"wpb_wrapper\"><div class=\"g-cols wpb_row us_custom_1fbb61ac via_flex valign_middle type_default stacking_default\"><div class=\"vc_col-sm-4 wpb_column vc_column_container\"><div class=\"vc_column-inner us_custom_dad4fece\"><div class=\"wpb_wrapper\"><div class=\"wpb_text_column us_custom_8a3c403a\"><div class=\"wpb_wrapper\"><h2 style=\"text-align: left;\"><strong><span style=\"color: #ffffff;\">Pytania?<\/span><\/strong><\/h2>\n<\/div><\/div><\/div><\/div><\/div><div class=\"vc_col-sm-4 wpb_column vc_column_container\"><div class=\"vc_column-inner\"><div class=\"wpb_wrapper\"><div class=\"wpb_text_column us_custom_8d5aa4e2\"><div class=\"wpb_wrapper\"><p style=\"text-align: center;\"><span style=\"color: #ffffff;\">Contact us for a conversation about your unique project needs.<\/span><\/p>\n<\/div><\/div><div class=\"w-btn-wrapper align_center\"><a class=\"w-btn us-btn-style_4 us_custom_3a4d6590\" href=\"https:\/\/electratherm.com\/pl\/contact\/\"><span class=\"w-btn-label\">Kontakt<\/span><\/a><\/div><\/div><\/div><\/div><div class=\"vc_col-sm-4 wpb_column vc_column_container\"><div class=\"vc_column-inner\"><div class=\"wpb_wrapper\"><div class=\"wpb_text_column us_custom_8d5aa4e2\"><div class=\"wpb_wrapper\"><p style=\"text-align: center;\"><span style=\"color: #ffffff;\">Use our project evaluation form to jump start the estimating process.<\/span><\/p>\n<\/div><\/div><div class=\"w-btn-wrapper align_center\"><a class=\"w-btn us-btn-style_4 us_custom_e0903bfa\" href=\"https:\/\/electratherm.com\/pl\/pef\/\"><span class=\"w-btn-label\">Formularz oceny projektu<\/span><\/a><\/div><\/div><\/div><\/div><\/div><\/div><\/div><\/div><\/div><\/div><\/section>","protected":false},"excerpt":{"rendered":"PRODUCTS OUR ORGANIC RANKINE CYCLE SOLUTIONS ElectraTherm&#8217;s Organic Rankine Cycle (ORC) systems convert low temperature and waste heat as low as 70\u00b0C into clean electricity. Since hot water is the fuel, benefits include reduced fuel consumption and emissions, increased power output, net-zero cooling, flare elimination, and more. See our Applications Page for common industries served....","protected":false},"author":75,"featured_media":0,"parent":0,"menu_order":5,"comment_status":"closed","ping_status":"closed","template":"","meta":{"footnotes":""},"class_list":["post-241","page","type-page","status-publish","hentry"],"yoast_head":"<!-- This site is optimized with the Yoast SEO plugin v25.6 - https:\/\/yoast.com\/wordpress\/plugins\/seo\/ -->\n<title>Products - ElectraTherm<\/title>\n<meta name=\"description\" content=\"ElectraTherm&#039;s ORC heat to power and cooling to power solutions are ideal for low temperature waste heat...\" \/>\n<meta name=\"robots\" content=\"index, follow, max-snippet:-1, max-image-preview:large, max-video-preview:-1\" \/>\n<link rel=\"canonical\" href=\"https:\/\/electratherm.com\/pl\/produkty\/\" \/>\n<meta property=\"og:locale\" content=\"pl_PL\" \/>\n<meta property=\"og:type\" content=\"article\" \/>\n<meta property=\"og:title\" content=\"Products - ElectraTherm\" \/>\n<meta property=\"og:description\" content=\"ElectraTherm&#039;s ORC heat to power and cooling to power solutions are ideal for low temperature waste heat...\" \/>\n<meta property=\"og:url\" content=\"https:\/\/electratherm.com\/pl\/produkty\/\" \/>\n<meta property=\"og:site_name\" content=\"ElectraTherm\" \/>\n<meta property=\"article:modified_time\" content=\"2025-05-12T15:30:11+00:00\" \/>\n<meta property=\"og:image\" content=\"http:\/\/electratherm-us.com\/wp-content\/uploads\/2021\/04\/Asset-18-80x80.png\" \/>\n<meta name=\"twitter:card\" content=\"summary_large_image\" \/>\n<meta name=\"twitter:label1\" content=\"Szacowany czas czytania\" \/>\n\t<meta name=\"twitter:data1\" content=\"3 minuty\" \/>\n<script type=\"application\/ld+json\" class=\"yoast-schema-graph\">{\"@context\":\"https:\/\/schema.org\",\"@graph\":[{\"@type\":\"WebPage\",\"@id\":\"https:\/\/electratherm.com\/products\/\",\"url\":\"https:\/\/electratherm.com\/products\/\",\"name\":\"Products - ElectraTherm\",\"isPartOf\":{\"@id\":\"https:\/\/electratherm.com\/#website\"},\"primaryImageOfPage\":{\"@id\":\"https:\/\/electratherm.com\/products\/#primaryimage\"},\"image\":{\"@id\":\"https:\/\/electratherm.com\/products\/#primaryimage\"},\"thumbnailUrl\":\"http:\/\/electratherm-us.com\/wp-content\/uploads\/2021\/04\/Asset-18-80x80.png\",\"datePublished\":\"2015-02-27T00:56:13+00:00\",\"dateModified\":\"2025-05-12T15:30:11+00:00\",\"description\":\"ElectraTherm's ORC heat to power and cooling to power solutions are ideal for low temperature waste heat...\",\"breadcrumb\":{\"@id\":\"https:\/\/electratherm.com\/products\/#breadcrumb\"},\"inLanguage\":\"pl-PL\",\"potentialAction\":[{\"@type\":\"ReadAction\",\"target\":[\"https:\/\/electratherm.com\/products\/\"]}]},{\"@type\":\"ImageObject\",\"inLanguage\":\"pl-PL\",\"@id\":\"https:\/\/electratherm.com\/products\/#primaryimage\",\"url\":\"http:\/\/electratherm-us.com\/wp-content\/uploads\/2021\/04\/Asset-18-80x80.png\",\"contentUrl\":\"http:\/\/electratherm-us.com\/wp-content\/uploads\/2021\/04\/Asset-18-80x80.png\"},{\"@type\":\"BreadcrumbList\",\"@id\":\"https:\/\/electratherm.com\/products\/#breadcrumb\",\"itemListElement\":[{\"@type\":\"ListItem\",\"position\":1,\"name\":\"Home\",\"item\":\"https:\/\/electratherm.com\/\"},{\"@type\":\"ListItem\",\"position\":2,\"name\":\"Products\"}]},{\"@type\":\"WebSite\",\"@id\":\"https:\/\/electratherm.com\/#website\",\"url\":\"https:\/\/electratherm.com\/\",\"name\":\"ElectraTherm\",\"description\":\"\",\"potentialAction\":[{\"@type\":\"SearchAction\",\"target\":{\"@type\":\"EntryPoint\",\"urlTemplate\":\"https:\/\/electratherm.com\/?s={search_term_string}\"},\"query-input\":{\"@type\":\"PropertyValueSpecification\",\"valueRequired\":true,\"valueName\":\"search_term_string\"}}],\"inLanguage\":\"pl-PL\"}]}<\/script>\n<!-- \/ Yoast SEO plugin. -->","yoast_head_json":{"title":"Produkty - ElectraTherm","description":"Oferowane przez ElectraTherm rozwi\u0105zania ORC typu \"heat to power\" i \"cooling to power\" s\u0105 idealne do niskotemperaturowego...","robots":{"index":"index","follow":"follow","max-snippet":"max-snippet:-1","max-image-preview":"max-image-preview:large","max-video-preview":"max-video-preview:-1"},"canonical":"https:\/\/electratherm.com\/pl\/produkty\/","og_locale":"pl_PL","og_type":"article","og_title":"Products - ElectraTherm","og_description":"ElectraTherm's ORC heat to power and cooling to power solutions are ideal for low temperature waste heat...","og_url":"https:\/\/electratherm.com\/pl\/produkty\/","og_site_name":"ElectraTherm","article_modified_time":"2025-05-12T15:30:11+00:00","og_image":[{"url":"http:\/\/electratherm-us.com\/wp-content\/uploads\/2021\/04\/Asset-18-80x80.png","type":"","width":"","height":""}],"twitter_card":"summary_large_image","twitter_misc":{"Szacowany czas czytania":"3 minuty"},"schema":{"@context":"https:\/\/schema.org","@graph":[{"@type":"WebPage","@id":"https:\/\/electratherm.com\/products\/","url":"https:\/\/electratherm.com\/products\/","name":"Produkty - ElectraTherm","isPartOf":{"@id":"https:\/\/electratherm.com\/#website"},"primaryImageOfPage":{"@id":"https:\/\/electratherm.com\/products\/#primaryimage"},"image":{"@id":"https:\/\/electratherm.com\/products\/#primaryimage"},"thumbnailUrl":"http:\/\/electratherm-us.com\/wp-content\/uploads\/2021\/04\/Asset-18-80x80.png","datePublished":"2015-02-27T00:56:13+00:00","dateModified":"2025-05-12T15:30:11+00:00","description":"Oferowane przez ElectraTherm rozwi\u0105zania ORC typu \"heat to power\" i \"cooling to power\" s\u0105 idealne do niskotemperaturowego...","breadcrumb":{"@id":"https:\/\/electratherm.com\/products\/#breadcrumb"},"inLanguage":"pl-PL","potentialAction":[{"@type":"ReadAction","target":["https:\/\/electratherm.com\/products\/"]}]},{"@type":"ImageObject","inLanguage":"pl-PL","@id":"https:\/\/electratherm.com\/products\/#primaryimage","url":"http:\/\/electratherm-us.com\/wp-content\/uploads\/2021\/04\/Asset-18-80x80.png","contentUrl":"http:\/\/electratherm-us.com\/wp-content\/uploads\/2021\/04\/Asset-18-80x80.png"},{"@type":"BreadcrumbList","@id":"https:\/\/electratherm.com\/products\/#breadcrumb","itemListElement":[{"@type":"ListItem","position":1,"name":"Home","item":"https:\/\/electratherm.com\/"},{"@type":"ListItem","position":2,"name":"Products"}]},{"@type":"WebSite","@id":"https:\/\/electratherm.com\/#website","url":"https:\/\/electratherm.com\/","name":"ElectraTherm","description":"","potentialAction":[{"@type":"SearchAction","target":{"@type":"EntryPoint","urlTemplate":"https:\/\/electratherm.com\/?s={search_term_string}"},"query-input":{"@type":"PropertyValueSpecification","valueRequired":true,"valueName":"search_term_string"}}],"inLanguage":"pl-PL"}]}},"_links":{"self":[{"href":"https:\/\/electratherm.com\/pl\/wp-json\/wp\/v2\/pages\/241"}],"collection":[{"href":"https:\/\/electratherm.com\/pl\/wp-json\/wp\/v2\/pages"}],"about":[{"href":"https:\/\/electratherm.com\/pl\/wp-json\/wp\/v2\/types\/page"}],"author":[{"embeddable":true,"href":"https:\/\/electratherm.com\/pl\/wp-json\/wp\/v2\/users\/75"}],"replies":[{"embeddable":true,"href":"https:\/\/electratherm.com\/pl\/wp-json\/wp\/v2\/comments?post=241"}],"version-history":[{"count":59,"href":"https:\/\/electratherm.com\/pl\/wp-json\/wp\/v2\/pages\/241\/revisions"}],"predecessor-version":[{"id":13302,"href":"https:\/\/electratherm.com\/pl\/wp-json\/wp\/v2\/pages\/241\/revisions\/13302"}],"wp:attachment":[{"href":"https:\/\/electratherm.com\/pl\/wp-json\/wp\/v2\/media?parent=241"}],"curies":[{"name":"wp","href":"https:\/\/api.w.org\/{rel}","templated":true}]}}