{"id":241,"date":"2015-02-26T16:56:13","date_gmt":"2015-02-27T00:56:13","guid":{"rendered":"http:\/\/www.newurl.com\/?page_id=241"},"modified":"2025-05-12T11:30:11","modified_gmt":"2025-05-12T15:30:11","slug":"prodotti-2","status":"publish","type":"page","link":"https:\/\/electratherm.com\/it\/prodotti-2\/","title":{"rendered":"Prodotti"},"content":{"rendered":"<section class=\"l-section wpb_row height_large width_full with_img parallax_hor bgwidth_110\"><div class=\"l-section-img\" role=\"img\" data-img-width=\"1024\" data-img-height=\"683\" style=\"background-image: url(https:\/\/electratherm.com\/wp-content\/uploads\/2021\/06\/twinscrews1-1024x683-1.jpg);background-repeat: no-repeat;\"><\/div><div class=\"l-section-overlay\" style=\"background:var(--color-content-overlay)\"><\/div><div class=\"l-section-h i-cf\"><div class=\"g-cols vc_row via_flex valign_top type_default stacking_default\"><div class=\"vc_col-sm-12 wpb_column vc_column_container\"><div class=\"vc_column-inner\"><div class=\"wpb_wrapper\"><div class=\"w-separator size_custom\" style=\"height:70\"><\/div><div class=\"wpb_text_column us_custom_6df4bc3a has_text_color\"><div class=\"wpb_wrapper\"><h1 style=\"text-align: center;\"><span style=\"color: #ffffff;\">PRODOTTI<\/span><\/h1>\n<\/div><\/div><div class=\"w-separator size_custom\" style=\"height:70\"><\/div><\/div><\/div><\/div><\/div><\/div><\/section><section class=\"l-section wpb_row us_custom_f1ff9891 height_medium\"><div class=\"l-section-h i-cf\"><div class=\"g-cols vc_row via_flex valign_top type_default stacking_default\"><div class=\"vc_col-sm-12 wpb_column vc_column_container\"><div class=\"vc_column-inner\"><div class=\"wpb_wrapper\"><div class=\"wpb_text_column\"><div class=\"wpb_wrapper\"><h2 style=\"text-align: left;\"><span style=\"color: #3aaa35;\">LE NOSTRE SOLUZIONI PER IL CICLO RANKINE ORGANICO<\/span><\/h2>\n<p style=\"text-align: left;\">I sistemi ElectraTherm a ciclo Rankine organico (ORC) convertono il calore di scarto a bassa temperatura, fino a 70\u00b0C, in elettricit\u00e0 pulita. Poich\u00e9 il combustibile \u00e8 l'acqua calda, i vantaggi includono la riduzione del consumo di combustibile e delle emissioni, l'aumento della produzione di energia, il raffreddamento a zero, l'eliminazione delle torce e altro ancora. Vedere il nostro <span style=\"color: #3aaa35;\"><a style=\"color: #3aaa35;\" href=\"http:\/\/electratherm-us.com\/applications\/\" target=\"_blank\" rel=\"noopener\">Pagina delle applicazioni<\/a><\/span> per i settori comuni serviti.<\/p>\n<\/div><\/div><div class=\"w-separator size_medium\"><\/div><div class=\"w-tabs layout_hor style_trendy switch_click has_scrolling\" style=\"--sections-title-size:1em\"><div class=\"w-tabs-list items_3 align_none\"><div class=\"w-tabs-list-h\"><button class=\"w-tabs-item active\" aria-controls=\"content-1656021187987-ba38ab87-9124\" aria-expanded=\"false\"><span class=\"w-tabs-item-title\">MODULO DI POTENZA75<\/span><\/button><button class=\"w-tabs-item\" aria-controls=\"content-1619038492357-879a82a7-e762\" aria-expanded=\"false\"><span class=\"w-tabs-item-title\">POTENZA+ GENERATORE<\/span><\/button><button class=\"w-tabs-item\" aria-controls=\"content-1619038492461-2546d3ae-9a59\" aria-expanded=\"false\"><span class=\"w-tabs-item-title\">RAFFREDDATORE ATTIVO<\/span><\/button><\/div><\/div><div class=\"w-tabs-sections titles-align_none icon_chevron cpos_right\"><div class=\"w-tabs-section active\" id=\"1656021187987-ba38ab87-9124\"><button class=\"w-tabs-section-header active\" aria-controls=\"content-1656021187987-ba38ab87-9124\" aria-expanded=\"true\"><div class=\"w-tabs-section-title\">MODULO DI POTENZA75<\/div><div class=\"w-tabs-section-control\"><\/div><\/button><div  class=\"w-tabs-section-content us_custom_f1ff9891\" id=\"content-1656021187987-ba38ab87-9124\"><div class=\"w-tabs-section-content-h i-cf\"><div class=\"g-cols wpb_row via_flex valign_top type_default stacking_default\"><div class=\"vc_col-sm-6 wpb_column vc_column_container\"><div class=\"vc_column-inner\"><div class=\"wpb_wrapper\"><div class=\"wpb_text_column\"><div class=\"wpb_wrapper\"><p>Il POWER MODULE75 di ElectraTherm produce energia senza combustibile e senza emissioni da varie fonti di calore di scarto a basso grado utilizzando il Ciclo Rankine Organico (ORC) e la combinazione di espansore\/generatore semiermetico a doppia vite BITZER, brevettata dall'azienda. Il design ORC brevettato da ElectraTherm rappresenta un cambiamento radicale rispetto alle tecnologie a turbina radiale o assiale, fornendo un design pi\u00f9 economico e robusto senza guarnizione dell'albero tra la combinazione espansore\/generatore, migliorando notevolmente l'affidabilit\u00e0.<\/p>\n<p>Il POWER MODULE75 \u00e8 un'evoluzione della serie di generatori POWER+ di ElectraTherm e l'espansore BITZER offre prestazioni migliori in tutta la gamma operativa con una potenza massima di 75kW.<\/p>\n<p>Per ulteriori informazioni, si prega di <a href=\"https:\/\/electratherm.com\/it\/power-module-75\/\" target=\"_blank\" rel=\"noopener\">clicca qui<\/a>.<\/p>\n<\/div><\/div><\/div><\/div><\/div><div class=\"vc_col-sm-6 wpb_column vc_column_container\"><div class=\"vc_column-inner\"><div class=\"wpb_wrapper\"><div class=\"w-separator size_medium\"><\/div><div class=\"w-image align_center\"><a target=\"_blank\" rel=\"nofollow\" href=\"http:\/\/electratherm-us.com\/power-module-75\/\" aria-label=\"Modulo di potenza 75 - Electratherm\" class=\"w-image-h\"><img decoding=\"async\" width=\"450\" height=\"405\" src=\"https:\/\/electratherm.com\/wp-content\/uploads\/2022\/06\/Power-Module-75-450x405.png\" class=\"attachment-us_450_0 size-us_450_0\" alt=\"Modulo di potenza 75 - Electratherm\" loading=\"lazy\" srcset=\"https:\/\/electratherm.com\/wp-content\/uploads\/2022\/06\/Power-Module-75-450x405.png 450w, https:\/\/electratherm.com\/wp-content\/uploads\/2022\/06\/Power-Module-75-300x270.png 300w, https:\/\/electratherm.com\/wp-content\/uploads\/2022\/06\/Power-Module-75-80x72.png 80w, https:\/\/electratherm.com\/wp-content\/uploads\/2022\/06\/Power-Module-75-194x175.png 194w, https:\/\/electratherm.com\/wp-content\/uploads\/2022\/06\/Power-Module-75-600x541.png 600w, https:\/\/electratherm.com\/wp-content\/uploads\/2022\/06\/Power-Module-75-200x180.png 200w, https:\/\/electratherm.com\/wp-content\/uploads\/2022\/06\/Power-Module-75-150x135.png 150w, https:\/\/electratherm.com\/wp-content\/uploads\/2022\/06\/Power-Module-75-700x631.png 700w, https:\/\/electratherm.com\/wp-content\/uploads\/2022\/06\/Power-Module-75.png 1000w, https:\/\/electratherm.com\/wp-content\/uploads\/2022\/06\/Power-Module-75-13x12.png 13w\" sizes=\"(max-width: 450px) 100vw, 450px\" \/><\/a><\/div><\/div><\/div><\/div><\/div><\/div><\/div><\/div><div class=\"w-tabs-section\" id=\"1619038492357-879a82a7-e762\"><button class=\"w-tabs-section-header\" aria-controls=\"content-1619038492357-879a82a7-e762\" aria-expanded=\"false\"><div class=\"w-tabs-section-title\">POTENZA+ GENERATORE<\/div><div class=\"w-tabs-section-control\"><\/div><\/button><div  class=\"w-tabs-section-content us_custom_f1ff9891\" id=\"content-1619038492357-879a82a7-e762\"><div class=\"w-tabs-section-content-h i-cf\"><div class=\"g-cols wpb_row via_flex valign_top type_default stacking_default\"><div class=\"vc_col-sm-6 wpb_column vc_column_container\"><div class=\"vc_column-inner\"><div class=\"wpb_wrapper\"><div class=\"wpb_text_column\"><div class=\"wpb_wrapper\"><p>Il generatore Power+, la nostra soluzione heat to power, \u00e8 progettato per generare elettricit\u00e0 pulita da fonti di calore a bassa temperatura. Il generatore Power+ funge anche da unit\u00e0 di cogenerazione, generando fino a 85\u00b0C di calore utilizzabile oltre all'elettricit\u00e0.<\/p>\n<p>Attualmente disponibile nella versione da 150 kW, il generatore Power+ \u00e8 ideale per le applicazioni su piccola e media scala. Con una taglia da 250 kW in fase di sviluppo e il design scalabile delle unit\u00e0, qualsiasi dimensione di attivit\u00e0 ha ora la possibilit\u00e0 di riciclare il calore di scarto in energia utilizzabile. Il generatore Power+ \u00e8 disponibile come unit\u00e0 indipendente o come pacchetto di sistema. Per i progetti con un facile accesso all'acqua calda, come l'acqua della camicia del motore, i sistemi di caldaie o le fonti geotermiche, un'unit\u00e0 indipendente pu\u00f2 essere sufficiente. Per le applicazioni pi\u00f9 grandi che utilizzano calore a temperature pi\u00f9 elevate, ElectraTherm offre opzioni di sistema complete.<\/p>\n<p>Per ulteriori informazioni, si prega di <a href=\"https:\/\/electratherm.com\/it\/generatore-di-energia\/\" target=\"_blank\" rel=\"noopener\">clicca qui<\/a>.<\/p>\n<\/div><\/div><\/div><\/div><\/div><div class=\"vc_col-sm-6 wpb_column vc_column_container\"><div class=\"vc_column-inner\"><div class=\"wpb_wrapper\"><div class=\"w-separator size_medium\"><\/div><div class=\"w-image align_center\"><a target=\"_blank\" rel=\"nofollow\" href=\"http:\/\/electratherm-us.com\/power-generator\/\" aria-label=\"6500B_Angolo\" class=\"w-image-h\"><img decoding=\"async\" width=\"450\" height=\"253\" src=\"https:\/\/electratherm.com\/wp-content\/uploads\/2019\/05\/6500B_Angle.png\" class=\"attachment-us_450_0 size-us_450_0\" alt=\"\" loading=\"lazy\" srcset=\"https:\/\/electratherm.com\/wp-content\/uploads\/2019\/05\/6500B_Angle.png 1920w, https:\/\/electratherm.com\/wp-content\/uploads\/2019\/05\/6500B_Angle-300x169.png 300w, https:\/\/electratherm.com\/wp-content\/uploads\/2019\/05\/6500B_Angle-1024x576.png 1024w, https:\/\/electratherm.com\/wp-content\/uploads\/2019\/05\/6500B_Angle-80x45.png 80w, https:\/\/electratherm.com\/wp-content\/uploads\/2019\/05\/6500B_Angle-600x338.png 600w, https:\/\/electratherm.com\/wp-content\/uploads\/2019\/05\/6500B_Angle-768x432.png 768w, https:\/\/electratherm.com\/wp-content\/uploads\/2019\/05\/6500B_Angle-200x113.png 200w, https:\/\/electratherm.com\/wp-content\/uploads\/2019\/05\/6500B_Angle-150x84.png 150w, https:\/\/electratherm.com\/wp-content\/uploads\/2019\/05\/6500B_Angle-18x10.png 18w\" sizes=\"(max-width: 450px) 100vw, 450px\" \/><\/a><\/div><\/div><\/div><\/div><\/div><\/div><\/div><\/div><div class=\"w-tabs-section\" id=\"1619038492461-2546d3ae-9a59\"><button class=\"w-tabs-section-header\" aria-controls=\"content-1619038492461-2546d3ae-9a59\" aria-expanded=\"false\"><div class=\"w-tabs-section-title\">RAFFREDDATORE ATTIVO<\/div><div class=\"w-tabs-section-control\"><\/div><\/button><div  class=\"w-tabs-section-content\" id=\"content-1619038492461-2546d3ae-9a59\"><div class=\"w-tabs-section-content-h i-cf\"><div class=\"g-cols wpb_row via_flex valign_top type_default stacking_default\"><div class=\"vc_col-sm-6 wpb_column vc_column_container\"><div class=\"vc_column-inner us_custom_f1ff9891\"><div class=\"wpb_wrapper\"><div class=\"wpb_text_column\"><div class=\"wpb_wrapper\"><p>Active Cooler, la nostra soluzione \"net-zero cooling to power\", \u00e8 una soluzione di raffreddamento a consumo zero che genera elettricit\u00e0 come funzione secondaria, senza consumo di carburante o emissioni aggiuntive.<\/p>\n<p>Personalizzabile e scalabile fino a carichi termici di diversi megawatt, l'Active Cooler utilizza gli stessi radiatori di calore scartati per generare energia e fornire raffreddamento al sito. L'unit\u00e0 \u00e8 ideale per i progetti che necessitano di nuovi radiatori, che soffrono di derrate del motore o che vogliono semplicemente aumentare l'efficienza eliminando il carico parassita e generando elettricit\u00e0 pulita.<\/p>\n<p>Per ulteriori informazioni, si prega di <a href=\"https:\/\/electratherm.com\/it\/active-cooler\/\" target=\"_blank\" rel=\"noopener\">clicca qui<\/a>.<\/p>\n<\/div><\/div><\/div><\/div><\/div><div class=\"vc_col-sm-6 wpb_column vc_column_container\"><div class=\"vc_column-inner\"><div class=\"wpb_wrapper\"><div class=\"w-separator size_medium\"><\/div><div class=\"w-image align_center\"><a target=\"_blank\" rel=\"nofollow\" href=\"http:\/\/electratherm-us.com\/active-cooler\/\" aria-label=\"AC800 PACCHETTO 12\" class=\"w-image-h\"><img decoding=\"async\" width=\"450\" height=\"132\" src=\"https:\/\/electratherm.com\/wp-content\/uploads\/2020\/11\/AC800-PACKAGE-12-450x132.png\" class=\"attachment-us_450_0 size-us_450_0\" alt=\"\" loading=\"lazy\" srcset=\"https:\/\/electratherm.com\/wp-content\/uploads\/2020\/11\/AC800-PACKAGE-12-450x132.png 450w, https:\/\/electratherm.com\/wp-content\/uploads\/2020\/11\/AC800-PACKAGE-12-e1616608614247-300x88.png 300w, https:\/\/electratherm.com\/wp-content\/uploads\/2020\/11\/AC800-PACKAGE-12-e1616608614247-1024x300.png 1024w, https:\/\/electratherm.com\/wp-content\/uploads\/2020\/11\/AC800-PACKAGE-12-80x23.png 80w, https:\/\/electratherm.com\/wp-content\/uploads\/2020\/11\/AC800-PACKAGE-12-600x176.png 600w, https:\/\/electratherm.com\/wp-content\/uploads\/2020\/11\/AC800-PACKAGE-12-200x59.png 200w, https:\/\/electratherm.com\/wp-content\/uploads\/2020\/11\/AC800-PACKAGE-12-150x44.png 150w, https:\/\/electratherm.com\/wp-content\/uploads\/2020\/11\/AC800-PACKAGE-12-700x205.png 700w, https:\/\/electratherm.com\/wp-content\/uploads\/2020\/11\/AC800-PACKAGE-12-e1616608614247-18x5.png 18w, https:\/\/electratherm.com\/wp-content\/uploads\/2020\/11\/AC800-PACKAGE-12-e1616608614247.png 1196w\" sizes=\"(max-width: 450px) 100vw, 450px\" \/><\/a><\/div><\/div><\/div><\/div><\/div><\/div><\/div><\/div><\/div><\/div><\/div><\/div><\/div><\/div><\/div><\/section><section class=\"l-section wpb_row us_custom_f1ff9891 height_medium\"><div class=\"l-section-h i-cf\"><div class=\"g-cols vc_row via_flex valign_top type_default stacking_default\"><div class=\"vc_col-sm-12 wpb_column vc_column_container\"><div class=\"vc_column-inner\"><div class=\"wpb_wrapper\"><div class=\"g-cols wpb_row via_flex valign_top type_default stacking_default\"><div class=\"vc_col-sm-2 wpb_column vc_column_container hide_on_mobiles\"><div class=\"vc_column-inner\"><div class=\"wpb_wrapper\"><\/div><\/div><\/div><div class=\"vc_col-sm-8 wpb_column vc_column_container\"><div class=\"vc_column-inner us_custom_f1ff9891\"><div class=\"wpb_wrapper\"><div class=\"wpb_text_column\"><div class=\"wpb_wrapper\"><p><img decoding=\"async\" class=\"alignleft wp-image-10058 size-us_80_0\" src=\"http:\/\/electratherm-us.com\/wp-content\/uploads\/2021\/04\/Asset-18-80x80.png\" alt=\"\" width=\"80\" height=\"80\" srcset=\"https:\/\/electratherm.com\/wp-content\/uploads\/2021\/04\/Asset-18-80x80.png 80w, https:\/\/electratherm.com\/wp-content\/uploads\/2021\/04\/Asset-18-300x300.png 300w, https:\/\/electratherm.com\/wp-content\/uploads\/2021\/04\/Asset-18-150x150.png 150w, https:\/\/electratherm.com\/wp-content\/uploads\/2021\/04\/Asset-18-175x175.png 175w, https:\/\/electratherm.com\/wp-content\/uploads\/2021\/04\/Asset-18-200x200.png 200w, https:\/\/electratherm.com\/wp-content\/uploads\/2021\/04\/Asset-18-450x450.png 450w, https:\/\/electratherm.com\/wp-content\/uploads\/2021\/04\/Asset-18.png 496w, https:\/\/electratherm.com\/wp-content\/uploads\/2021\/04\/Asset-18-12x12.png 12w\" sizes=\"(max-width: 80px) 100vw, 80px\" \/><span style=\"color: #3aaa35;\">Every project is specific, therefore every project requires a specific solution. <\/span><\/p>\n<p><span style=\"color: #3aaa35;\">Our team of engineers and technicians are at your full disposal to identify the best solution that fits your needs.<\/span><span style=\"color: #3aaa35;\"> <\/span><\/p>\n<p><strong><span style=\"color: #3aaa35;\"><a href=\"https:\/\/electratherm.com\/it\/contact\/\" rel=\"noopener\">Mettetevi in contatto con un analista in grado di determinare il prodotto ORC pi\u00f9 adatto a voi.<\/a><\/span><\/strong><\/p>\n<\/div><\/div><\/div><\/div><\/div><div class=\"vc_col-sm-2 wpb_column vc_column_container\"><div class=\"vc_column-inner\"><div class=\"wpb_wrapper\"><\/div><\/div><\/div><\/div><\/div><\/div><\/div><\/div><\/div><\/section><section class=\"l-section wpb_row height_medium\"><div class=\"l-section-h i-cf\"><div class=\"g-cols vc_row via_flex valign_top type_default stacking_default\"><div class=\"vc_col-sm-12 wpb_column vc_column_container\"><div class=\"vc_column-inner us_custom_6329cae9\"><div class=\"wpb_wrapper\"><div class=\"g-cols wpb_row us_custom_1fbb61ac via_flex valign_middle type_default stacking_default\"><div class=\"vc_col-sm-4 wpb_column vc_column_container\"><div class=\"vc_column-inner us_custom_dad4fece\"><div class=\"wpb_wrapper\"><div class=\"wpb_text_column us_custom_8a3c403a\"><div class=\"wpb_wrapper\"><h2 style=\"text-align: left;\"><strong><span style=\"color: #ffffff;\">Domande?<\/span><\/strong><\/h2>\n<\/div><\/div><\/div><\/div><\/div><div class=\"vc_col-sm-4 wpb_column vc_column_container\"><div class=\"vc_column-inner\"><div class=\"wpb_wrapper\"><div class=\"wpb_text_column us_custom_8d5aa4e2\"><div class=\"wpb_wrapper\"><p style=\"text-align: center;\"><span style=\"color: #ffffff;\">Contact us for a conversation about your unique project needs.<\/span><\/p>\n<\/div><\/div><div class=\"w-btn-wrapper align_center\"><a class=\"w-btn us-btn-style_4 us_custom_3a4d6590\" href=\"https:\/\/electratherm.com\/it\/contact\/\"><span class=\"w-btn-label\">Contatto<\/span><\/a><\/div><\/div><\/div><\/div><div class=\"vc_col-sm-4 wpb_column vc_column_container\"><div class=\"vc_column-inner\"><div class=\"wpb_wrapper\"><div class=\"wpb_text_column us_custom_8d5aa4e2\"><div class=\"wpb_wrapper\"><p style=\"text-align: center;\"><span style=\"color: #ffffff;\">Use our project evaluation form to jump start the estimating process.<\/span><\/p>\n<\/div><\/div><div class=\"w-btn-wrapper align_center\"><a class=\"w-btn us-btn-style_4 us_custom_e0903bfa\" href=\"https:\/\/electratherm.com\/it\/pef\/\"><span class=\"w-btn-label\">Modulo di valutazione del progetto<\/span><\/a><\/div><\/div><\/div><\/div><\/div><\/div><\/div><\/div><\/div><\/div><\/section>","protected":false},"excerpt":{"rendered":"PRODUCTS OUR ORGANIC RANKINE CYCLE SOLUTIONS ElectraTherm&#8217;s Organic Rankine Cycle (ORC) systems convert low temperature and waste heat as low as 70\u00b0C into clean electricity. Since hot water is the fuel, benefits include reduced fuel consumption and emissions, increased power output, net-zero cooling, flare elimination, and more. See our Applications Page for common industries served....","protected":false},"author":75,"featured_media":0,"parent":0,"menu_order":5,"comment_status":"closed","ping_status":"closed","template":"","meta":{"footnotes":""},"class_list":["post-241","page","type-page","status-publish","hentry"],"yoast_head":"<!-- This site is optimized with the Yoast SEO plugin v25.6 - https:\/\/yoast.com\/wordpress\/plugins\/seo\/ -->\n<title>Products - ElectraTherm<\/title>\n<meta name=\"description\" content=\"ElectraTherm&#039;s ORC heat to power and cooling to power solutions are ideal for low temperature waste heat...\" \/>\n<meta name=\"robots\" content=\"index, follow, max-snippet:-1, max-image-preview:large, max-video-preview:-1\" \/>\n<link rel=\"canonical\" href=\"https:\/\/electratherm.com\/it\/prodotti-2\/\" \/>\n<meta property=\"og:locale\" content=\"it_IT\" \/>\n<meta property=\"og:type\" content=\"article\" \/>\n<meta property=\"og:title\" content=\"Products - ElectraTherm\" \/>\n<meta property=\"og:description\" content=\"ElectraTherm&#039;s ORC heat to power and cooling to power solutions are ideal for low temperature waste heat...\" \/>\n<meta property=\"og:url\" content=\"https:\/\/electratherm.com\/it\/prodotti-2\/\" \/>\n<meta property=\"og:site_name\" content=\"ElectraTherm\" \/>\n<meta property=\"article:modified_time\" content=\"2025-05-12T15:30:11+00:00\" \/>\n<meta property=\"og:image\" content=\"http:\/\/electratherm-us.com\/wp-content\/uploads\/2021\/04\/Asset-18-80x80.png\" \/>\n<meta name=\"twitter:card\" content=\"summary_large_image\" \/>\n<meta name=\"twitter:label1\" content=\"Tempo di lettura stimato\" \/>\n\t<meta name=\"twitter:data1\" content=\"3 minuti\" \/>\n<script type=\"application\/ld+json\" class=\"yoast-schema-graph\">{\"@context\":\"https:\/\/schema.org\",\"@graph\":[{\"@type\":\"WebPage\",\"@id\":\"https:\/\/electratherm.com\/products\/\",\"url\":\"https:\/\/electratherm.com\/products\/\",\"name\":\"Products - ElectraTherm\",\"isPartOf\":{\"@id\":\"https:\/\/electratherm.com\/#website\"},\"primaryImageOfPage\":{\"@id\":\"https:\/\/electratherm.com\/products\/#primaryimage\"},\"image\":{\"@id\":\"https:\/\/electratherm.com\/products\/#primaryimage\"},\"thumbnailUrl\":\"http:\/\/electratherm-us.com\/wp-content\/uploads\/2021\/04\/Asset-18-80x80.png\",\"datePublished\":\"2015-02-27T00:56:13+00:00\",\"dateModified\":\"2025-05-12T15:30:11+00:00\",\"description\":\"ElectraTherm's ORC heat to power and cooling to power solutions are ideal for low temperature waste heat...\",\"breadcrumb\":{\"@id\":\"https:\/\/electratherm.com\/products\/#breadcrumb\"},\"inLanguage\":\"it-IT\",\"potentialAction\":[{\"@type\":\"ReadAction\",\"target\":[\"https:\/\/electratherm.com\/products\/\"]}]},{\"@type\":\"ImageObject\",\"inLanguage\":\"it-IT\",\"@id\":\"https:\/\/electratherm.com\/products\/#primaryimage\",\"url\":\"http:\/\/electratherm-us.com\/wp-content\/uploads\/2021\/04\/Asset-18-80x80.png\",\"contentUrl\":\"http:\/\/electratherm-us.com\/wp-content\/uploads\/2021\/04\/Asset-18-80x80.png\"},{\"@type\":\"BreadcrumbList\",\"@id\":\"https:\/\/electratherm.com\/products\/#breadcrumb\",\"itemListElement\":[{\"@type\":\"ListItem\",\"position\":1,\"name\":\"Home\",\"item\":\"https:\/\/electratherm.com\/\"},{\"@type\":\"ListItem\",\"position\":2,\"name\":\"Products\"}]},{\"@type\":\"WebSite\",\"@id\":\"https:\/\/electratherm.com\/#website\",\"url\":\"https:\/\/electratherm.com\/\",\"name\":\"ElectraTherm\",\"description\":\"\",\"potentialAction\":[{\"@type\":\"SearchAction\",\"target\":{\"@type\":\"EntryPoint\",\"urlTemplate\":\"https:\/\/electratherm.com\/?s={search_term_string}\"},\"query-input\":{\"@type\":\"PropertyValueSpecification\",\"valueRequired\":true,\"valueName\":\"search_term_string\"}}],\"inLanguage\":\"it-IT\"}]}<\/script>\n<!-- \/ Yoast SEO plugin. -->","yoast_head_json":{"title":"Prodotti - ElectraTherm","description":"Le soluzioni ORC heat to power e cooling to power di ElectraTherm sono ideali per il calore di scarto a bassa temperatura...","robots":{"index":"index","follow":"follow","max-snippet":"max-snippet:-1","max-image-preview":"max-image-preview:large","max-video-preview":"max-video-preview:-1"},"canonical":"https:\/\/electratherm.com\/it\/prodotti-2\/","og_locale":"it_IT","og_type":"article","og_title":"Products - ElectraTherm","og_description":"ElectraTherm's ORC heat to power and cooling to power solutions are ideal for low temperature waste heat...","og_url":"https:\/\/electratherm.com\/it\/prodotti-2\/","og_site_name":"ElectraTherm","article_modified_time":"2025-05-12T15:30:11+00:00","og_image":[{"url":"http:\/\/electratherm-us.com\/wp-content\/uploads\/2021\/04\/Asset-18-80x80.png","type":"","width":"","height":""}],"twitter_card":"summary_large_image","twitter_misc":{"Tempo di lettura stimato":"3 minuti"},"schema":{"@context":"https:\/\/schema.org","@graph":[{"@type":"WebPage","@id":"https:\/\/electratherm.com\/products\/","url":"https:\/\/electratherm.com\/products\/","name":"Prodotti - ElectraTherm","isPartOf":{"@id":"https:\/\/electratherm.com\/#website"},"primaryImageOfPage":{"@id":"https:\/\/electratherm.com\/products\/#primaryimage"},"image":{"@id":"https:\/\/electratherm.com\/products\/#primaryimage"},"thumbnailUrl":"http:\/\/electratherm-us.com\/wp-content\/uploads\/2021\/04\/Asset-18-80x80.png","datePublished":"2015-02-27T00:56:13+00:00","dateModified":"2025-05-12T15:30:11+00:00","description":"Le soluzioni ORC heat to power e cooling to power di ElectraTherm sono ideali per il calore di scarto a bassa temperatura...","breadcrumb":{"@id":"https:\/\/electratherm.com\/products\/#breadcrumb"},"inLanguage":"it-IT","potentialAction":[{"@type":"ReadAction","target":["https:\/\/electratherm.com\/products\/"]}]},{"@type":"ImageObject","inLanguage":"it-IT","@id":"https:\/\/electratherm.com\/products\/#primaryimage","url":"http:\/\/electratherm-us.com\/wp-content\/uploads\/2021\/04\/Asset-18-80x80.png","contentUrl":"http:\/\/electratherm-us.com\/wp-content\/uploads\/2021\/04\/Asset-18-80x80.png"},{"@type":"BreadcrumbList","@id":"https:\/\/electratherm.com\/products\/#breadcrumb","itemListElement":[{"@type":"ListItem","position":1,"name":"Home","item":"https:\/\/electratherm.com\/"},{"@type":"ListItem","position":2,"name":"Products"}]},{"@type":"WebSite","@id":"https:\/\/electratherm.com\/#website","url":"https:\/\/electratherm.com\/","name":"ElectraTherm","description":"","potentialAction":[{"@type":"SearchAction","target":{"@type":"EntryPoint","urlTemplate":"https:\/\/electratherm.com\/?s={search_term_string}"},"query-input":{"@type":"PropertyValueSpecification","valueRequired":true,"valueName":"search_term_string"}}],"inLanguage":"it-IT"}]}},"_links":{"self":[{"href":"https:\/\/electratherm.com\/it\/wp-json\/wp\/v2\/pages\/241"}],"collection":[{"href":"https:\/\/electratherm.com\/it\/wp-json\/wp\/v2\/pages"}],"about":[{"href":"https:\/\/electratherm.com\/it\/wp-json\/wp\/v2\/types\/page"}],"author":[{"embeddable":true,"href":"https:\/\/electratherm.com\/it\/wp-json\/wp\/v2\/users\/75"}],"replies":[{"embeddable":true,"href":"https:\/\/electratherm.com\/it\/wp-json\/wp\/v2\/comments?post=241"}],"version-history":[{"count":59,"href":"https:\/\/electratherm.com\/it\/wp-json\/wp\/v2\/pages\/241\/revisions"}],"predecessor-version":[{"id":13302,"href":"https:\/\/electratherm.com\/it\/wp-json\/wp\/v2\/pages\/241\/revisions\/13302"}],"wp:attachment":[{"href":"https:\/\/electratherm.com\/it\/wp-json\/wp\/v2\/media?parent=241"}],"curies":[{"name":"wp","href":"https:\/\/api.w.org\/{rel}","templated":true}]}}