{"id":9273,"date":"2021-01-12T10:00:15","date_gmt":"2021-01-12T18:00:15","guid":{"rendered":"http:\/\/electratherm-us.com\/?page_id=9273"},"modified":"2025-05-12T11:37:20","modified_gmt":"2025-05-12T15:37:20","slug":"anwendungen","status":"publish","type":"page","link":"https:\/\/electratherm.com\/de\/anwendungen\/","title":{"rendered":"Anwendungen"},"content":{"rendered":"<section class=\"l-section wpb_row height_large width_full with_img parallax_hor bgwidth_110\"><div class=\"l-section-img\" role=\"img\" data-img-width=\"2560\" data-img-height=\"1320\" style=\"background-image: url(https:\/\/electratherm.com\/wp-content\/uploads\/2021\/07\/AbstractBackground-min.png);background-repeat: no-repeat;\"><\/div><div class=\"l-section-h i-cf\"><div class=\"g-cols vc_row via_flex valign_top type_default stacking_default\"><div class=\"vc_col-sm-12 wpb_column vc_column_container\"><div class=\"vc_column-inner\"><div class=\"wpb_wrapper\"><div class=\"w-separator size_custom\" style=\"height:70\"><\/div><div class=\"wpb_text_column us_custom_6df4bc3a has_text_color\"><div class=\"wpb_wrapper\"><h1 style=\"text-align: center;\">Anwendungen<\/h1>\n<\/div><\/div><div class=\"w-separator size_custom\" style=\"height:70\"><\/div><\/div><\/div><\/div><\/div><\/div><\/section><section class=\"l-section wpb_row us_custom_f1ff9891 height_medium\"><div class=\"l-section-h i-cf\"><div class=\"g-cols vc_row via_flex valign_top type_default stacking_default\"><div class=\"vc_col-sm-12 wpb_column vc_column_container\"><div class=\"vc_column-inner us_custom_f1ff9891\"><div class=\"wpb_wrapper\"><div class=\"g-cols wpb_row via_flex valign_top type_default stacking_default\"><div class=\"vc_col-sm-12 wpb_column vc_column_container\"><div class=\"vc_column-inner\"><div class=\"wpb_wrapper\"><div class=\"wpb_text_column\"><div class=\"wpb_wrapper\"><h2><span style=\"color: #3aaa35;\">W\u00e4rmequellen<\/span><\/h2>\n<p><strong>Applicable fluid heat sources are between 70\u00b0C and 150\u00b0C. Heat sources above 150\u00b0C \u2013 such as exhaust gases or thermal oils \u2013 can be utilized with the deployment of an additional heat <\/strong><b>Austauscher.<\/b><\/p>\n<p>Unsere ORC-L\u00f6sungen mit Niedertemperatur-Abw\u00e4rmer\u00fcckgewinnung nutzen hei\u00dfes Wasser als Brennstoff, um bis zu 150 kWe sauberen Strom zu erzeugen, ohne dass dem Betreiber zus\u00e4tzliche Kosten entstehen. Die Leistungsabgabe steht in direktem Zusammenhang mit der Durchflussmenge und der Temperatur der Quelle. Eine Anwendung kann jedoch auch mit einer geringeren Durchflussmenge auskommen, wenn das Wasser eine ausreichend hohe Temperatur hat.<\/p>\n<h6><strong>Detaillierte Eingabeparameter finden Sie in unserer Produktdokumentation <a href=\"https:\/\/electratherm.com\/de\/produkte\/\" target=\"_blank\" rel=\"noopener\">hier<\/a>.<\/strong><\/h6>\n<\/div><\/div><\/div><\/div><\/div><\/div><\/div><\/div><\/div><\/div><\/div><\/section><section class=\"l-section wpb_row height_medium\"><div class=\"l-section-h i-cf\"><div class=\"g-cols vc_row via_flex valign_top type_default stacking_default\"><div class=\"vc_col-sm-4 wpb_column vc_column_container\"><div class=\"vc_column-inner us_custom_4af741be\"><div class=\"wpb_wrapper\"><div class=\"ult-new-ib ult-ib-effect-style1  ult-ib-resp\" data-min-width=\"768\" data-max-width=\"900\" style=\"background:#000000;\" data-opacity=\"0.2\" data-hover-opacity=\"0.2\" ><img decoding=\"async\" class=\"ult-new-ib-img\" style=\"opacity:0.2;\" alt=\"Motor-Abw\u00e4rmenutzung\" src=\"https:\/\/electratherm.com\/wp-content\/uploads\/2021\/07\/Engine-Waste-Heat-min.png\"   \/><div id=\"interactive-banner-wrap-7345\" class=\"ult-new-ib-desc\" style=\"\"><h2 class=\"ult-new-ib-title ult-responsive\"  data-ultimate-target='#interactive-banner-wrap-7345 .ult-new-ib-title'  data-responsive-json-new='{\"font-size\":\"\",\"line-height\":\"\"}'  style=\"font-weight:normal;\">Stromerzeugung<\/h2><div class=\"ult-new-ib-content ult-responsive\"  data-ultimate-target='#interactive-banner-wrap-7345 .ult-new-ib-content'  data-responsive-json-new='{\"font-size\":\"\",\"line-height\":\"\"}'  style=\"font-weight:bold;\"><p>Verbrennungsmotoren werden weltweit wegen ihrer zuverl\u00e4ssigen Stromerzeugungsf\u00e4higkeit eingesetzt. Wenn Sie Ihren Motor mit einem Niedertemperatur-Abw\u00e4rmer\u00fcckgewinnungssystem ausstatten, k\u00f6nnen Sie von der Erzeugung von sauberem Strom und nutzbarer W\u00e4rme profitieren. Durch die K\u00fchlf\u00e4higkeit des ORC kann das System sogar Ihren K\u00fchler ersetzen.<\/p><\/div><\/div><a class=\"ult-new-ib-link\" href=\"http:\/\/electratherm-us.com\/power-generation\/\" target=\"_blank\" rel=\"noopener\"  ><\/a><\/div><div class=\"ult-new-ib ult-ib-effect-style1  ult-ib-resp\" data-min-width=\"768\" data-max-width=\"900\" style=\"background:#000000;\" data-opacity=\"0.2\" data-hover-opacity=\"0.2\" ><img decoding=\"async\" class=\"ult-new-ib-img\" style=\"opacity:0.2;\" alt=\"Methan-Optimierung\" src=\"https:\/\/electratherm.com\/wp-content\/uploads\/2021\/07\/Methane-Optimization-min.png\"   \/><div id=\"interactive-banner-wrap-4546\" class=\"ult-new-ib-desc\" style=\"\"><h2 class=\"ult-new-ib-title ult-responsive\"  data-ultimate-target='#interactive-banner-wrap-4546 .ult-new-ib-title'  data-responsive-json-new='{\"font-size\":\"\",\"line-height\":\"\"}'  style=\"font-weight:normal;\">Methan-Optimierung<\/h2><div class=\"ult-new-ib-content ult-responsive\"  data-ultimate-target='#interactive-banner-wrap-4546 .ult-new-ib-content'  data-responsive-json-new='{\"font-size\":\"\",\"line-height\":\"\"}'  style=\"font-weight:bold;\"><p>F\u00fcr Industrien, die mit nat\u00fcrlichen Gasen arbeiten - wie Deponiegasproduktion, Biogasanlagen und Abwasseraufbereitung - kann die Integration eines ORC-W\u00e4rmer\u00fcckgewinnungssystems die Motoreffizienz erh\u00f6hen, sauberen Strom aus der Prozessw\u00e4rme des Kessels erzeugen oder sogar das Abfackeln vermeiden. Finden Sie heraus wie.<\/p><\/div><\/div><a class=\"ult-new-ib-link\" href=\"http:\/\/electratherm-us.com\/methane-optimization\/\" target=\"_blank\" rel=\"noopener\"  ><\/a><\/div><\/div><\/div><\/div><div class=\"vc_col-sm-4 wpb_column vc_column_container\"><div class=\"vc_column-inner us_custom_4af741be\"><div class=\"wpb_wrapper\"><div class=\"ult-new-ib ult-ib-effect-style1  ult-ib-resp\" data-min-width=\"768\" data-max-width=\"900\" style=\"background:#000000;\" data-opacity=\"0.2\" data-hover-opacity=\"0.2\" ><img decoding=\"async\" class=\"ult-new-ib-img\" style=\"opacity:0.2;\" alt=\"Industrielle Abw\u00e4rmenutzung\" src=\"https:\/\/electratherm.com\/wp-content\/uploads\/2021\/07\/Industrial-Waste-Heat-min.png\"   \/><div id=\"interactive-banner-wrap-6571\" class=\"ult-new-ib-desc\" style=\"\"><h2 class=\"ult-new-ib-title ult-responsive\"  data-ultimate-target='#interactive-banner-wrap-6571 .ult-new-ib-title'  data-responsive-json-new='{\"font-size\":\"\",\"line-height\":\"\"}'  style=\"font-weight:normal;\">Industrielle Abw\u00e4rme<\/h2><div class=\"ult-new-ib-content ult-responsive\"  data-ultimate-target='#interactive-banner-wrap-6571 .ult-new-ib-content'  data-responsive-json-new='{\"font-size\":\"\",\"line-height\":\"\"}'  style=\"font-weight:bold;\"><p>Industrielle Prozesse erzeugen eine Menge W\u00e4rme. Mehr als die H\u00e4lfte dieser thermischen Energie geht als Abw\u00e4rme verloren und wird in die Atmosph\u00e4re oder in unsere Gew\u00e4sser abgeleitet. Mit ElectraTherm kann diese Niedertemperatur-Abw\u00e4rme aus industriellen Prozessen genutzt werden, um zus\u00e4tzlichen, sauberen Strom zu erzeugen - und damit Ihr Endergebnis und die Umwelt zu verbessern.<\/p><\/div><\/div><a class=\"ult-new-ib-link\" href=\"http:\/\/electratherm-us.com\/industrial-waste-heat\/\" target=\"_blank\" rel=\"noopener\"  ><\/a><\/div><div class=\"ult-new-ib ult-ib-effect-style1  ult-ib-resp\" data-min-width=\"768\" data-max-width=\"900\" style=\"background:#000000;\" data-opacity=\"0.2\" data-hover-opacity=\"0.2\" ><img decoding=\"async\" class=\"ult-new-ib-img\" style=\"opacity:0.2;\" alt=\"\u00d6l- und Gas-Abw\u00e4rmenutzung\" src=\"https:\/\/electratherm.com\/wp-content\/uploads\/2021\/07\/Oil-and-Gas-Waste-Heat-min.png\"   \/><div id=\"interactive-banner-wrap-5422\" class=\"ult-new-ib-desc\" style=\"\"><h2 class=\"ult-new-ib-title ult-responsive\"  data-ultimate-target='#interactive-banner-wrap-5422 .ult-new-ib-title'  data-responsive-json-new='{\"font-size\":\"\",\"line-height\":\"\"}'  style=\"font-weight:normal;\">\u00d6l und Gas<\/h2><div class=\"ult-new-ib-content ult-responsive\"  data-ultimate-target='#interactive-banner-wrap-5422 .ult-new-ib-content'  data-responsive-json-new='{\"font-size\":\"\",\"line-height\":\"\"}'  style=\"font-weight:bold;\"><p>\u00d6l- und Gas-ORC-Anwendungen bieten Betreibern zahlreiche M\u00f6glichkeiten, von der Nutzung von Niedertemperatur-Abw\u00e4rme zu profitieren. Projekteigent\u00fcmer, die ein ORC-System von ElectraTherm integrieren, k\u00f6nnen: sauberen Strom erzeugen und gleichzeitig eine Netto-Null-K\u00fchlung erreichen, die Motoreffizienz auf bis zu 10% erh\u00f6hen, eine Grundlast-Stromversorgung in abgelegenen Gebieten bereitstellen, die Luftqualit\u00e4tsstandards durch die Eliminierung von Fackeln \u00fcbertreffen und sogar die M\u00f6glichkeit haben, geothermische Energie zu erzeugen.<\/p><\/div><\/div><a class=\"ult-new-ib-link\" href=\"http:\/\/electratherm-us.com\/oil-and-gas-orc\/\" target=\"_blank\" rel=\"noopener\"  ><\/a><\/div><\/div><\/div><\/div><div class=\"vc_col-sm-4 wpb_column vc_column_container\"><div class=\"vc_column-inner us_custom_4af741be\"><div class=\"wpb_wrapper\"><div class=\"ult-new-ib ult-ib-effect-style1  ult-ib-resp\" data-min-width=\"768\" data-max-width=\"900\" style=\"background:#000000;\" data-opacity=\"0.2\" data-hover-opacity=\"0.2\" ><img decoding=\"async\" class=\"ult-new-ib-img\" style=\"opacity:0.2;\" alt=\"Geothermische W\u00e4rmer\u00fcckgewinnung\" src=\"https:\/\/electratherm.com\/wp-content\/uploads\/2021\/07\/Geothermal-Heat-Recovery-min.png\"   \/><div id=\"interactive-banner-wrap-1466\" class=\"ult-new-ib-desc\" style=\"\"><h2 class=\"ult-new-ib-title ult-responsive\"  data-ultimate-target='#interactive-banner-wrap-1466 .ult-new-ib-title'  data-responsive-json-new='{\"font-size\":\"\",\"line-height\":\"\"}'  style=\"font-weight:normal;\">Geothermie<\/h2><div class=\"ult-new-ib-content ult-responsive\"  data-ultimate-target='#interactive-banner-wrap-1466 .ult-new-ib-content'  data-responsive-json-new='{\"font-size\":\"\",\"line-height\":\"\"}'  style=\"font-weight:bold;\"><p>Mit den j\u00fcngsten Fortschritten in der ORC-Technologie k\u00f6nnen nun auch Niedrigtemperaturquellen der Geothermie, wie hei\u00dfe Quellen und mitproduzierte Fl\u00fcssigkeiten, zur rentablen Stromerzeugung genutzt werden - ohne zus\u00e4tzliche Kosten f\u00fcr den Betreiber. Unsere ORC-Systeme eignen sich perfekt f\u00fcr die gewinnbringende Stromerzeugung oder die Bereitstellung von Grundlaststrom f\u00fcr Projekte, die entweder abgelegen sind oder eine kleine Grundfl\u00e4che ben\u00f6tigen.<\/p><\/div><\/div><a class=\"ult-new-ib-link\" href=\"http:\/\/electratherm-us.com\/geothermal\/\" target=\"_blank\" rel=\"noopener\"  ><\/a><\/div><div class=\"ult-new-ib ult-ib-effect-style1  ult-ib-resp\" data-min-width=\"768\" data-max-width=\"900\" style=\"background:#0a0a0a;\" data-opacity=\"0.2\" data-hover-opacity=\"0.2\" ><img decoding=\"async\" class=\"ult-new-ib-img\" style=\"opacity:0.2;\" alt=\"Biomasse-W\u00e4rmer\u00fcckgewinnung\" src=\"https:\/\/electratherm.com\/wp-content\/uploads\/2021\/07\/Biomass-Heat-Recovery-min.png\"   \/><div id=\"interactive-banner-wrap-6721\" class=\"ult-new-ib-desc\" style=\"\"><h2 class=\"ult-new-ib-title ult-responsive\"  data-ultimate-target='#interactive-banner-wrap-6721 .ult-new-ib-title'  data-responsive-json-new='{\"font-size\":\"\",\"line-height\":\"\"}'  style=\"font-weight:normal;color:#ffffff;\">Biomasse-Systeme<\/h2><div class=\"ult-new-ib-content ult-responsive\"  data-ultimate-target='#interactive-banner-wrap-6721 .ult-new-ib-content'  data-responsive-json-new='{\"font-size\":\"\",\"line-height\":\"\"}'  style=\"font-weight:bold;color:#ffffff;\"><p>Projekte mit Biomasse-\/Biogaskesseln f\u00fcr die Stromerzeugung, Fernw\u00e4rme oder anaerobe Verg\u00e4rung sind f\u00fcr den Einsatz unserer ORC-Systeme besonders attraktiv, da die Investitionskosten (z. B. f\u00fcr den Kessel) geringer sind und die Integration sehr einfach ist.<\/p><\/div><\/div><a class=\"ult-new-ib-link\" href=\"http:\/\/electratherm-us.com\/biomass-systems\/\" target=\"_blank\" rel=\"noopener\"  ><\/a><\/div><\/div><\/div><\/div><\/div><\/div><\/section><section class=\"l-section wpb_row height_medium\"><div class=\"l-section-h i-cf\"><div class=\"g-cols vc_row via_flex valign_top type_default stacking_default\"><div class=\"vc_col-sm-12 wpb_column vc_column_container\"><div class=\"vc_column-inner us_custom_6329cae9\"><div class=\"wpb_wrapper\"><div class=\"g-cols wpb_row us_custom_1fbb61ac via_flex valign_middle type_default stacking_default\"><div class=\"vc_col-sm-4 wpb_column vc_column_container\"><div class=\"vc_column-inner us_custom_dad4fece\"><div class=\"wpb_wrapper\"><div class=\"wpb_text_column us_custom_8a3c403a\"><div class=\"wpb_wrapper\"><h2 style=\"text-align: left;\"><strong><span style=\"color: #ffffff;\">Noch Fragen?<\/span><\/strong><\/h2>\n<\/div><\/div><\/div><\/div><\/div><div class=\"vc_col-sm-4 wpb_column vc_column_container\"><div class=\"vc_column-inner\"><div class=\"wpb_wrapper\"><div class=\"wpb_text_column us_custom_8d5aa4e2\"><div class=\"wpb_wrapper\"><p style=\"text-align: center;\"><span style=\"color: #ffffff;\">Kontaktieren Sie uns f\u00fcr ein Gespr\u00e4ch \u00fcber Ihre individuellen Projektanforderungen.<\/span><\/p>\n<\/div><\/div><div class=\"w-btn-wrapper align_center\"><a class=\"w-btn us-btn-style_4 us_custom_3a4d6590\" href=\"https:\/\/electratherm.com\/de\/kontakt\/\"><span class=\"w-btn-label\">Kontakt<\/span><\/a><\/div><\/div><\/div><\/div><div class=\"vc_col-sm-4 wpb_column vc_column_container\"><div class=\"vc_column-inner\"><div class=\"wpb_wrapper\"><div class=\"wpb_text_column us_custom_8d5aa4e2\"><div class=\"wpb_wrapper\"><p style=\"text-align: center;\"><span style=\"color: #ffffff;\">Nutzen Sie unser Projektbewertungsformular, um den Kostenvoranschlagsprozess zu starten.<\/span><\/p>\n<\/div><\/div><div class=\"w-btn-wrapper align_center\"><a class=\"w-btn us-btn-style_4 us_custom_e0903bfa\" href=\"https:\/\/electratherm.com\/de\/pef\/\"><span class=\"w-btn-label\">Formular zur Projektbewertung<\/span><\/a><\/div><\/div><\/div><\/div><\/div><\/div><\/div><\/div><\/div><\/div><\/section>","protected":false},"excerpt":{"rendered":"Applications Heat Sources Applicable fluid heat sources are between 70\u00b0C and 150\u00b0C. Heat sources above 150\u00b0C \u2013 such as exhaust gases or thermal oils \u2013 can be utilized with the deployment of an additional heat exchanger. Our low temperature waste heat recovery ORC solutions use hot water as fuel in order to generate up to...","protected":false},"author":75,"featured_media":0,"parent":0,"menu_order":30,"comment_status":"closed","ping_status":"closed","template":"","meta":{"footnotes":""},"class_list":["post-9273","page","type-page","status-publish","hentry"],"yoast_head":"<!-- This site is optimized with the Yoast SEO plugin v25.6 - https:\/\/yoast.com\/wordpress\/plugins\/seo\/ -->\n<title>Applications - ElectraTherm<\/title>\n<meta name=\"description\" content=\"Low temperature waste heat recovery solutions are a practical and profitable addition to most power generation and industrial processes.\" \/>\n<meta name=\"robots\" content=\"index, follow, max-snippet:-1, max-image-preview:large, max-video-preview:-1\" \/>\n<link rel=\"canonical\" href=\"https:\/\/electratherm.com\/de\/anwendungen\/\" \/>\n<meta property=\"og:locale\" content=\"de_DE\" \/>\n<meta property=\"og:type\" content=\"article\" \/>\n<meta property=\"og:title\" content=\"Applications - ElectraTherm\" \/>\n<meta property=\"og:description\" content=\"Low temperature waste heat recovery solutions are a practical and profitable addition to most power generation and industrial processes.\" \/>\n<meta property=\"og:url\" content=\"https:\/\/electratherm.com\/de\/anwendungen\/\" \/>\n<meta property=\"og:site_name\" content=\"ElectraTherm\" \/>\n<meta property=\"article:modified_time\" content=\"2025-05-12T15:37:20+00:00\" \/>\n<meta name=\"twitter:card\" content=\"summary_large_image\" \/>\n<meta name=\"twitter:label1\" content=\"Gesch\u00e4tzte Lesezeit\" \/>\n\t<meta name=\"twitter:data1\" content=\"4\u00a0Minuten\" \/>\n<script type=\"application\/ld+json\" class=\"yoast-schema-graph\">{\"@context\":\"https:\/\/schema.org\",\"@graph\":[{\"@type\":\"WebPage\",\"@id\":\"https:\/\/electratherm.com\/applications\/\",\"url\":\"https:\/\/electratherm.com\/applications\/\",\"name\":\"Applications - ElectraTherm\",\"isPartOf\":{\"@id\":\"https:\/\/electratherm.com\/#website\"},\"datePublished\":\"2021-01-12T18:00:15+00:00\",\"dateModified\":\"2025-05-12T15:37:20+00:00\",\"description\":\"Low temperature waste heat recovery solutions are a practical and profitable addition to most power generation and industrial processes.\",\"breadcrumb\":{\"@id\":\"https:\/\/electratherm.com\/applications\/#breadcrumb\"},\"inLanguage\":\"de\",\"potentialAction\":[{\"@type\":\"ReadAction\",\"target\":[\"https:\/\/electratherm.com\/applications\/\"]}]},{\"@type\":\"BreadcrumbList\",\"@id\":\"https:\/\/electratherm.com\/applications\/#breadcrumb\",\"itemListElement\":[{\"@type\":\"ListItem\",\"position\":1,\"name\":\"Home\",\"item\":\"https:\/\/electratherm.com\/\"},{\"@type\":\"ListItem\",\"position\":2,\"name\":\"Applications\"}]},{\"@type\":\"WebSite\",\"@id\":\"https:\/\/electratherm.com\/#website\",\"url\":\"https:\/\/electratherm.com\/\",\"name\":\"ElectraTherm\",\"description\":\"\",\"potentialAction\":[{\"@type\":\"SearchAction\",\"target\":{\"@type\":\"EntryPoint\",\"urlTemplate\":\"https:\/\/electratherm.com\/?s={search_term_string}\"},\"query-input\":{\"@type\":\"PropertyValueSpecification\",\"valueRequired\":true,\"valueName\":\"search_term_string\"}}],\"inLanguage\":\"de\"}]}<\/script>\n<!-- \/ Yoast SEO plugin. -->","yoast_head_json":{"title":"Anwendungen - ElectraTherm","description":"L\u00f6sungen zur R\u00fcckgewinnung von Niedertemperatur-Abw\u00e4rme sind eine praktische und rentable Erg\u00e4nzung f\u00fcr die meisten Stromerzeugungs- und Industrieprozesse.","robots":{"index":"index","follow":"follow","max-snippet":"max-snippet:-1","max-image-preview":"max-image-preview:large","max-video-preview":"max-video-preview:-1"},"canonical":"https:\/\/electratherm.com\/de\/anwendungen\/","og_locale":"de_DE","og_type":"article","og_title":"Applications - ElectraTherm","og_description":"Low temperature waste heat recovery solutions are a practical and profitable addition to most power generation and industrial processes.","og_url":"https:\/\/electratherm.com\/de\/anwendungen\/","og_site_name":"ElectraTherm","article_modified_time":"2025-05-12T15:37:20+00:00","twitter_card":"summary_large_image","twitter_misc":{"Gesch\u00e4tzte Lesezeit":"4\u00a0Minuten"},"schema":{"@context":"https:\/\/schema.org","@graph":[{"@type":"WebPage","@id":"https:\/\/electratherm.com\/applications\/","url":"https:\/\/electratherm.com\/applications\/","name":"Anwendungen - ElectraTherm","isPartOf":{"@id":"https:\/\/electratherm.com\/#website"},"datePublished":"2021-01-12T18:00:15+00:00","dateModified":"2025-05-12T15:37:20+00:00","description":"L\u00f6sungen zur R\u00fcckgewinnung von Niedertemperatur-Abw\u00e4rme sind eine praktische und rentable Erg\u00e4nzung f\u00fcr die meisten Stromerzeugungs- und Industrieprozesse.","breadcrumb":{"@id":"https:\/\/electratherm.com\/applications\/#breadcrumb"},"inLanguage":"de","potentialAction":[{"@type":"ReadAction","target":["https:\/\/electratherm.com\/applications\/"]}]},{"@type":"BreadcrumbList","@id":"https:\/\/electratherm.com\/applications\/#breadcrumb","itemListElement":[{"@type":"ListItem","position":1,"name":"Home","item":"https:\/\/electratherm.com\/"},{"@type":"ListItem","position":2,"name":"Applications"}]},{"@type":"WebSite","@id":"https:\/\/electratherm.com\/#website","url":"https:\/\/electratherm.com\/","name":"ElectraTherm","description":"","potentialAction":[{"@type":"SearchAction","target":{"@type":"EntryPoint","urlTemplate":"https:\/\/electratherm.com\/?s={search_term_string}"},"query-input":{"@type":"PropertyValueSpecification","valueRequired":true,"valueName":"search_term_string"}}],"inLanguage":"de"}]}},"_links":{"self":[{"href":"https:\/\/electratherm.com\/de\/wp-json\/wp\/v2\/pages\/9273"}],"collection":[{"href":"https:\/\/electratherm.com\/de\/wp-json\/wp\/v2\/pages"}],"about":[{"href":"https:\/\/electratherm.com\/de\/wp-json\/wp\/v2\/types\/page"}],"author":[{"embeddable":true,"href":"https:\/\/electratherm.com\/de\/wp-json\/wp\/v2\/users\/75"}],"replies":[{"embeddable":true,"href":"https:\/\/electratherm.com\/de\/wp-json\/wp\/v2\/comments?post=9273"}],"version-history":[{"count":16,"href":"https:\/\/electratherm.com\/de\/wp-json\/wp\/v2\/pages\/9273\/revisions"}],"predecessor-version":[{"id":13307,"href":"https:\/\/electratherm.com\/de\/wp-json\/wp\/v2\/pages\/9273\/revisions\/13307"}],"wp:attachment":[{"href":"https:\/\/electratherm.com\/de\/wp-json\/wp\/v2\/media?parent=9273"}],"curies":[{"name":"wp","href":"https:\/\/api.w.org\/{rel}","templated":true}]}}