{"id":9175,"date":"2021-01-11T07:04:06","date_gmt":"2021-01-11T15:04:06","guid":{"rendered":"http:\/\/electratherm-us.com\/?page_id=9175"},"modified":"2025-05-13T11:05:35","modified_gmt":"2025-05-13T15:05:35","slug":"methan-optimierung","status":"publish","type":"page","link":"https:\/\/electratherm.com\/de\/methan-optimierung\/","title":{"rendered":"Methan-Optimierung"},"content":{"rendered":"<section class=\"l-section wpb_row height_large width_full with_img parallax_hor bgwidth_110\"><div class=\"l-section-img\" role=\"img\" data-img-width=\"1100\" data-img-height=\"700\" style=\"background-image: url(https:\/\/electratherm.com\/wp-content\/uploads\/2021\/07\/Methane-Optimization-min.png);background-repeat: no-repeat;\"><\/div><div class=\"l-section-overlay\" style=\"background:var(--color-content-overlay)\"><\/div><div class=\"l-section-h i-cf\"><div class=\"g-cols vc_row via_flex valign_top type_default stacking_default\"><div class=\"vc_col-sm-12 wpb_column vc_column_container\"><div class=\"vc_column-inner\"><div class=\"wpb_wrapper\"><div class=\"w-separator size_custom\" style=\"height:70\"><\/div><h1 class=\"w-post-elm post_title us_custom_8b3d6790 has_text_color align_center entry-title color_link_inherit\">Methan-Optimierung<\/h1><div class=\"w-separator size_custom\" style=\"height:70\"><\/div><\/div><\/div><\/div><\/div><\/div><\/section><section class=\"l-section wpb_row us_custom_f1ff9891 height_medium\"><div class=\"l-section-h i-cf\"><div class=\"g-cols vc_row via_flex valign_top type_default stacking_default\"><div class=\"vc_col-sm-12 wpb_column vc_column_container\"><div class=\"vc_column-inner us_custom_f1ff9891\"><div class=\"wpb_wrapper\"><div class=\"g-cols wpb_row via_flex valign_top type_default stacking_default\"><div class=\"vc_col-sm-12 wpb_column vc_column_container\"><div class=\"vc_column-inner\"><div class=\"wpb_wrapper\"><div class=\"wpb_text_column\"><div class=\"wpb_wrapper\"><h2><span style=\"color: #3aaa35;\">ZWEI WEGE ZUR ERZEUGUNG SAUBERER ENERGIE<\/span><\/h2>\n<\/div><\/div><div class=\"wpb_text_column\"><div class=\"wpb_wrapper\"><p>The following two methods can be cost-effective for operations such as wastewater treatment, biogas facilities and municipalities seeking to utilize landfill gases like methane for energy production.<\/p>\n<\/div><\/div><div class=\"w-separator size_medium\"><\/div><\/div><\/div><\/div><\/div><div class=\"w-tabs layout_hor style_trendy switch_click has_scrolling\" style=\"--sections-title-size:1em\"><div class=\"w-tabs-list items_2 align_justify\"><div class=\"w-tabs-list-h\"><button class=\"w-tabs-item active defined-active\" aria-controls=\"content-1619205122900-ce3faf8d-7009\" aria-expanded=\"true\"><span class=\"w-tabs-item-title\">KESSELPROZESSW\u00c4RME<\/span><\/button><button class=\"w-tabs-item\" aria-controls=\"content-1619205122973-ff9c4964-abaf\" aria-expanded=\"false\"><span class=\"w-tabs-item-title\">MOTORABW\u00c4RME<\/span><\/button><\/div><\/div><div class=\"w-tabs-sections titles-align_none icon_chevron cpos_right\"><div class=\"w-tabs-section active\" id=\"1619205122900-ce3faf8d-7009\"><button class=\"w-tabs-section-header active\" aria-controls=\"content-1619205122900-ce3faf8d-7009\" aria-expanded=\"true\"><div class=\"w-tabs-section-title\">KESSELPROZESSW\u00c4RME<\/div><div class=\"w-tabs-section-control\"><\/div><\/button><div  class=\"w-tabs-section-content\" id=\"content-1619205122900-ce3faf8d-7009\"><div class=\"w-tabs-section-content-h i-cf\"><div class=\"g-cols wpb_row via_flex valign_top type_default stacking_default\"><div class=\"vc_col-sm-2 wpb_column vc_column_container\"><div class=\"vc_column-inner\"><div class=\"wpb_wrapper\"><\/div><\/div><\/div><div class=\"vc_col-sm-8 wpb_column vc_column_container\"><div class=\"vc_column-inner us_custom_f1ff9891\"><div class=\"wpb_wrapper\"><div class=\"wpb_text_column\"><div class=\"wpb_wrapper\"><h3>\u00dcbersch\u00fcssiges Gas als Brennstoff f\u00fcr einen Heizkessel verwenden<\/h3>\n<p>Auch wenn nicht alle Anlagen Gas abfackeln, so tun dies doch sehr viele - was im Hinblick auf die Methanemissionen zunehmend Anlass zur Sorge gibt. Einige Betreiber haben sich daf\u00fcr entschieden, dieses \u00fcbersch\u00fcssige Gas in Kesseln zu verbrennen, um den Druck aufrechtzuerhalten und W\u00e4rmeenergie zu erzeugen. Dies ist zwar eine angemessene L\u00f6sung, aber wer die W\u00e4rme nicht nutzen kann, verschwendet einfach Energie. Durch die Integration eines ElectraTherm ORC in einen Biogaskessel k\u00f6nnen Anlagenbetreiber sauberen Strom erzeugen und ihre Fackel eliminieren. Das Verfahren ist einfach.<\/p>\n<p><strong><span style=\"color: #3aaa35;\">\/\/<\/span><\/strong>\u00a0 \u00dcbersch\u00fcssiges Gas wird in den Heizkessel geleitet, der das Wasser f\u00fcr den ORC erhitzt.<\/p>\n<p><strong><span style=\"color: #3aaa35;\">\/\/\u00a0<\/span> <\/strong>Das Wasser wird dann durch den ORC geleitet, der ein geschlossener Kreislauf ist, und erzeugt Strom.<\/p>\n<p><strong><span style=\"color: #3aaa35;\">\/\/\u00a0<\/span> <\/strong>Durch die Verwendung von \u00fcbersch\u00fcssigem Gas als Brennstoff f\u00fcr einen Kessel wird die Fackel \u00fcberfl\u00fcssig.<\/p>\n<p><strong><span style=\"color: #3aaa35;\">\/\/\u00a0<\/span><\/strong> Indem mehr Gas zum Kessel geleitet wird, kann die Wasserproduktion erh\u00f6ht und die ORC-Leistung maximiert werden.<\/p>\n<\/div><\/div><\/div><\/div><\/div><div class=\"vc_col-sm-2 wpb_column vc_column_container\"><div class=\"vc_column-inner\"><div class=\"wpb_wrapper\"><\/div><\/div><\/div><\/div><\/div><\/div><\/div><div class=\"w-tabs-section\" id=\"1619205122973-ff9c4964-abaf\"><button class=\"w-tabs-section-header\" aria-controls=\"content-1619205122973-ff9c4964-abaf\" aria-expanded=\"false\"><div class=\"w-tabs-section-title\">MOTORABW\u00c4RME<\/div><div class=\"w-tabs-section-control\"><\/div><\/button><div  class=\"w-tabs-section-content\" id=\"content-1619205122973-ff9c4964-abaf\"><div class=\"w-tabs-section-content-h i-cf\"><div class=\"g-cols wpb_row via_flex valign_top type_default stacking_default\"><div class=\"vc_col-sm-2 wpb_column vc_column_container\"><div class=\"vc_column-inner\"><div class=\"wpb_wrapper\"><\/div><\/div><\/div><div class=\"vc_col-sm-8 wpb_column vc_column_container\"><div class=\"vc_column-inner us_custom_f1ff9891\"><div class=\"wpb_wrapper\"><div class=\"wpb_text_column\"><div class=\"wpb_wrapper\"><h3>Umwandlung von Motorabw\u00e4rme in saubere Elektrizit\u00e4t<\/h3>\n<p>Der einfachste Ansatz zur ORC-Stromerzeugung ist die Nutzung der Motorabw\u00e4rme, entweder aus dem K\u00fchlkreislauf (Mantelwasser) oder dem Abgas. Wenn Sie einen Motor mit ORC-Stromerzeugung ausstatten, erzeugen Sie sauberen Strom und reduzieren gleichzeitig die K\u00fchllast um 70-100%. Dies f\u00fchrt zu einer Steigerung des Wirkungsgrads um bis zu 10%, was den Kraftstoffverbrauch und die Emissionen erheblich reduziert.<\/p>\n<\/div><\/div><\/div><\/div><\/div><div class=\"vc_col-sm-2 wpb_column vc_column_container\"><div class=\"vc_column-inner\"><div class=\"wpb_wrapper\"><\/div><\/div><\/div><\/div><\/div><\/div><\/div><\/div><\/div><\/div><\/div><\/div><\/div><\/div><\/section><section class=\"l-section wpb_row us_custom_f1ff9891 height_medium\"><div class=\"l-section-overlay\" style=\"background:var(--color-content-primary)\"><\/div><div class=\"l-section-h i-cf\"><div class=\"g-cols vc_row via_flex valign_top type_default stacking_default\"><div class=\"vc_col-sm-12 wpb_column vc_column_container has_text_color\"><div class=\"vc_column-inner us_custom_0eed956a\"><div class=\"wpb_wrapper\"><div class=\"g-cols wpb_row via_flex valign_top type_default stacking_default\"><div class=\"vc_col-sm-2 wpb_column vc_column_container\"><div class=\"vc_column-inner\"><div class=\"wpb_wrapper\"><\/div><\/div><\/div><div class=\"vc_col-sm-8 wpb_column vc_column_container\"><div class=\"vc_column-inner\"><div class=\"wpb_wrapper\"><div class=\"wpb_text_column\"><div class=\"wpb_wrapper\"><h2>Projektwirtschaft<\/h2>\n<p>Herk\u00f6mmliche Methoden zur Stromerzeugung aus Biogas erfordern eine teure und umfangreiche Infrastruktur, die einen gro\u00dfen Fu\u00dfabdruck hinterl\u00e4sst. Der h\u00e4ufigste Weg, den Anlagenbetreiber w\u00e4hlen, ist die Installation einer Biogasaufbereitung und -speicherung zusammen mit einem Motoraggregat. Die Kosten f\u00fcr diese Ausr\u00fcstung k\u00f6nnen sich leicht auf weit \u00fcber $1 Million USD belaufen. Au\u00dferdem treten bei Motoren, die mit Biogas betrieben werden, regelm\u00e4\u00dfig Probleme mit Siloxanablagerungen auf. Dies erfordert eine teure Wartung, die zu Ausfallzeiten oder sogar zu einem kompletten Austausch des Motors f\u00fchrt.<\/p>\n<p>Ein anderer Ansatz ist die einfache Integration eines ORC in einen bestehenden Heizkessel. Diese L\u00f6sung kostet nicht nur nur nur ein Viertel der Kosten, sondern erfordert auch sehr wenig Infrastruktur. Im Hinblick auf Siloxan sind Kessel viel weniger anf\u00e4llig f\u00fcr gr\u00f6\u00dfere Sch\u00e4den und viele sind so konstruiert, dass sie leicht und schnell gereinigt werden k\u00f6nnen - was die Ausfallzeiten minimiert.  Der Einsatz der autonomen ORC-Stromerzeugungstechnologie von ElectraTherm mit Fern\u00fcberwachung erm\u00f6glicht es den Betreibern, Strom zu erzeugen, ohne die bestehenden Prozesse negativ zu beeinflussen.<\/p>\n<\/div><\/div><\/div><\/div><\/div><div class=\"vc_col-sm-2 wpb_column vc_column_container\"><div class=\"vc_column-inner\"><div class=\"wpb_wrapper\"><\/div><\/div><\/div><\/div><\/div><\/div><\/div><\/div><\/div><\/section><section class=\"l-section wpb_row us_custom_f1ff9891 height_medium\"><div class=\"l-section-h i-cf\"><div class=\"g-cols vc_row via_flex valign_top type_default stacking_default\"><div class=\"vc_col-sm-12 wpb_column vc_column_container\"><div class=\"vc_column-inner us_custom_e7f5d98a\"><div class=\"wpb_wrapper\"><div class=\"g-cols wpb_row via_flex valign_top type_default stacking_default\"><div class=\"vc_col-sm-6 wpb_column vc_column_container\"><div class=\"vc_column-inner\"><div class=\"wpb_wrapper\"><div class=\"ult-new-ib ult-ib-effect-style1  ult-ib-resp\" data-min-width=\"768\" data-max-width=\"900\" style=\"background:#0c0c0c;\" data-opacity=\"0.3\" data-hover-opacity=\"0.3\" ><img decoding=\"async\" class=\"ult-new-ib-img\" style=\"opacity:0.3;\" alt=\"null\" src=\"https:\/\/electratherm.com\/wp-content\/uploads\/2021\/07\/Hess_1100x600-min.png\"   \/><div id=\"interactive-banner-wrap-2721\" class=\"ult-new-ib-desc\" style=\"\"><h3 class=\"ult-new-ib-title ult-responsive\"  data-ultimate-target='#interactive-banner-wrap-2721 .ult-new-ib-title'  data-responsive-json-new='{\"font-size\":\"\",\"line-height\":\"\"}'  style=\"font-weight:normal;\">Erfolgreiche Demonstration im Bakken<\/h3><div class=\"ult-new-ib-content ult-responsive\"  data-ultimate-target='#interactive-banner-wrap-2721 .ult-new-ib-content'  data-responsive-json-new='{\"font-size\":\"\",\"line-height\":\"\"}'  style=\"font-weight:bold;\"><p>Mit Unterst\u00fctzung des Energieministeriums und in Zusammenarbeit mit Gulf Coast Green Energy hat ElectraTherm einen Power+ Generator 4400B an einer \u00d6lquelle in North Dakota in Betrieb genommen, um die F\u00e4higkeit des Ger\u00e4ts zur Reduzierung des Abfackelns zu demonstrieren. Das Abfackeln wurde zwar nicht vollst\u00e4ndig beseitigt, aber doch erheblich reduziert. Ein gr\u00f6\u00dferer ORC - der 6500B - ist optimal f\u00fcr die vollst\u00e4ndige Beseitigung von Fackeln.<\/p><\/div><\/div><a class=\"ult-new-ib-link\" href=\"http:\/\/electratherm-us.com\/first-flare-elimination-demonstration\/\" target=\"_blank\" rel=\"noopener\"  ><\/a><\/div><\/div><\/div><\/div><div class=\"vc_col-sm-6 wpb_column vc_column_container\"><div class=\"vc_column-inner\"><div class=\"wpb_wrapper\"><div class=\"w-separator us_custom_5fb5abd6 has_text_color size_small with_line width_default thick_1 style_solid color_primary align_center with_text with_content\"><div class=\"w-separator-h\"><h3 class=\"w-separator-text\"><span>Signifikante Emissionsminderungen<\/span><\/h3><\/div><\/div><div class=\"wpb_text_column\"><div class=\"wpb_wrapper\"><p><strong>Kohlenmonoxid sank um <span style=\"color: #3aaa35;\">98%<\/span><\/strong><\/p>\n<p><strong>Stickstoffoxide sanken um <span style=\"color: #3aaa35;\">48%<\/span><\/strong><\/p>\n<p><strong>VOCs sanken um<span style=\"color: #3aaa35;\"> 93%<\/span><\/strong><\/p>\n<p>Watch a video on how <a href=\"https:\/\/www.youtube.com\/watch?v=4IJEZ1e-PRA&amp;feature=youtu.be\" target=\"_blank\" rel=\"noopener\">methane optimization works<\/a>.<\/p>\n<\/div><\/div><\/div><\/div><\/div><\/div><\/div><\/div><\/div><\/div><\/div><\/section><section class=\"l-section wpb_row height_medium\"><div class=\"l-section-h i-cf\"><div class=\"g-cols vc_row via_flex valign_top type_default stacking_default\"><div class=\"vc_col-sm-12 wpb_column vc_column_container\"><div class=\"vc_column-inner us_custom_6329cae9\"><div class=\"wpb_wrapper\"><div class=\"g-cols wpb_row us_custom_1fbb61ac via_flex valign_middle type_default stacking_default\"><div class=\"vc_col-sm-4 wpb_column vc_column_container\"><div class=\"vc_column-inner us_custom_dad4fece\"><div class=\"wpb_wrapper\"><div class=\"wpb_text_column us_custom_8a3c403a\"><div class=\"wpb_wrapper\"><h2 style=\"text-align: left;\"><strong><span style=\"color: #ffffff;\">Noch Fragen?<\/span><\/strong><\/h2>\n<\/div><\/div><\/div><\/div><\/div><div class=\"vc_col-sm-4 wpb_column vc_column_container\"><div class=\"vc_column-inner\"><div class=\"wpb_wrapper\"><div class=\"wpb_text_column us_custom_8d5aa4e2\"><div class=\"wpb_wrapper\"><p style=\"text-align: center;\"><span style=\"color: #ffffff;\">Kontaktieren Sie uns f\u00fcr ein Gespr\u00e4ch \u00fcber Ihre individuellen Projektanforderungen.<\/span><\/p>\n<\/div><\/div><div class=\"w-btn-wrapper align_center\"><a class=\"w-btn us-btn-style_4 us_custom_3a4d6590\" href=\"https:\/\/electratherm.com\/de\/kontakt\/\"><span class=\"w-btn-label\">Kontakt<\/span><\/a><\/div><\/div><\/div><\/div><div class=\"vc_col-sm-4 wpb_column vc_column_container\"><div class=\"vc_column-inner\"><div class=\"wpb_wrapper\"><div class=\"wpb_text_column us_custom_8d5aa4e2\"><div class=\"wpb_wrapper\"><p style=\"text-align: center;\"><span style=\"color: #ffffff;\">Nutzen Sie unser Projektbewertungsformular, um den Kostenvoranschlagsprozess zu starten.<\/span><\/p>\n<\/div><\/div><div class=\"w-btn-wrapper align_center\"><a class=\"w-btn us-btn-style_4 us_custom_e0903bfa\" href=\"https:\/\/electratherm.com\/de\/pef\/\"><span class=\"w-btn-label\">Formular zur Projektbewertung<\/span><\/a><\/div><\/div><\/div><\/div><\/div><\/div><\/div><\/div><\/div><\/div><\/section>","protected":false},"excerpt":{"rendered":"Methane OptimizationTWO WAYS TO GENERATE CLEAN ENERGY The following two methods can be cost-effective for operations such as wastewater treatment, biogas facilities and municipalities seeking to utilize landfill gases like methane for energy production. BOILER PROCESS HEATENGINE WASTE HEATBOILER PROCESS HEATUse Excess Gas to Fuel a Boiler While all plants may not flare gas, a...","protected":false},"author":75,"featured_media":0,"parent":0,"menu_order":0,"comment_status":"closed","ping_status":"closed","template":"","meta":{"footnotes":""},"class_list":["post-9175","page","type-page","status-publish","hentry"],"yoast_head":"<!-- This site is optimized with the Yoast SEO plugin v25.6 - https:\/\/yoast.com\/wordpress\/plugins\/seo\/ -->\n<title>Methane Optimization - ElectraTherm<\/title>\n<meta name=\"robots\" content=\"index, follow, max-snippet:-1, max-image-preview:large, max-video-preview:-1\" \/>\n<link rel=\"canonical\" href=\"https:\/\/electratherm.com\/de\/methan-optimierung\/\" \/>\n<meta property=\"og:locale\" content=\"de_DE\" \/>\n<meta property=\"og:type\" content=\"article\" \/>\n<meta property=\"og:title\" content=\"Methane Optimization - ElectraTherm\" \/>\n<meta property=\"og:url\" content=\"https:\/\/electratherm.com\/de\/methan-optimierung\/\" \/>\n<meta property=\"og:site_name\" content=\"ElectraTherm\" \/>\n<meta property=\"article:modified_time\" content=\"2025-05-13T15:05:35+00:00\" \/>\n<meta name=\"twitter:card\" content=\"summary_large_image\" \/>\n<meta name=\"twitter:label1\" content=\"Gesch\u00e4tzte Lesezeit\" \/>\n\t<meta name=\"twitter:data1\" content=\"3\u00a0Minuten\" \/>\n<script type=\"application\/ld+json\" class=\"yoast-schema-graph\">{\"@context\":\"https:\/\/schema.org\",\"@graph\":[{\"@type\":\"WebPage\",\"@id\":\"https:\/\/electratherm.com\/methane-optimization\/\",\"url\":\"https:\/\/electratherm.com\/methane-optimization\/\",\"name\":\"Methane Optimization - ElectraTherm\",\"isPartOf\":{\"@id\":\"https:\/\/electratherm.com\/#website\"},\"datePublished\":\"2021-01-11T15:04:06+00:00\",\"dateModified\":\"2025-05-13T15:05:35+00:00\",\"breadcrumb\":{\"@id\":\"https:\/\/electratherm.com\/methane-optimization\/#breadcrumb\"},\"inLanguage\":\"de\",\"potentialAction\":[{\"@type\":\"ReadAction\",\"target\":[\"https:\/\/electratherm.com\/methane-optimization\/\"]}]},{\"@type\":\"BreadcrumbList\",\"@id\":\"https:\/\/electratherm.com\/methane-optimization\/#breadcrumb\",\"itemListElement\":[{\"@type\":\"ListItem\",\"position\":1,\"name\":\"Home\",\"item\":\"https:\/\/electratherm.com\/\"},{\"@type\":\"ListItem\",\"position\":2,\"name\":\"Methane Optimization\"}]},{\"@type\":\"WebSite\",\"@id\":\"https:\/\/electratherm.com\/#website\",\"url\":\"https:\/\/electratherm.com\/\",\"name\":\"ElectraTherm\",\"description\":\"\",\"potentialAction\":[{\"@type\":\"SearchAction\",\"target\":{\"@type\":\"EntryPoint\",\"urlTemplate\":\"https:\/\/electratherm.com\/?s={search_term_string}\"},\"query-input\":{\"@type\":\"PropertyValueSpecification\",\"valueRequired\":true,\"valueName\":\"search_term_string\"}}],\"inLanguage\":\"de\"}]}<\/script>\n<!-- \/ Yoast SEO plugin. -->","yoast_head_json":{"title":"Methan-Optimierung - ElectraTherm","robots":{"index":"index","follow":"follow","max-snippet":"max-snippet:-1","max-image-preview":"max-image-preview:large","max-video-preview":"max-video-preview:-1"},"canonical":"https:\/\/electratherm.com\/de\/methan-optimierung\/","og_locale":"de_DE","og_type":"article","og_title":"Methane Optimization - ElectraTherm","og_url":"https:\/\/electratherm.com\/de\/methan-optimierung\/","og_site_name":"ElectraTherm","article_modified_time":"2025-05-13T15:05:35+00:00","twitter_card":"summary_large_image","twitter_misc":{"Gesch\u00e4tzte Lesezeit":"3\u00a0Minuten"},"schema":{"@context":"https:\/\/schema.org","@graph":[{"@type":"WebPage","@id":"https:\/\/electratherm.com\/methane-optimization\/","url":"https:\/\/electratherm.com\/methane-optimization\/","name":"Methan-Optimierung - ElectraTherm","isPartOf":{"@id":"https:\/\/electratherm.com\/#website"},"datePublished":"2021-01-11T15:04:06+00:00","dateModified":"2025-05-13T15:05:35+00:00","breadcrumb":{"@id":"https:\/\/electratherm.com\/methane-optimization\/#breadcrumb"},"inLanguage":"de","potentialAction":[{"@type":"ReadAction","target":["https:\/\/electratherm.com\/methane-optimization\/"]}]},{"@type":"BreadcrumbList","@id":"https:\/\/electratherm.com\/methane-optimization\/#breadcrumb","itemListElement":[{"@type":"ListItem","position":1,"name":"Home","item":"https:\/\/electratherm.com\/"},{"@type":"ListItem","position":2,"name":"Methane Optimization"}]},{"@type":"WebSite","@id":"https:\/\/electratherm.com\/#website","url":"https:\/\/electratherm.com\/","name":"ElectraTherm","description":"","potentialAction":[{"@type":"SearchAction","target":{"@type":"EntryPoint","urlTemplate":"https:\/\/electratherm.com\/?s={search_term_string}"},"query-input":{"@type":"PropertyValueSpecification","valueRequired":true,"valueName":"search_term_string"}}],"inLanguage":"de"}]}},"_links":{"self":[{"href":"https:\/\/electratherm.com\/de\/wp-json\/wp\/v2\/pages\/9175"}],"collection":[{"href":"https:\/\/electratherm.com\/de\/wp-json\/wp\/v2\/pages"}],"about":[{"href":"https:\/\/electratherm.com\/de\/wp-json\/wp\/v2\/types\/page"}],"author":[{"embeddable":true,"href":"https:\/\/electratherm.com\/de\/wp-json\/wp\/v2\/users\/75"}],"replies":[{"embeddable":true,"href":"https:\/\/electratherm.com\/de\/wp-json\/wp\/v2\/comments?post=9175"}],"version-history":[{"count":19,"href":"https:\/\/electratherm.com\/de\/wp-json\/wp\/v2\/pages\/9175\/revisions"}],"predecessor-version":[{"id":13380,"href":"https:\/\/electratherm.com\/de\/wp-json\/wp\/v2\/pages\/9175\/revisions\/13380"}],"wp:attachment":[{"href":"https:\/\/electratherm.com\/de\/wp-json\/wp\/v2\/media?parent=9175"}],"curies":[{"name":"wp","href":"https:\/\/api.w.org\/{rel}","templated":true}]}}