{"id":5063,"date":"2017-08-02T16:29:30","date_gmt":"2017-08-02T23:29:30","guid":{"rendered":"http:\/\/electratherm-us.com\/?page_id=5063"},"modified":"2025-05-13T12:20:38","modified_gmt":"2025-05-13T16:20:38","slug":"videos","status":"publish","type":"page","link":"https:\/\/electratherm.com\/de\/videos\/","title":{"rendered":"Videos"},"content":{"rendered":"<section class=\"l-section wpb_row height_medium with_img parallax_hor bgwidth_130\"><div class=\"l-section-img\" role=\"img\" data-img-width=\"2560\" data-img-height=\"1320\" style=\"background-image: url(https:\/\/electratherm.com\/wp-content\/uploads\/2021\/07\/AbstractBackground-min.png);\"><\/div><div class=\"l-section-h i-cf\"><div class=\"g-cols vc_row via_flex valign_top type_default stacking_default\"><div class=\"vc_col-sm-12 wpb_column vc_column_container\"><div class=\"vc_column-inner\"><div class=\"wpb_wrapper\"><div class=\"w-separator size_custom\" style=\"height:70\"><\/div><div class=\"wpb_text_column\"><div class=\"wpb_wrapper\"><h1 style=\"text-align: center;\"><span style=\"color: #ffffff;\">ElectraTherm Videos<\/span><\/h1>\n<\/div><\/div><div class=\"w-separator size_custom\" style=\"height:70\"><\/div><\/div><\/div><\/div><\/div><\/div><\/section><section class=\"l-section wpb_row us_custom_f1ff9891 height_auto\"><div class=\"l-section-h i-cf\"><div class=\"g-cols vc_row via_flex valign_top type_default stacking_default\"><div class=\"vc_col-sm-12 wpb_column vc_column_container\"><div class=\"vc_column-inner us_custom_f1ff9891\"><div class=\"wpb_wrapper\"><div class=\"w-separator size_huge\"><\/div><div class=\"g-cols wpb_row via_flex valign_top type_default stacking_default\"><div class=\"vc_col-sm-4 wpb_column vc_column_container\"><div class=\"vc_column-inner\"><div class=\"wpb_wrapper\"><div class=\"w-video align_none ratio_16x9 has_iframe\"><div class=\"w-video-h\"><iframe title=\"Youtube-Video-Player\" src=\"\/\/www.youtube.com\/embed\/9wejAaljirw?autoplay=0&controls=1&origin=https:\/\/electratherm.com\/de&loop=0&mute=0\" allowfullscreen=\"1\" loading=\"lazy\"><\/iframe><\/div><div class=\"w-video-icon\" style=\"font-size:1.5rem;background:rgba(0,0,0,0.5);color:#fff\"><\/div><\/div><div class=\"wpb_text_column\"><div class=\"wpb_wrapper\"><h3 class=\"watch-title-container\" style=\"text-align: center;\"><span id=\"eow-title\" class=\"watch-title\" dir=\"ltr\" title=\"SCHAFFUNG VON EMISSIONSFREIER GEOTHERMISCHER ENERGIE AUS KOPRODUZIERTEN FL\u00dcSSIGKEITEN BEI \u00d6L- UND GASAKTIVIT\u00c4TEN\">SCHAFFUNG VON EMISSIONSFREIER GEOTHERMISCHER ENERGIE AUS KOPRODUZIERTEN FL\u00dcSSIGKEITEN BEI \u00d6L- UND GASAKTIVIT\u00c4TEN<\/span><\/h3>\n<\/div><\/div><\/div><\/div><\/div><div class=\"vc_col-sm-4 wpb_column vc_column_container\"><div class=\"vc_column-inner\"><div class=\"wpb_wrapper\"><div class=\"w-video align_none ratio_16x9 has_iframe\"><div class=\"w-video-h\"><iframe title=\"Youtube-Video-Player\" src=\"\/\/www.youtube.com\/embed\/lmwQGcHBS1A?autoplay=0&controls=1&origin=https:\/\/electratherm.com\/de&loop=0&mute=0\" allowfullscreen=\"1\" loading=\"lazy\"><\/iframe><\/div><div class=\"w-video-icon\" style=\"font-size:1.5rem;background:rgba(0,0,0,0.5);color:#fff\"><\/div><\/div><div class=\"wpb_text_column\"><div class=\"wpb_wrapper\"><h3 class=\"watch-title-container\" style=\"text-align: center;\"><span id=\"eow-title\" class=\"watch-title\" dir=\"ltr\" title=\"ElectraTherm erzeugt Strom aus Niedertemperatur-Geothermie\">Methanreduzierung und verbesserte Energieausbeute f\u00fcr Deponiegas-Betreiber<\/span><\/h3>\n<\/div><\/div><\/div><\/div><\/div><div class=\"vc_col-sm-4 wpb_column vc_column_container\"><div class=\"vc_column-inner\"><div class=\"wpb_wrapper\"><div class=\"w-video align_none ratio_16x9 has_iframe\"><div class=\"w-video-h\"><iframe title=\"Youtube-Video-Player\" src=\"\/\/www.youtube.com\/embed\/pIqWacj8AQ8?autoplay=0&controls=1&origin=https:\/\/electratherm.com\/de&loop=0&mute=0\" allowfullscreen=\"1\" loading=\"lazy\"><\/iframe><\/div><div class=\"w-video-icon\" style=\"font-size:1.5rem;background:rgba(0,0,0,0.5);color:#fff\"><\/div><\/div><div class=\"wpb_text_column\"><div class=\"wpb_wrapper\"><h3 class=\"watch-title-container\" style=\"text-align: center;\"><span id=\"eow-title\" class=\"watch-title\" dir=\"ltr\" title=\"Reduzierung der Methanemissionen in Erdgasverdichtungsstationen\">Reduzierung der Methanemissionen in Erdgasverdichtungsstationen<\/span><\/h3>\n<\/div><\/div><\/div><\/div><\/div><\/div><div class=\"w-separator size_small\"><\/div><div class=\"g-cols wpb_row via_flex valign_top type_default stacking_default\"><div class=\"vc_col-sm-4 wpb_column vc_column_container\"><div class=\"vc_column-inner\"><div class=\"wpb_wrapper\"><div class=\"w-video align_none ratio_16x9 has_iframe\"><div class=\"w-video-h\"><iframe title=\"Youtube-Video-Player\" src=\"\/\/www.youtube.com\/embed\/4IJEZ1e-PRA?autoplay=0&controls=1&origin=https:\/\/electratherm.com\/de&loop=0&mute=0\" allowfullscreen=\"1\" loading=\"lazy\"><\/iframe><\/div><div class=\"w-video-icon\" style=\"font-size:1.5rem;background:rgba(0,0,0,0.5);color:#fff\"><\/div><\/div><div class=\"wpb_text_column\"><div class=\"wpb_wrapper\"><h3 class=\"watch-title-container\" style=\"text-align: center;\"><span id=\"eow-title\" class=\"watch-title\" dir=\"ltr\" title=\"ElectraTherms System zur Beseitigung von Fackeln\">Das Fackel-Eliminierungssystem<\/span><\/h3>\n<\/div><\/div><\/div><\/div><\/div><div class=\"vc_col-sm-4 wpb_column vc_column_container\"><div class=\"vc_column-inner\"><div class=\"wpb_wrapper\"><div class=\"w-video align_none ratio_16x9 has_iframe\"><div class=\"w-video-h\"><iframe title=\"Youtube-Video-Player\" src=\"\/\/www.youtube.com\/embed\/2-FK1JJs2tQ?autoplay=0&controls=1&origin=https:\/\/electratherm.com\/de&loop=0&mute=0\" allowfullscreen=\"1\" loading=\"lazy\"><\/iframe><\/div><div class=\"w-video-icon\" style=\"font-size:1.5rem;background:rgba(0,0,0,0.5);color:#fff\"><\/div><\/div><div class=\"wpb_text_column\"><div class=\"wpb_wrapper\"><h3 class=\"watch-title-container\" style=\"text-align: center;\"><span id=\"eow-title\" class=\"watch-title\" dir=\"ltr\" title=\"ElectraTherm erzeugt Strom aus Niedertemperatur-Geothermie\">Niedertemperatur-Geothermie<\/span><\/h3>\n<\/div><\/div><\/div><\/div><\/div><div class=\"vc_col-sm-4 wpb_column vc_column_container\"><div class=\"vc_column-inner\"><div class=\"wpb_wrapper\"><div class=\"w-video align_none ratio_16x9 has_iframe\"><div class=\"w-video-h\"><iframe title=\"Youtube-Video-Player\" src=\"\/\/www.youtube.com\/embed\/YbxkKizyFXA?autoplay=0&controls=1&origin=https:\/\/electratherm.com\/de&loop=0&mute=0\" allowfullscreen=\"1\" loading=\"lazy\"><\/iframe><\/div><div class=\"w-video-icon\" style=\"font-size:1.5rem;background:rgba(0,0,0,0.5);color:#fff\"><\/div><\/div><div class=\"wpb_text_column\"><div class=\"wpb_wrapper\"><h3 class=\"watch-title-container\" style=\"text-align: center;\"><span id=\"eow-title\" class=\"watch-title\" dir=\"ltr\" title=\"ElectraTherm erzeugt erneuerbare Energie in Kl\u00e4ranlagen\">Erzeugung erneuerbarer Energie in Kl\u00e4ranlagen<\/span><\/h3>\n<\/div><\/div><\/div><\/div><\/div><\/div><div class=\"g-cols wpb_row via_flex valign_top type_default stacking_default\"><div class=\"vc_col-sm-4 wpb_column vc_column_container\"><div class=\"vc_column-inner\"><div class=\"wpb_wrapper\"><div class=\"w-video align_none ratio_16x9 has_iframe\"><div class=\"w-video-h\"><iframe title=\"Youtube-Video-Player\" src=\"\/\/www.youtube.com\/embed\/vbTyEKsuMcM?autoplay=0&controls=1&origin=https:\/\/electratherm.com\/de&loop=0&mute=0\" allowfullscreen=\"1\" loading=\"lazy\"><\/iframe><\/div><div class=\"w-video-icon\" style=\"font-size:1.5rem;background:rgba(0,0,0,0.5);color:#fff\"><\/div><\/div><div class=\"wpb_text_column\"><div class=\"wpb_wrapper\"><h3 class=\"watch-title-container\" style=\"text-align: center;\">Abw\u00e4rme zur Stromerzeugung<\/h3>\n<\/div><\/div><\/div><\/div><\/div><div class=\"vc_col-sm-4 wpb_column vc_column_container\"><div class=\"vc_column-inner\"><div class=\"wpb_wrapper\"><div class=\"w-video align_none ratio_16x9 has_iframe\"><div class=\"w-video-h\"><iframe title=\"Youtube-Video-Player\" src=\"\/\/www.youtube.com\/embed\/BROGPlQUK6o?autoplay=0&controls=1&origin=https:\/\/electratherm.com\/de&loop=0&mute=0\" allowfullscreen=\"1\" loading=\"lazy\"><\/iframe><\/div><div class=\"w-video-icon\" style=\"font-size:1.5rem;background:rgba(0,0,0,0.5);color:#fff\"><\/div><\/div><div class=\"wpb_text_column\"><div class=\"wpb_wrapper\"><h3 class=\"watch-title-container\" style=\"text-align: center;\"><span id=\"eow-title\" class=\"watch-title\" dir=\"ltr\" title=\"Erneuerbare Energie als Grundlast in abgelegenen Gebieten\">Diesel-Abw\u00e4rmeverstromung<\/span><\/h3>\n<\/div><\/div><\/div><\/div><\/div><div class=\"vc_col-sm-4 wpb_column vc_column_container\"><div class=\"vc_column-inner\"><div class=\"wpb_wrapper\"><div class=\"w-video align_none ratio_16x9 has_iframe\"><div class=\"w-video-h\"><iframe title=\"Youtube-Video-Player\" src=\"\/\/www.youtube.com\/embed\/TnhUYLX4pq4?autoplay=0&controls=1&origin=https:\/\/electratherm.com\/de&loop=0&mute=0\" allowfullscreen=\"1\" loading=\"lazy\"><\/iframe><\/div><div class=\"w-video-icon\" style=\"font-size:1.5rem;background:rgba(0,0,0,0.5);color:#fff\"><\/div><\/div><div class=\"wpb_text_column\"><div class=\"wpb_wrapper\"><h3 class=\"watch-title-container\"\nstyle=\"text-align: center;\">Der Heizk\u00f6rper mit R\u00fcckzahlung<\/h3>\n<\/div><\/div><\/div><\/div><\/div><\/div><\/div><\/div><\/div><\/div><\/div><\/section><section class=\"l-section wpb_row height_medium\"><div class=\"l-section-h i-cf\"><div class=\"g-cols vc_row via_flex valign_top type_default stacking_default\"><div class=\"vc_col-sm-4 wpb_column vc_column_container hide_on_mobiles\"><div class=\"vc_column-inner\"><div class=\"wpb_wrapper\"><\/div><\/div><\/div><div class=\"vc_col-sm-4 wpb_column vc_column_container\"><div class=\"vc_column-inner\"><div class=\"wpb_wrapper\"><div class=\"w-separator hide_on_mobiles size_custom\" style=\"height:30\"><\/div><div class=\"w-btn-wrapper align_center\"><a class=\"w-btn us-btn-style_1\" title=\"ElectraTherm YouTube Seite\" target=\"_blank\" rel=\"nofollow\" href=\"https:\/\/www.youtube.com\/user\/ElectraTherm\"><span class=\"w-btn-label\">Mehr Videos<\/span><\/a><\/div><\/div><\/div><\/div><div class=\"vc_col-sm-4 wpb_column vc_column_container\"><div class=\"vc_column-inner\"><div class=\"wpb_wrapper\"><\/div><\/div><\/div><\/div><\/div><\/section><section class=\"l-section wpb_row height_medium\"><div class=\"l-section-h i-cf\"><div class=\"g-cols vc_row via_flex valign_top type_default stacking_default\"><div class=\"vc_col-sm-12 wpb_column vc_column_container\"><div class=\"vc_column-inner us_custom_6329cae9\"><div class=\"wpb_wrapper\"><div class=\"g-cols wpb_row us_custom_1fbb61ac via_flex valign_middle type_default stacking_default\"><div class=\"vc_col-sm-4 wpb_column vc_column_container\"><div class=\"vc_column-inner us_custom_dad4fece\"><div class=\"wpb_wrapper\"><div class=\"wpb_text_column us_custom_8a3c403a\"><div class=\"wpb_wrapper\"><h2 style=\"text-align: left;\"><strong><span style=\"color: #ffffff;\">Noch Fragen?<\/span><\/strong><\/h2>\n<\/div><\/div><\/div><\/div><\/div><div class=\"vc_col-sm-4 wpb_column vc_column_container\"><div class=\"vc_column-inner\"><div class=\"wpb_wrapper\"><div class=\"wpb_text_column us_custom_8d5aa4e2\"><div class=\"wpb_wrapper\"><p style=\"text-align: center;\"><span style=\"color: #ffffff;\">Kontaktieren Sie uns f\u00fcr ein Gespr\u00e4ch \u00fcber Ihre individuellen Projektanforderungen.<\/span><\/p>\n<\/div><\/div><div class=\"w-btn-wrapper align_center\"><a class=\"w-btn us-btn-style_4 us_custom_3a4d6590\" href=\"https:\/\/electratherm.com\/de\/kontakt\/\"><span class=\"w-btn-label\">Kontakt<\/span><\/a><\/div><\/div><\/div><\/div><div class=\"vc_col-sm-4 wpb_column vc_column_container\"><div class=\"vc_column-inner\"><div class=\"wpb_wrapper\"><div class=\"wpb_text_column us_custom_8d5aa4e2\"><div class=\"wpb_wrapper\"><p style=\"text-align: center;\"><span style=\"color: #ffffff;\">Nutzen Sie unser Projektbewertungsformular, um den Kostenvoranschlagsprozess zu starten.<\/span><\/p>\n<\/div><\/div><div class=\"w-btn-wrapper align_center\"><a class=\"w-btn us-btn-style_4 us_custom_e0903bfa\" href=\"https:\/\/electratherm.com\/de\/pef\/\"><span class=\"w-btn-label\">Formular zur Projektbewertung<\/span><\/a><\/div><\/div><\/div><\/div><\/div><\/div><\/div><\/div><\/div><\/div><\/section>","protected":false},"excerpt":{"rendered":"ElectraTherm Videos CREATING ZERO EMISSIONS GEOTHERMAL ENERY FROM CO-PRODUCED FLUIDS IN OIL &amp; GAS OPERATIONS Methane Reduction &amp; Enhanced Energy Outputs for Landfill Gas Operators Reduce Methane Emissions at Natural Gas Compression Stations The Flare Elimination System Low Temperature Geothermal Generate Renewable Energy at Wastewater Treatment Plants Waste Heat to Power Diesel Waste Heat to...","protected":false},"author":75,"featured_media":0,"parent":0,"menu_order":0,"comment_status":"closed","ping_status":"closed","template":"","meta":{"footnotes":""},"class_list":["post-5063","page","type-page","status-publish","hentry"],"yoast_head":"<!-- This site is optimized with the Yoast SEO plugin v25.6 - https:\/\/yoast.com\/wordpress\/plugins\/seo\/ -->\n<title>Videos - ElectraTherm<\/title>\n<meta name=\"robots\" content=\"index, follow, max-snippet:-1, max-image-preview:large, max-video-preview:-1\" \/>\n<link rel=\"canonical\" href=\"https:\/\/electratherm.com\/de\/videos\/\" \/>\n<meta property=\"og:locale\" content=\"de_DE\" \/>\n<meta property=\"og:type\" content=\"article\" \/>\n<meta property=\"og:title\" content=\"Videos - ElectraTherm\" \/>\n<meta property=\"og:url\" content=\"https:\/\/electratherm.com\/de\/videos\/\" \/>\n<meta property=\"og:site_name\" content=\"ElectraTherm\" \/>\n<meta property=\"article:modified_time\" content=\"2025-05-13T16:20:38+00:00\" \/>\n<meta name=\"twitter:card\" content=\"summary_large_image\" \/>\n<meta name=\"twitter:label1\" content=\"Gesch\u00e4tzte Lesezeit\" \/>\n\t<meta name=\"twitter:data1\" content=\"1\u00a0Minute\" \/>\n<script type=\"application\/ld+json\" class=\"yoast-schema-graph\">{\"@context\":\"https:\/\/schema.org\",\"@graph\":[{\"@type\":\"WebPage\",\"@id\":\"https:\/\/electratherm.com\/videos\/\",\"url\":\"https:\/\/electratherm.com\/videos\/\",\"name\":\"Videos - ElectraTherm\",\"isPartOf\":{\"@id\":\"https:\/\/electratherm.com\/#website\"},\"datePublished\":\"2017-08-02T23:29:30+00:00\",\"dateModified\":\"2025-05-13T16:20:38+00:00\",\"breadcrumb\":{\"@id\":\"https:\/\/electratherm.com\/videos\/#breadcrumb\"},\"inLanguage\":\"de\",\"potentialAction\":[{\"@type\":\"ReadAction\",\"target\":[\"https:\/\/electratherm.com\/videos\/\"]}]},{\"@type\":\"BreadcrumbList\",\"@id\":\"https:\/\/electratherm.com\/videos\/#breadcrumb\",\"itemListElement\":[{\"@type\":\"ListItem\",\"position\":1,\"name\":\"Home\",\"item\":\"https:\/\/electratherm.com\/\"},{\"@type\":\"ListItem\",\"position\":2,\"name\":\"Videos\"}]},{\"@type\":\"WebSite\",\"@id\":\"https:\/\/electratherm.com\/#website\",\"url\":\"https:\/\/electratherm.com\/\",\"name\":\"ElectraTherm\",\"description\":\"\",\"potentialAction\":[{\"@type\":\"SearchAction\",\"target\":{\"@type\":\"EntryPoint\",\"urlTemplate\":\"https:\/\/electratherm.com\/?s={search_term_string}\"},\"query-input\":{\"@type\":\"PropertyValueSpecification\",\"valueRequired\":true,\"valueName\":\"search_term_string\"}}],\"inLanguage\":\"de\"}]}<\/script>\n<!-- \/ Yoast SEO plugin. -->","yoast_head_json":{"title":"Videos - ElectraTherm","robots":{"index":"index","follow":"follow","max-snippet":"max-snippet:-1","max-image-preview":"max-image-preview:large","max-video-preview":"max-video-preview:-1"},"canonical":"https:\/\/electratherm.com\/de\/videos\/","og_locale":"de_DE","og_type":"article","og_title":"Videos - ElectraTherm","og_url":"https:\/\/electratherm.com\/de\/videos\/","og_site_name":"ElectraTherm","article_modified_time":"2025-05-13T16:20:38+00:00","twitter_card":"summary_large_image","twitter_misc":{"Gesch\u00e4tzte Lesezeit":"1\u00a0Minute"},"schema":{"@context":"https:\/\/schema.org","@graph":[{"@type":"WebPage","@id":"https:\/\/electratherm.com\/videos\/","url":"https:\/\/electratherm.com\/videos\/","name":"Videos - ElectraTherm","isPartOf":{"@id":"https:\/\/electratherm.com\/#website"},"datePublished":"2017-08-02T23:29:30+00:00","dateModified":"2025-05-13T16:20:38+00:00","breadcrumb":{"@id":"https:\/\/electratherm.com\/videos\/#breadcrumb"},"inLanguage":"de","potentialAction":[{"@type":"ReadAction","target":["https:\/\/electratherm.com\/videos\/"]}]},{"@type":"BreadcrumbList","@id":"https:\/\/electratherm.com\/videos\/#breadcrumb","itemListElement":[{"@type":"ListItem","position":1,"name":"Home","item":"https:\/\/electratherm.com\/"},{"@type":"ListItem","position":2,"name":"Videos"}]},{"@type":"WebSite","@id":"https:\/\/electratherm.com\/#website","url":"https:\/\/electratherm.com\/","name":"ElectraTherm","description":"","potentialAction":[{"@type":"SearchAction","target":{"@type":"EntryPoint","urlTemplate":"https:\/\/electratherm.com\/?s={search_term_string}"},"query-input":{"@type":"PropertyValueSpecification","valueRequired":true,"valueName":"search_term_string"}}],"inLanguage":"de"}]}},"_links":{"self":[{"href":"https:\/\/electratherm.com\/de\/wp-json\/wp\/v2\/pages\/5063"}],"collection":[{"href":"https:\/\/electratherm.com\/de\/wp-json\/wp\/v2\/pages"}],"about":[{"href":"https:\/\/electratherm.com\/de\/wp-json\/wp\/v2\/types\/page"}],"author":[{"embeddable":true,"href":"https:\/\/electratherm.com\/de\/wp-json\/wp\/v2\/users\/75"}],"replies":[{"embeddable":true,"href":"https:\/\/electratherm.com\/de\/wp-json\/wp\/v2\/comments?post=5063"}],"version-history":[{"count":12,"href":"https:\/\/electratherm.com\/de\/wp-json\/wp\/v2\/pages\/5063\/revisions"}],"predecessor-version":[{"id":13422,"href":"https:\/\/electratherm.com\/de\/wp-json\/wp\/v2\/pages\/5063\/revisions\/13422"}],"wp:attachment":[{"href":"https:\/\/electratherm.com\/de\/wp-json\/wp\/v2\/media?parent=5063"}],"curies":[{"name":"wp","href":"https:\/\/api.w.org\/{rel}","templated":true}]}}