{"id":242,"date":"2015-02-26T16:56:52","date_gmt":"2015-02-27T00:56:52","guid":{"rendered":"http:\/\/www.newurl.com\/?page_id=242"},"modified":"2025-05-13T16:28:00","modified_gmt":"2025-05-13T20:28:00","slug":"faqs","status":"publish","type":"page","link":"https:\/\/electratherm.com\/de\/faqs\/","title":{"rendered":"FAQs"},"content":{"rendered":"<section class=\"l-section wpb_row height_large width_full with_img parallax_hor bgwidth_110\"><div class=\"l-section-img\" role=\"img\" data-img-width=\"2560\" data-img-height=\"1320\" style=\"background-image: url(https:\/\/electratherm.com\/wp-content\/uploads\/2021\/07\/AbstractBackground-min.png);background-repeat: no-repeat;\"><\/div><div class=\"l-section-h i-cf\"><div class=\"g-cols vc_row via_flex valign_top type_default stacking_default\"><div class=\"vc_col-sm-12 wpb_column vc_column_container\"><div class=\"vc_column-inner\"><div class=\"wpb_wrapper\"><div class=\"w-separator size_custom\" style=\"height:70\"><\/div><div class=\"wpb_text_column us_custom_6df4bc3a has_text_color\"><div class=\"wpb_wrapper\"><h1 style=\"text-align: center;\">H\u00e4ufig gestellte Fragen<\/h1>\n<\/div><\/div><div class=\"w-separator size_custom\" style=\"height:70\"><\/div><\/div><\/div><\/div><\/div><\/div><\/section><section class=\"l-section wpb_row us_custom_f1ff9891 height_medium\"><div class=\"l-section-h i-cf\"><div class=\"g-cols vc_row via_flex valign_top type_default stacking_default\"><div class=\"vc_col-sm-12 wpb_column vc_column_container\"><div class=\"vc_column-inner\"><div class=\"wpb_wrapper\"><div class=\"g-cols wpb_row via_flex valign_top type_default stacking_default\"><div class=\"vc_col-sm-12 wpb_column vc_column_container\"><div class=\"vc_column-inner us_custom_f1ff9891\"><div class=\"wpb_wrapper\"><div class=\"wpb_text_column\"><div class=\"wpb_wrapper\"><h3 class=\"faq-questions\">1. What is &#8220;Waste Heat&#8221; and where is it Available?<\/h3>\n<p>Abw\u00e4rme ist die von Industriemaschinen, elektrischen Ger\u00e4ten und Prozessen erzeugte W\u00e4rme, f\u00fcr die es keine sinnvolle Verwendung gibt.  Ein dieselbetriebener Generator beispielsweise st\u00f6\u00dft W\u00e4rme sowohl in das Mantelwasser als auch in die Abgase ab, f\u00fcr die es normalerweise keine Verwendung gibt.  Eine Feuerung oder ein Kessel erzeugt ebenfalls hei\u00dfe Abgase, die in der Regel \u00fcber den Abgaskamin in die Atmosph\u00e4re abgeleitet werden.<\/p>\n<p>Lesen Sie mehr \u00fcber Abw\u00e4rme von unserer Partnerorganisation, der Heat is Power Association, <a href=\"https:\/\/hip.inventivewebdesign.com\/waste-heat\/\" target=\"_blank\" rel=\"noopener\">hier.<\/a><\/p>\n<p>Abw\u00e4rme kommt in praktisch jeder Industrie vor - und zwar in vielen Formen, von Mantelwasser und Abgasen bis hin zu geothermischer Sole und hei\u00dfem Wasser aus Heizkesseln.<\/p>\n<p><strong>Typische Anwendungen sind:<\/strong><\/p>\n<ul>\n<li>Combustion Engines<\/li>\n<li>Boilers<\/li>\n<li>Industrielle Abw\u00e4rme<\/li>\n<li>Solar Thermal<\/li>\n<li>Geothermal and Co-Produced Fluids<\/li>\n<li>Oil &amp; Gas Heat Recovery<\/li>\n<\/ul>\n<p>Siehe unser <a href=\"https:\/\/electratherm.com\/de\/anwendungen\/\" target=\"_blank\" rel=\"noopener\">Anwendungen Seite<\/a> f\u00fcr weitere Informationen.<\/p>\n<h3 class=\"faq-questions\">2. Will ElectraTherm\u2019s waste heat recovery solutions work on any recoverable heat source?<\/h3>\n<p>Der Power+ funktioniert am besten bei einem Warmwasserdurchfluss von 50-365 GPM (3,2-23 l\/s) bei 158-302\u00b0F (70-150\u00b0C). Wenn die Temperatur der Warmwasserquelle \u00fcber unserem oberen Grenzwert liegt, gibt es immer noch die M\u00f6glichkeit, die Warmwasserquelle \u00fcber einen zweiten Kreislauf zu reduzieren. Durch die Integration eines W\u00e4rmetauschers k\u00f6nnen auch gasf\u00f6rmige W\u00e4rmequellen genutzt werden.<\/p>\n<h3 class=\"faq-questions\">3. I have exhaust stack heat, how do I connect a Power+ Generator?<\/h3>\n<p>Der Power+ kann die Abgasw\u00e4rme mit Hilfe eines Abgasw\u00e4rmetauschers nutzen. ElectraTherm unterst\u00fctzt Sie bei der Auswahl des richtigen Modells f\u00fcr Ihre Anwendung.<\/p>\n<h3 class=\"faq-questions\">4. Can the Power+ Generator directly use thermal oil or hot exhaust gas as a waste heat input medium?<\/h3>\n<p>Nein. Der Power+ ist f\u00fcr reines Hei\u00dfwasser, kondensierten Dampf oder eine Mischung aus Hei\u00dfwasser und Glykol als W\u00e4rmetr\u00e4ger ausgelegt.  F\u00fcr Abw\u00e4rmer\u00fcckgewinnungsanwendungen, die nicht auf Wasser basieren, wird ein sekund\u00e4rer Wasserkreislauf als Zwischenkreislauf zwischen der Abw\u00e4rmequelle und dem f\u00fcr den Power+-Eingang ben\u00f6tigten Wasserkreislauf ben\u00f6tigt.<\/p>\n<h3 class=\"faq-questions\">5. What is the Power+ Generator?<\/h3>\n<p>Der Power+ Generator ist ein auf dem Organic Rankine Cycle (ORC) basierendes Abw\u00e4rme-Stromerzeugungssystem. Er nutzt Abw\u00e4rme aus dezentralen Hei\u00dfwasserquellen wie dem Mantelwasser station\u00e4rer Motoren, Biomassekesseln, Solarthermie und geothermischen\/gemeinsam erzeugten Fl\u00fcssigkeiten, um bis zu 125kWe brennstoff- und emissionsfreien Strom zu erzeugen.<\/p>\n<h3 class=\"faq-questions\">6. What is the Active Cooler?<\/h3>\n<p>Der Active Cooler ist ElectraTherms erste K\u00fchll\u00f6sung, die den gleichen ORC-Prozess wie der Power+ Generator verwendet, um eine Netto-Null-Energie-K\u00fchll\u00f6sung zu bieten, die auch in der Lage ist, in Zeiten geringer Auslastung profitablen Strom zu erzeugen. Er dient als K\u00fchlerersatz, der Ihnen Geld einbringt.<\/p>\n<h3 class=\"faq-questions\">7. How are the Power+ Generator and Active Cooler different than other ORCs?<\/h3>\n<ul>\n<li>Operates at low temperatures (hot water from 70\u00b0C to 150\u00b0C).<\/li>\n<li>Uses a proprietary twin screw expander that can accept dual-phase flow (mix of gas and liquid).<\/li>\n<li>The expander operates at much lower speeds (&lt;5000 rpm) compared to turbine technologies, drastically reducing wear and tear.<\/li>\n<li>Variable output range allows ElectraTherm&#8217;s ORC solutions to continually produce power (or cool your system in the case of the Active Cooler) over a wide range of input parameters.<\/li>\n<\/ul>\n<h3 class=\"faq-questions\">8. If the Power+ Generator can accept hot water above boiling temperatures, how is it possible to make hot water above 100\u00b0C that is not steam?<\/h3>\n<p>Durch die Aufrechterhaltung des Drucks in einem geschlossenen Rohrleitungssystem kann Warmwasser als Fl\u00fcssigkeit oberhalb des atmosph\u00e4rischen Siedepunkts gehalten werden.<\/p>\n<h3 class=\"faq-questions\">9. What size machines does ElectaTherm make?<\/h3>\n<p>Der Power+ Generator 4400B und 4400B+ kann bis zu 75 kWe erzeugen, w\u00e4hrend der 6500B und 6500B+ bis zu 125 kWe erzeugen kann. Der Active Cooler ist ebenfalls in zwei Versionen erh\u00e4ltlich, dem AC800 (f\u00fcr 800 kWth) und dem AC1800 (f\u00fcr 1800 kWth). Warmwassertemperatur, Verfl\u00fcssigungstemperatur, verf\u00fcgbare W\u00e4rmeleistung und Warmwasserdurchflussmenge bestimmen, wie viel Strom an jedem Standort erzeugt werden kann.<\/p>\n<h3 class=\"faq-questions\">10. How do I buy a Power+ Generator?<\/h3>\n<p>ElectraTherm verkauft \u00fcber ein H\u00e4ndlernetz. Bitte kontaktieren Sie uns \u00fcber unser <a href=\"https:\/\/electratherm.com\/de\/kontakt\/\" target=\"_blank\" rel=\"noopener\">Kontakt<\/a> Seite, um mit der\/den zust\u00e4ndigen Person(en) in Kontakt zu treten.<\/p>\n<h3 class=\"faq-questions\">11. How much does a Power+ Generator or Active Cooler cost?<\/h3>\n<p>Die ORC-L\u00f6sungen von ElectraTherm sind keine eigenst\u00e4ndigen Ger\u00e4te. Sie sind Teil eines kompletten installierten Systems.  Der Preis des Moduls ist nur ein Teil eines kompletten installierten Systems. Die Gesamtkosten der ORC-Anlage sind eine Funktion der Modulkosten und der Anlagenbilanz.  Die Gesamtkosten der Anlage beziehen sich auf alles, was f\u00fcr den Betrieb des ORC-Moduls erforderlich ist.  Dazu geh\u00f6ren die Kosten f\u00fcr Sanit\u00e4r- und Elektroinstallationen sowie die Kosten f\u00fcr den Bau der Anlage, die standortspezifisch sind. Je nach Installationsort k\u00f6nnen die installierten Gesamtkosten bis zum Dreifachen variieren.  Jeder Standort hat andere Installationskosten oder Materialkosten, die den Anforderungen des jeweiligen Standorts entsprechen. Wenn Sie ein Projekt ins Auge gefasst haben, ist der n\u00e4chste Schritt das Ausf\u00fcllen eines Projektbewertungsformulars (PEF) unter <a href=\"https:\/\/electratherm.com\/de\/pef\/\">www.electratherm.com\/pef<\/a>.  Mit diesen Informationen kann ElectraTherm das geeignete Produkt f\u00fcr das Projekt und die Anforderungen der Anlage bestimmen. Ein ElectraTherm-Anwendungstechniker wird Ihnen eine kostenlose Projektbeurteilung, einschlie\u00dflich Leistungssch\u00e4tzungen und erwarteter Investitionsrendite, zur Verf\u00fcgung stellen.<\/p>\n<h3 class=\"faq-questions\">12. What is the installed cost per kWe?<\/h3>\n<p>Die installierten Kosten pro kWe werden durch die gesamten installierten Anlagenkosten (CapEx) geteilt durch die Anlagenleistung (kWe) bestimmt. Da die Gesamtkosten der Anlage variieren k\u00f6nnen und die Leistung des ORC-Systems von der W\u00e4rmequelle und der Kondensationsl\u00f6sung abh\u00e4ngt, kann auch diese Kennzahl stark variieren. Die Kosten pro kWe sind nicht die bevorzugte Kennzahl f\u00fcr den Vergleich von Abw\u00e4rmeverstromungstechnologien, da sie sich nicht auf die Betriebsstunden im Jahr, die Betriebskosten (Brennstoffkosten) und die Wartungskosten beziehen. Vergleicht man beispielsweise die installierten Kosten pro kWe eines Power+-Generators mit denen eines Verbrennungsmotors, so ergibt sich keine Korrelation, da die Brennstoff- und Wartungskosten nicht ber\u00fccksichtigt werden. Die Wartungskosten f\u00fcr das Produkt sind niedrig, und da es mit Abw\u00e4rme betrieben wird, fallen keine Brennstoffkosten an.<\/p>\n<h3 class=\"faq-questions\">13. What is the appropriate metric to compare power producing technologies?<\/h3>\n<p>Nivellierte Kosten der Stromerzeugung (LCOP), die sich auf die Lebenszykluskosten der Energie beziehen.  Dabei werden Betriebskosten + Investitionskosten + Brennstoffkosten ber\u00fccksichtigt (in den meisten F\u00e4llen sind die Brennstoffkosten f\u00fcr den Power+ oder Active Cooler kostenlos). Die LCOP zeigen die tats\u00e4chlichen Kosten f\u00fcr die Erzeugung der elektrischen Leistung durch die verschiedenen Technologien. <a title=\"Kontakt\" href=\"https:\/\/electratherm.com\/de\/kontakt\/\">Kontakt ElectraTherm<\/a> um LCOP-Vergleiche zwischen unseren ORC-Kraft-W\u00e4rme-Kopplungs-Technologien und anderen Stromerzeugungstechnologien zu finden.<\/p>\n<h3 class=\"faq-questions\">14. What is the ROI for an ORC heat to power installation?<\/h3>\n<p>Die Kapitalrendite (ROI) wird durch drei Schl\u00fcsselkomponenten bestimmt - den Wert der mit dem Projekt verbundenen Energie, die Betriebsstunden pro Jahr und die Netto-Stromerzeugung des Power+ Generators. Es kann zus\u00e4tzliche wirtschaftliche und \u00f6kologische Vorteile geben, wenn man sich die Zeit nimmt, diese zu quantifizieren.  Vermeidete K\u00fchlkosten, Ausgleich von Lastspitzen und andere Probleml\u00f6sungen sind nur einige von ihnen. In bestimmten Regionen k\u00f6nnen zus\u00e4tzliche Anreize wie Emissionsgutschriften, Kohlenstoffsteuerausgleiche, Kapitalkostennachl\u00e4sse oder ein h\u00f6herer Energiewert f\u00fcr die \u00d6kostromerzeugung verf\u00fcgbar sein. Wenn Sie ein bestimmtes Projekt haben, das Sie sich ansehen m\u00f6chten, oder wenn Sie mehr dar\u00fcber erfahren m\u00f6chten, wie der Power+ Generator und der Active Cooler Einnahmen generieren k\u00f6nnen, f\u00fcllen Sie bitte ein <a title=\"Kontakt\" href=\"https:\/\/electratherm.com\/de\/kontakt\/\">Anfrage an uns<\/a>oder f\u00fcllen Sie ein\u00a0<a title=\"Formular zur Leistungsbewertung\" href=\"https:\/\/electratherm.com\/de\/pef\/\">Projektbewertungsformular hier<\/a>.<\/p>\n<h3 class=\"faq-questions\">15. How does ElectraTherm&#8217;s offerings generate electricity\/connect to the grid?<\/h3>\n<p>Der Strom wird mit Hilfe eines Induktionsgenerators erzeugt.  Der Generator ben\u00f6tigt einen Netzanschluss, um Strom zu erzeugen.  Die Module k\u00f6nnen an kleinere, isolierte Mikronetze angeschlossen werden, wenn die Gesamtkapazit\u00e4t des Netzes das Dreifache der Bruttoleistung oder mehr betr\u00e4gt.<\/p>\n<h3 class=\"faq-questions\">16. How does the twin screw expander work?<\/h3>\n<p>Ein Doppelschneckenexpander wird auch als Lysholm-Motor bezeichnet. Der Doppelschneckenexpander ist ein Verdr\u00e4ngerger\u00e4t, das arbeitet, wenn ein Gas- oder Zweiphasenstrom durch ein Paar ineinandergreifender, eng tolerierter Schnecken, \u00e4hnlich einem Schneckengetriebe, gedr\u00fcckt wird. Die Doppelschnecken drehen sich, wenn der Druckunterschied hoch genug ist, um die Schnecken zu drehen und eine mechanische Arbeitsleistung zu erzeugen.<\/p>\n<h3 class=\"faq-questions\">17. What makes the ElectraTherm twin screw expander advantageous over turbine based technology?<\/h3>\n<p>Der ElectraTherm-Doppelschneckenexpander funktioniert wie ein Doppelschneckenverdichter, nur in umgekehrter Richtung.  Der ElectraTherm-Doppelschraubenexpander hat jedoch ein patentiertes, lizenziertes Profil, das das effizienteste Profil f\u00fcr Doppelschraubenexpander ist. Au\u00dferdem rollen die Rotorfl\u00e4chen \u00fcbereinander, anstatt zu gleiten. Der Power+ verf\u00fcgt au\u00dferdem \u00fcber ein patentiertes Prozessschmiersystem, das die Investitions- und Wartungskosten des Systems vereinfacht und reduziert.  Doppelschneckenexpander haben im Vergleich zur Turbinentechnologie sehr niedrige Drehzahlen, &lt; 5000 U\/min.<\/p>\n<h3 class=\"faq-questions\">18. What are the advantages of twin screw expander \u201cpart load operation\u201d?<\/h3>\n<p>Der Power+ Generator kann im Teillastbereich bis zu einer Leistung von praktisch Null kWe betrieben werden.  Dies erm\u00f6glicht den Betrieb des Power+ ORC \u00fcber einen sehr unterschiedlichen W\u00e4rmequellen-Inputbereich. Die robusten, massiven Stahlrotoren sind unbeeinflusst von St\u00f6rungen der Dampfqualit\u00e4t, Temperatur und Str\u00f6mung. Der Power+ folgt einfach der Abw\u00e4rmezufuhr. Dies ist besonders vorteilhaft, wenn die Last der Drosselklappenstellung eines Motors oder schwankender Prozessw\u00e4rme folgt.<\/p>\n<h3 class=\"faq-questions\">19. What refrigerant does the Power+ Generator use?<\/h3>\n<p>Honeywell R245fa. Zu den Vorteilen geh\u00f6ren geringe Treibhausgasemissionen, ungiftig und nicht brennbar.<\/p>\n<h3 class=\"faq-questions\">20. What is the environmental impact of using ElectraTherm heat to power systems?<\/h3>\n<p>Keine. Die Ger\u00e4te sind in sich geschlossen, brennstofffrei, 100% umweltfreundlich und erzeugen keine CO2-Emissionen. Es ist keine EPA-Genehmigung erforderlich.<\/p>\n<h3 class=\"faq-questions\">21. How much maintenance is required?<\/h3>\n<p>Kleinere Arbeiten wie die j\u00e4hrliche Inspektion des Riemens, der Austausch von Filtern sowie die Standardwartung von Pumpen, Generatoren und Trockenk\u00fchlern f\u00fchren zu minimalen gesch\u00e4tzten Kosten von etwa 1-1,5 US-Cent\/kWh oder ca. $5.000 - $7.500 (USD) j\u00e4hrlich. Die Kondensation des Wassers kann einen Filterwechsel und\/oder eine chemische Behandlung erfordern, die h\u00e4ufig Teil des bereits bestehenden K\u00fchlsystemmanagements der Gasteinrichtung ist. Der Power+ arbeitet mit einem Verdr\u00e4ngerblock, so dass die Arbeitsfl\u00fcssigkeit die Systemschmierstoffe in Suspension tr\u00e4gt. Da keine \u00d6lpumpe, kein Getriebe und kein \u00d6l gewechselt werden m\u00fcssen, ist der Wartungsaufwand w\u00e4hrend der gesamten Lebensdauer minimal.<\/p>\n<h3 class=\"faq-questions\">22. How much operator time is required?<\/h3>\n<p>Minimalistisch. ElectraTherm-Systeme sind in sich geschlossen und verf\u00fcgen \u00fcber integrierte \u00dcberwachungs- und Steuerelemente, die entweder vor Ort oder aus der Ferne bedient werden k\u00f6nnen. Das Ger\u00e4t kann \u00fcber die Fern\u00fcberwachungssoftware angehalten, gestartet und von einem externen Standort aus \u00fcberwacht werden.<\/p>\n<\/div><\/div><\/div><\/div><\/div><\/div><\/div><\/div><\/div><\/div><\/div><\/section><section class=\"l-section wpb_row height_medium\"><div class=\"l-section-h i-cf\"><div class=\"g-cols vc_row via_flex valign_top type_default stacking_default\"><div class=\"vc_col-sm-12 wpb_column vc_column_container\"><div class=\"vc_column-inner us_custom_6329cae9\"><div class=\"wpb_wrapper\"><div class=\"g-cols wpb_row us_custom_1fbb61ac via_flex valign_middle type_default stacking_default\"><div class=\"vc_col-sm-4 wpb_column vc_column_container\"><div class=\"vc_column-inner us_custom_dad4fece\"><div class=\"wpb_wrapper\"><div class=\"wpb_text_column us_custom_8a3c403a\"><div class=\"wpb_wrapper\"><h2 style=\"text-align: left;\"><strong><span style=\"color: #ffffff;\">Noch Fragen?<\/span><\/strong><\/h2>\n<\/div><\/div><\/div><\/div><\/div><div class=\"vc_col-sm-4 wpb_column vc_column_container\"><div class=\"vc_column-inner\"><div class=\"wpb_wrapper\"><div class=\"wpb_text_column us_custom_8d5aa4e2\"><div class=\"wpb_wrapper\"><p style=\"text-align: center;\"><span style=\"color: #ffffff;\">Kontaktieren Sie uns f\u00fcr ein Gespr\u00e4ch \u00fcber Ihre individuellen Projektanforderungen.<\/span><\/p>\n<\/div><\/div><div class=\"w-btn-wrapper align_center\"><a class=\"w-btn us-btn-style_4 us_custom_3a4d6590\" href=\"https:\/\/electratherm.com\/de\/kontakt\/\"><span class=\"w-btn-label\">Kontakt<\/span><\/a><\/div><\/div><\/div><\/div><div class=\"vc_col-sm-4 wpb_column vc_column_container\"><div class=\"vc_column-inner\"><div class=\"wpb_wrapper\"><div class=\"wpb_text_column us_custom_8d5aa4e2\"><div class=\"wpb_wrapper\"><p style=\"text-align: center;\"><span style=\"color: #ffffff;\">Nutzen Sie unser Projektbewertungsformular, um den Kostenvoranschlagsprozess zu starten.<\/span><\/p>\n<\/div><\/div><div class=\"w-btn-wrapper align_center\"><a class=\"w-btn us-btn-style_4 us_custom_e0903bfa\" href=\"https:\/\/electratherm.com\/de\/pef\/\"><span class=\"w-btn-label\">Formular zur Projektbewertung<\/span><\/a><\/div><\/div><\/div><\/div><\/div><\/div><\/div><\/div><\/div><\/div><\/section>","protected":false},"excerpt":{"rendered":"Frequently Asked Questions 1. What is &#8220;Waste Heat&#8221; and where is it Available? Waste heat refers to heat produced by industrial machines, electrical equipment, and processes for which no useful application is found.\u00a0 For instance, a diesel fired generator rejects heat into both the jacket water and the exhaust, where there is typically no use...","protected":false},"author":75,"featured_media":0,"parent":0,"menu_order":6,"comment_status":"closed","ping_status":"closed","template":"","meta":{"footnotes":""},"class_list":["post-242","page","type-page","status-publish","hentry"],"yoast_head":"<!-- This site is optimized with the Yoast SEO plugin v25.6 - https:\/\/yoast.com\/wordpress\/plugins\/seo\/ -->\n<title>FAQs - ElectraTherm<\/title>\n<meta name=\"robots\" content=\"index, follow, max-snippet:-1, max-image-preview:large, max-video-preview:-1\" \/>\n<link rel=\"canonical\" href=\"https:\/\/electratherm.com\/de\/faqs\/\" \/>\n<meta property=\"og:locale\" content=\"de_DE\" \/>\n<meta property=\"og:type\" content=\"article\" \/>\n<meta property=\"og:title\" content=\"FAQs - ElectraTherm\" \/>\n<meta property=\"og:url\" content=\"https:\/\/electratherm.com\/de\/faqs\/\" \/>\n<meta property=\"og:site_name\" content=\"ElectraTherm\" \/>\n<meta property=\"article:modified_time\" content=\"2025-05-13T20:28:00+00:00\" \/>\n<meta name=\"twitter:card\" content=\"summary_large_image\" \/>\n<meta name=\"twitter:label1\" content=\"Gesch\u00e4tzte Lesezeit\" \/>\n\t<meta name=\"twitter:data1\" content=\"8\u00a0Minuten\" \/>\n<script type=\"application\/ld+json\" class=\"yoast-schema-graph\">{\"@context\":\"https:\/\/schema.org\",\"@graph\":[{\"@type\":\"WebPage\",\"@id\":\"https:\/\/electratherm.com\/faqs\/\",\"url\":\"https:\/\/electratherm.com\/faqs\/\",\"name\":\"FAQs - ElectraTherm\",\"isPartOf\":{\"@id\":\"https:\/\/electratherm.com\/#website\"},\"datePublished\":\"2015-02-27T00:56:52+00:00\",\"dateModified\":\"2025-05-13T20:28:00+00:00\",\"breadcrumb\":{\"@id\":\"https:\/\/electratherm.com\/faqs\/#breadcrumb\"},\"inLanguage\":\"de\",\"potentialAction\":[{\"@type\":\"ReadAction\",\"target\":[\"https:\/\/electratherm.com\/faqs\/\"]}]},{\"@type\":\"BreadcrumbList\",\"@id\":\"https:\/\/electratherm.com\/faqs\/#breadcrumb\",\"itemListElement\":[{\"@type\":\"ListItem\",\"position\":1,\"name\":\"Home\",\"item\":\"https:\/\/electratherm.com\/\"},{\"@type\":\"ListItem\",\"position\":2,\"name\":\"FAQs\"}]},{\"@type\":\"WebSite\",\"@id\":\"https:\/\/electratherm.com\/#website\",\"url\":\"https:\/\/electratherm.com\/\",\"name\":\"ElectraTherm\",\"description\":\"\",\"potentialAction\":[{\"@type\":\"SearchAction\",\"target\":{\"@type\":\"EntryPoint\",\"urlTemplate\":\"https:\/\/electratherm.com\/?s={search_term_string}\"},\"query-input\":{\"@type\":\"PropertyValueSpecification\",\"valueRequired\":true,\"valueName\":\"search_term_string\"}}],\"inLanguage\":\"de\"}]}<\/script>\n<!-- \/ Yoast SEO plugin. -->","yoast_head_json":{"title":"FAQs - ElectraTherm","robots":{"index":"index","follow":"follow","max-snippet":"max-snippet:-1","max-image-preview":"max-image-preview:large","max-video-preview":"max-video-preview:-1"},"canonical":"https:\/\/electratherm.com\/de\/faqs\/","og_locale":"de_DE","og_type":"article","og_title":"FAQs - ElectraTherm","og_url":"https:\/\/electratherm.com\/de\/faqs\/","og_site_name":"ElectraTherm","article_modified_time":"2025-05-13T20:28:00+00:00","twitter_card":"summary_large_image","twitter_misc":{"Gesch\u00e4tzte Lesezeit":"8\u00a0Minuten"},"schema":{"@context":"https:\/\/schema.org","@graph":[{"@type":"WebPage","@id":"https:\/\/electratherm.com\/faqs\/","url":"https:\/\/electratherm.com\/faqs\/","name":"FAQs - ElectraTherm","isPartOf":{"@id":"https:\/\/electratherm.com\/#website"},"datePublished":"2015-02-27T00:56:52+00:00","dateModified":"2025-05-13T20:28:00+00:00","breadcrumb":{"@id":"https:\/\/electratherm.com\/faqs\/#breadcrumb"},"inLanguage":"de","potentialAction":[{"@type":"ReadAction","target":["https:\/\/electratherm.com\/faqs\/"]}]},{"@type":"BreadcrumbList","@id":"https:\/\/electratherm.com\/faqs\/#breadcrumb","itemListElement":[{"@type":"ListItem","position":1,"name":"Home","item":"https:\/\/electratherm.com\/"},{"@type":"ListItem","position":2,"name":"FAQs"}]},{"@type":"WebSite","@id":"https:\/\/electratherm.com\/#website","url":"https:\/\/electratherm.com\/","name":"ElectraTherm","description":"","potentialAction":[{"@type":"SearchAction","target":{"@type":"EntryPoint","urlTemplate":"https:\/\/electratherm.com\/?s={search_term_string}"},"query-input":{"@type":"PropertyValueSpecification","valueRequired":true,"valueName":"search_term_string"}}],"inLanguage":"de"}]}},"_links":{"self":[{"href":"https:\/\/electratherm.com\/de\/wp-json\/wp\/v2\/pages\/242"}],"collection":[{"href":"https:\/\/electratherm.com\/de\/wp-json\/wp\/v2\/pages"}],"about":[{"href":"https:\/\/electratherm.com\/de\/wp-json\/wp\/v2\/types\/page"}],"author":[{"embeddable":true,"href":"https:\/\/electratherm.com\/de\/wp-json\/wp\/v2\/users\/75"}],"replies":[{"embeddable":true,"href":"https:\/\/electratherm.com\/de\/wp-json\/wp\/v2\/comments?post=242"}],"version-history":[{"count":8,"href":"https:\/\/electratherm.com\/de\/wp-json\/wp\/v2\/pages\/242\/revisions"}],"predecessor-version":[{"id":13439,"href":"https:\/\/electratherm.com\/de\/wp-json\/wp\/v2\/pages\/242\/revisions\/13439"}],"wp:attachment":[{"href":"https:\/\/electratherm.com\/de\/wp-json\/wp\/v2\/media?parent=242"}],"curies":[{"name":"wp","href":"https:\/\/api.w.org\/{rel}","templated":true}]}}