{"id":241,"date":"2015-02-26T16:56:13","date_gmt":"2015-02-27T00:56:13","guid":{"rendered":"http:\/\/www.newurl.com\/?page_id=241"},"modified":"2025-05-12T11:30:11","modified_gmt":"2025-05-12T15:30:11","slug":"produkte","status":"publish","type":"page","link":"https:\/\/electratherm.com\/de\/produkte\/","title":{"rendered":"Produkte"},"content":{"rendered":"<section class=\"l-section wpb_row height_large width_full with_img parallax_hor bgwidth_110\"><div class=\"l-section-img\" role=\"img\" data-img-width=\"1024\" data-img-height=\"683\" style=\"background-image: url(https:\/\/electratherm.com\/wp-content\/uploads\/2021\/06\/twinscrews1-1024x683-1.jpg);background-repeat: no-repeat;\"><\/div><div class=\"l-section-overlay\" style=\"background:var(--color-content-overlay)\"><\/div><div class=\"l-section-h i-cf\"><div class=\"g-cols vc_row via_flex valign_top type_default stacking_default\"><div class=\"vc_col-sm-12 wpb_column vc_column_container\"><div class=\"vc_column-inner\"><div class=\"wpb_wrapper\"><div class=\"w-separator size_custom\" style=\"height:70\"><\/div><div class=\"wpb_text_column us_custom_6df4bc3a has_text_color\"><div class=\"wpb_wrapper\"><h1 style=\"text-align: center;\"><span style=\"color: #ffffff;\">PRODUKTE<\/span><\/h1>\n<\/div><\/div><div class=\"w-separator size_custom\" style=\"height:70\"><\/div><\/div><\/div><\/div><\/div><\/div><\/section><section class=\"l-section wpb_row us_custom_f1ff9891 height_medium\"><div class=\"l-section-h i-cf\"><div class=\"g-cols vc_row via_flex valign_top type_default stacking_default\"><div class=\"vc_col-sm-12 wpb_column vc_column_container\"><div class=\"vc_column-inner\"><div class=\"wpb_wrapper\"><div class=\"wpb_text_column\"><div class=\"wpb_wrapper\"><h2 style=\"text-align: left;\"><span style=\"color: #3aaa35;\">UNSERE L\u00d6SUNGEN F\u00dcR DEN ORGANISCHEN RANKINE-KREISLAUF<\/span><\/h2>\n<p style=\"text-align: left;\">Die Organic Rankine Cycle (ORC)-Systeme von ElectraTherm wandeln Niedertemperatur- und Abw\u00e4rme bis zu einer Temperatur von 70\u00b0C in sauberen Strom um. Da hei\u00dfes Wasser der Brennstoff ist, geh\u00f6ren zu den Vorteilen die Reduzierung des Brennstoffverbrauchs und der Emissionen, die Erh\u00f6hung der Leistung, die Netto-Null-K\u00fchlung, die Vermeidung von Fackeln und vieles mehr. Siehe unser <span style=\"color: #3aaa35;\"><a style=\"color: #3aaa35;\" href=\"http:\/\/electratherm-us.com\/applications\/\" target=\"_blank\" rel=\"noopener\">Anwendungen Seite<\/a><\/span> f\u00fcr die g\u00e4ngigen Industrien, die bedient werden.<\/p>\n<\/div><\/div><div class=\"w-separator size_medium\"><\/div><div class=\"w-tabs layout_hor style_trendy switch_click has_scrolling\" style=\"--sections-title-size:1em\"><div class=\"w-tabs-list items_3 align_none\"><div class=\"w-tabs-list-h\"><button class=\"w-tabs-item active\" aria-controls=\"content-1656021187987-ba38ab87-9124\" aria-expanded=\"false\"><span class=\"w-tabs-item-title\">LEISTUNGSMODUL75<\/span><\/button><button class=\"w-tabs-item\" aria-controls=\"content-1619038492357-879a82a7-e762\" aria-expanded=\"false\"><span class=\"w-tabs-item-title\">STROM+ GENERATOR<\/span><\/button><button class=\"w-tabs-item\" aria-controls=\"content-1619038492461-2546d3ae-9a59\" aria-expanded=\"false\"><span class=\"w-tabs-item-title\">AKTIVER K\u00dcHLER<\/span><\/button><\/div><\/div><div class=\"w-tabs-sections titles-align_none icon_chevron cpos_right\"><div class=\"w-tabs-section active\" id=\"1656021187987-ba38ab87-9124\"><button class=\"w-tabs-section-header active\" aria-controls=\"content-1656021187987-ba38ab87-9124\" aria-expanded=\"true\"><div class=\"w-tabs-section-title\">LEISTUNGSMODUL75<\/div><div class=\"w-tabs-section-control\"><\/div><\/button><div  class=\"w-tabs-section-content us_custom_f1ff9891\" id=\"content-1656021187987-ba38ab87-9124\"><div class=\"w-tabs-section-content-h i-cf\"><div class=\"g-cols wpb_row via_flex valign_top type_default stacking_default\"><div class=\"vc_col-sm-6 wpb_column vc_column_container\"><div class=\"vc_column-inner\"><div class=\"wpb_wrapper\"><div class=\"wpb_text_column\"><div class=\"wpb_wrapper\"><p>Das POWER MODULE75 von ElectraTherm erzeugt brennstoff- und emissionsfreien Strom aus verschiedenen minderwertigen Abw\u00e4rmequellen unter Verwendung des Organic Rankine Cycle (ORC) und der patentierten halbhermetischen BITZER Doppelschnecken-Expander\/Generator-Kombination des Unternehmens. Die patentierte ORC-Konstruktion von ElectraTherm stellt eine drastische Ver\u00e4nderung gegen\u00fcber Radial- oder Axialturbinentechnologien dar und bietet eine kosteneffizientere, robustere Konstruktion ohne Wellendichtung zwischen der Expander\/Generator-Kombination, was die Zuverl\u00e4ssigkeit erheblich verbessert.<\/p>\n<p>Das POWER MODULE75 ist eine Weiterentwicklung der POWER+ GENERATOR-Serie von ElectraTherm. Der BITZER Expander bietet eine verbesserte Leistung \u00fcber den gesamten Betriebsbereich mit einer maximalen Leistung von 75 kW.<\/p>\n<p>Weitere Informationen erhalten Sie unter <a href=\"https:\/\/electratherm.com\/de\/leistungsmodul-75\/\" target=\"_blank\" rel=\"noopener\">hier klicken<\/a>.<\/p>\n<\/div><\/div><\/div><\/div><\/div><div class=\"vc_col-sm-6 wpb_column vc_column_container\"><div class=\"vc_column-inner\"><div class=\"wpb_wrapper\"><div class=\"w-separator size_medium\"><\/div><div class=\"w-image align_center\"><a target=\"_blank\" rel=\"nofollow\" href=\"http:\/\/electratherm-us.com\/power-module-75\/\" aria-label=\"Leistungsmodul 75 - Electratherm\" class=\"w-image-h\"><img decoding=\"async\" width=\"450\" height=\"405\" src=\"https:\/\/electratherm.com\/wp-content\/uploads\/2022\/06\/Power-Module-75-450x405.png\" class=\"attachment-us_450_0 size-us_450_0\" alt=\"Leistungsmodul 75 - Electratherm\" loading=\"lazy\" srcset=\"https:\/\/electratherm.com\/wp-content\/uploads\/2022\/06\/Power-Module-75-450x405.png 450w, https:\/\/electratherm.com\/wp-content\/uploads\/2022\/06\/Power-Module-75-300x270.png 300w, https:\/\/electratherm.com\/wp-content\/uploads\/2022\/06\/Power-Module-75-80x72.png 80w, https:\/\/electratherm.com\/wp-content\/uploads\/2022\/06\/Power-Module-75-194x175.png 194w, https:\/\/electratherm.com\/wp-content\/uploads\/2022\/06\/Power-Module-75-600x541.png 600w, https:\/\/electratherm.com\/wp-content\/uploads\/2022\/06\/Power-Module-75-200x180.png 200w, https:\/\/electratherm.com\/wp-content\/uploads\/2022\/06\/Power-Module-75-150x135.png 150w, https:\/\/electratherm.com\/wp-content\/uploads\/2022\/06\/Power-Module-75-700x631.png 700w, https:\/\/electratherm.com\/wp-content\/uploads\/2022\/06\/Power-Module-75.png 1000w, https:\/\/electratherm.com\/wp-content\/uploads\/2022\/06\/Power-Module-75-13x12.png 13w\" sizes=\"(max-width: 450px) 100vw, 450px\" \/><\/a><\/div><\/div><\/div><\/div><\/div><\/div><\/div><\/div><div class=\"w-tabs-section\" id=\"1619038492357-879a82a7-e762\"><button class=\"w-tabs-section-header\" aria-controls=\"content-1619038492357-879a82a7-e762\" aria-expanded=\"false\"><div class=\"w-tabs-section-title\">STROM+ GENERATOR<\/div><div class=\"w-tabs-section-control\"><\/div><\/button><div  class=\"w-tabs-section-content us_custom_f1ff9891\" id=\"content-1619038492357-879a82a7-e762\"><div class=\"w-tabs-section-content-h i-cf\"><div class=\"g-cols wpb_row via_flex valign_top type_default stacking_default\"><div class=\"vc_col-sm-6 wpb_column vc_column_container\"><div class=\"vc_column-inner\"><div class=\"wpb_wrapper\"><div class=\"wpb_text_column\"><div class=\"wpb_wrapper\"><p>Der Power+ Generator, unsere Kraft-W\u00e4rme-Kopplungsl\u00f6sung, wurde entwickelt, um sauberen Strom aus Niedertemperaturw\u00e4rmequellen zu erzeugen. Der Power+ Generator kann auch als Kraft-W\u00e4rme-Kopplungsanlage (KWK) eingesetzt werden und erzeugt neben Strom auch bis zu 85 \u00b0C nutzbare W\u00e4rme.<\/p>\n<p>Der Power+ Generator ist derzeit in einer Gr\u00f6\u00dfe von 150 kW erh\u00e4ltlich und eignet sich ideal f\u00fcr kleine bis mittelgro\u00dfe Anwendungen. Mit einer in der Entwicklung befindlichen 250-kW-Gr\u00f6\u00dfe und dem skalierbaren Design des Ger\u00e4ts haben nun Betriebe jeder Gr\u00f6\u00dfe die M\u00f6glichkeit, ihre Abw\u00e4rme in nutzbaren Strom umzuwandeln. Der Power+ Generator ist entweder als eigenst\u00e4ndiges Ger\u00e4t oder als Systempaket erh\u00e4ltlich. F\u00fcr Projekte mit einfachem Zugang zu hei\u00dfem Wasser - wie z. B. Motormantelwasser, Kesselsysteme oder geothermische Quellen - ist ein Einzelger\u00e4t m\u00f6glicherweise alles, was Sie brauchen. F\u00fcr gr\u00f6\u00dfere Anwendungen, bei denen W\u00e4rme mit h\u00f6heren Temperaturen ben\u00f6tigt wird, bietet ElectraTherm ein komplettes Systempaket an.<\/p>\n<p>Weitere Informationen erhalten Sie unter <a href=\"https:\/\/electratherm.com\/de\/stromerzeuger\/\" target=\"_blank\" rel=\"noopener\">hier klicken<\/a>.<\/p>\n<\/div><\/div><\/div><\/div><\/div><div class=\"vc_col-sm-6 wpb_column vc_column_container\"><div class=\"vc_column-inner\"><div class=\"wpb_wrapper\"><div class=\"w-separator size_medium\"><\/div><div class=\"w-image align_center\"><a target=\"_blank\" rel=\"nofollow\" href=\"http:\/\/electratherm-us.com\/power-generator\/\" aria-label=\"6500B_Winkel\" class=\"w-image-h\"><img decoding=\"async\" width=\"450\" height=\"253\" src=\"https:\/\/electratherm.com\/wp-content\/uploads\/2019\/05\/6500B_Angle.png\" class=\"attachment-us_450_0 size-us_450_0\" alt=\"\" loading=\"lazy\" srcset=\"https:\/\/electratherm.com\/wp-content\/uploads\/2019\/05\/6500B_Angle.png 1920w, https:\/\/electratherm.com\/wp-content\/uploads\/2019\/05\/6500B_Angle-300x169.png 300w, https:\/\/electratherm.com\/wp-content\/uploads\/2019\/05\/6500B_Angle-1024x576.png 1024w, https:\/\/electratherm.com\/wp-content\/uploads\/2019\/05\/6500B_Angle-80x45.png 80w, https:\/\/electratherm.com\/wp-content\/uploads\/2019\/05\/6500B_Angle-600x338.png 600w, https:\/\/electratherm.com\/wp-content\/uploads\/2019\/05\/6500B_Angle-768x432.png 768w, https:\/\/electratherm.com\/wp-content\/uploads\/2019\/05\/6500B_Angle-200x113.png 200w, https:\/\/electratherm.com\/wp-content\/uploads\/2019\/05\/6500B_Angle-150x84.png 150w, https:\/\/electratherm.com\/wp-content\/uploads\/2019\/05\/6500B_Angle-18x10.png 18w\" sizes=\"(max-width: 450px) 100vw, 450px\" \/><\/a><\/div><\/div><\/div><\/div><\/div><\/div><\/div><\/div><div class=\"w-tabs-section\" id=\"1619038492461-2546d3ae-9a59\"><button class=\"w-tabs-section-header\" aria-controls=\"content-1619038492461-2546d3ae-9a59\" aria-expanded=\"false\"><div class=\"w-tabs-section-title\">AKTIVER K\u00dcHLER<\/div><div class=\"w-tabs-section-control\"><\/div><\/button><div  class=\"w-tabs-section-content\" id=\"content-1619038492461-2546d3ae-9a59\"><div class=\"w-tabs-section-content-h i-cf\"><div class=\"g-cols wpb_row via_flex valign_top type_default stacking_default\"><div class=\"vc_col-sm-6 wpb_column vc_column_container\"><div class=\"vc_column-inner us_custom_f1ff9891\"><div class=\"wpb_wrapper\"><div class=\"wpb_text_column\"><div class=\"wpb_wrapper\"><p>Der Active Cooler, unsere Net-Zero-Cooling-to-Power-L\u00f6sung, ist eine stromlose K\u00fchll\u00f6sung, die in zweiter Linie Strom erzeugt - ohne zus\u00e4tzlichen Kraftstoffverbrauch oder Emissionen.<\/p>\n<p>Der Active Cooler ist anpassbar und skalierbar f\u00fcr W\u00e4rmelasten von mehreren Megawatt und nutzt dieselben W\u00e4rmestrahler, die zur Stromerzeugung und K\u00fchlung des Standorts verwendet werden. Das Ger\u00e4t eignet sich ideal f\u00fcr Projekte, die neue K\u00fchler ben\u00f6tigen, die unter Motorentladung leiden oder die einfach nur die Effizienz steigern wollen, indem sie die parasit\u00e4re Last eliminieren und sauberen Strom erzeugen.<\/p>\n<p>Weitere Informationen erhalten Sie unter <a href=\"https:\/\/electratherm.com\/de\/aktiver-kuhler\/\" target=\"_blank\" rel=\"noopener\">hier klicken<\/a>.<\/p>\n<\/div><\/div><\/div><\/div><\/div><div class=\"vc_col-sm-6 wpb_column vc_column_container\"><div class=\"vc_column-inner\"><div class=\"wpb_wrapper\"><div class=\"w-separator size_medium\"><\/div><div class=\"w-image align_center\"><a target=\"_blank\" rel=\"nofollow\" href=\"http:\/\/electratherm-us.com\/active-cooler\/\" aria-label=\"AC800 PAKET 12\" class=\"w-image-h\"><img decoding=\"async\" width=\"450\" height=\"132\" src=\"https:\/\/electratherm.com\/wp-content\/uploads\/2020\/11\/AC800-PACKAGE-12-450x132.png\" class=\"attachment-us_450_0 size-us_450_0\" alt=\"\" loading=\"lazy\" srcset=\"https:\/\/electratherm.com\/wp-content\/uploads\/2020\/11\/AC800-PACKAGE-12-450x132.png 450w, https:\/\/electratherm.com\/wp-content\/uploads\/2020\/11\/AC800-PACKAGE-12-e1616608614247-300x88.png 300w, https:\/\/electratherm.com\/wp-content\/uploads\/2020\/11\/AC800-PACKAGE-12-e1616608614247-1024x300.png 1024w, https:\/\/electratherm.com\/wp-content\/uploads\/2020\/11\/AC800-PACKAGE-12-80x23.png 80w, https:\/\/electratherm.com\/wp-content\/uploads\/2020\/11\/AC800-PACKAGE-12-600x176.png 600w, https:\/\/electratherm.com\/wp-content\/uploads\/2020\/11\/AC800-PACKAGE-12-200x59.png 200w, https:\/\/electratherm.com\/wp-content\/uploads\/2020\/11\/AC800-PACKAGE-12-150x44.png 150w, https:\/\/electratherm.com\/wp-content\/uploads\/2020\/11\/AC800-PACKAGE-12-700x205.png 700w, https:\/\/electratherm.com\/wp-content\/uploads\/2020\/11\/AC800-PACKAGE-12-e1616608614247-18x5.png 18w, https:\/\/electratherm.com\/wp-content\/uploads\/2020\/11\/AC800-PACKAGE-12-e1616608614247.png 1196w\" sizes=\"(max-width: 450px) 100vw, 450px\" \/><\/a><\/div><\/div><\/div><\/div><\/div><\/div><\/div><\/div><\/div><\/div><\/div><\/div><\/div><\/div><\/div><\/section><section class=\"l-section wpb_row us_custom_f1ff9891 height_medium\"><div class=\"l-section-h i-cf\"><div class=\"g-cols vc_row via_flex valign_top type_default stacking_default\"><div class=\"vc_col-sm-12 wpb_column vc_column_container\"><div class=\"vc_column-inner\"><div class=\"wpb_wrapper\"><div class=\"g-cols wpb_row via_flex valign_top type_default stacking_default\"><div class=\"vc_col-sm-2 wpb_column vc_column_container hide_on_mobiles\"><div class=\"vc_column-inner\"><div class=\"wpb_wrapper\"><\/div><\/div><\/div><div class=\"vc_col-sm-8 wpb_column vc_column_container\"><div class=\"vc_column-inner us_custom_f1ff9891\"><div class=\"wpb_wrapper\"><div class=\"wpb_text_column\"><div class=\"wpb_wrapper\"><p><img decoding=\"async\" class=\"alignleft wp-image-10058 size-us_80_0\" src=\"http:\/\/electratherm-us.com\/wp-content\/uploads\/2021\/04\/Asset-18-80x80.png\" alt=\"\" width=\"80\" height=\"80\" srcset=\"https:\/\/electratherm.com\/wp-content\/uploads\/2021\/04\/Asset-18-80x80.png 80w, https:\/\/electratherm.com\/wp-content\/uploads\/2021\/04\/Asset-18-300x300.png 300w, https:\/\/electratherm.com\/wp-content\/uploads\/2021\/04\/Asset-18-150x150.png 150w, https:\/\/electratherm.com\/wp-content\/uploads\/2021\/04\/Asset-18-175x175.png 175w, https:\/\/electratherm.com\/wp-content\/uploads\/2021\/04\/Asset-18-200x200.png 200w, https:\/\/electratherm.com\/wp-content\/uploads\/2021\/04\/Asset-18-450x450.png 450w, https:\/\/electratherm.com\/wp-content\/uploads\/2021\/04\/Asset-18.png 496w, https:\/\/electratherm.com\/wp-content\/uploads\/2021\/04\/Asset-18-12x12.png 12w\" sizes=\"(max-width: 80px) 100vw, 80px\" \/><span style=\"color: #3aaa35;\">Every project is specific, therefore every project requires a specific solution. <\/span><\/p>\n<p><span style=\"color: #3aaa35;\">Our team of engineers and technicians are at your full disposal to identify the best solution that fits your needs.<\/span><span style=\"color: #3aaa35;\"> <\/span><\/p>\n<p><strong><span style=\"color: #3aaa35;\"><a href=\"https:\/\/electratherm.com\/de\/kontakt\/\" rel=\"noopener\">Setzen Sie sich mit einem Analysten in Verbindung, der Ihnen sagen kann, welches ORC-Produkt f\u00fcr Sie das richtige ist.<\/a><\/span><\/strong><\/p>\n<\/div><\/div><\/div><\/div><\/div><div class=\"vc_col-sm-2 wpb_column vc_column_container\"><div class=\"vc_column-inner\"><div class=\"wpb_wrapper\"><\/div><\/div><\/div><\/div><\/div><\/div><\/div><\/div><\/div><\/section><section class=\"l-section wpb_row height_medium\"><div class=\"l-section-h i-cf\"><div class=\"g-cols vc_row via_flex valign_top type_default stacking_default\"><div class=\"vc_col-sm-12 wpb_column vc_column_container\"><div class=\"vc_column-inner us_custom_6329cae9\"><div class=\"wpb_wrapper\"><div class=\"g-cols wpb_row us_custom_1fbb61ac via_flex valign_middle type_default stacking_default\"><div class=\"vc_col-sm-4 wpb_column vc_column_container\"><div class=\"vc_column-inner us_custom_dad4fece\"><div class=\"wpb_wrapper\"><div class=\"wpb_text_column us_custom_8a3c403a\"><div class=\"wpb_wrapper\"><h2 style=\"text-align: left;\"><strong><span style=\"color: #ffffff;\">Noch Fragen?<\/span><\/strong><\/h2>\n<\/div><\/div><\/div><\/div><\/div><div class=\"vc_col-sm-4 wpb_column vc_column_container\"><div class=\"vc_column-inner\"><div class=\"wpb_wrapper\"><div class=\"wpb_text_column us_custom_8d5aa4e2\"><div class=\"wpb_wrapper\"><p style=\"text-align: center;\"><span style=\"color: #ffffff;\">Kontaktieren Sie uns f\u00fcr ein Gespr\u00e4ch \u00fcber Ihre individuellen Projektanforderungen.<\/span><\/p>\n<\/div><\/div><div class=\"w-btn-wrapper align_center\"><a class=\"w-btn us-btn-style_4 us_custom_3a4d6590\" href=\"https:\/\/electratherm.com\/de\/kontakt\/\"><span class=\"w-btn-label\">Kontakt<\/span><\/a><\/div><\/div><\/div><\/div><div class=\"vc_col-sm-4 wpb_column vc_column_container\"><div class=\"vc_column-inner\"><div class=\"wpb_wrapper\"><div class=\"wpb_text_column us_custom_8d5aa4e2\"><div class=\"wpb_wrapper\"><p style=\"text-align: center;\"><span style=\"color: #ffffff;\">Nutzen Sie unser Projektbewertungsformular, um den Kostenvoranschlagsprozess zu starten.<\/span><\/p>\n<\/div><\/div><div class=\"w-btn-wrapper align_center\"><a class=\"w-btn us-btn-style_4 us_custom_e0903bfa\" href=\"https:\/\/electratherm.com\/de\/pef\/\"><span class=\"w-btn-label\">Formular zur Projektbewertung<\/span><\/a><\/div><\/div><\/div><\/div><\/div><\/div><\/div><\/div><\/div><\/div><\/section>","protected":false},"excerpt":{"rendered":"PRODUCTS OUR ORGANIC RANKINE CYCLE SOLUTIONS ElectraTherm&#8217;s Organic Rankine Cycle (ORC) systems convert low temperature and waste heat as low as 70\u00b0C into clean electricity. Since hot water is the fuel, benefits include reduced fuel consumption and emissions, increased power output, net-zero cooling, flare elimination, and more. See our Applications Page for common industries served....","protected":false},"author":75,"featured_media":0,"parent":0,"menu_order":5,"comment_status":"closed","ping_status":"closed","template":"","meta":{"footnotes":""},"class_list":["post-241","page","type-page","status-publish","hentry"],"yoast_head":"<!-- This site is optimized with the Yoast SEO plugin v25.6 - https:\/\/yoast.com\/wordpress\/plugins\/seo\/ -->\n<title>Products - ElectraTherm<\/title>\n<meta name=\"description\" content=\"ElectraTherm&#039;s ORC heat to power and cooling to power solutions are ideal for low temperature waste heat...\" \/>\n<meta name=\"robots\" content=\"index, follow, max-snippet:-1, max-image-preview:large, max-video-preview:-1\" \/>\n<link rel=\"canonical\" href=\"https:\/\/electratherm.com\/de\/produkte\/\" \/>\n<meta property=\"og:locale\" content=\"de_DE\" \/>\n<meta property=\"og:type\" content=\"article\" \/>\n<meta property=\"og:title\" content=\"Products - ElectraTherm\" \/>\n<meta property=\"og:description\" content=\"ElectraTherm&#039;s ORC heat to power and cooling to power solutions are ideal for low temperature waste heat...\" \/>\n<meta property=\"og:url\" content=\"https:\/\/electratherm.com\/de\/produkte\/\" \/>\n<meta property=\"og:site_name\" content=\"ElectraTherm\" \/>\n<meta property=\"article:modified_time\" content=\"2025-05-12T15:30:11+00:00\" \/>\n<meta property=\"og:image\" content=\"http:\/\/electratherm-us.com\/wp-content\/uploads\/2021\/04\/Asset-18-80x80.png\" \/>\n<meta name=\"twitter:card\" content=\"summary_large_image\" \/>\n<meta name=\"twitter:label1\" content=\"Gesch\u00e4tzte Lesezeit\" \/>\n\t<meta name=\"twitter:data1\" content=\"3\u00a0Minuten\" \/>\n<script type=\"application\/ld+json\" class=\"yoast-schema-graph\">{\"@context\":\"https:\/\/schema.org\",\"@graph\":[{\"@type\":\"WebPage\",\"@id\":\"https:\/\/electratherm.com\/products\/\",\"url\":\"https:\/\/electratherm.com\/products\/\",\"name\":\"Products - ElectraTherm\",\"isPartOf\":{\"@id\":\"https:\/\/electratherm.com\/#website\"},\"primaryImageOfPage\":{\"@id\":\"https:\/\/electratherm.com\/products\/#primaryimage\"},\"image\":{\"@id\":\"https:\/\/electratherm.com\/products\/#primaryimage\"},\"thumbnailUrl\":\"http:\/\/electratherm-us.com\/wp-content\/uploads\/2021\/04\/Asset-18-80x80.png\",\"datePublished\":\"2015-02-27T00:56:13+00:00\",\"dateModified\":\"2025-05-12T15:30:11+00:00\",\"description\":\"ElectraTherm's ORC heat to power and cooling to power solutions are ideal for low temperature waste heat...\",\"breadcrumb\":{\"@id\":\"https:\/\/electratherm.com\/products\/#breadcrumb\"},\"inLanguage\":\"de\",\"potentialAction\":[{\"@type\":\"ReadAction\",\"target\":[\"https:\/\/electratherm.com\/products\/\"]}]},{\"@type\":\"ImageObject\",\"inLanguage\":\"de\",\"@id\":\"https:\/\/electratherm.com\/products\/#primaryimage\",\"url\":\"http:\/\/electratherm-us.com\/wp-content\/uploads\/2021\/04\/Asset-18-80x80.png\",\"contentUrl\":\"http:\/\/electratherm-us.com\/wp-content\/uploads\/2021\/04\/Asset-18-80x80.png\"},{\"@type\":\"BreadcrumbList\",\"@id\":\"https:\/\/electratherm.com\/products\/#breadcrumb\",\"itemListElement\":[{\"@type\":\"ListItem\",\"position\":1,\"name\":\"Home\",\"item\":\"https:\/\/electratherm.com\/\"},{\"@type\":\"ListItem\",\"position\":2,\"name\":\"Products\"}]},{\"@type\":\"WebSite\",\"@id\":\"https:\/\/electratherm.com\/#website\",\"url\":\"https:\/\/electratherm.com\/\",\"name\":\"ElectraTherm\",\"description\":\"\",\"potentialAction\":[{\"@type\":\"SearchAction\",\"target\":{\"@type\":\"EntryPoint\",\"urlTemplate\":\"https:\/\/electratherm.com\/?s={search_term_string}\"},\"query-input\":{\"@type\":\"PropertyValueSpecification\",\"valueRequired\":true,\"valueName\":\"search_term_string\"}}],\"inLanguage\":\"de\"}]}<\/script>\n<!-- \/ Yoast SEO plugin. -->","yoast_head_json":{"title":"Produkte - ElectraTherm","description":"ElectraTherms ORC-L\u00f6sungen zur Stromerzeugung aus W\u00e4rme und K\u00e4lte sind ideal f\u00fcr Niedertemperatur-Abw\u00e4rme...","robots":{"index":"index","follow":"follow","max-snippet":"max-snippet:-1","max-image-preview":"max-image-preview:large","max-video-preview":"max-video-preview:-1"},"canonical":"https:\/\/electratherm.com\/de\/produkte\/","og_locale":"de_DE","og_type":"article","og_title":"Products - ElectraTherm","og_description":"ElectraTherm's ORC heat to power and cooling to power solutions are ideal for low temperature waste heat...","og_url":"https:\/\/electratherm.com\/de\/produkte\/","og_site_name":"ElectraTherm","article_modified_time":"2025-05-12T15:30:11+00:00","og_image":[{"url":"http:\/\/electratherm-us.com\/wp-content\/uploads\/2021\/04\/Asset-18-80x80.png","type":"","width":"","height":""}],"twitter_card":"summary_large_image","twitter_misc":{"Gesch\u00e4tzte Lesezeit":"3\u00a0Minuten"},"schema":{"@context":"https:\/\/schema.org","@graph":[{"@type":"WebPage","@id":"https:\/\/electratherm.com\/products\/","url":"https:\/\/electratherm.com\/products\/","name":"Produkte - ElectraTherm","isPartOf":{"@id":"https:\/\/electratherm.com\/#website"},"primaryImageOfPage":{"@id":"https:\/\/electratherm.com\/products\/#primaryimage"},"image":{"@id":"https:\/\/electratherm.com\/products\/#primaryimage"},"thumbnailUrl":"http:\/\/electratherm-us.com\/wp-content\/uploads\/2021\/04\/Asset-18-80x80.png","datePublished":"2015-02-27T00:56:13+00:00","dateModified":"2025-05-12T15:30:11+00:00","description":"ElectraTherms ORC-L\u00f6sungen zur Stromerzeugung aus W\u00e4rme und K\u00e4lte sind ideal f\u00fcr Niedertemperatur-Abw\u00e4rme...","breadcrumb":{"@id":"https:\/\/electratherm.com\/products\/#breadcrumb"},"inLanguage":"de","potentialAction":[{"@type":"ReadAction","target":["https:\/\/electratherm.com\/products\/"]}]},{"@type":"ImageObject","inLanguage":"de","@id":"https:\/\/electratherm.com\/products\/#primaryimage","url":"http:\/\/electratherm-us.com\/wp-content\/uploads\/2021\/04\/Asset-18-80x80.png","contentUrl":"http:\/\/electratherm-us.com\/wp-content\/uploads\/2021\/04\/Asset-18-80x80.png"},{"@type":"BreadcrumbList","@id":"https:\/\/electratherm.com\/products\/#breadcrumb","itemListElement":[{"@type":"ListItem","position":1,"name":"Home","item":"https:\/\/electratherm.com\/"},{"@type":"ListItem","position":2,"name":"Products"}]},{"@type":"WebSite","@id":"https:\/\/electratherm.com\/#website","url":"https:\/\/electratherm.com\/","name":"ElectraTherm","description":"","potentialAction":[{"@type":"SearchAction","target":{"@type":"EntryPoint","urlTemplate":"https:\/\/electratherm.com\/?s={search_term_string}"},"query-input":{"@type":"PropertyValueSpecification","valueRequired":true,"valueName":"search_term_string"}}],"inLanguage":"de"}]}},"_links":{"self":[{"href":"https:\/\/electratherm.com\/de\/wp-json\/wp\/v2\/pages\/241"}],"collection":[{"href":"https:\/\/electratherm.com\/de\/wp-json\/wp\/v2\/pages"}],"about":[{"href":"https:\/\/electratherm.com\/de\/wp-json\/wp\/v2\/types\/page"}],"author":[{"embeddable":true,"href":"https:\/\/electratherm.com\/de\/wp-json\/wp\/v2\/users\/75"}],"replies":[{"embeddable":true,"href":"https:\/\/electratherm.com\/de\/wp-json\/wp\/v2\/comments?post=241"}],"version-history":[{"count":59,"href":"https:\/\/electratherm.com\/de\/wp-json\/wp\/v2\/pages\/241\/revisions"}],"predecessor-version":[{"id":13302,"href":"https:\/\/electratherm.com\/de\/wp-json\/wp\/v2\/pages\/241\/revisions\/13302"}],"wp:attachment":[{"href":"https:\/\/electratherm.com\/de\/wp-json\/wp\/v2\/media?parent=241"}],"curies":[{"name":"wp","href":"https:\/\/api.w.org\/{rel}","templated":true}]}}